{"id":125,"date":"2021-03-04T14:47:17","date_gmt":"2021-03-04T14:47:17","guid":{"rendered":"https:\/\/www.swiftcasino.com\/da-dk\/?page_id=125"},"modified":"2024-12-18T10:35:01","modified_gmt":"2024-12-18T10:35:01","slug":"populaere","status":"publish","type":"page","link":"https:\/\/www.swiftcasino.com\/da-dk\/populaere\/","title":{"rendered":"Populaere"},"content":{"rendered":"","protected":false},"excerpt":{"rendered":"","protected":false},"author":1,"featured_media":0,"parent":0,"menu_order":0,"comment_status":"closed","ping_status":"closed","template":"games-template.php","meta":{"footnotes":""},"class_list":["post-125","page","type-page","status-publish","hentry"],"yoast_head":"<!-- This site is optimized with the Yoast SEO plugin v23.2 - https:\/\/yoast.com\/wordpress\/plugins\/seo\/ -->\n<title>Popul\u00e6re spil | Swift Casino Danmark<\/title>\n<meta name=\"description\" content=\"Swift Casino Denmark har nogle af de popul\u00e6reste spil, som tilfredsstiller alle sanser. Se dem her nu! Skynd dig! G\u00e5 ikke glip af sp\u00e6ndingen!\" \/>\n<meta name=\"robots\" content=\"index, follow, max-snippet:-1, max-image-preview:large, max-video-preview:-1\" \/>\n<link rel=\"canonical\" href=\"https:\/\/www.swiftcasino.com\/da-dk\/populaere\/\" \/>\n<meta property=\"og:locale\" content=\"en_US\" \/>\n<meta property=\"og:type\" content=\"article\" \/>\n<meta property=\"og:title\" content=\"Popul\u00e6re spil | Swift Casino Danmark\" \/>\n<meta property=\"og:description\" content=\"Swift Casino Denmark har nogle af de popul\u00e6reste spil, som tilfredsstiller alle sanser. Se dem her nu! Skynd dig! G\u00e5 ikke glip af sp\u00e6ndingen!\" \/>\n<meta property=\"og:url\" content=\"https:\/\/www.swiftcasino.com\/da-dk\/populaere\/\" \/>\n<meta property=\"og:site_name\" content=\"Swift Casino\" \/>\n<meta property=\"article:modified_time\" content=\"2024-12-18T10:35:01+00:00\" \/>\n<meta name=\"twitter:card\" content=\"summary_large_image\" \/>\n<script type=\"application\/ld+json\" class=\"yoast-schema-graph\">{\"@context\":\"https:\/\/schema.org\",\"@graph\":[{\"@type\":\"WebPage\",\"@id\":\"https:\/\/www.swiftcasino.com\/da-dk\/populaere\/\",\"url\":\"https:\/\/www.swiftcasino.com\/da-dk\/populaere\/\",\"name\":\"Popul\u00e6re spil | Swift Casino Danmark\",\"isPartOf\":{\"@id\":\"https:\/\/www.swiftcasino.com\/da-dk\/#website\"},\"datePublished\":\"2021-03-04T14:47:17+00:00\",\"dateModified\":\"2024-12-18T10:35:01+00:00\",\"description\":\"Swift Casino Denmark har nogle af de popul\u00e6reste spil, som tilfredsstiller alle sanser. Se dem her nu! Skynd dig! G\u00e5 ikke glip af sp\u00e6ndingen!\",\"breadcrumb\":{\"@id\":\"https:\/\/www.swiftcasino.com\/da-dk\/populaere\/#breadcrumb\"},\"inLanguage\":\"en-US\",\"potentialAction\":[{\"@type\":\"ReadAction\",\"target\":[\"https:\/\/www.swiftcasino.com\/da-dk\/populaere\/\"]}]},{\"@type\":\"BreadcrumbList\",\"@id\":\"https:\/\/www.swiftcasino.com\/da-dk\/populaere\/#breadcrumb\",\"itemListElement\":[{\"@type\":\"ListItem\",\"position\":1,\"name\":\"Home\",\"item\":\"https:\/\/www.swiftcasino.com\/da-dk\/\"},{\"@type\":\"ListItem\",\"position\":2,\"name\":\"Populaere\"}]},{\"@type\":\"WebSite\",\"@id\":\"https:\/\/www.swiftcasino.com\/da-dk\/#website\",\"url\":\"https:\/\/www.swiftcasino.com\/da-dk\/\",\"name\":\"Swift Casino\",\"description\":\"\",\"potentialAction\":[{\"@type\":\"SearchAction\",\"target\":{\"@type\":\"EntryPoint\",\"urlTemplate\":\"https:\/\/www.swiftcasino.com\/da-dk\/?s={search_term_string}\"},\"query-input\":\"required name=search_term_string\"}],\"inLanguage\":\"en-US\"}]}<\/script>\n<!-- \/ Yoast SEO plugin. -->","yoast_head_json":{"title":"Popul\u00e6re spil | Swift Casino Danmark","description":"Swift Casino Denmark har nogle af de popul\u00e6reste spil, som tilfredsstiller alle sanser. Se dem her nu! Skynd dig! G\u00e5 ikke glip af sp\u00e6ndingen!","robots":{"index":"index","follow":"follow","max-snippet":"max-snippet:-1","max-image-preview":"max-image-preview:large","max-video-preview":"max-video-preview:-1"},"canonical":"https:\/\/www.swiftcasino.com\/da-dk\/populaere\/","og_locale":"en_US","og_type":"article","og_title":"Popul\u00e6re spil | Swift Casino Danmark","og_description":"Swift Casino Denmark har nogle af de popul\u00e6reste spil, som tilfredsstiller alle sanser. Se dem her nu! Skynd dig! G\u00e5 ikke glip af sp\u00e6ndingen!","og_url":"https:\/\/www.swiftcasino.com\/da-dk\/populaere\/","og_site_name":"Swift Casino","article_modified_time":"2024-12-18T10:35:01+00:00","twitter_card":"summary_large_image","schema":{"@context":"https:\/\/schema.org","@graph":[{"@type":"WebPage","@id":"https:\/\/www.swiftcasino.com\/da-dk\/populaere\/","url":"https:\/\/www.swiftcasino.com\/da-dk\/populaere\/","name":"Popul\u00e6re spil | Swift Casino Danmark","isPartOf":{"@id":"https:\/\/www.swiftcasino.com\/da-dk\/#website"},"datePublished":"2021-03-04T14:47:17+00:00","dateModified":"2024-12-18T10:35:01+00:00","description":"Swift Casino Denmark har nogle af de popul\u00e6reste spil, som tilfredsstiller alle sanser. Se dem her nu! Skynd dig! G\u00e5 ikke glip af sp\u00e6ndingen!","breadcrumb":{"@id":"https:\/\/www.swiftcasino.com\/da-dk\/populaere\/#breadcrumb"},"inLanguage":"en-US","potentialAction":[{"@type":"ReadAction","target":["https:\/\/www.swiftcasino.com\/da-dk\/populaere\/"]}]},{"@type":"BreadcrumbList","@id":"https:\/\/www.swiftcasino.com\/da-dk\/populaere\/#breadcrumb","itemListElement":[{"@type":"ListItem","position":1,"name":"Home","item":"https:\/\/www.swiftcasino.com\/da-dk\/"},{"@type":"ListItem","position":2,"name":"Populaere"}]},{"@type":"WebSite","@id":"https:\/\/www.swiftcasino.com\/da-dk\/#website","url":"https:\/\/www.swiftcasino.com\/da-dk\/","name":"Swift Casino","description":"","potentialAction":[{"@type":"SearchAction","target":{"@type":"EntryPoint","urlTemplate":"https:\/\/www.swiftcasino.com\/da-dk\/?s={search_term_string}"},"query-input":"required name=search_term_string"}],"inLanguage":"en-US"}]}},"_links":{"self":[{"href":"https:\/\/www.swiftcasino.com\/da-dk\/wp-json\/wp\/v2\/pages\/125"}],"collection":[{"href":"https:\/\/www.swiftcasino.com\/da-dk\/wp-json\/wp\/v2\/pages"}],"about":[{"href":"https:\/\/www.swiftcasino.com\/da-dk\/wp-json\/wp\/v2\/types\/page"}],"author":[{"embeddable":true,"href":"https:\/\/www.swiftcasino.com\/da-dk\/wp-json\/wp\/v2\/users\/1"}],"replies":[{"embeddable":true,"href":"https:\/\/www.swiftcasino.com\/da-dk\/wp-json\/wp\/v2\/comments?post=125"}],"version-history":[{"count":2,"href":"https:\/\/www.swiftcasino.com\/da-dk\/wp-json\/wp\/v2\/pages\/125\/revisions"}],"predecessor-version":[{"id":2932,"href":"https:\/\/www.swiftcasino.com\/da-dk\/wp-json\/wp\/v2\/pages\/125\/revisions\/2932"}],"wp:attachment":[{"href":"https:\/\/www.swiftcasino.com\/da-dk\/wp-json\/wp\/v2\/media?parent=125"}],"curies":[{"name":"wp","href":"https:\/\/api.w.org\/{rel}","templated":true}]}}