{"id":254,"date":"2021-09-22T08:57:15","date_gmt":"2021-09-22T08:57:15","guid":{"rendered":"https:\/\/swiftcasino.com\/da-dk\/?page_id=254"},"modified":"2021-09-22T08:57:15","modified_gmt":"2021-09-22T08:57:15","slug":"teleingreso","status":"publish","type":"page","link":"https:\/\/www.swiftcasino.com\/da-dk\/payments\/teleingreso\/","title":{"rendered":"Teleingreso"},"content":{"rendered":"<h2>Teleingreso<\/h2>\n<p>Teleingreso es un m\u00e9todo de pago f\u00e1cil, r\u00e1pido y seguro que le permite financiar su cuenta de Swift en l\u00ednea a trav\u00e9s de su red de m\u00e1s de 3000 maquinas ATM, 2000 oficinas de correos y 300 puntos de venta en Espa\u00f1a.<\/p>\n<p>Gu\u00eda Paso a Paso \u2013 No es necesario que se registre para utilizar este servicio<\/p>\n<ol>\n<li>En la p\u00e1gina de dep\u00f3sito del Swift seleccione la opci\u00f3n TeleIngreso.<\/li>\n<li>Confirme la transacci\u00f3n y recibir\u00e1 un c\u00f3digo de transacci\u00f3n de 9 d\u00edgitos.<\/li>\n<li>Visite uno de los lugares que proporcionan apoyo para este m\u00e9todo, entre su c\u00f3digo de transacci\u00f3n y pague la cantidad requerida usando dinero en efectivo o tarjeta de cr\u00e9dito.<\/li>\n<li>Swift recibir\u00e1 la confirmaci\u00f3n de pago.<\/li>\n<li>Usted recibir\u00e1 una confirmaci\u00f3n en l\u00ednea indic\u00e1ndole que la transacci\u00f3n ha sido completada.<\/li>\n<\/ol>\n","protected":false},"excerpt":{"rendered":"<p>Teleingreso Teleingreso es un m\u00e9todo de pago f\u00e1cil, r\u00e1pido y seguro que le permite financiar su cuenta de Swift en l\u00ednea a trav\u00e9s de su red de m\u00e1s de 3000 maquinas ATM, 2000 oficinas de correos y 300 puntos de venta en Espa\u00f1a. Gu\u00eda Paso a Paso \u2013 No es necesario que se registre para [&hellip;]<\/p>\n","protected":false},"author":1,"featured_media":0,"parent":179,"menu_order":0,"comment_status":"closed","ping_status":"closed","template":"template-single-payments.php","meta":{"footnotes":""},"class_list":["post-254","page","type-page","status-publish","hentry"],"yoast_head":"<!-- This site is optimized with the Yoast SEO plugin v23.2 - https:\/\/yoast.com\/wordpress\/plugins\/seo\/ -->\n<title>Teleingreso - Swift Casino<\/title>\n<meta name=\"robots\" content=\"index, follow, max-snippet:-1, max-image-preview:large, max-video-preview:-1\" \/>\n<link rel=\"canonical\" href=\"https:\/\/www.swiftcasino.com\/da-dk\/payments\/teleingreso\/\" \/>\n<meta property=\"og:locale\" content=\"en_US\" \/>\n<meta property=\"og:type\" content=\"article\" \/>\n<meta property=\"og:title\" content=\"Teleingreso - Swift Casino\" \/>\n<meta property=\"og:description\" content=\"Teleingreso Teleingreso es un m\u00e9todo de pago f\u00e1cil, r\u00e1pido y seguro que le permite financiar su cuenta de Swift en l\u00ednea a trav\u00e9s de su red de m\u00e1s de 3000 maquinas ATM, 2000 oficinas de correos y 300 puntos de venta en Espa\u00f1a. Gu\u00eda Paso a Paso \u2013 No es necesario que se registre para [&hellip;]\" \/>\n<meta property=\"og:url\" content=\"https:\/\/www.swiftcasino.com\/da-dk\/payments\/teleingreso\/\" \/>\n<meta property=\"og:site_name\" content=\"Swift Casino\" \/>\n<meta name=\"twitter:card\" content=\"summary_large_image\" \/>\n<meta name=\"twitter:label1\" content=\"Est. reading time\" \/>\n\t<meta name=\"twitter:data1\" content=\"1 minute\" \/>\n<script type=\"application\/ld+json\" class=\"yoast-schema-graph\">{\"@context\":\"https:\/\/schema.org\",\"@graph\":[{\"@type\":\"WebPage\",\"@id\":\"https:\/\/www.swiftcasino.com\/da-dk\/payments\/teleingreso\/\",\"url\":\"https:\/\/www.swiftcasino.com\/da-dk\/payments\/teleingreso\/\",\"name\":\"Teleingreso - Swift Casino\",\"isPartOf\":{\"@id\":\"https:\/\/www.swiftcasino.com\/da-dk\/#website\"},\"datePublished\":\"2021-09-22T08:57:15+00:00\",\"dateModified\":\"2021-09-22T08:57:15+00:00\",\"breadcrumb\":{\"@id\":\"https:\/\/www.swiftcasino.com\/da-dk\/payments\/teleingreso\/#breadcrumb\"},\"inLanguage\":\"en-US\",\"potentialAction\":[{\"@type\":\"ReadAction\",\"target\":[\"https:\/\/www.swiftcasino.com\/da-dk\/payments\/teleingreso\/\"]}]},{\"@type\":\"BreadcrumbList\",\"@id\":\"https:\/\/www.swiftcasino.com\/da-dk\/payments\/teleingreso\/#breadcrumb\",\"itemListElement\":[{\"@type\":\"ListItem\",\"position\":1,\"name\":\"Home\",\"item\":\"https:\/\/www.swiftcasino.com\/da-dk\/\"},{\"@type\":\"ListItem\",\"position\":2,\"name\":\"Payments\",\"item\":\"https:\/\/www.swiftcasino.com\/da-dk\/payments\/\"},{\"@type\":\"ListItem\",\"position\":3,\"name\":\"Teleingreso\"}]},{\"@type\":\"WebSite\",\"@id\":\"https:\/\/www.swiftcasino.com\/da-dk\/#website\",\"url\":\"https:\/\/www.swiftcasino.com\/da-dk\/\",\"name\":\"Swift Casino\",\"description\":\"\",\"potentialAction\":[{\"@type\":\"SearchAction\",\"target\":{\"@type\":\"EntryPoint\",\"urlTemplate\":\"https:\/\/www.swiftcasino.com\/da-dk\/?s={search_term_string}\"},\"query-input\":\"required name=search_term_string\"}],\"inLanguage\":\"en-US\"}]}<\/script>\n<!-- \/ Yoast SEO plugin. -->","yoast_head_json":{"title":"Teleingreso - Swift Casino","robots":{"index":"index","follow":"follow","max-snippet":"max-snippet:-1","max-image-preview":"max-image-preview:large","max-video-preview":"max-video-preview:-1"},"canonical":"https:\/\/www.swiftcasino.com\/da-dk\/payments\/teleingreso\/","og_locale":"en_US","og_type":"article","og_title":"Teleingreso - Swift Casino","og_description":"Teleingreso Teleingreso es un m\u00e9todo de pago f\u00e1cil, r\u00e1pido y seguro que le permite financiar su cuenta de Swift en l\u00ednea a trav\u00e9s de su red de m\u00e1s de 3000 maquinas ATM, 2000 oficinas de correos y 300 puntos de venta en Espa\u00f1a. Gu\u00eda Paso a Paso \u2013 No es necesario que se registre para [&hellip;]","og_url":"https:\/\/www.swiftcasino.com\/da-dk\/payments\/teleingreso\/","og_site_name":"Swift Casino","twitter_card":"summary_large_image","twitter_misc":{"Est. reading time":"1 minute"},"schema":{"@context":"https:\/\/schema.org","@graph":[{"@type":"WebPage","@id":"https:\/\/www.swiftcasino.com\/da-dk\/payments\/teleingreso\/","url":"https:\/\/www.swiftcasino.com\/da-dk\/payments\/teleingreso\/","name":"Teleingreso - Swift Casino","isPartOf":{"@id":"https:\/\/www.swiftcasino.com\/da-dk\/#website"},"datePublished":"2021-09-22T08:57:15+00:00","dateModified":"2021-09-22T08:57:15+00:00","breadcrumb":{"@id":"https:\/\/www.swiftcasino.com\/da-dk\/payments\/teleingreso\/#breadcrumb"},"inLanguage":"en-US","potentialAction":[{"@type":"ReadAction","target":["https:\/\/www.swiftcasino.com\/da-dk\/payments\/teleingreso\/"]}]},{"@type":"BreadcrumbList","@id":"https:\/\/www.swiftcasino.com\/da-dk\/payments\/teleingreso\/#breadcrumb","itemListElement":[{"@type":"ListItem","position":1,"name":"Home","item":"https:\/\/www.swiftcasino.com\/da-dk\/"},{"@type":"ListItem","position":2,"name":"Payments","item":"https:\/\/www.swiftcasino.com\/da-dk\/payments\/"},{"@type":"ListItem","position":3,"name":"Teleingreso"}]},{"@type":"WebSite","@id":"https:\/\/www.swiftcasino.com\/da-dk\/#website","url":"https:\/\/www.swiftcasino.com\/da-dk\/","name":"Swift Casino","description":"","potentialAction":[{"@type":"SearchAction","target":{"@type":"EntryPoint","urlTemplate":"https:\/\/www.swiftcasino.com\/da-dk\/?s={search_term_string}"},"query-input":"required name=search_term_string"}],"inLanguage":"en-US"}]}},"_links":{"self":[{"href":"https:\/\/www.swiftcasino.com\/da-dk\/wp-json\/wp\/v2\/pages\/254"}],"collection":[{"href":"https:\/\/www.swiftcasino.com\/da-dk\/wp-json\/wp\/v2\/pages"}],"about":[{"href":"https:\/\/www.swiftcasino.com\/da-dk\/wp-json\/wp\/v2\/types\/page"}],"author":[{"embeddable":true,"href":"https:\/\/www.swiftcasino.com\/da-dk\/wp-json\/wp\/v2\/users\/1"}],"replies":[{"embeddable":true,"href":"https:\/\/www.swiftcasino.com\/da-dk\/wp-json\/wp\/v2\/comments?post=254"}],"version-history":[{"count":0,"href":"https:\/\/www.swiftcasino.com\/da-dk\/wp-json\/wp\/v2\/pages\/254\/revisions"}],"up":[{"embeddable":true,"href":"https:\/\/www.swiftcasino.com\/da-dk\/wp-json\/wp\/v2\/pages\/179"}],"wp:attachment":[{"href":"https:\/\/www.swiftcasino.com\/da-dk\/wp-json\/wp\/v2\/media?parent=254"}],"curies":[{"name":"wp","href":"https:\/\/api.w.org\/{rel}","templated":true}]}}