{"id":282,"date":"2021-11-11T06:39:28","date_gmt":"2021-11-11T06:39:28","guid":{"rendered":"https:\/\/www.swiftcasino.com\/da-dk\/?page_id=282"},"modified":"2026-02-27T13:30:11","modified_gmt":"2026-02-27T13:30:11","slug":"uploading-documents","status":"publish","type":"page","link":"https:\/\/www.swiftcasino.com\/da-dk\/uploading-documents\/","title":{"rendered":"Uploading Documents"},"content":{"rendered":"<h1>Upload dine dokumenter<\/h1>\n<p>Retningslinjer for bekr\u00e6ftelsesdokumenter<\/p>\n<p>I forbindelse med at du er kunde, kan du blive bedt om at uploade dokumenter for at bekr\u00e6fte din identitet og adresse samt den betalingsmetode, du benytter.<\/p>\n<p>Vi anbefaler p\u00e5 det kraftigste, at du uploader disse dokumenter s\u00e5 hurtigt som muligt, s\u00e5 du ikke kommer til at opleve afbrydelser i dit spil.<\/p>\n<p>Vi skal bruge f\u00f8lgende fra dig:<\/p>\n<p><strong>Id-kort<\/strong><\/p>\n<p><img loading=\"lazy\" decoding=\"async\" class=\"alignnone size-full wp-image-283\" src=\"https:\/\/www.swiftcasino.com\/da-dk\/wp-content\/uploads\/2021\/11\/proof-of-ID.png\" alt=\"\" width=\"656\" height=\"315\"><\/p>\n<p>Accepterede dokumenter omfatter:<\/p>\n<p><strong>Sygesikringskort<\/strong> (kan anvendes b\u00e5de som id-kort og som adressebevis)<\/p>\n<p><strong>Pas<\/strong><\/p>\n<p><strong>K\u00f8rekort<\/strong><\/p>\n<p><strong>Id-kort<\/strong> (udstedt af det offentlige)<\/p>\n<p>Dit id-dokument skal:<\/p>\n<p>\u2022 V\u00e6re i farve<\/p>\n<p>\u2022 V\u00e6re gyldigt<\/p>\n<p>\u2022 Have et tydeligt billede<\/p>\n<p>\u2022 Indeholde en underskrift<\/p>\n<p>\u2022 M\u00e5 ikke mangle hj\u00f8rner<\/p>\n<p><strong>Adressebevis<\/strong><\/p>\n<p><img loading=\"lazy\" decoding=\"async\" class=\"alignnone size-full wp-image-284\" src=\"https:\/\/www.swiftcasino.com\/da-dk\/wp-content\/uploads\/2021\/11\/proof-of-address.png\" alt=\"\" width=\"661\" height=\"348\"><\/p>\n<p>Accepterede dokumenter omfatter:<\/p>\n<p><strong>Forbrugsregning<\/strong> (gas, vand, el)<\/p>\n<p><strong>Eller et kontoudtog fra din bank<\/strong><\/p>\n<p>Dit adressebevis skal:<\/p>\n<p>\u2022 V\u00e6re i farve<\/p>\n<p>\u2022 V\u00e6re udstedt i dit navn<\/p>\n<p>\u2022 Indeholde din adresse<\/p>\n<p>\u2022 V\u00e6re udstedt inden for de seneste 3 m\u00e5neder<\/p>\n<p>\u2022 Vise din bank\/virksomheds logo<\/p>\n<p><strong>Kreditkort<\/strong><\/p>\n<p><img loading=\"lazy\" decoding=\"async\" class=\"alignnone size-full wp-image-285\" src=\"https:\/\/www.swiftcasino.com\/da-dk\/wp-content\/uploads\/2021\/11\/copy-of-bank-card.png\" alt=\"\" width=\"690\" height=\"179\"><\/p>\n<p>Hvis du v\u00e6lge at indbetale ved hj\u00e6lp af et kreditkort, skal du sende en kopi af kortet til os. Dette du kun g\u00f8re \u00e9n gang pr. kort, du benytter. Hvis du forts\u00e6tter med at benytte det samme kort, skal du ikke sende dette igen.<br \/>\nIndsend f\u00f8lgende:<\/p>\n<p><strong>Forsiden af kortet<\/strong><\/p>\n<p>\u2022 Skal v\u00e6re i farve<\/p>\n<p>\u2022 Kun de f\u00f8rste 4 og de sidste 4 cifre p\u00e5 kortet skal v\u00e6re synlige<\/p>\n<p>\u2022 Tild\u00e6k de midterst 8 cifre p\u00e5 kortet<\/p>\n<p>\u2022 Der m\u00e5 ikke mangle hj\u00f8rner p\u00e5 kortet<\/p>\n<p>Du kan nemt indsende dine dokumenter, og du skal kun g\u00f8re det \u00e9n gang. Du skal blot uploade dem via afsnittet Kasse, n\u00e5r du logger ind. Det er kun n\u00f8dvendigt at uploade yderligere dokumenter, hvis du anvender et nyt kreditkort, en ny betalingsmetode, eller du \u00e6ndrer din personlige oplysninger (dvs. adresse, navn osv.).<\/p>\n<p>Vi gennemg\u00e5r dokumenterne s\u00e5 hurtigt som muligt, som regel indenfor 12 timer. Det kan vare l\u00e6ngere, hvis ekstra bekr\u00e6ftelse er n\u00f8dvendig, s\u00e5 hvis du ikke har h\u00f8rt fra os indenfor 48 timer, bedes du kontakte kundeservice.<br \/>\n<center><a href=\"#\" onclick=\"openLogin(); return false;\" class=\"btn btn-petrol\" style=\"color:#382946\">LOG IND<\/a><\/center><\/p>\n","protected":false},"excerpt":{"rendered":"<p>Upload dine dokumenter Retningslinjer for bekr\u00e6ftelsesdokumenter I forbindelse med at du er kunde, kan du blive bedt om at uploade dokumenter for at bekr\u00e6fte din identitet og adresse samt den betalingsmetode, du benytter. Vi anbefaler p\u00e5 det kraftigste, at du uploader disse dokumenter s\u00e5 hurtigt som muligt, s\u00e5 du ikke kommer til at opleve afbrydelser [&hellip;]<\/p>\n","protected":false},"author":1,"featured_media":0,"parent":0,"menu_order":0,"comment_status":"closed","ping_status":"closed","template":"content-template.php","meta":{"footnotes":""},"class_list":["post-282","page","type-page","status-publish","hentry"],"yoast_head":"<!-- This site is optimized with the Yoast SEO plugin v23.2 - https:\/\/yoast.com\/wordpress\/plugins\/seo\/ -->\n<title>Uploading Documents - Swift Casino<\/title>\n<meta name=\"robots\" content=\"index, follow, max-snippet:-1, max-image-preview:large, max-video-preview:-1\" \/>\n<link rel=\"canonical\" href=\"https:\/\/www.swiftcasino.com\/da-dk\/uploading-documents\/\" \/>\n<meta property=\"og:locale\" content=\"en_US\" \/>\n<meta property=\"og:type\" content=\"article\" \/>\n<meta property=\"og:title\" content=\"Uploading Documents - Swift Casino\" \/>\n<meta property=\"og:description\" content=\"Upload dine dokumenter Retningslinjer for bekr\u00e6ftelsesdokumenter I forbindelse med at du er kunde, kan du blive bedt om at uploade dokumenter for at bekr\u00e6fte din identitet og adresse samt den betalingsmetode, du benytter. Vi anbefaler p\u00e5 det kraftigste, at du uploader disse dokumenter s\u00e5 hurtigt som muligt, s\u00e5 du ikke kommer til at opleve afbrydelser [&hellip;]\" \/>\n<meta property=\"og:url\" content=\"https:\/\/www.swiftcasino.com\/da-dk\/uploading-documents\/\" \/>\n<meta property=\"og:site_name\" content=\"Swift Casino\" \/>\n<meta property=\"article:modified_time\" content=\"2026-02-27T13:30:11+00:00\" \/>\n<meta property=\"og:image\" content=\"https:\/\/www.swiftcasino.com\/da-dk\/wp-content\/uploads\/2021\/11\/proof-of-ID.png\" \/>\n<meta name=\"twitter:card\" content=\"summary_large_image\" \/>\n<meta name=\"twitter:label1\" content=\"Est. reading time\" \/>\n\t<meta name=\"twitter:data1\" content=\"3 minutes\" \/>\n<script type=\"application\/ld+json\" class=\"yoast-schema-graph\">{\"@context\":\"https:\/\/schema.org\",\"@graph\":[{\"@type\":\"WebPage\",\"@id\":\"https:\/\/www.swiftcasino.com\/da-dk\/uploading-documents\/\",\"url\":\"https:\/\/www.swiftcasino.com\/da-dk\/uploading-documents\/\",\"name\":\"Uploading Documents - Swift Casino\",\"isPartOf\":{\"@id\":\"https:\/\/www.swiftcasino.com\/da-dk\/#website\"},\"primaryImageOfPage\":{\"@id\":\"https:\/\/www.swiftcasino.com\/da-dk\/uploading-documents\/#primaryimage\"},\"image\":{\"@id\":\"https:\/\/www.swiftcasino.com\/da-dk\/uploading-documents\/#primaryimage\"},\"thumbnailUrl\":\"https:\/\/www.swiftcasino.com\/da-dk\/wp-content\/uploads\/2021\/11\/proof-of-ID.png\",\"datePublished\":\"2021-11-11T06:39:28+00:00\",\"dateModified\":\"2026-02-27T13:30:11+00:00\",\"breadcrumb\":{\"@id\":\"https:\/\/www.swiftcasino.com\/da-dk\/uploading-documents\/#breadcrumb\"},\"inLanguage\":\"en-US\",\"potentialAction\":[{\"@type\":\"ReadAction\",\"target\":[\"https:\/\/www.swiftcasino.com\/da-dk\/uploading-documents\/\"]}]},{\"@type\":\"ImageObject\",\"inLanguage\":\"en-US\",\"@id\":\"https:\/\/www.swiftcasino.com\/da-dk\/uploading-documents\/#primaryimage\",\"url\":\"https:\/\/www.swiftcasino.com\/da-dk\/wp-content\/uploads\/2021\/11\/proof-of-ID.png\",\"contentUrl\":\"https:\/\/www.swiftcasino.com\/da-dk\/wp-content\/uploads\/2021\/11\/proof-of-ID.png\"},{\"@type\":\"BreadcrumbList\",\"@id\":\"https:\/\/www.swiftcasino.com\/da-dk\/uploading-documents\/#breadcrumb\",\"itemListElement\":[{\"@type\":\"ListItem\",\"position\":1,\"name\":\"Home\",\"item\":\"https:\/\/www.swiftcasino.com\/da-dk\/\"},{\"@type\":\"ListItem\",\"position\":2,\"name\":\"Uploading Documents\"}]},{\"@type\":\"WebSite\",\"@id\":\"https:\/\/www.swiftcasino.com\/da-dk\/#website\",\"url\":\"https:\/\/www.swiftcasino.com\/da-dk\/\",\"name\":\"Swift Casino\",\"description\":\"\",\"potentialAction\":[{\"@type\":\"SearchAction\",\"target\":{\"@type\":\"EntryPoint\",\"urlTemplate\":\"https:\/\/www.swiftcasino.com\/da-dk\/?s={search_term_string}\"},\"query-input\":\"required name=search_term_string\"}],\"inLanguage\":\"en-US\"}]}<\/script>\n<!-- \/ Yoast SEO plugin. -->","yoast_head_json":{"title":"Uploading Documents - Swift Casino","robots":{"index":"index","follow":"follow","max-snippet":"max-snippet:-1","max-image-preview":"max-image-preview:large","max-video-preview":"max-video-preview:-1"},"canonical":"https:\/\/www.swiftcasino.com\/da-dk\/uploading-documents\/","og_locale":"en_US","og_type":"article","og_title":"Uploading Documents - Swift Casino","og_description":"Upload dine dokumenter Retningslinjer for bekr\u00e6ftelsesdokumenter I forbindelse med at du er kunde, kan du blive bedt om at uploade dokumenter for at bekr\u00e6fte din identitet og adresse samt den betalingsmetode, du benytter. Vi anbefaler p\u00e5 det kraftigste, at du uploader disse dokumenter s\u00e5 hurtigt som muligt, s\u00e5 du ikke kommer til at opleve afbrydelser [&hellip;]","og_url":"https:\/\/www.swiftcasino.com\/da-dk\/uploading-documents\/","og_site_name":"Swift Casino","article_modified_time":"2026-02-27T13:30:11+00:00","og_image":[{"url":"https:\/\/www.swiftcasino.com\/da-dk\/wp-content\/uploads\/2021\/11\/proof-of-ID.png"}],"twitter_card":"summary_large_image","twitter_misc":{"Est. reading time":"3 minutes"},"schema":{"@context":"https:\/\/schema.org","@graph":[{"@type":"WebPage","@id":"https:\/\/www.swiftcasino.com\/da-dk\/uploading-documents\/","url":"https:\/\/www.swiftcasino.com\/da-dk\/uploading-documents\/","name":"Uploading Documents - Swift Casino","isPartOf":{"@id":"https:\/\/www.swiftcasino.com\/da-dk\/#website"},"primaryImageOfPage":{"@id":"https:\/\/www.swiftcasino.com\/da-dk\/uploading-documents\/#primaryimage"},"image":{"@id":"https:\/\/www.swiftcasino.com\/da-dk\/uploading-documents\/#primaryimage"},"thumbnailUrl":"https:\/\/www.swiftcasino.com\/da-dk\/wp-content\/uploads\/2021\/11\/proof-of-ID.png","datePublished":"2021-11-11T06:39:28+00:00","dateModified":"2026-02-27T13:30:11+00:00","breadcrumb":{"@id":"https:\/\/www.swiftcasino.com\/da-dk\/uploading-documents\/#breadcrumb"},"inLanguage":"en-US","potentialAction":[{"@type":"ReadAction","target":["https:\/\/www.swiftcasino.com\/da-dk\/uploading-documents\/"]}]},{"@type":"ImageObject","inLanguage":"en-US","@id":"https:\/\/www.swiftcasino.com\/da-dk\/uploading-documents\/#primaryimage","url":"https:\/\/www.swiftcasino.com\/da-dk\/wp-content\/uploads\/2021\/11\/proof-of-ID.png","contentUrl":"https:\/\/www.swiftcasino.com\/da-dk\/wp-content\/uploads\/2021\/11\/proof-of-ID.png"},{"@type":"BreadcrumbList","@id":"https:\/\/www.swiftcasino.com\/da-dk\/uploading-documents\/#breadcrumb","itemListElement":[{"@type":"ListItem","position":1,"name":"Home","item":"https:\/\/www.swiftcasino.com\/da-dk\/"},{"@type":"ListItem","position":2,"name":"Uploading Documents"}]},{"@type":"WebSite","@id":"https:\/\/www.swiftcasino.com\/da-dk\/#website","url":"https:\/\/www.swiftcasino.com\/da-dk\/","name":"Swift Casino","description":"","potentialAction":[{"@type":"SearchAction","target":{"@type":"EntryPoint","urlTemplate":"https:\/\/www.swiftcasino.com\/da-dk\/?s={search_term_string}"},"query-input":"required name=search_term_string"}],"inLanguage":"en-US"}]}},"_links":{"self":[{"href":"https:\/\/www.swiftcasino.com\/da-dk\/wp-json\/wp\/v2\/pages\/282"}],"collection":[{"href":"https:\/\/www.swiftcasino.com\/da-dk\/wp-json\/wp\/v2\/pages"}],"about":[{"href":"https:\/\/www.swiftcasino.com\/da-dk\/wp-json\/wp\/v2\/types\/page"}],"author":[{"embeddable":true,"href":"https:\/\/www.swiftcasino.com\/da-dk\/wp-json\/wp\/v2\/users\/1"}],"replies":[{"embeddable":true,"href":"https:\/\/www.swiftcasino.com\/da-dk\/wp-json\/wp\/v2\/comments?post=282"}],"version-history":[{"count":1,"href":"https:\/\/www.swiftcasino.com\/da-dk\/wp-json\/wp\/v2\/pages\/282\/revisions"}],"predecessor-version":[{"id":2981,"href":"https:\/\/www.swiftcasino.com\/da-dk\/wp-json\/wp\/v2\/pages\/282\/revisions\/2981"}],"wp:attachment":[{"href":"https:\/\/www.swiftcasino.com\/da-dk\/wp-json\/wp\/v2\/media?parent=282"}],"curies":[{"name":"wp","href":"https:\/\/api.w.org\/{rel}","templated":true}]}}