{"id":2915,"date":"2021-02-24T10:56:27","date_gmt":"2021-02-24T10:56:27","guid":{"rendered":"https:\/\/www.swiftcasino.com\/da-dk\/?page_id=34"},"modified":"2024-12-17T09:33:14","modified_gmt":"2024-12-17T09:33:14","slug":"hjem","status":"publish","type":"page","link":"https:\/\/www.swiftcasino.com\/da-dk\/","title":{"rendered":"Hjem"},"content":{"rendered":"\n<style>\n\t\t.content-home-page a{\n\t\t\tcolor: #2AFF62;\n    text-decoration: none;\n\t\t}\n\t\t.content-home-page{\n    background: #1C1E25;\n\tmargin-top:20px;\n    padding: 20px;\n    font-family: poppins-regular;\n    border-radius: 10px;\n    color: #82858C;\n\t\t}\n\t\t.content-home-page h1, .content-home-page h2, .content-home-page h3, .content-home-page h4, .content-home-page h5 {\n    color: #2AFF62!important;\n    font-family: poppins-medium!important;\n    font-size: 18px!important;\n}\n\t<\/style>\n\n<h1 class=\"wp-block-heading\">Spil Casinospil i Danmarks Bedste Online Casino<\/h1>\n\n\n\n<p>Swift Casino er hjemsted for den seneste og mest innovative kollektion af online casinospil, som er yderst popul\u00e6re i b\u00e5de Danmark og andre lande. Hos Swift Casino str\u00e6ber vi efter at levere en unik og smart gambling-oplevelse med vores omfattende katalog af eksklusive online casinospil og banebrydende teknologi, der sikrer hurtigere betalinger og en uforstyrret og ubesv\u00e6ret gambling-oplevelse!<br><br>Hos Swift str\u00e6ber vi konstant efter at forbedre, forny og designe vores vision for online gambling. Hos os kan du finde dit foretrukne casinospil med et enkelt klik og begynde at spille med det samme, uanset hvor du er. Vi samarbejder ogs\u00e5 med f\u00f8rende softwareudbydere i iGaming-industrien for at sikre, at vi tilbyder dig spil af h\u00f8jeste kvalitet! Dette betyder ogs\u00e5, at alle spil p\u00e5 vores platform er kompatible med enhver enhed \u2013 uanset om det er din PC, laptop, smartphone eller tablet \u2013 s\u00e5 du kan nyde hvert \u00f8jeblik af spillet uden afbrydelser, uanset hvor du befinder dig i verden. Tilmeld dig p\u00e5 vores platform nu og kom i gang med det samme!<\/p>\n\n\n\n<h2 class=\"wp-block-heading\"><strong>Se de bedste online casinospil<\/strong><\/h2>\n\n\n\n<p>Vi vil gerne have, at vores spillere fordyber sig og f\u00e5r en tilfredsstillende oplevelse p\u00e5 vores platform, og vi str\u00e6ber efter at im\u00f8dekomme deres forventninger med vores enorme samling af over 1500+ casinospil. Fra klassiske og popul\u00e6re videomaskiner, progressive jackpots, bordspil og videopoker til live dealer-spil \u2013 hos os finder du ethvert spil, du \u00f8nsker, med det samme!<\/p>\n\n\n\n<p>Vores topmoderne spilniche, drevet af de bedste udbydere, sikrer, at vores spilkatalog im\u00f8dekommer alles pr\u00e6ferencer. Vores spil leveres af anerkendte udbydere s\u00e5som Games Global, NetEnt, NYX Gaming, Evolution Gaming og andre anerkendte udviklere.<\/p>\n\n\n\n<p>Swifts brede udvalg af spil sp\u00e6nder over livlige temaer, spiltyper, indsatsgr\u00e6nser, bel\u00f8nninger og meget mere, hvilket giver vores spillere en uforstyrret spiloplevelse, og vi tilbyder kun spil, der kan underholde dig hele vejen igennem. Og hvad mere? Vores spilsamling vokser konstant! S\u00e5 hvis du foretr\u00e6kker en platform, der l\u00f8bende opdaterer spilkataloget med de nyeste udgivelser, er Swift det rette valg! Begynd at udforske vores spilsamling og start dit eventyr i dag!<\/p>\n\n\n\n<h3 class=\"wp-block-heading\"><strong>Online spillemaskiner<\/strong><\/h3>\n\n\n\n<p>Vi er eksperter i at udv\u00e6lge nogle af de bedste online spilleautomater p\u00e5 markedet, og vi har alt lige fra klassiske spilleautomater til progressive spilleautomater, Megaways-spillemaskiner og meget andet. Spillemaskinerne er n\u00f8je udvalgt og d\u00e6kker over musiktemaer, irske temaer, egyptiske temaer, frugttemaer mv. De bedste online spillemaskiner som Sugar Rush, Extra Chilli, Gonzo&#8217;s Quest, Starburst og Piggy Riches Megaways er blot et udvalg af de utallige muligheder, du kan udforske hos Swift Casino.<br><\/p>\n\n\n\n<p>Spillemaskinerne ligger \u00f8verst p\u00e5 listen hos Swift Casino, og vi har den st\u00f8rste samling med over 1000+ spilleautomater p\u00e5 vores online casino-spilplatform. Spilleautomater er et fremragende valg, da de er fyldt med forskellige bonusfunktioner og spillemekanismer, s\u00e5som fordobling af gevinster, drejehjul og jackpots. Klassiske spilleautomater som Fire Joker, Big Bass Bonanza og Gonzo&#8217;s Quest har typisk faste betalingslinjer, mens visse videoautomater, som Gates of Olympus, Gonzo&#8217;s Quest Megaways og Sweet Bonanza, er designet med en utraditionel &#8216;Win All Ways&#8217;-funktion.<\/p>\n\n\n\n<p>Vores brede udvalg af online spilleautomater har forskellige typer mekanismer afh\u00e6ngigt af udvikleren. Nogle popul\u00e6re maskiner inkluderer scatter-symboler, feature-k\u00f8b, avalanche reel-modifikatorer, gratis spins, megaways mv. Derudover forbedrer vi konstant vores udvalg af spil hos Swifts Online Casino med nye udgivelser fra de bedste udbydere for at sikre den bedste oplevelse. Begynd din rejse med spillemaskiner hos Swift med nye udgivelser som Sahara Riches Cash Collect, Thor, Book of Books osv.<\/p>\n\n\n\n<p>Nedenfor er nogle af de f\u00f8rende softwareudviklere af vores spilleautomater:<\/p>\n\n\n\n<ul class=\"wp-block-list\"><li>Pragmatic Play<\/li><li>Net Entertainment<\/li><li>Play\u2019n GO<\/li><li>Microgaming<\/li><li>Relax Gaming<\/li><li>Quickspin<\/li><li>Thunderkick<\/li><li>Scientific Games<\/li><li>Push Gaming<\/li><li>Blueprint<\/li><li>Just For The Win<\/li><\/ul>\n\n\n\n<h3 class=\"wp-block-heading\"><strong>Bordspil<\/strong><\/h3>\n\n\n\n<p>Swift Casino tilbyder dig den ultimative platform til at opleve tidl\u00f8se bordspil online. Hvis du er interesseret i bordspil udover online spillemaskiner, tilbyder vi ogs\u00e5 et bredt udvalg af Roulette, Blackjack, Poker og Baccarat. Vores klassiske bordspil kommer i forskellige varianter med forskellige indsatsgr\u00e6nser p\u00e5 hvert bord for at im\u00f8dekomme pr\u00e6ferencer og budgetter for alle spillere.<\/p>\n\n\n\n<p>Alle vores bordspil leveres af anerkendte udviklere og er udstyret med fordelagtige husfordele og anst\u00e6ndige RTP&#8217;er. Popul\u00e6re blackjack-borde som Clubs Blackjack, Hearts Blackjack og Diamonds Blackjack er en favorit blandt vores spillere, mens rouletter som Mega Fire Blaze Roulette, Roulette 1 &#8211; Azure og 10P 500X Roulette Live er nogle klassiske eksempler p\u00e5 et roulette-bordspil.<\/p>\n\n\n\n<p>Vore RNG-baserede bordspil er ikke kun popul\u00e6re grundet bekvemmeligheden ved at spille hjemmefra med b\u00e6rbare enheder, men ogs\u00e5 fordi de inkluderer yderligere funktioner og har fleksibilitet i v\u00e6ddem\u00e5lene sammenlignet med fysiske bordspil. Deltag i vores varierede udvalg af online bordspil nu!<\/p>\n\n\n\n<h3 class=\"wp-block-heading\"><strong>Live Dealer-spil<\/strong><\/h3>\n\n\n\n<p>Hvis live casino-spil er noget for dig, s\u00e5 har vi det mest medrivende udvalg af live bordspil, der ledes af professionelle dealere, og som streames direkte fra vores live-studier. Med veludstyrede studier, fejlfri HD-videostreaming og tr\u00e6nede croupierer er gambling i realtid kun et klik v\u00e6k hos Swift Casino.<\/p>\n\n\n\n<p>Oplev de mest autentiske gambling-sessioner med vores portef\u00f8lje af live dealer-borde, der ledes af dygtige og professionelle croupierer. Vores udvalg af live-borde falder ind under kategorien Live Blackjack og Live Roulette. Vore live bordspil kan tilg\u00e5s b\u00e5de p\u00e5 desktop og mobil, hvor du kan opleve en sand casino-stemning, som du typisk ser i fysiske casinoer.<\/p>\n\n\n\n<p>Popul\u00e6re live dealer-spil hos os inkluderer Mega Wheel, Hearts Blackjack, Lightning Storm, Mega Roulette, Diamonds Blackjack mv.<\/p>\n\n\n\n<figure class=\"wp-block-table\"><table><tbody><tr><td><strong>Top Live Dealer-spil<\/strong><\/td><td><strong>RTP<\/strong><\/td><td><strong>Husfordel<\/strong><\/td><td><strong>Mobilkompatibilitet<\/strong><\/td><\/tr><tr><td>Live casino hold\u2019em<\/td><td>97,84%<\/td><td>2,16%<\/td><td>Ja<\/td><\/tr><tr><td>Infinite Blackjack<\/td><td>99,51%<\/td><td>0,5%<\/td><td>Ja<\/td><\/tr><tr><td>Deal or No Deal Live<\/td><td>95,42%<\/td><td>4,58%<\/td><td>Ja<\/td><\/tr><tr><td>Ultimate Texas Hold\u2019em<\/td><td>99,47%<\/td><td>0,53%<\/td><td>Ja<\/td><\/tr><\/tbody><\/table><\/figure>\n\n\n\n<h2 class=\"wp-block-heading\"><strong>F\u00e5 de bedste tilbud i vores nye online casino<\/strong><\/h2>\n\n\n\n<p>Sp\u00e6ndingen ved at spille online hos os skyldes ikke kun det store udvalg af spil, men ogs\u00e5 de mest lukrative bonusser og kampagner, vi tilbyder fra tid til anden. Vi v\u00e6rds\u00e6tter den tid, indsats og penge, du investerer her, og fors\u00f8ger at supplere det med sp\u00e6ndende tilbud og kampagner, der beriger din spilleoplevelse.<br><\/p>\n\n\n\n<h2 class=\"wp-block-heading\"><strong>Swift Casino er licenseret i Danmark<\/strong><\/h2>\n\n\n\n<p>Vi tilbyder en eksklusiv platform for vores danske spillere med vores bedst bed\u00f8mte spil og skr\u00e6ddersyede tjenester. Vi er licenseret under Spillemyndigheden, som er den mest anerkendte licensmyndighed i landet. Takket v\u00e6re licensen fra Spillemyndigheden skiller Swift Casino Danmark sig ud ved at tilbyde vores spillere en sikker, p\u00e5lidelig og fair gambling-platform. Vi er forpligtede til at overholde de strenge regler fra vores licensmyndighed og opfordrer vores spillere til at g\u00f8re det samme for at spille ansvarligt og opn\u00e5 en tilfredsstillende oplevelse p\u00e5 platformen.<\/p>\n\n\n\n<h2 class=\"wp-block-heading\"><strong>Oplev forbedret sikkerhed og fair play i Swifts Online Casino<\/strong><\/h2>\n\n\n\n<p>I vores anerkendte online casino i Danmark sikrer vi dig et 100% sikkert og trygt spillemilj\u00f8. Din foretrukne side har en gyldig licens fra Spillemyndigheden.<\/p>\n\n\n\n<p>Som en f\u00f8rende spilleside, der er ansvarlig over for alle sine spillere, fremmer vi ansvarlig gambling og tilbyder alle de n\u00f8dvendige v\u00e6rkt\u00f8jer til at hj\u00e6lpe dig med at forhindre overforbrug i gambling. Du kan fasts\u00e6tte dine indbetalingsgr\u00e6nser eller alternativt bruge selvudelukkelse eller timeout-indstillingerne til at begr\u00e6nse dit daglige, ugentlige eller m\u00e5nedlige forbrug i casinoet. Kun spillere over 18 \u00e5r m\u00e5 oprette en konto hos os.<\/p>\n\n\n\n<p>Vi prioriterer spillernes sikkerhed og v\u00e6rds\u00e6tter dit privatliv. Vi bruger den nyeste SSL-krypteringsteknologi for at sikre, at dine personlige og finansielle kontooplysninger er sikre hos os. Vores hjemmeside indsamler kun data som n\u00e6vnt p\u00e5 vores side og formularer, som er i overensstemmelse med rettighederne i henhold til loven. Ingen tredjeparter kan f\u00e5 adgang til dine data, og vi garanterer konstant sikkerhed.<\/p>\n\n\n\n<p>Sammen med sikkerhed s\u00f8rger vi ogs\u00e5 for, at alle spil p\u00e5 vores side regelm\u00e6ssigt revideres for at sikre fuldst\u00e6ndig retf\u00e6rdighed, og vi overv\u00e5ger spilpr\u00e6stationen dagligt. Vores spil er designet med Random Number-generatorer, og hvert spil testes i uafh\u00e6ngige testrum.<\/p>\n\n\n\n<h2 class=\"wp-block-heading\"><strong>Hurtige betalinger i Danmarks Bedste Online Casino<\/strong><\/h2>\n\n\n\n<p>Vi v\u00e6rds\u00e6tter hver en krone, du bruger p\u00e5 vores online casinospil, og vi har skabt en platform, der giver dig mulighed for at gamble uden frygt. Vi tilbyder dig de mest p\u00e5lidelige metoder til at lave indbetalinger p\u00e5 dine casinokonti. Du kan hurtigt lave indbetalinger via p\u00e5lidelige betalingsmetoder, herunder via kort, E-wallets, bankoverf\u00f8rsler mv.<\/p>\n\n\n\n<p><br>Vores indbetalings- og udbetalingsgr\u00e6nser er ansvarlige, og du kan nemt f\u00e5 udbetalt dine gevinster via enhver betalingsmetode, der fremg\u00e5r p\u00e5 vores betalingsside. Alle dine indbetalinger krediteres straks til din casinokonto med blot et par enkelte klik, og udbetalinger foreg\u00e5r hurtigt afh\u00e6ngigt af din valgte udbetalingsmetode. Se hele listen over transaktionsmetoder i bunden af denne side. V\u00e6lg den \u00f8nskede valuta for at lave en indbetaling, og begynd at spille vores online casinospil med det samme!<\/p>\n\n\n\n<h2 class=\"wp-block-heading\"><strong>Nyd on-demand gaming med vores online casino p\u00e5 mobilen<\/strong><\/h2>\n\n\n\n<p>For at sikre, at vi giver vores spillere en problemfri spilleplatform, tilbyder vi on-demand adgang til alle vores casinospil. Vores udvalg af spil er tilg\u00e6ngeligt p\u00e5 et bredt udvalg af mobilenheder, herunder Windows-, iOS- og Android-telefoner og tablets. Vores softwarepartnere leverer optimerede spil, som fungerer effektivt p\u00e5 mindre enheder med alle deres funktioner, s\u00e5 du f\u00e5r den bedst mulige casino-oplevelse p\u00e5 mobilen.<\/p>\n\n\n\n<p>At spille p\u00e5 en mindre sk\u00e6rm er lige s\u00e5 godt som at spille p\u00e5 en st\u00f8rre enhed, da du stadig kan nyde de fremragende billeder, lydene og de innovative features i vores mobil-casino. Spillere kan f\u00e5 adgang til vores spil ved at tilmelde sig gennem browseren p\u00e5 den mobile enhed. Det er ikke n\u00f8dvendigt at downloade noget.<\/p>\n\n\n\n<p>Find din foretrukne spillemaskine og live-spil i vores banebrydende mobil-casino, og spil med rigtige penge, selv n\u00e5r du er p\u00e5 farten. Vores betalingsmulighed via telefonen g\u00f8r indbetalingsprocessen s\u00e6rdeles praktisk, da du kan lave \u00f8jeblikkelige betalinger med et enkelt klik fra din mobil, uden at det er n\u00f8dvendigt at dele dine bankoplysninger.<\/p>\n\n\n\n<h2 class=\"wp-block-heading\"><strong>Tilmeld dig og hav det sjovt!<\/strong><\/h2>\n\n\n\n<p>Hav det sjovt i vores online casino ved at oprette en spillekonto. For ultimativ underholdning, og for at kunne nyde alle de mange casinospil online, skal du oprette en konto. Hvis du allerede har en konto, kan du g\u00e5 i gang med det samme; du skal bare logge ind og begynde at have det sjovt!<\/p>\n\n\n\n<p>Nedenfor f\u00e5r du en simpel guide til, hvordan du opretter din Swift-konto. Det tager kun et minut!<\/p>\n\n\n\n<ul class=\"wp-block-list\"><li>Klik p\u00e5 \u201cTilmeld\u201d-knappen i venstre side af sk\u00e6rmen. Hvis du er tilmeldt som spiller, skal du klikke p\u00e5 \u201cLog ind\u201d-knappen for at starte dit eventyr.<\/li><li>Tilmeldingsknappen \u00e5bner et nyt vindue p\u00e5 sk\u00e6rmen. Indtast de n\u00f8dvendige oplysninger, s\u00e5som for- og efternavn, f\u00f8dselsdato, brugernavn osv., i de tomme felter.<\/li><li>Glem ikke at tilmelde dig vores m\u00e5nedlige nyhedsbrev og f\u00e5 vores velkomstbonus.<\/li><li>Klik p\u00e5 \u2018Spil nu\u2019-knappen, n\u00e5r du har udfyldt dine oplysninger, og s\u00e5 bliver din konto oprettet med et enkelt klik!<\/li><li>I \u00f8verste h\u00f8jre hj\u00f8rne skal du g\u00e5 til \u2018Indbetaling\u2019-siden, s\u00e5 du kan lave din f\u00f8rste indbetaling. Vi tilbyder et bredt udvalg af indbetalings- og udbetalingsmuligheder.<\/li><li>V\u00e6lg den betalingsmulighed, du foretr\u00e6kker til din indbetaling. Bem\u00e6rk, at indbetalingsprocessen varierer afh\u00e6ngigt af den indbetalingsmetode, du v\u00e6lger. Held og lykke!<\/li><\/ul>\n\n\n\n<h2 class=\"wp-block-heading\"><strong>Sp\u00f8rg os om alt \u2014 24\/7 kundeservice<\/strong><\/h2>\n\n\n\n<p><br>Hos Swift Casino lover vi at tilbyde den ultimative komfortable gambling-oplevelse. Vores side er underst\u00f8ttet af et ekspertteam, der kan h\u00e5ndtere alle dine sp\u00f8rgsm\u00e5l vedr\u00f8rende gambling hos Swift. Du kan kontakte vores dygtige kundeservice og stille sp\u00f8rgsm\u00e5l om spil og vores tjenester via e-mail.<\/p>\n\n\n\n<p>Vi har ogs\u00e5 en omfattende side med ofte stillede sp\u00f8rgsm\u00e5l, som d\u00e6kker de mest almindelige gambling-relaterede sp\u00f8rgsm\u00e5l. Som online casino \u00f8nsker vi at tilbyde de bedste gambling-tjenester, s\u00e5 vi tager gerne imod feedback og forslag, der kan hj\u00e6lpe os med at blive endnu bedre.<\/p>\n","protected":false},"excerpt":{"rendered":"<p>Spil Casinospil i Danmarks Bedste Online Casino Swift Casino er hjemsted for den seneste og mest innovative kollektion af online casinospil, som er yderst popul\u00e6re i b\u00e5de Danmark og andre lande. Hos Swift Casino str\u00e6ber vi efter at levere en unik og smart gambling-oplevelse med vores omfattende katalog af eksklusive online casinospil og banebrydende teknologi, [&hellip;]<\/p>\n","protected":false},"author":1,"featured_media":0,"parent":0,"menu_order":0,"comment_status":"closed","ping_status":"closed","template":"","meta":{"footnotes":""},"class_list":["post-2915","page","type-page","status-publish","hentry"],"yoast_head":"<!-- This site is optimized with the Yoast SEO plugin v23.2 - https:\/\/yoast.com\/wordpress\/plugins\/seo\/ -->\n<title>Online Casino | 100% OP till 500KR | Swift Casino Danmark<\/title>\n<meta name=\"description\" content=\"Spil de bedste casinospil online - spillemaskiner, roulette, blackjack, live casino og mange andre p\u00e5 Swift Casino Danmark. Start med en bonus p\u00e5 op til 500 kr. 18+. BeGambleAware.org. Vilk\u00e5r og betingelser g\u00e6lder.\" \/>\n<meta name=\"robots\" content=\"index, follow, max-snippet:-1, max-image-preview:large, max-video-preview:-1\" \/>\n<link rel=\"canonical\" href=\"https:\/\/www.swiftcasino.com\/da-dk\/\" \/>\n<meta property=\"og:locale\" content=\"en_US\" \/>\n<meta property=\"og:type\" content=\"article\" \/>\n<meta property=\"og:title\" content=\"Online Casino | 100% OP till 500KR | Swift Casino Danmark\" \/>\n<meta property=\"og:description\" content=\"Spil de bedste casinospil online - spillemaskiner, roulette, blackjack, live casino og mange andre p\u00e5 Swift Casino Danmark. Start med en bonus p\u00e5 op til 500 kr. 18+. BeGambleAware.org. Vilk\u00e5r og betingelser g\u00e6lder.\" \/>\n<meta property=\"og:url\" content=\"https:\/\/www.swiftcasino.com\/da-dk\/\" \/>\n<meta property=\"og:site_name\" content=\"Swift Casino\" \/>\n<meta property=\"article:modified_time\" content=\"2024-12-17T09:33:14+00:00\" \/>\n<meta name=\"twitter:card\" content=\"summary_large_image\" \/>\n<meta name=\"twitter:label1\" content=\"Est. reading time\" \/>\n\t<meta name=\"twitter:data1\" content=\"9 minutes\" \/>\n<script type=\"application\/ld+json\" class=\"yoast-schema-graph\">{\"@context\":\"https:\/\/schema.org\",\"@graph\":[{\"@type\":\"WebPage\",\"@id\":\"https:\/\/www.swiftcasino.com\/da-dk\/\",\"url\":\"https:\/\/www.swiftcasino.com\/da-dk\/\",\"name\":\"Online Casino | 100% OP till 500KR | Swift Casino Danmark\",\"isPartOf\":{\"@id\":\"https:\/\/www.swiftcasino.com\/da-dk\/#website\"},\"datePublished\":\"2021-02-24T10:56:27+00:00\",\"dateModified\":\"2024-12-17T09:33:14+00:00\",\"description\":\"Spil de bedste casinospil online - spillemaskiner, roulette, blackjack, live casino og mange andre p\u00e5 Swift Casino Danmark. Start med en bonus p\u00e5 op til 500 kr. 18+. BeGambleAware.org. Vilk\u00e5r og betingelser g\u00e6lder.\",\"breadcrumb\":{\"@id\":\"https:\/\/www.swiftcasino.com\/da-dk\/#breadcrumb\"},\"inLanguage\":\"en-US\",\"potentialAction\":[{\"@type\":\"ReadAction\",\"target\":[\"https:\/\/www.swiftcasino.com\/da-dk\/\"]}]},{\"@type\":\"BreadcrumbList\",\"@id\":\"https:\/\/www.swiftcasino.com\/da-dk\/#breadcrumb\",\"itemListElement\":[{\"@type\":\"ListItem\",\"position\":1,\"name\":\"Home\",\"item\":\"https:\/\/www.swiftcasino.com\/da-dk\/\"},{\"@type\":\"ListItem\",\"position\":2,\"name\":\"Hjem\"}]},{\"@type\":\"WebSite\",\"@id\":\"https:\/\/www.swiftcasino.com\/da-dk\/#website\",\"url\":\"https:\/\/www.swiftcasino.com\/da-dk\/\",\"name\":\"Swift Casino\",\"description\":\"\",\"potentialAction\":[{\"@type\":\"SearchAction\",\"target\":{\"@type\":\"EntryPoint\",\"urlTemplate\":\"https:\/\/www.swiftcasino.com\/da-dk\/?s={search_term_string}\"},\"query-input\":\"required name=search_term_string\"}],\"inLanguage\":\"en-US\"}]}<\/script>\n<!-- \/ Yoast SEO plugin. -->","yoast_head_json":{"title":"Online Casino | 100% OP till 500KR | Swift Casino Danmark","description":"Spil de bedste casinospil online - spillemaskiner, roulette, blackjack, live casino og mange andre p\u00e5 Swift Casino Danmark. Start med en bonus p\u00e5 op til 500 kr. 18+. BeGambleAware.org. Vilk\u00e5r og betingelser g\u00e6lder.","robots":{"index":"index","follow":"follow","max-snippet":"max-snippet:-1","max-image-preview":"max-image-preview:large","max-video-preview":"max-video-preview:-1"},"canonical":"https:\/\/www.swiftcasino.com\/da-dk\/","og_locale":"en_US","og_type":"article","og_title":"Online Casino | 100% OP till 500KR | Swift Casino Danmark","og_description":"Spil de bedste casinospil online - spillemaskiner, roulette, blackjack, live casino og mange andre p\u00e5 Swift Casino Danmark. Start med en bonus p\u00e5 op til 500 kr. 18+. BeGambleAware.org. Vilk\u00e5r og betingelser g\u00e6lder.","og_url":"https:\/\/www.swiftcasino.com\/da-dk\/","og_site_name":"Swift Casino","article_modified_time":"2024-12-17T09:33:14+00:00","twitter_card":"summary_large_image","twitter_misc":{"Est. reading time":"9 minutes"},"schema":{"@context":"https:\/\/schema.org","@graph":[{"@type":"WebPage","@id":"https:\/\/www.swiftcasino.com\/da-dk\/","url":"https:\/\/www.swiftcasino.com\/da-dk\/","name":"Online Casino | 100% OP till 500KR | Swift Casino Danmark","isPartOf":{"@id":"https:\/\/www.swiftcasino.com\/da-dk\/#website"},"datePublished":"2021-02-24T10:56:27+00:00","dateModified":"2024-12-17T09:33:14+00:00","description":"Spil de bedste casinospil online - spillemaskiner, roulette, blackjack, live casino og mange andre p\u00e5 Swift Casino Danmark. Start med en bonus p\u00e5 op til 500 kr. 18+. BeGambleAware.org. Vilk\u00e5r og betingelser g\u00e6lder.","breadcrumb":{"@id":"https:\/\/www.swiftcasino.com\/da-dk\/#breadcrumb"},"inLanguage":"en-US","potentialAction":[{"@type":"ReadAction","target":["https:\/\/www.swiftcasino.com\/da-dk\/"]}]},{"@type":"BreadcrumbList","@id":"https:\/\/www.swiftcasino.com\/da-dk\/#breadcrumb","itemListElement":[{"@type":"ListItem","position":1,"name":"Home","item":"https:\/\/www.swiftcasino.com\/da-dk\/"},{"@type":"ListItem","position":2,"name":"Hjem"}]},{"@type":"WebSite","@id":"https:\/\/www.swiftcasino.com\/da-dk\/#website","url":"https:\/\/www.swiftcasino.com\/da-dk\/","name":"Swift Casino","description":"","potentialAction":[{"@type":"SearchAction","target":{"@type":"EntryPoint","urlTemplate":"https:\/\/www.swiftcasino.com\/da-dk\/?s={search_term_string}"},"query-input":"required name=search_term_string"}],"inLanguage":"en-US"}]}},"_links":{"self":[{"href":"https:\/\/www.swiftcasino.com\/da-dk\/wp-json\/wp\/v2\/pages\/2915"}],"collection":[{"href":"https:\/\/www.swiftcasino.com\/da-dk\/wp-json\/wp\/v2\/pages"}],"about":[{"href":"https:\/\/www.swiftcasino.com\/da-dk\/wp-json\/wp\/v2\/types\/page"}],"author":[{"embeddable":true,"href":"https:\/\/www.swiftcasino.com\/da-dk\/wp-json\/wp\/v2\/users\/1"}],"replies":[{"embeddable":true,"href":"https:\/\/www.swiftcasino.com\/da-dk\/wp-json\/wp\/v2\/comments?post=2915"}],"version-history":[{"count":2,"href":"https:\/\/www.swiftcasino.com\/da-dk\/wp-json\/wp\/v2\/pages\/2915\/revisions"}],"predecessor-version":[{"id":2925,"href":"https:\/\/www.swiftcasino.com\/da-dk\/wp-json\/wp\/v2\/pages\/2915\/revisions\/2925"}],"wp:attachment":[{"href":"https:\/\/www.swiftcasino.com\/da-dk\/wp-json\/wp\/v2\/media?parent=2915"}],"curies":[{"name":"wp","href":"https:\/\/api.w.org\/{rel}","templated":true}]}}