{"id":57,"date":"2021-03-04T11:01:09","date_gmt":"2021-03-04T11:01:09","guid":{"rendered":"https:\/\/www.swiftcasino.com\/da-dk\/?page_id=57"},"modified":"2025-09-12T14:38:26","modified_gmt":"2025-09-12T14:38:26","slug":"hjaelp","status":"publish","type":"page","link":"https:\/\/www.swiftcasino.com\/da-dk\/hjaelp\/","title":{"rendered":"Hjaelp"},"content":{"rendered":"\n<h2 class=\"wp-block-heading\">Support\/Hj\u00e6lp<\/h2>\n\n\n\n<h2 class=\"has-text-align-center wp-block-heading\">Kundeservice via e-mail<\/h2>\n\n\n\n<p>Du kan e-maile eventuelle sp\u00f8rgsm\u00e5l eller problemer, du har til:&nbsp;<a href=\"mailto:support@swiftcasino.com\" hreflang=\"da-DK\" lang=\"da\">support@swiftcasino.com<\/a><\/p>\n\n\n\n<p>Vores Support Team venter p\u00e5 at hj\u00e6lpe dig, s\u00e5 din oplevelse hos Swift vil blive s\u00e5 nydelig og problemfri som muligt.<\/p>\n\n\n\n<p>Ben\u00e6rk venligst, at kundeservice p\u00e5 forskellige sprog ikke altid vil v\u00e6re til r\u00e5dighed d\u00f8gnet rundt.<\/p>\n\n\n\n<p>Vi anbefaler derfor, at du om muligt skriver dit sp\u00f8rgsm\u00e5l p\u00e5 engelsk, hvis du har behov for \u00f8jeblikkeligt svar.<\/p>\n","protected":false},"excerpt":{"rendered":"<p>Support\/Hj\u00e6lp Kundeservice via e-mail Du kan e-maile eventuelle sp\u00f8rgsm\u00e5l eller problemer, du har til:&nbsp;support@swiftcasino.com Vores Support Team venter p\u00e5 at hj\u00e6lpe dig, s\u00e5 din oplevelse hos Swift vil blive s\u00e5 nydelig og problemfri som muligt. Ben\u00e6rk venligst, at kundeservice p\u00e5 forskellige sprog ikke altid vil v\u00e6re til r\u00e5dighed d\u00f8gnet rundt. Vi anbefaler derfor, at du [&hellip;]<\/p>\n","protected":false},"author":1,"featured_media":0,"parent":0,"menu_order":0,"comment_status":"closed","ping_status":"closed","template":"content-template.php","meta":{"footnotes":""},"class_list":["post-57","page","type-page","status-publish","hentry"],"yoast_head":"<!-- This site is optimized with the Yoast SEO plugin v23.2 - https:\/\/yoast.com\/wordpress\/plugins\/seo\/ -->\n<title>Hj\u00e6lp - SwiftCasino<\/title>\n<meta name=\"description\" content=\"Hj\u00e6lp - SwiftCasino\" \/>\n<meta name=\"robots\" content=\"index, follow, max-snippet:-1, max-image-preview:large, max-video-preview:-1\" \/>\n<link rel=\"canonical\" href=\"https:\/\/www.swiftcasino.com\/da-dk\/hjaelp\/\" \/>\n<meta property=\"og:locale\" content=\"en_US\" \/>\n<meta property=\"og:type\" content=\"article\" \/>\n<meta property=\"og:title\" content=\"Hj\u00e6lp - SwiftCasino\" \/>\n<meta property=\"og:description\" content=\"Hj\u00e6lp - SwiftCasino\" \/>\n<meta property=\"og:url\" content=\"https:\/\/www.swiftcasino.com\/da-dk\/hjaelp\/\" \/>\n<meta property=\"og:site_name\" content=\"Swift Casino\" \/>\n<meta property=\"article:modified_time\" content=\"2025-09-12T14:38:26+00:00\" \/>\n<meta name=\"twitter:card\" content=\"summary_large_image\" \/>\n<meta name=\"twitter:label1\" content=\"Est. reading time\" \/>\n\t<meta name=\"twitter:data1\" content=\"1 minute\" \/>\n<script type=\"application\/ld+json\" class=\"yoast-schema-graph\">{\"@context\":\"https:\/\/schema.org\",\"@graph\":[{\"@type\":\"WebPage\",\"@id\":\"https:\/\/www.swiftcasino.com\/da-dk\/hjaelp\/\",\"url\":\"https:\/\/www.swiftcasino.com\/da-dk\/hjaelp\/\",\"name\":\"Hj\u00e6lp - SwiftCasino\",\"isPartOf\":{\"@id\":\"https:\/\/www.swiftcasino.com\/da-dk\/#website\"},\"datePublished\":\"2021-03-04T11:01:09+00:00\",\"dateModified\":\"2025-09-12T14:38:26+00:00\",\"description\":\"Hj\u00e6lp - SwiftCasino\",\"breadcrumb\":{\"@id\":\"https:\/\/www.swiftcasino.com\/da-dk\/hjaelp\/#breadcrumb\"},\"inLanguage\":\"en-US\",\"potentialAction\":[{\"@type\":\"ReadAction\",\"target\":[\"https:\/\/www.swiftcasino.com\/da-dk\/hjaelp\/\"]}]},{\"@type\":\"BreadcrumbList\",\"@id\":\"https:\/\/www.swiftcasino.com\/da-dk\/hjaelp\/#breadcrumb\",\"itemListElement\":[{\"@type\":\"ListItem\",\"position\":1,\"name\":\"Home\",\"item\":\"https:\/\/www.swiftcasino.com\/da-dk\/\"},{\"@type\":\"ListItem\",\"position\":2,\"name\":\"Hjaelp\"}]},{\"@type\":\"WebSite\",\"@id\":\"https:\/\/www.swiftcasino.com\/da-dk\/#website\",\"url\":\"https:\/\/www.swiftcasino.com\/da-dk\/\",\"name\":\"Swift Casino\",\"description\":\"\",\"potentialAction\":[{\"@type\":\"SearchAction\",\"target\":{\"@type\":\"EntryPoint\",\"urlTemplate\":\"https:\/\/www.swiftcasino.com\/da-dk\/?s={search_term_string}\"},\"query-input\":\"required name=search_term_string\"}],\"inLanguage\":\"en-US\"}]}<\/script>\n<!-- \/ Yoast SEO plugin. -->","yoast_head_json":{"title":"Hj\u00e6lp - SwiftCasino","description":"Hj\u00e6lp - SwiftCasino","robots":{"index":"index","follow":"follow","max-snippet":"max-snippet:-1","max-image-preview":"max-image-preview:large","max-video-preview":"max-video-preview:-1"},"canonical":"https:\/\/www.swiftcasino.com\/da-dk\/hjaelp\/","og_locale":"en_US","og_type":"article","og_title":"Hj\u00e6lp - SwiftCasino","og_description":"Hj\u00e6lp - SwiftCasino","og_url":"https:\/\/www.swiftcasino.com\/da-dk\/hjaelp\/","og_site_name":"Swift Casino","article_modified_time":"2025-09-12T14:38:26+00:00","twitter_card":"summary_large_image","twitter_misc":{"Est. reading time":"1 minute"},"schema":{"@context":"https:\/\/schema.org","@graph":[{"@type":"WebPage","@id":"https:\/\/www.swiftcasino.com\/da-dk\/hjaelp\/","url":"https:\/\/www.swiftcasino.com\/da-dk\/hjaelp\/","name":"Hj\u00e6lp - SwiftCasino","isPartOf":{"@id":"https:\/\/www.swiftcasino.com\/da-dk\/#website"},"datePublished":"2021-03-04T11:01:09+00:00","dateModified":"2025-09-12T14:38:26+00:00","description":"Hj\u00e6lp - SwiftCasino","breadcrumb":{"@id":"https:\/\/www.swiftcasino.com\/da-dk\/hjaelp\/#breadcrumb"},"inLanguage":"en-US","potentialAction":[{"@type":"ReadAction","target":["https:\/\/www.swiftcasino.com\/da-dk\/hjaelp\/"]}]},{"@type":"BreadcrumbList","@id":"https:\/\/www.swiftcasino.com\/da-dk\/hjaelp\/#breadcrumb","itemListElement":[{"@type":"ListItem","position":1,"name":"Home","item":"https:\/\/www.swiftcasino.com\/da-dk\/"},{"@type":"ListItem","position":2,"name":"Hjaelp"}]},{"@type":"WebSite","@id":"https:\/\/www.swiftcasino.com\/da-dk\/#website","url":"https:\/\/www.swiftcasino.com\/da-dk\/","name":"Swift Casino","description":"","potentialAction":[{"@type":"SearchAction","target":{"@type":"EntryPoint","urlTemplate":"https:\/\/www.swiftcasino.com\/da-dk\/?s={search_term_string}"},"query-input":"required name=search_term_string"}],"inLanguage":"en-US"}]}},"_links":{"self":[{"href":"https:\/\/www.swiftcasino.com\/da-dk\/wp-json\/wp\/v2\/pages\/57"}],"collection":[{"href":"https:\/\/www.swiftcasino.com\/da-dk\/wp-json\/wp\/v2\/pages"}],"about":[{"href":"https:\/\/www.swiftcasino.com\/da-dk\/wp-json\/wp\/v2\/types\/page"}],"author":[{"embeddable":true,"href":"https:\/\/www.swiftcasino.com\/da-dk\/wp-json\/wp\/v2\/users\/1"}],"replies":[{"embeddable":true,"href":"https:\/\/www.swiftcasino.com\/da-dk\/wp-json\/wp\/v2\/comments?post=57"}],"version-history":[{"count":3,"href":"https:\/\/www.swiftcasino.com\/da-dk\/wp-json\/wp\/v2\/pages\/57\/revisions"}],"predecessor-version":[{"id":2978,"href":"https:\/\/www.swiftcasino.com\/da-dk\/wp-json\/wp\/v2\/pages\/57\/revisions\/2978"}],"wp:attachment":[{"href":"https:\/\/www.swiftcasino.com\/da-dk\/wp-json\/wp\/v2\/media?parent=57"}],"curies":[{"name":"wp","href":"https:\/\/api.w.org\/{rel}","templated":true}]}}