{"id":112,"date":"2021-03-04T14:29:10","date_gmt":"2021-03-04T14:29:10","guid":{"rendered":"https:\/\/www.swiftcasino.com\/nb-no\/?page_id=112"},"modified":"2025-09-17T11:43:56","modified_gmt":"2025-09-17T11:43:56","slug":"videopoker","status":"publish","type":"page","link":"https:\/\/www.swiftcasino.com\/nb-no\/videopoker\/","title":{"rendered":"Video Poker"},"content":{"rendered":"<h2>Video Poker<\/h2>\n<p>Video Poker dukket opp i spillverdenen p\u00e5 begynnelsen av 70-tallet og har blitt et av de mest popul\u00e6re casinospillene i dag, p\u00e5 lik linje med spilleautomater. For en spiller som liker et dyktighetsspill, en lav innsats og muligheten for store gevinster, er det ingenting annet som kan sammenligne med Video Poker.<\/p>\n<p>Vi hos <a href=\"\/nb-no\/\" hreflang=\"nb\" target=\"_blank\" rel=\"noopener\">Swift Casino<\/a> Norge tilbyr v\u00e5re spillere en mengde videopoker-spill. V\u00e5r Casinolobby er fylt med mange Video Poker-varianter som Jacks or Better, Double Down Poker, Joker Poker og mange flere. Vi har ogs\u00e5 et bredt utvalg av andre online casinospill. Med en s\u00e5 fantastisk samling av de beste Video Poker-spilleautomater og andre <a href=\"\/nb-no\/bordspill\/\" hreflang=\"nb\" target=\"_blank\" rel=\"noopener\">table games<\/a>, er det p\u00e5 tide \u00e5 hengi seg til en overveldende spillopplevelse hos Swift Casino Norge!<\/p>\n<h2 class=\"game_h2\">Typer av Video Poker spill tilgjengelig i v\u00e5rt kasino<\/h2>\n<p>N\u00e5r du blar deg gjennom v\u00e5r casinolobby, vil du finne nye og popul\u00e6re varianter av Video Poker. Her finner du noen av dem:<\/p>\n<h3 class=\"game_h3\">Knekt eller h\u00f8yere<\/h3>\n<p>Denne varianten er ideel for nybegynner til Video Poker. N\u00e5r du spiller Knekt eller h\u00f8yere er alt du trenger \u00e5 gj\u00f8re for \u00e5 vinne \u00e5 f\u00e5 en h\u00e5nd med par i knekt eller bedre.<\/p>\n<h3 class=\"game_h3\">Ess og Bildekort<\/h3>\n<p>Denne varianten er ganske lik Knekt eller bedre, med den variasjonen at du f\u00e5r \u00f8kt utbetaling for fire like med ess eller bildekort<\/p>\n<h3 class=\"game_h3\">Deuces Wild<\/h3>\n<p>N\u00e5r du spiller Deuces Wild Video Poker-spill, blir de to kortene til wild cards. Som et resultat er ytterligere tre premier tilgjengelig for f\u00f8lgende hender &#8211; fire-av-en-type, fem-i-en-typen og en kongelig flush.<\/p>\n<h2 class=\"game_h2\">Hvordan spille online Video Poker<\/h2>\n<p>Video Poker ligner en spilleautomat, men er basert p\u00e5 Fem-korts trekkpoker. Nedenfor har vi forklart hvordan du spiller videopokerspill p\u00e5 v\u00e5rt casino.<\/p>\n<p>Ettersom v\u00e5re casinospill drives av de beste spillprogramvareleverand\u00f8rene i bransjen, vil du f\u00e5 et bredt utvalg av videopoker-spill \u00e5 velge mellom. Hvis du er nybegynner, kan du starte med Jacks or Better, da det gir en h\u00f8y utbetaling med lav risiko.<\/p>\n<h3 class=\"game_h3\">Innsats<\/h3>\n<p>N\u00e5r du spiller et Video Poker-spill, velg hvor mye du vil satse i runden. Hvis du vil satse s\u00e5 h\u00f8yt bel\u00f8p som mulig, trykker du p\u00e5 &#8216;Max Bet&#8217; -knappen.<\/p>\n<h3 class=\"game_h3\">Trekk den f\u00f8rste kortrunden<\/h3>\n<p>Trykk p\u00e5 &#8220;Deal&#8221; -knappen for \u00e5 f\u00e5 utdelt de f\u00f8rste fem kortene. I noen Video Poker-varianter blir kortene delt ut etter hvert og med forsiden ned, f\u00f8r alle snus samtidig. Andre spill deler dem ut med bildesiden opp.<\/p>\n<h3 class=\"game_h3\">Velg kortet du \u00f8nsker \u00e5 beholde<\/h3>\n<p>N\u00e5r du spiller Video Poker i v\u00e5rt mobilcasino, klikker du p\u00e5 de kortene du vil beholde. Du kan ogs\u00e5 bruke &#8220;Hold&#8221; -knappen under kortet. Ethvert kort du ikke har vil ha byttes mot et nytt kort i neste trinn.<\/p>\n<h3 class=\"game_h3\">Trykk del p\u00e5 nytt<\/h3>\n<p>N\u00e5r du har f\u00e5tt alle kortene du vil beholde, trykker du p\u00e5 &#8216;Deal&#8217; igjen. I en gitt runde har du lov til \u00e5 trykke \u201cDeal\u201d to ganger. P\u00e5 den andre utdelingen f\u00e5r du nye kort i stedet for de kasserte.<\/p>\n<h3 class=\"game_h3\">Se din andre utdelingsrunde<\/h3>\n<p>Hvis du er heldig, vil du n\u00e5 ha en vinnende h\u00e5ndkombinasjoner. Med mindre du velger \u2018Auto Hold\u2019, m\u00e5 du holde den vinnende h\u00e5nden manuelt.<\/p>\n<h3 class=\"game_h3\">Motta din gevinst<\/h3>\n<p>Dersom du vinner runden, vil maskinen utbetale din gevinst i henhold til potten p\u00e5 bordet<\/p>\n<h2 class=\"game_h2\">Video Poker h\u00e5ndrangering<\/h2>\n<p>N\u00e5r du spiller Video Poker Online, er alle gevinster basert p\u00e5 femkorts pokerh\u00e5nd, som rangeres slik:<\/p>\n<p><b>Royal flush:<\/b> Ess-konge-dame-knekt-10, alle i samme farge (ruter, kl\u00f8ver, spar og hjerter)<\/p>\n<p><b>Straigt flush:<\/b> fem p\u00e5f\u00f8lgende kort i samme farge. For eksempel 2-3-4-5-6, alle i kl\u00f8ver<\/p>\n<p><b>Fire like:<\/b> Fire kort i samme val\u00f8r. For eksempel, kl\u00f8ver-ess, ruter-ess, hjerter-ess og spar-ess<\/p>\n<p><b>Fullt hus:<\/b> Tre kort i en val\u00f8r og to kort i en annen val\u00f8r. For eksempel hjerter 3, ruter 3, spar 3, spar 6 og hjerter 6<\/p>\n<p><b>Flush:<\/b> fem kort i samme farge. For eksempel ess, 3,7,4 og 10 i ruter<\/p>\n<p><b>Streight:<\/b> Fem f\u00f8lgende kort i forskjellig farge. For eksempel, hjerter 2, ruter 3, kl\u00f8ver 4, ruter 5 og spar 6<\/p>\n<p><b>Tre like:<\/b> Tre kort i samme val\u00f8r. For eksempel ruter 6, hjerter 6 og kl\u00f8ver 6<\/p>\n<p><b>To par:<\/b> To kort i en val\u00f8r, to kort i en annen val\u00f8r. For eksempel hjerter-ess, spar-ess, ruter 7 og kl\u00f8ver 7<\/p>\n<p><b>Par i knekt eller bedre:<\/b> To knekter, dronninger, konger eller ess<\/p>\n<h2 class=\"game_h2\">Mobil video poker<\/h2>\n<p>Hvis du \u00f8nsker \u00e5 pr\u00f8ve deg p\u00e5 Video Poker mens du er p\u00e5 farten, kan du pr\u00f8ve ut v\u00e5rt mobilcasino. Med alle v\u00e5re online Video Poker-varianter tilgjengelig p\u00e5 den <a href=\"\/nb-no\/mobilcasino\/\" hreflang=\"nb\" target=\"_blank\" rel=\"noopener\">mobile casino<\/a> plattformen, trenger moroa ikke \u00e5 stoppe n\u00e5r du forlater huset! Skynd deg! Utforsk v\u00e5rt mobilcasino n\u00e5!<\/p>\n","protected":false},"excerpt":{"rendered":"<p>Video Poker Video Poker dukket opp i spillverdenen p\u00e5 begynnelsen av 70-tallet og har blitt et av de mest popul\u00e6re casinospillene i dag, p\u00e5 lik linje med spilleautomater. For en spiller som liker et dyktighetsspill, en lav innsats og muligheten for store gevinster, er det ingenting annet som kan sammenligne med Video Poker. Vi hos [&hellip;]<\/p>\n","protected":false},"author":1,"featured_media":0,"parent":0,"menu_order":0,"comment_status":"closed","ping_status":"closed","template":"games-template.php","meta":{"footnotes":""},"class_list":["post-112","page","type-page","status-publish","hentry"],"yoast_head":"<!-- This site is optimized with the Yoast SEO plugin v23.2 - https:\/\/yoast.com\/wordpress\/plugins\/seo\/ -->\n<title>Video Poker | 50 gratissnurr | Swift Casino Norsk<\/title>\n<meta name=\"description\" content=\"Videopoker er en av de best likte spillene blant casinoentusiaster over hele verden. Pr\u00f8v en h\u00e5nd p\u00e5 noen av de beste videopokerspillene hos Swift Casino i dag!\" \/>\n<meta name=\"robots\" content=\"index, follow, max-snippet:-1, max-image-preview:large, max-video-preview:-1\" \/>\n<link rel=\"canonical\" href=\"https:\/\/www.swiftcasino.com\/nb-no\/videopoker\/\" \/>\n<meta property=\"og:locale\" content=\"en_US\" \/>\n<meta property=\"og:type\" content=\"article\" \/>\n<meta property=\"og:title\" content=\"Video Poker | 50 gratissnurr | Swift Casino Norsk\" \/>\n<meta property=\"og:description\" content=\"Videopoker er en av de best likte spillene blant casinoentusiaster over hele verden. Pr\u00f8v en h\u00e5nd p\u00e5 noen av de beste videopokerspillene hos Swift Casino i dag!\" \/>\n<meta property=\"og:url\" content=\"https:\/\/www.swiftcasino.com\/nb-no\/videopoker\/\" \/>\n<meta property=\"og:site_name\" content=\"Swift Casino\" \/>\n<meta property=\"article:modified_time\" content=\"2025-09-17T11:43:56+00:00\" \/>\n<meta name=\"twitter:card\" content=\"summary_large_image\" \/>\n<meta name=\"twitter:label1\" content=\"Est. reading time\" \/>\n\t<meta name=\"twitter:data1\" content=\"4 minutes\" \/>\n<script type=\"application\/ld+json\" class=\"yoast-schema-graph\">{\"@context\":\"https:\/\/schema.org\",\"@graph\":[{\"@type\":\"WebPage\",\"@id\":\"https:\/\/www.swiftcasino.com\/nb-no\/videopoker\/\",\"url\":\"https:\/\/www.swiftcasino.com\/nb-no\/videopoker\/\",\"name\":\"Video Poker | 50 gratissnurr | Swift Casino Norsk\",\"isPartOf\":{\"@id\":\"https:\/\/www.swiftcasino.com\/nb-no\/#website\"},\"datePublished\":\"2021-03-04T14:29:10+00:00\",\"dateModified\":\"2025-09-17T11:43:56+00:00\",\"description\":\"Videopoker er en av de best likte spillene blant casinoentusiaster over hele verden. Pr\u00f8v en h\u00e5nd p\u00e5 noen av de beste videopokerspillene hos Swift Casino i dag!\",\"breadcrumb\":{\"@id\":\"https:\/\/www.swiftcasino.com\/nb-no\/videopoker\/#breadcrumb\"},\"inLanguage\":\"en-US\",\"potentialAction\":[{\"@type\":\"ReadAction\",\"target\":[\"https:\/\/www.swiftcasino.com\/nb-no\/videopoker\/\"]}]},{\"@type\":\"BreadcrumbList\",\"@id\":\"https:\/\/www.swiftcasino.com\/nb-no\/videopoker\/#breadcrumb\",\"itemListElement\":[{\"@type\":\"ListItem\",\"position\":1,\"name\":\"Home\",\"item\":\"https:\/\/www.swiftcasino.com\/nb-no\/\"},{\"@type\":\"ListItem\",\"position\":2,\"name\":\"Video Poker\"}]},{\"@type\":\"WebSite\",\"@id\":\"https:\/\/www.swiftcasino.com\/nb-no\/#website\",\"url\":\"https:\/\/www.swiftcasino.com\/nb-no\/\",\"name\":\"Swift Casino\",\"description\":\"\",\"potentialAction\":[{\"@type\":\"SearchAction\",\"target\":{\"@type\":\"EntryPoint\",\"urlTemplate\":\"https:\/\/www.swiftcasino.com\/nb-no\/?s={search_term_string}\"},\"query-input\":\"required name=search_term_string\"}],\"inLanguage\":\"en-US\"}]}<\/script>\n<!-- \/ Yoast SEO plugin. -->","yoast_head_json":{"title":"Video Poker | 50 gratissnurr | Swift Casino Norsk","description":"Videopoker er en av de best likte spillene blant casinoentusiaster over hele verden. Pr\u00f8v en h\u00e5nd p\u00e5 noen av de beste videopokerspillene hos Swift Casino i dag!","robots":{"index":"index","follow":"follow","max-snippet":"max-snippet:-1","max-image-preview":"max-image-preview:large","max-video-preview":"max-video-preview:-1"},"canonical":"https:\/\/www.swiftcasino.com\/nb-no\/videopoker\/","og_locale":"en_US","og_type":"article","og_title":"Video Poker | 50 gratissnurr | Swift Casino Norsk","og_description":"Videopoker er en av de best likte spillene blant casinoentusiaster over hele verden. Pr\u00f8v en h\u00e5nd p\u00e5 noen av de beste videopokerspillene hos Swift Casino i dag!","og_url":"https:\/\/www.swiftcasino.com\/nb-no\/videopoker\/","og_site_name":"Swift Casino","article_modified_time":"2025-09-17T11:43:56+00:00","twitter_card":"summary_large_image","twitter_misc":{"Est. reading time":"4 minutes"},"schema":{"@context":"https:\/\/schema.org","@graph":[{"@type":"WebPage","@id":"https:\/\/www.swiftcasino.com\/nb-no\/videopoker\/","url":"https:\/\/www.swiftcasino.com\/nb-no\/videopoker\/","name":"Video Poker | 50 gratissnurr | Swift Casino Norsk","isPartOf":{"@id":"https:\/\/www.swiftcasino.com\/nb-no\/#website"},"datePublished":"2021-03-04T14:29:10+00:00","dateModified":"2025-09-17T11:43:56+00:00","description":"Videopoker er en av de best likte spillene blant casinoentusiaster over hele verden. Pr\u00f8v en h\u00e5nd p\u00e5 noen av de beste videopokerspillene hos Swift Casino i dag!","breadcrumb":{"@id":"https:\/\/www.swiftcasino.com\/nb-no\/videopoker\/#breadcrumb"},"inLanguage":"en-US","potentialAction":[{"@type":"ReadAction","target":["https:\/\/www.swiftcasino.com\/nb-no\/videopoker\/"]}]},{"@type":"BreadcrumbList","@id":"https:\/\/www.swiftcasino.com\/nb-no\/videopoker\/#breadcrumb","itemListElement":[{"@type":"ListItem","position":1,"name":"Home","item":"https:\/\/www.swiftcasino.com\/nb-no\/"},{"@type":"ListItem","position":2,"name":"Video Poker"}]},{"@type":"WebSite","@id":"https:\/\/www.swiftcasino.com\/nb-no\/#website","url":"https:\/\/www.swiftcasino.com\/nb-no\/","name":"Swift Casino","description":"","potentialAction":[{"@type":"SearchAction","target":{"@type":"EntryPoint","urlTemplate":"https:\/\/www.swiftcasino.com\/nb-no\/?s={search_term_string}"},"query-input":"required name=search_term_string"}],"inLanguage":"en-US"}]}},"_links":{"self":[{"href":"https:\/\/www.swiftcasino.com\/nb-no\/wp-json\/wp\/v2\/pages\/112"}],"collection":[{"href":"https:\/\/www.swiftcasino.com\/nb-no\/wp-json\/wp\/v2\/pages"}],"about":[{"href":"https:\/\/www.swiftcasino.com\/nb-no\/wp-json\/wp\/v2\/types\/page"}],"author":[{"embeddable":true,"href":"https:\/\/www.swiftcasino.com\/nb-no\/wp-json\/wp\/v2\/users\/1"}],"replies":[{"embeddable":true,"href":"https:\/\/www.swiftcasino.com\/nb-no\/wp-json\/wp\/v2\/comments?post=112"}],"version-history":[{"count":3,"href":"https:\/\/www.swiftcasino.com\/nb-no\/wp-json\/wp\/v2\/pages\/112\/revisions"}],"predecessor-version":[{"id":2953,"href":"https:\/\/www.swiftcasino.com\/nb-no\/wp-json\/wp\/v2\/pages\/112\/revisions\/2953"}],"wp:attachment":[{"href":"https:\/\/www.swiftcasino.com\/nb-no\/wp-json\/wp\/v2\/media?parent=112"}],"curies":[{"name":"wp","href":"https:\/\/api.w.org\/{rel}","templated":true}]}}