{"id":160,"date":"2021-06-07T08:22:18","date_gmt":"2021-06-07T08:22:18","guid":{"rendered":"https:\/\/www.swiftcasino.com\/nb-no\/?page_id=160"},"modified":"2025-08-29T09:10:36","modified_gmt":"2025-08-29T09:10:36","slug":"bordspill","status":"publish","type":"page","link":"https:\/\/www.swiftcasino.com\/nb-no\/bordspill\/","title":{"rendered":"Bordspill"},"content":{"rendered":"<h2>Bordspill<\/h2>\n<p>Hvis du i gamle dager ville pr\u00f8ve deg p\u00e5 et table game som Blackjack eller Roulette, m\u00e5tte du komme deg ut av hjemmet ditt og reise til n\u00e6rmeste fysiske kasino. I dag, takket v\u00e6re internett, kan du spille et bredt utvalg av table games hvor som helst og n\u00e5r som helst.<\/p>\n<p>Vi p\u00e5 Swift Casino Norge tilbyr en mengde klassiske table games. Du kan glede deg over den fysiske spilleopplevelsen fra hjemmets lune hi, p\u00e5 smarttelefonen eller hvor du vil. Med de beste table games tilgjengelig, kan du pr\u00f8ve alt fra French Roulette til Three Card Poker. Bli med p\u00e5 moroa! Skynd deg!<\/p>\n<h2>Hvilke table games kan jeg spille p\u00e5 Swift Casino Norge?<\/h2>\n<p>N\u00e5r du blar deg gjennom lobbyen med casino table games, finner du flere nye og popul\u00e6re versjoner av Blackjack, jackpot casino, kortspill, Videopoker-spill, terningspill og mer. Du kan pr\u00f8ve alle gratis f\u00f8r du spiller for ekte penger. Hvis du er ny p\u00e5 table games, er dette den beste m\u00e5ten \u00e5 pr\u00f8ve de mest popul\u00e6re titlene v\u00e5re, som inkluderer Rapid Roulette, European Blackjack Turbo, Immersive Roulette og French Roulette Pro.<\/p>\n<p>Hvis du har lyst p\u00e5 live spillopplevelse, har vi mer \u00e5 tilby! Swift Casino Norge er hjemstedet til de beste live table games som tilbys fra de beste utviklerne i spillindustrien. I v\u00e5rt live casino kan du utforske klassiske table games som spenner fra Baccarat Squeeze til Dream Catcher og Live Casino Lobby til Casino Hold&#8217;em, vi har live table games som passer for enhver smak og preferanse!<\/p>\n<p>Det er ikke alt! Du kan ogs\u00e5 spille alle dine favoritt klassiske table games mens du er p\u00e5 farten. Ja, vi p\u00e5 Swift Casino Norge tilbyr et eksklusivt mobilcasino der spillerne kan utforske alle casinospillene hvor som helst, n\u00e5r som helst med bare et tastetrykk. Ikke g\u00e5 glipp av mobilspillemoro!<\/p>\n<h2>Velg det rette table game for deg<\/h2>\n<p>N\u00e5r det gjelder online table games s\u00e5 gjelder regelen om at jo flere valg du har, jo bedre er det. Uansett hva din spillestil er har vi et spill som vil innfri det. Hvis du vil ha et spill i retrostil, kan du spille Texas Hold\u2019em. M\u00e5let med spillet er \u00e5 skaffe den beste h\u00e5nden med fem kort ved \u00e5 bruke en kombinasjon av to &#8220;hole cards&#8221; som du f\u00e5r utdelt og de fem felleskortene p\u00e5 bordet. Du kan bruke ett, begge deler, eller ingen av hole-kortene dine for \u00e5 f\u00e5 din beste h\u00e5nd.<\/p>\n<p>Alle som trives med en detaljert strategi b\u00f8r pr\u00f8ve v\u00e5re Blackjack-varianter. Det er forskjellige strateginiv\u00e5er for dette spillet, og du kan bruke mye tid p\u00e5 \u00e5 bli en mester i dem. Alternativt kan du bare bruke table games som s\u00f8rger for at du gj\u00f8r det rette trekket.<\/p>\n<p>Hvis du vil ha et spill med minimale eller ingen strategi, kan Roulette v\u00e6re det ideelle valget for deg. Selv om det er visse spill designet for \u00e5 passe til visse stiler, er Roulette et sjansespill, og det er flaksen som skaper spenning under spillet.<\/p>\n<p>Du kan ogs\u00e5 pr\u00f8ve v\u00e5rt Three Card Poker-spill som er popul\u00e6rt p\u00e5 grunn av det enkle spilletempoet og det gjensidige vennskapet du bygger med andre spillere mens du pr\u00f8ver \u00e5 sl\u00e5 dealeren. Det er ganske enkelt \u00e5 spille dette spillet fordi det bare er tre kort \u00e5 administrere og innsatsene er faste.<\/p>\n<h2>Inkluderer online table games mye strategi?<\/h2>\n<p>Du trenger ikke \u00e5 ha inng\u00e5ende kunnskap om alle strategier, men den beste m\u00e5ten \u00e5 mestre p\u00e5 er ved \u00e5 l\u00e6re de grunnleggende reglene. Nesten hvert eneste table game har en optimal strategi som best\u00e5r av valg for \u00e5 beseire huset. Det er morsomt \u00e5 bruke strategi og s\u00e5 se trekkene dine omsatt til fortjeneste. Du kan ogs\u00e5 forbedre oddsen din til \u00e5 vinne ved \u00e5 holde deg til en fornuftig plan for innsats og spille et table game med den laveste grensen. S\u00e5 hvis du vil vinne mer ved \u00e5 spille bra, er table games definitivt veien \u00e5 g\u00e5!<\/p>\n<h2>Hvorfor er v\u00e5re online table games de beste?<\/h2>\n<p>Det er praktisk og morsomt \u00e5 spille v\u00e5re online table game. Vi har et bredere spekter av innsatser enn du kan finne i ditt lokale fysiske kasino. Marginen er mye lavere for v\u00e5re table games sammenlignet med andre casinospill. Det betyr at hvis du holder deg til grunnleggende strategier, kan du enkelt optimalisere gevinstene. Vi tilbyr ogs\u00e5 forskjellige table games som gir en annen variasjon i spillet.<\/p>\n<h2>Hvordan vil table games utvikle seg fremover?<\/h2>\n<p>Fordi kasinoteknologien utvikler seg raskt, \u00f8ker det antall table games. Det er sannsynlig at online table games vil fortsatt utvikles i fremtiden. Etter hvert som \u00e5rene g\u00e5r, vil flere og flere aldersgrupper bli introdusert for table games, noe som betyr at populariteten deres bare vil \u00f8ke og fortsette de kommende \u00e5rene.<\/p>\n","protected":false},"excerpt":{"rendered":"<p>Bordspill Hvis du i gamle dager ville pr\u00f8ve deg p\u00e5 et table game som Blackjack eller Roulette, m\u00e5tte du komme deg ut av hjemmet ditt og reise til n\u00e6rmeste fysiske kasino. I dag, takket v\u00e6re internett, kan du spille et bredt utvalg av table games hvor som helst og n\u00e5r som helst. Vi p\u00e5 Swift [&hellip;]<\/p>\n","protected":false},"author":1,"featured_media":0,"parent":0,"menu_order":0,"comment_status":"closed","ping_status":"closed","template":"games-template.php","meta":{"footnotes":""},"class_list":["post-160","page","type-page","status-publish","hentry"],"yoast_head":"<!-- This site is optimized with the Yoast SEO plugin v23.2 - https:\/\/yoast.com\/wordpress\/plugins\/seo\/ -->\n<title>Table games | 50 gratissnurr | Swift Casino Norsk<\/title>\n<meta name=\"description\" content=\"Pr\u00f8v og utforsk de beste, klassiske bordspillene hos Soft Casino i dag! Registrer deg n\u00e5 og kom igang med din iGaming-reise med en gang!\" \/>\n<meta name=\"robots\" content=\"index, follow, max-snippet:-1, max-image-preview:large, max-video-preview:-1\" \/>\n<link rel=\"canonical\" href=\"https:\/\/www.swiftcasino.com\/nb-no\/bordspill\/\" \/>\n<meta property=\"og:locale\" content=\"en_US\" \/>\n<meta property=\"og:type\" content=\"article\" \/>\n<meta property=\"og:title\" content=\"Table games | 50 gratissnurr | Swift Casino Norsk\" \/>\n<meta property=\"og:description\" content=\"Pr\u00f8v og utforsk de beste, klassiske bordspillene hos Soft Casino i dag! Registrer deg n\u00e5 og kom igang med din iGaming-reise med en gang!\" \/>\n<meta property=\"og:url\" content=\"https:\/\/www.swiftcasino.com\/nb-no\/bordspill\/\" \/>\n<meta property=\"og:site_name\" content=\"Swift Casino\" \/>\n<meta property=\"article:modified_time\" content=\"2025-08-29T09:10:36+00:00\" \/>\n<meta name=\"twitter:card\" content=\"summary_large_image\" \/>\n<meta name=\"twitter:label1\" content=\"Est. reading time\" \/>\n\t<meta name=\"twitter:data1\" content=\"4 minutes\" \/>\n<script type=\"application\/ld+json\" class=\"yoast-schema-graph\">{\"@context\":\"https:\/\/schema.org\",\"@graph\":[{\"@type\":\"WebPage\",\"@id\":\"https:\/\/www.swiftcasino.com\/nb-no\/bordspill\/\",\"url\":\"https:\/\/www.swiftcasino.com\/nb-no\/bordspill\/\",\"name\":\"Table games | 50 gratissnurr | Swift Casino Norsk\",\"isPartOf\":{\"@id\":\"https:\/\/www.swiftcasino.com\/nb-no\/#website\"},\"datePublished\":\"2021-06-07T08:22:18+00:00\",\"dateModified\":\"2025-08-29T09:10:36+00:00\",\"description\":\"Pr\u00f8v og utforsk de beste, klassiske bordspillene hos Soft Casino i dag! Registrer deg n\u00e5 og kom igang med din iGaming-reise med en gang!\",\"breadcrumb\":{\"@id\":\"https:\/\/www.swiftcasino.com\/nb-no\/bordspill\/#breadcrumb\"},\"inLanguage\":\"en-US\",\"potentialAction\":[{\"@type\":\"ReadAction\",\"target\":[\"https:\/\/www.swiftcasino.com\/nb-no\/bordspill\/\"]}]},{\"@type\":\"BreadcrumbList\",\"@id\":\"https:\/\/www.swiftcasino.com\/nb-no\/bordspill\/#breadcrumb\",\"itemListElement\":[{\"@type\":\"ListItem\",\"position\":1,\"name\":\"Home\",\"item\":\"https:\/\/www.swiftcasino.com\/nb-no\/\"},{\"@type\":\"ListItem\",\"position\":2,\"name\":\"Bordspill\"}]},{\"@type\":\"WebSite\",\"@id\":\"https:\/\/www.swiftcasino.com\/nb-no\/#website\",\"url\":\"https:\/\/www.swiftcasino.com\/nb-no\/\",\"name\":\"Swift Casino\",\"description\":\"\",\"potentialAction\":[{\"@type\":\"SearchAction\",\"target\":{\"@type\":\"EntryPoint\",\"urlTemplate\":\"https:\/\/www.swiftcasino.com\/nb-no\/?s={search_term_string}\"},\"query-input\":\"required name=search_term_string\"}],\"inLanguage\":\"en-US\"}]}<\/script>\n<!-- \/ Yoast SEO plugin. -->","yoast_head_json":{"title":"Table games | 50 gratissnurr | Swift Casino Norsk","description":"Pr\u00f8v og utforsk de beste, klassiske bordspillene hos Soft Casino i dag! Registrer deg n\u00e5 og kom igang med din iGaming-reise med en gang!","robots":{"index":"index","follow":"follow","max-snippet":"max-snippet:-1","max-image-preview":"max-image-preview:large","max-video-preview":"max-video-preview:-1"},"canonical":"https:\/\/www.swiftcasino.com\/nb-no\/bordspill\/","og_locale":"en_US","og_type":"article","og_title":"Table games | 50 gratissnurr | Swift Casino Norsk","og_description":"Pr\u00f8v og utforsk de beste, klassiske bordspillene hos Soft Casino i dag! Registrer deg n\u00e5 og kom igang med din iGaming-reise med en gang!","og_url":"https:\/\/www.swiftcasino.com\/nb-no\/bordspill\/","og_site_name":"Swift Casino","article_modified_time":"2025-08-29T09:10:36+00:00","twitter_card":"summary_large_image","twitter_misc":{"Est. reading time":"4 minutes"},"schema":{"@context":"https:\/\/schema.org","@graph":[{"@type":"WebPage","@id":"https:\/\/www.swiftcasino.com\/nb-no\/bordspill\/","url":"https:\/\/www.swiftcasino.com\/nb-no\/bordspill\/","name":"Table games | 50 gratissnurr | Swift Casino Norsk","isPartOf":{"@id":"https:\/\/www.swiftcasino.com\/nb-no\/#website"},"datePublished":"2021-06-07T08:22:18+00:00","dateModified":"2025-08-29T09:10:36+00:00","description":"Pr\u00f8v og utforsk de beste, klassiske bordspillene hos Soft Casino i dag! Registrer deg n\u00e5 og kom igang med din iGaming-reise med en gang!","breadcrumb":{"@id":"https:\/\/www.swiftcasino.com\/nb-no\/bordspill\/#breadcrumb"},"inLanguage":"en-US","potentialAction":[{"@type":"ReadAction","target":["https:\/\/www.swiftcasino.com\/nb-no\/bordspill\/"]}]},{"@type":"BreadcrumbList","@id":"https:\/\/www.swiftcasino.com\/nb-no\/bordspill\/#breadcrumb","itemListElement":[{"@type":"ListItem","position":1,"name":"Home","item":"https:\/\/www.swiftcasino.com\/nb-no\/"},{"@type":"ListItem","position":2,"name":"Bordspill"}]},{"@type":"WebSite","@id":"https:\/\/www.swiftcasino.com\/nb-no\/#website","url":"https:\/\/www.swiftcasino.com\/nb-no\/","name":"Swift Casino","description":"","potentialAction":[{"@type":"SearchAction","target":{"@type":"EntryPoint","urlTemplate":"https:\/\/www.swiftcasino.com\/nb-no\/?s={search_term_string}"},"query-input":"required name=search_term_string"}],"inLanguage":"en-US"}]}},"_links":{"self":[{"href":"https:\/\/www.swiftcasino.com\/nb-no\/wp-json\/wp\/v2\/pages\/160"}],"collection":[{"href":"https:\/\/www.swiftcasino.com\/nb-no\/wp-json\/wp\/v2\/pages"}],"about":[{"href":"https:\/\/www.swiftcasino.com\/nb-no\/wp-json\/wp\/v2\/types\/page"}],"author":[{"embeddable":true,"href":"https:\/\/www.swiftcasino.com\/nb-no\/wp-json\/wp\/v2\/users\/1"}],"replies":[{"embeddable":true,"href":"https:\/\/www.swiftcasino.com\/nb-no\/wp-json\/wp\/v2\/comments?post=160"}],"version-history":[{"count":2,"href":"https:\/\/www.swiftcasino.com\/nb-no\/wp-json\/wp\/v2\/pages\/160\/revisions"}],"predecessor-version":[{"id":2944,"href":"https:\/\/www.swiftcasino.com\/nb-no\/wp-json\/wp\/v2\/pages\/160\/revisions\/2944"}],"wp:attachment":[{"href":"https:\/\/www.swiftcasino.com\/nb-no\/wp-json\/wp\/v2\/media?parent=160"}],"curies":[{"name":"wp","href":"https:\/\/api.w.org\/{rel}","templated":true}]}}