{"id":212,"date":"2021-09-22T10:48:00","date_gmt":"2021-09-22T10:48:00","guid":{"rendered":"https:\/\/www.swiftcasino.com\/nb-no\/?page_id=212"},"modified":"2021-09-22T10:48:00","modified_gmt":"2021-09-22T10:48:00","slug":"neteller","status":"publish","type":"page","link":"https:\/\/www.swiftcasino.com\/nb-no\/betalinger\/neteller\/","title":{"rendered":"NETELLER"},"content":{"rendered":"<h2>NETELLER<\/h2>\n<p>NETELLER er den raske, enkle og sikre m\u00e5ten \u00e5 overf\u00f8re penger over Internett p\u00e5.<br \/>\nFyll opp kontoen din med alle de store betalingsmerkene, for eksempel Visa, MasterCard, Maestro, internasjonale og lokale bankoverf\u00f8ringer og direkte lokale innskudd, for eksempel iDEAL, giropay, DineroMail.<\/p>\n<p>Alle innskudd og uttak til og fra nettsteder som aksepterer NETELLER, er GRATIS.<br \/>\nSett inn penger fra din NETELLER-konto helt gratis. Registrer deg og betal i dag!<\/p>\n<p>Ta ut penger til din NETELLER-konto helt gratis.<a href=\"\/\/www.neteller.com\/no\/?merchant=Swift\" target=\"_blank\" rel=\"noopener\">Registrer deg n\u00e5<\/a>.<\/p>\n","protected":false},"excerpt":{"rendered":"<p>NETELLER NETELLER er den raske, enkle og sikre m\u00e5ten \u00e5 overf\u00f8re penger over Internett p\u00e5. Fyll opp kontoen din med alle de store betalingsmerkene, for eksempel Visa, MasterCard, Maestro, internasjonale og lokale bankoverf\u00f8ringer og direkte lokale innskudd, for eksempel iDEAL, giropay, DineroMail. Alle innskudd og uttak til og fra nettsteder som aksepterer NETELLER, er GRATIS. [&hellip;]<\/p>\n","protected":false},"author":1,"featured_media":0,"parent":179,"menu_order":0,"comment_status":"closed","ping_status":"closed","template":"template-single-payments.php","meta":{"footnotes":""},"class_list":["post-212","page","type-page","status-publish","hentry"],"yoast_head":"<!-- This site is optimized with the Yoast SEO plugin v23.2 - https:\/\/yoast.com\/wordpress\/plugins\/seo\/ -->\n<title>NETELLER - Swift Casino<\/title>\n<meta name=\"robots\" content=\"index, follow, max-snippet:-1, max-image-preview:large, max-video-preview:-1\" \/>\n<link rel=\"canonical\" href=\"https:\/\/www.swiftcasino.com\/nb-no\/betalinger\/neteller\/\" \/>\n<meta property=\"og:locale\" content=\"en_US\" \/>\n<meta property=\"og:type\" content=\"article\" \/>\n<meta property=\"og:title\" content=\"NETELLER - Swift Casino\" \/>\n<meta property=\"og:description\" content=\"NETELLER NETELLER er den raske, enkle og sikre m\u00e5ten \u00e5 overf\u00f8re penger over Internett p\u00e5. Fyll opp kontoen din med alle de store betalingsmerkene, for eksempel Visa, MasterCard, Maestro, internasjonale og lokale bankoverf\u00f8ringer og direkte lokale innskudd, for eksempel iDEAL, giropay, DineroMail. Alle innskudd og uttak til og fra nettsteder som aksepterer NETELLER, er GRATIS. [&hellip;]\" \/>\n<meta property=\"og:url\" content=\"https:\/\/www.swiftcasino.com\/nb-no\/betalinger\/neteller\/\" \/>\n<meta property=\"og:site_name\" content=\"Swift Casino\" \/>\n<meta name=\"twitter:card\" content=\"summary_large_image\" \/>\n<meta name=\"twitter:label1\" content=\"Est. reading time\" \/>\n\t<meta name=\"twitter:data1\" content=\"1 minute\" \/>\n<script type=\"application\/ld+json\" class=\"yoast-schema-graph\">{\"@context\":\"https:\/\/schema.org\",\"@graph\":[{\"@type\":\"WebPage\",\"@id\":\"https:\/\/www.swiftcasino.com\/nb-no\/betalinger\/neteller\/\",\"url\":\"https:\/\/www.swiftcasino.com\/nb-no\/betalinger\/neteller\/\",\"name\":\"NETELLER - Swift Casino\",\"isPartOf\":{\"@id\":\"https:\/\/www.swiftcasino.com\/nb-no\/#website\"},\"datePublished\":\"2021-09-22T10:48:00+00:00\",\"dateModified\":\"2021-09-22T10:48:00+00:00\",\"breadcrumb\":{\"@id\":\"https:\/\/www.swiftcasino.com\/nb-no\/betalinger\/neteller\/#breadcrumb\"},\"inLanguage\":\"en-US\",\"potentialAction\":[{\"@type\":\"ReadAction\",\"target\":[\"https:\/\/www.swiftcasino.com\/nb-no\/betalinger\/neteller\/\"]}]},{\"@type\":\"BreadcrumbList\",\"@id\":\"https:\/\/www.swiftcasino.com\/nb-no\/betalinger\/neteller\/#breadcrumb\",\"itemListElement\":[{\"@type\":\"ListItem\",\"position\":1,\"name\":\"Home\",\"item\":\"https:\/\/www.swiftcasino.com\/nb-no\/\"},{\"@type\":\"ListItem\",\"position\":2,\"name\":\"Payments\",\"item\":\"https:\/\/www.swiftcasino.com\/nb-no\/betalinger\/\"},{\"@type\":\"ListItem\",\"position\":3,\"name\":\"NETELLER\"}]},{\"@type\":\"WebSite\",\"@id\":\"https:\/\/www.swiftcasino.com\/nb-no\/#website\",\"url\":\"https:\/\/www.swiftcasino.com\/nb-no\/\",\"name\":\"Swift Casino\",\"description\":\"\",\"potentialAction\":[{\"@type\":\"SearchAction\",\"target\":{\"@type\":\"EntryPoint\",\"urlTemplate\":\"https:\/\/www.swiftcasino.com\/nb-no\/?s={search_term_string}\"},\"query-input\":\"required name=search_term_string\"}],\"inLanguage\":\"en-US\"}]}<\/script>\n<!-- \/ Yoast SEO plugin. -->","yoast_head_json":{"title":"NETELLER - Swift Casino","robots":{"index":"index","follow":"follow","max-snippet":"max-snippet:-1","max-image-preview":"max-image-preview:large","max-video-preview":"max-video-preview:-1"},"canonical":"https:\/\/www.swiftcasino.com\/nb-no\/betalinger\/neteller\/","og_locale":"en_US","og_type":"article","og_title":"NETELLER - Swift Casino","og_description":"NETELLER NETELLER er den raske, enkle og sikre m\u00e5ten \u00e5 overf\u00f8re penger over Internett p\u00e5. Fyll opp kontoen din med alle de store betalingsmerkene, for eksempel Visa, MasterCard, Maestro, internasjonale og lokale bankoverf\u00f8ringer og direkte lokale innskudd, for eksempel iDEAL, giropay, DineroMail. Alle innskudd og uttak til og fra nettsteder som aksepterer NETELLER, er GRATIS. [&hellip;]","og_url":"https:\/\/www.swiftcasino.com\/nb-no\/betalinger\/neteller\/","og_site_name":"Swift Casino","twitter_card":"summary_large_image","twitter_misc":{"Est. reading time":"1 minute"},"schema":{"@context":"https:\/\/schema.org","@graph":[{"@type":"WebPage","@id":"https:\/\/www.swiftcasino.com\/nb-no\/betalinger\/neteller\/","url":"https:\/\/www.swiftcasino.com\/nb-no\/betalinger\/neteller\/","name":"NETELLER - Swift Casino","isPartOf":{"@id":"https:\/\/www.swiftcasino.com\/nb-no\/#website"},"datePublished":"2021-09-22T10:48:00+00:00","dateModified":"2021-09-22T10:48:00+00:00","breadcrumb":{"@id":"https:\/\/www.swiftcasino.com\/nb-no\/betalinger\/neteller\/#breadcrumb"},"inLanguage":"en-US","potentialAction":[{"@type":"ReadAction","target":["https:\/\/www.swiftcasino.com\/nb-no\/betalinger\/neteller\/"]}]},{"@type":"BreadcrumbList","@id":"https:\/\/www.swiftcasino.com\/nb-no\/betalinger\/neteller\/#breadcrumb","itemListElement":[{"@type":"ListItem","position":1,"name":"Home","item":"https:\/\/www.swiftcasino.com\/nb-no\/"},{"@type":"ListItem","position":2,"name":"Payments","item":"https:\/\/www.swiftcasino.com\/nb-no\/betalinger\/"},{"@type":"ListItem","position":3,"name":"NETELLER"}]},{"@type":"WebSite","@id":"https:\/\/www.swiftcasino.com\/nb-no\/#website","url":"https:\/\/www.swiftcasino.com\/nb-no\/","name":"Swift Casino","description":"","potentialAction":[{"@type":"SearchAction","target":{"@type":"EntryPoint","urlTemplate":"https:\/\/www.swiftcasino.com\/nb-no\/?s={search_term_string}"},"query-input":"required name=search_term_string"}],"inLanguage":"en-US"}]}},"_links":{"self":[{"href":"https:\/\/www.swiftcasino.com\/nb-no\/wp-json\/wp\/v2\/pages\/212"}],"collection":[{"href":"https:\/\/www.swiftcasino.com\/nb-no\/wp-json\/wp\/v2\/pages"}],"about":[{"href":"https:\/\/www.swiftcasino.com\/nb-no\/wp-json\/wp\/v2\/types\/page"}],"author":[{"embeddable":true,"href":"https:\/\/www.swiftcasino.com\/nb-no\/wp-json\/wp\/v2\/users\/1"}],"replies":[{"embeddable":true,"href":"https:\/\/www.swiftcasino.com\/nb-no\/wp-json\/wp\/v2\/comments?post=212"}],"version-history":[{"count":0,"href":"https:\/\/www.swiftcasino.com\/nb-no\/wp-json\/wp\/v2\/pages\/212\/revisions"}],"up":[{"embeddable":true,"href":"https:\/\/www.swiftcasino.com\/nb-no\/wp-json\/wp\/v2\/pages\/179"}],"wp:attachment":[{"href":"https:\/\/www.swiftcasino.com\/nb-no\/wp-json\/wp\/v2\/media?parent=212"}],"curies":[{"name":"wp","href":"https:\/\/api.w.org\/{rel}","templated":true}]}}