{"id":2894,"date":"2021-03-03T08:58:58","date_gmt":"2021-03-03T08:58:58","guid":{"rendered":"https:\/\/www.swiftcasino.com\/nb-no\/?page_id=36"},"modified":"2025-08-29T09:11:30","modified_gmt":"2025-08-29T09:11:30","slug":"casinospill","status":"publish","type":"page","link":"https:\/\/www.swiftcasino.com\/nb-no\/casinospill\/","title":{"rendered":"Casinospill"},"content":{"rendered":"<h2>Spill<\/h2>\n<p>Hvis du har lyst til \u00e5 pr\u00f8ve nye casinospill med de beste gevinstene, har du kommet til rett sted! Vi i Swift Casino Norge tilstreber \u00e5 gi v\u00e5re spillere en mest mulig omfattende casinoopplevelse. For \u00e5 gj\u00f8re dette oppdaterer vi jevnlig v\u00e5r liste over casinospill for \u00e5 sikre at spillerne v\u00e5re f\u00e5r den spillopplevelsen de fortjener. N\u00e5r du blar gjennom casinolobbyen din, finner du alle favorittcasino-titlene dine, i tillegg til nye casinospill med noen fantastiske funksjoner og fristende bonuser. S\u00e5 skynd deg, kom i gang n\u00e5!<\/p>\n<h2>En stadig voksende liste av nye kasinotitler<\/h2>\n<p>Vi tilbyr v\u00e5re spillere en mengde online casinospill som spilleautomater, Blackjack, Baccarat, Roulette, Poker og mange flere. I tillegg oppdaterer vi katalogen v\u00e5r med noen f\u00e5 ukers mellomrom for \u00e5 gi spillerne enda st\u00f8rre valg i det de spiller, inkludert titler som Game Changer og Dawn of Egypt for \u00e5 nevne noen. Ikke bare inkluderer vi de siste online titlene fra de anerkjente spillleverand\u00f8rene i bransjen, men vi legger ofte til nye live dealer-spill til v\u00e5r stadig voksende portef\u00f8lje av casinospill. Ikke glem \u00e5 pr\u00f8ve dem!<\/p>\n<p>Hvis du kjenner den grunnleggende strategien, kan du pr\u00f8ve deg p\u00e5 v\u00e5re unike Blackjack-varianter der du spiller flere hender p\u00e5 samme tid eller har en sjanse til \u00e5 vinne stort p\u00e5 forskjellige sidespill. Vi har ogs\u00e5 flere nye Video Poker-spill, inkludert Jacks or Better og Deuces Wild. Hvis du ikke er interessert i, kan du pr\u00f8ve \u00e5 f\u00e5 lykketallene dine i forskjellige roulette-spill. Fra fransk til amerikansk og europeisk til lav innsats, kan du enkelt finne dine favorittrulett-spill p\u00e5 Swift Casino Norge.<\/p>\n<h2>Gj\u00f8r mest mulig ut av progressive spillmaskiner<\/h2>\n<p>Vi har et bredt utvalg av spilleautomater med faste jackpotter som kan vinnes ved \u00e5 matche fem av de h\u00f8yeste symbolene langs en vinnende gevinstlinje. I tillegg tilbyr vi ogs\u00e5 progressive jackpotspill som ikke har faste jackpotter, men der det i stedet legges en liten prosentandel av hver innsats til jackpottsummen. N\u00e5r du spiller i et fysisk kasino, er denne jackpoten spesifikk for det aktuelle casinoet. Men hos oss legges en prosentandel av innsatsen din til den samlede jackpoten. V\u00e5re progressive spilleautomater som Arabian Nights og Mega Moolah tilbyr jackpotter som \u00f8ker hver gang en spiller satser og frem til noen vinner. Jackpotpremiene g\u00e5r ofte opp til millioner av dollar, og du er kvalifisert til \u00e5 vinne dem. Ikke g\u00e5 glipp av dem!<\/p>\n<h2>Nyt nye utgaver med spesielle kampanjer<\/h2>\n<p>Noen nye casinotitler er verdt \u00e5 pr\u00f8ve ut, og det er derfor vi ofte tilbyr spesielle kampanjer for \u00e5 feire lanseringen av et bestemt casinospill. Disse kampanjene kan inneb\u00e6re gratis spinn som lar deg spinne hjulene gratis eller noen fristende kontantbel\u00f8nninger. Husk \u00e5 sjekke jevnlig for \u00e5 holde deg oppdatert om alle de nye kasinoutgivelsene og tilh\u00f8rende tilbud.<\/p>\n<h2>Nyt ekte pengespill-action p\u00e5 veien!<\/h2>\n<p>Mange spillere \u00f8nsker \u00e5 nyter kasinospenning mens du er p\u00e5 farten, og hos Swift Casino Norge har vi skj\u00f8nt det. Du f\u00e5r enkelt tilgang til alle v\u00e5re live og online casinospill p\u00e5 mobilplattformen, og v\u00e5rt mobilcasino er kompatibelt med alle mobile enheter. Registrer deg, og logg deg p\u00e5 n\u00e5r du vil spille spill \u00f8yeblikkelig. S\u00e5 enkelt er det!<\/p>\n<h2>Hvilke casinospill tilbyr de beste oddsene?<\/h2>\n<p>N\u00e5r du spiller p\u00e5 kasinoet v\u00e5rt, vil du ofte h\u00f8re begrepet Return to Player (RTP) bli nevnt i forbindelse med casinospill. I utgangspunktet er RTP den prosentandelen av pengespill som forventes \u00e5 bli returnert til spillerne over tid. En h\u00f8yere RTP betyr en bedre sjanse for deg til \u00e5 tjene penger. Spilleautomater pleier \u00e5 ha en RTP i omr\u00e5det 94 til 97%. Table games som Blackjack og Baccarat har imidlertid en tendens til \u00e5 ha h\u00f8yere RTP, selv om dette avhenger av ditt valg av innsats og spillstrategi. Heldigvis, siden spillene v\u00e5re drives av de beste programvareutviklerne, kan du v\u00e6re trygg p\u00e5 at du f\u00e5r den beste RTP.<\/p>\n<h2>Hvordan s\u00f8rger vi for at v\u00e5re online kasinospill er rettferdige?<\/h2>\n<p>Vi bruker en avansert Random Number Generator (RNG) som gir en utbetalingsprosent for alle v\u00e5re online casinospill. En RNG er et dataprogram som tilfeldig gir spillresultatene. Det gir resultatet av hvert kort som deles ut og hver terning rulles, uten duplisering (for eksempel to kort som deles ut samtidig). Disse resultatene er helt tilfeldige og kan ikke manipuleres. Dette betyr at du alltid f\u00e5r rettferdige resultater, og du kan v\u00e6re sikker p\u00e5 at v\u00e5re casinospill oppfyller bransjestandardforskrifter.<\/p>\n","protected":false},"excerpt":{"rendered":"<p>Spill Hvis du har lyst til \u00e5 pr\u00f8ve nye casinospill med de beste gevinstene, har du kommet til rett sted! Vi i Swift Casino Norge tilstreber \u00e5 gi v\u00e5re spillere en mest mulig omfattende casinoopplevelse. For \u00e5 gj\u00f8re dette oppdaterer vi jevnlig v\u00e5r liste over casinospill for \u00e5 sikre at spillerne v\u00e5re f\u00e5r den spillopplevelsen [&hellip;]<\/p>\n","protected":false},"author":1,"featured_media":0,"parent":0,"menu_order":0,"comment_status":"closed","ping_status":"closed","template":"games-template.php","meta":{"footnotes":""},"class_list":["post-2894","page","type-page","status-publish","hentry"],"yoast_head":"<!-- This site is optimized with the Yoast SEO plugin v23.2 - https:\/\/yoast.com\/wordpress\/plugins\/seo\/ -->\n<title>Casinospill | 50 gratissnurr | Swift Casino Norsk<\/title>\n<meta name=\"description\" content=\"Nyt \u00e5 spille toppklasse casinospill laget av de fremste spillutviklerne fra din egen sofa, med en gang. Skynd deg! Registrer deg n\u00e5!\" \/>\n<meta name=\"robots\" content=\"index, follow, max-snippet:-1, max-image-preview:large, max-video-preview:-1\" \/>\n<link rel=\"canonical\" href=\"https:\/\/www.swiftcasino.com\/nb-no\/casinospill\/\" \/>\n<meta property=\"og:locale\" content=\"en_US\" \/>\n<meta property=\"og:type\" content=\"article\" \/>\n<meta property=\"og:title\" content=\"Casinospill | 50 gratissnurr | Swift Casino Norsk\" \/>\n<meta property=\"og:description\" content=\"Nyt \u00e5 spille toppklasse casinospill laget av de fremste spillutviklerne fra din egen sofa, med en gang. Skynd deg! Registrer deg n\u00e5!\" \/>\n<meta property=\"og:url\" content=\"https:\/\/www.swiftcasino.com\/nb-no\/casinospill\/\" \/>\n<meta property=\"og:site_name\" content=\"Swift Casino\" \/>\n<meta property=\"article:modified_time\" content=\"2025-08-29T09:11:30+00:00\" \/>\n<meta name=\"twitter:card\" content=\"summary_large_image\" \/>\n<meta name=\"twitter:label1\" content=\"Est. reading time\" \/>\n\t<meta name=\"twitter:data1\" content=\"4 minutes\" \/>\n<script type=\"application\/ld+json\" class=\"yoast-schema-graph\">{\"@context\":\"https:\/\/schema.org\",\"@graph\":[{\"@type\":\"WebPage\",\"@id\":\"https:\/\/www.swiftcasino.com\/nb-no\/casinospill\/\",\"url\":\"https:\/\/www.swiftcasino.com\/nb-no\/casinospill\/\",\"name\":\"Casinospill | 50 gratissnurr | Swift Casino Norsk\",\"isPartOf\":{\"@id\":\"https:\/\/www.swiftcasino.com\/nb-no\/#website\"},\"datePublished\":\"2021-03-03T08:58:58+00:00\",\"dateModified\":\"2025-08-29T09:11:30+00:00\",\"description\":\"Nyt \u00e5 spille toppklasse casinospill laget av de fremste spillutviklerne fra din egen sofa, med en gang. Skynd deg! Registrer deg n\u00e5!\",\"breadcrumb\":{\"@id\":\"https:\/\/www.swiftcasino.com\/nb-no\/casinospill\/#breadcrumb\"},\"inLanguage\":\"en-US\",\"potentialAction\":[{\"@type\":\"ReadAction\",\"target\":[\"https:\/\/www.swiftcasino.com\/nb-no\/casinospill\/\"]}]},{\"@type\":\"BreadcrumbList\",\"@id\":\"https:\/\/www.swiftcasino.com\/nb-no\/casinospill\/#breadcrumb\",\"itemListElement\":[{\"@type\":\"ListItem\",\"position\":1,\"name\":\"Home\",\"item\":\"https:\/\/www.swiftcasino.com\/nb-no\/\"},{\"@type\":\"ListItem\",\"position\":2,\"name\":\"Casinospill\"}]},{\"@type\":\"WebSite\",\"@id\":\"https:\/\/www.swiftcasino.com\/nb-no\/#website\",\"url\":\"https:\/\/www.swiftcasino.com\/nb-no\/\",\"name\":\"Swift Casino\",\"description\":\"\",\"potentialAction\":[{\"@type\":\"SearchAction\",\"target\":{\"@type\":\"EntryPoint\",\"urlTemplate\":\"https:\/\/www.swiftcasino.com\/nb-no\/?s={search_term_string}\"},\"query-input\":\"required name=search_term_string\"}],\"inLanguage\":\"en-US\"}]}<\/script>\n<!-- \/ Yoast SEO plugin. -->","yoast_head_json":{"title":"Casinospill | 50 gratissnurr | Swift Casino Norsk","description":"Nyt \u00e5 spille toppklasse casinospill laget av de fremste spillutviklerne fra din egen sofa, med en gang. Skynd deg! Registrer deg n\u00e5!","robots":{"index":"index","follow":"follow","max-snippet":"max-snippet:-1","max-image-preview":"max-image-preview:large","max-video-preview":"max-video-preview:-1"},"canonical":"https:\/\/www.swiftcasino.com\/nb-no\/casinospill\/","og_locale":"en_US","og_type":"article","og_title":"Casinospill | 50 gratissnurr | Swift Casino Norsk","og_description":"Nyt \u00e5 spille toppklasse casinospill laget av de fremste spillutviklerne fra din egen sofa, med en gang. Skynd deg! Registrer deg n\u00e5!","og_url":"https:\/\/www.swiftcasino.com\/nb-no\/casinospill\/","og_site_name":"Swift Casino","article_modified_time":"2025-08-29T09:11:30+00:00","twitter_card":"summary_large_image","twitter_misc":{"Est. reading time":"4 minutes"},"schema":{"@context":"https:\/\/schema.org","@graph":[{"@type":"WebPage","@id":"https:\/\/www.swiftcasino.com\/nb-no\/casinospill\/","url":"https:\/\/www.swiftcasino.com\/nb-no\/casinospill\/","name":"Casinospill | 50 gratissnurr | Swift Casino Norsk","isPartOf":{"@id":"https:\/\/www.swiftcasino.com\/nb-no\/#website"},"datePublished":"2021-03-03T08:58:58+00:00","dateModified":"2025-08-29T09:11:30+00:00","description":"Nyt \u00e5 spille toppklasse casinospill laget av de fremste spillutviklerne fra din egen sofa, med en gang. Skynd deg! Registrer deg n\u00e5!","breadcrumb":{"@id":"https:\/\/www.swiftcasino.com\/nb-no\/casinospill\/#breadcrumb"},"inLanguage":"en-US","potentialAction":[{"@type":"ReadAction","target":["https:\/\/www.swiftcasino.com\/nb-no\/casinospill\/"]}]},{"@type":"BreadcrumbList","@id":"https:\/\/www.swiftcasino.com\/nb-no\/casinospill\/#breadcrumb","itemListElement":[{"@type":"ListItem","position":1,"name":"Home","item":"https:\/\/www.swiftcasino.com\/nb-no\/"},{"@type":"ListItem","position":2,"name":"Casinospill"}]},{"@type":"WebSite","@id":"https:\/\/www.swiftcasino.com\/nb-no\/#website","url":"https:\/\/www.swiftcasino.com\/nb-no\/","name":"Swift Casino","description":"","potentialAction":[{"@type":"SearchAction","target":{"@type":"EntryPoint","urlTemplate":"https:\/\/www.swiftcasino.com\/nb-no\/?s={search_term_string}"},"query-input":"required name=search_term_string"}],"inLanguage":"en-US"}]}},"_links":{"self":[{"href":"https:\/\/www.swiftcasino.com\/nb-no\/wp-json\/wp\/v2\/pages\/2894"}],"collection":[{"href":"https:\/\/www.swiftcasino.com\/nb-no\/wp-json\/wp\/v2\/pages"}],"about":[{"href":"https:\/\/www.swiftcasino.com\/nb-no\/wp-json\/wp\/v2\/types\/page"}],"author":[{"embeddable":true,"href":"https:\/\/www.swiftcasino.com\/nb-no\/wp-json\/wp\/v2\/users\/1"}],"replies":[{"embeddable":true,"href":"https:\/\/www.swiftcasino.com\/nb-no\/wp-json\/wp\/v2\/comments?post=2894"}],"version-history":[{"count":6,"href":"https:\/\/www.swiftcasino.com\/nb-no\/wp-json\/wp\/v2\/pages\/2894\/revisions"}],"predecessor-version":[{"id":2945,"href":"https:\/\/www.swiftcasino.com\/nb-no\/wp-json\/wp\/v2\/pages\/2894\/revisions\/2945"}],"wp:attachment":[{"href":"https:\/\/www.swiftcasino.com\/nb-no\/wp-json\/wp\/v2\/media?parent=2894"}],"curies":[{"name":"wp","href":"https:\/\/api.w.org\/{rel}","templated":true}]}}