{"id":2896,"date":"2021-03-04T09:42:49","date_gmt":"2021-03-04T09:42:49","guid":{"rendered":"https:\/\/www.swiftcasino.com\/nb-no\/?page_id=40"},"modified":"2025-08-29T09:13:22","modified_gmt":"2025-08-29T09:13:22","slug":"live-casino","status":"publish","type":"page","link":"https:\/\/www.swiftcasino.com\/nb-no\/live-casino\/","title":{"rendered":"Live Casino"},"content":{"rendered":"<h2>Live Casino<\/h2>\n\n\n<p>Norge er det rette landet for live kasinoentusiaster. Med millioner av nordmenn som spiller live casinospill daglig, kan Swift Casino Norge ikke unnlate \u00e5 v\u00e6re den f\u00f8rste med alle de nyeste live-spillene p\u00e5 markedet. Enten du \u00f8nsker \u00e5 pr\u00f8ve lykken p\u00e5 Live Roulette-hjul eller pr\u00f8ver \u00e5 trene din grunnleggende strategi ved Blackjack-bordet.Vi tilbyr det hele med et klikk p\u00e5 en knapp.<\/p>\n\n\n\n<p>Og skulle ikke det v\u00e6re det du er p\u00e5 jakt etter, s\u00e5 har vi mer! Bli en del av v\u00e5re oppslukende opplevelser og spill Live Baccarat og Live Poker fra komforten i ditt eget hjem. Med hundrevis av titler og ypperlige studioomgivelser, venter v\u00e5re vennlige og profesjonelle livedealere p\u00e5 deg!<\/p>\n\n\n\n<h2 class=\"wp-block-heading\">Hva er et live casino og hvordan virker det?<\/h2>\n\n\n\n<p>Et live casino kombinerer de beste funksjonene i et fysisk kasino og et online casino. Live casino er egentlig en nettsending av et casinospill med ekte dealere som samhandler med spillere, spillkort, godkjenning av spill og spinning av hjul. Dessuten har du bekvemmeligheten av \u00e5 nyte hele denne handlingen p\u00e5 nettet.<\/p>\n\n\n\n<p>Funksjonen til et live casinospill er ganske likt et standard online spill. Fra spillerens side ser grensesnittet hos et live casino p\u00e5 nett veldig likt ut, der innsatser gj\u00f8res ved \u00e5 trykke p\u00e5 knappene p\u00e5 vanlig m\u00e5te. Den st\u00f8rste forskjellen er imidlertid at i et live dealer-spill bestemmer en ekte \u201clive dealer\u201d utfallet av hver runde i stedet for RNG-programvaren, og dealeren samhandler ogs\u00e5 med spillerne.<\/p>\n\n\n\n<p>Mange opplever dette nesten som \u00e5 v\u00e6re i et fysisk kasino, noe som gj\u00f8r live dealer-spill popul\u00e6re blant de som liker offline spill, men ikke kan reise til sitt lokale kasino eller bare foretrekker \u00e5 gamble mens du er p\u00e5 farten.<\/p>\n\n\n\n<h2 class=\"wp-block-heading\">Hva slags live dealer spill finner du hos Swift Casino Norge?<\/h2>\n<p>Casinolobbyen v\u00e5r er fylt med forskjellige live casinospill. Live Roulette finnes over alt, selvf\u00f8lgelig sammen med Live Baccarat, Live Blackjack og Live Poker-spill. Alle live-spill drives av de beste spillutviklerne i bransjen, slik at du kan forvente oppslukende sanntids spillopplevelser. Dessuten kan du glede deg over live-kasino-handlinger mens du er p\u00e5 farten. Swift Casino Norge bringer alle casinospillene raskt til mobile enheter.<\/p>\n<p>Vi tilbyr ogs\u00e5 nye og perfeksjonerte varianter av forskjellige live casinospill. Her er noen av dem:<\/p>\n<\/h2>\n\n\n\n<h3 class=\"wp-block-heading\">Lightning Roulette<\/h3>\n\n\n\n<p>Et eksklusivt Evolution Gaming-tittel. Lightning Roulette redefinerer spillet med unike funksjoner og de beste gevinstene. Dersom du er glad i de beste bonusene, s\u00e5 vil du definitivt pr\u00f8ve dette.<\/p>\n\n\n\n<h3 class=\"wp-block-heading\">Dream Catcher<\/h3>\n\n\n\n<p>Vertikalt oppsatte Money Wheels er ikke bare begrenset til tradisjonelle fysiske kasinoer. Takket v\u00e6re Evolution Gaming kan du glede deg over den virkelige appellen til disse spillene med Money Catcher<\/p>\n\n\n\n<h3 class=\"wp-block-heading\">Deal or no Deal<\/h3>\n\n\n\n<p>Dette er live-versjonen av det popul\u00e6re tv-programmet \u201cDeal or no Deal\u201d med funksjoner som gevinst\u00f8kning og ubegrenset antall spillere som kjemper om toppgevinsten.<\/p>\n\n\n\n<h3 class=\"wp-block-heading\">Monopol Live<\/h3>\n\n\n\n<p>Dette er et unikt Money Wheel-spill. Monopol Live er en fantastisk blanding av live og brettspill. Spillet er utvidet med Agumented Reality.<\/p>\n\n\n\n<h3 class=\"wp-block-heading\">Immersive Roulette<\/h3>\n\n\n\n<p>Dette er en ny utgave av Live Roulette som tilbyr oppslukende spill. Immersive Roulette veksler mellom kameraer for \u00e5 gi spillerne den beste opplevelsen.<\/p>\n\n\n\n<h2 class=\"wp-block-heading\">Hvorfor spille live dealer-spill hos Swift Casino Norge?<\/h2>\n\n\n\n<p>V\u00e5rt utvalg av online live casinospill er utstyrt med forbedret spillstatistikk, chat-fasiliteter og toppliste. De er ogs\u00e5 en perfekt kombinasjon av den beste teknologien, programvarefunksjonalitet, spilldesign og profesjonell dealerkunnskap. Nedenfor er noen av fordelene med \u00e5 spille live casinospill p\u00e5 Swift Casino Norge i stedet for et tradisjonelt kasino.<\/p>\n\n\n\n<p><b>Komfort<\/b> &#8211; En av de st\u00f8rste fordelene med \u00e5 spille v\u00e5re live casinospill er bekvemmelighet. Hvis du har lyst til \u00e5 spille dine favoritt table games, trenger du ikke lenger \u00e5 reise til det n\u00e6rmeste fysiske kasinoet. Alt du trenger \u00e5 gj\u00f8re er \u00e5 registrere en konto, foreta et innskudd, og du er klar til \u00e5 pr\u00f8ve lykken p\u00e5 dine favoritt live casino titler.<\/p>\n\n\n\n<p><b>Spillutvalg<\/b> &#8211; Mens fysiske kasinoer tilbyr et godt utvalg av casinospill, begrenser plassen som er tilgjengelig hvor mange spill de kan tilby. P\u00e5 den annen side tilbyr Swift Casino Norge hundrevis av spilleautomater og flere versjoner av Live Blackjack, Live Roulette, Live Baccarat og Live Poker.<\/p>\n\n\n\n<p><b>Spilltilgjengelighet<\/b> &#8211; Selv om du tar en tur til det n\u00e6rmeste fysiske kasinoet, kan du ikke alltid g\u00e5 inn og bli med p\u00e5 spillene du vil spille. Noen ganger er bordene fulle, og du m\u00e5 vente til et sete blir ledig. V\u00e5rt kasino tilbyr mange bord med popul\u00e6re live casinospill, noe som betyr at du alltid vil finne et \u00e5pent sted.<\/p>\n\n\n\n<p><b>Profesjonelle livedealere<\/b> &#8211; Vi tilbyr alle v\u00e5re spillere dyktige dealere som hele tiden bist\u00e5r, overv\u00e5ker og gransker spillingen. Spillerne kan ogs\u00e5 ha et samspill i realtid med live-dealere s\u00e5 vel som medspillere via live chat-funksjonen.<\/p>\n\n\n\n<p><b>24\/7 tilgang<\/b> &#8211; Alle live dealer-spillene som er streamet p\u00e5 v\u00e5rt live casino, er tilgjengelige 24\/7 der spillerne kan fordype seg i live-spill hvor som helst, n\u00e5r som helst med bare noen f\u00e5 tastetrykk.<\/p>\n\n\n\n<p>N\u00e5 som du vet alt om live casinospill, er det p\u00e5 tide \u00e5 pr\u00f8ve! Bli med og vi kan forsikre deg om den beste sanntids spillopplevelsen som du aldri vil glemme!<\/p>\n","protected":false},"excerpt":{"rendered":"<p>Live Casino Norge er det rette landet for live kasinoentusiaster. Med millioner av nordmenn som spiller live casinospill daglig, kan Swift Casino Norge ikke unnlate \u00e5 v\u00e6re den f\u00f8rste med alle de nyeste live-spillene p\u00e5 markedet. Enten du \u00f8nsker \u00e5 pr\u00f8ve lykken p\u00e5 Live Roulette-hjul eller pr\u00f8ver \u00e5 trene din grunnleggende strategi ved Blackjack-bordet.Vi tilbyr [&hellip;]<\/p>\n","protected":false},"author":1,"featured_media":0,"parent":0,"menu_order":0,"comment_status":"closed","ping_status":"closed","template":"games-template.php","meta":{"footnotes":""},"class_list":["post-2896","page","type-page","status-publish","hentry"],"yoast_head":"<!-- This site is optimized with the Yoast SEO plugin v23.2 - https:\/\/yoast.com\/wordpress\/plugins\/seo\/ -->\n<title>Live Casino | 50 gratissnurr | Swift Casino Norsk<\/title>\n<meta name=\"description\" content=\"Swift Casino tilbyr sine spillere en sofistikert livespillopplevelse med de beste spillene som finnes, profesjonelle givere og fantastiske bonuser. Sjekk oss ut her!\" \/>\n<meta name=\"robots\" content=\"index, follow, max-snippet:-1, max-image-preview:large, max-video-preview:-1\" \/>\n<link rel=\"canonical\" href=\"https:\/\/www.swiftcasino.com\/nb-no\/live-casino\/\" \/>\n<meta property=\"og:locale\" content=\"en_US\" \/>\n<meta property=\"og:type\" content=\"article\" \/>\n<meta property=\"og:title\" content=\"Live Casino | 50 gratissnurr | Swift Casino Norsk\" \/>\n<meta property=\"og:description\" content=\"Swift Casino tilbyr sine spillere en sofistikert livespillopplevelse med de beste spillene som finnes, profesjonelle givere og fantastiske bonuser. Sjekk oss ut her!\" \/>\n<meta property=\"og:url\" content=\"https:\/\/www.swiftcasino.com\/nb-no\/live-casino\/\" \/>\n<meta property=\"og:site_name\" content=\"Swift Casino\" \/>\n<meta property=\"article:modified_time\" content=\"2025-08-29T09:13:22+00:00\" \/>\n<meta name=\"twitter:card\" content=\"summary_large_image\" \/>\n<meta name=\"twitter:label1\" content=\"Est. reading time\" \/>\n\t<meta name=\"twitter:data1\" content=\"4 minutes\" \/>\n<script type=\"application\/ld+json\" class=\"yoast-schema-graph\">{\"@context\":\"https:\/\/schema.org\",\"@graph\":[{\"@type\":\"WebPage\",\"@id\":\"https:\/\/www.swiftcasino.com\/nb-no\/live-casino\/\",\"url\":\"https:\/\/www.swiftcasino.com\/nb-no\/live-casino\/\",\"name\":\"Live Casino | 50 gratissnurr | Swift Casino Norsk\",\"isPartOf\":{\"@id\":\"https:\/\/www.swiftcasino.com\/nb-no\/#website\"},\"datePublished\":\"2021-03-04T09:42:49+00:00\",\"dateModified\":\"2025-08-29T09:13:22+00:00\",\"description\":\"Swift Casino tilbyr sine spillere en sofistikert livespillopplevelse med de beste spillene som finnes, profesjonelle givere og fantastiske bonuser. Sjekk oss ut her!\",\"breadcrumb\":{\"@id\":\"https:\/\/www.swiftcasino.com\/nb-no\/live-casino\/#breadcrumb\"},\"inLanguage\":\"en-US\",\"potentialAction\":[{\"@type\":\"ReadAction\",\"target\":[\"https:\/\/www.swiftcasino.com\/nb-no\/live-casino\/\"]}]},{\"@type\":\"BreadcrumbList\",\"@id\":\"https:\/\/www.swiftcasino.com\/nb-no\/live-casino\/#breadcrumb\",\"itemListElement\":[{\"@type\":\"ListItem\",\"position\":1,\"name\":\"Home\",\"item\":\"https:\/\/www.swiftcasino.com\/nb-no\/\"},{\"@type\":\"ListItem\",\"position\":2,\"name\":\"Live Casino\"}]},{\"@type\":\"WebSite\",\"@id\":\"https:\/\/www.swiftcasino.com\/nb-no\/#website\",\"url\":\"https:\/\/www.swiftcasino.com\/nb-no\/\",\"name\":\"Swift Casino\",\"description\":\"\",\"potentialAction\":[{\"@type\":\"SearchAction\",\"target\":{\"@type\":\"EntryPoint\",\"urlTemplate\":\"https:\/\/www.swiftcasino.com\/nb-no\/?s={search_term_string}\"},\"query-input\":\"required name=search_term_string\"}],\"inLanguage\":\"en-US\"}]}<\/script>\n<!-- \/ Yoast SEO plugin. -->","yoast_head_json":{"title":"Live Casino | 50 gratissnurr | Swift Casino Norsk","description":"Swift Casino tilbyr sine spillere en sofistikert livespillopplevelse med de beste spillene som finnes, profesjonelle givere og fantastiske bonuser. Sjekk oss ut her!","robots":{"index":"index","follow":"follow","max-snippet":"max-snippet:-1","max-image-preview":"max-image-preview:large","max-video-preview":"max-video-preview:-1"},"canonical":"https:\/\/www.swiftcasino.com\/nb-no\/live-casino\/","og_locale":"en_US","og_type":"article","og_title":"Live Casino | 50 gratissnurr | Swift Casino Norsk","og_description":"Swift Casino tilbyr sine spillere en sofistikert livespillopplevelse med de beste spillene som finnes, profesjonelle givere og fantastiske bonuser. Sjekk oss ut her!","og_url":"https:\/\/www.swiftcasino.com\/nb-no\/live-casino\/","og_site_name":"Swift Casino","article_modified_time":"2025-08-29T09:13:22+00:00","twitter_card":"summary_large_image","twitter_misc":{"Est. reading time":"4 minutes"},"schema":{"@context":"https:\/\/schema.org","@graph":[{"@type":"WebPage","@id":"https:\/\/www.swiftcasino.com\/nb-no\/live-casino\/","url":"https:\/\/www.swiftcasino.com\/nb-no\/live-casino\/","name":"Live Casino | 50 gratissnurr | Swift Casino Norsk","isPartOf":{"@id":"https:\/\/www.swiftcasino.com\/nb-no\/#website"},"datePublished":"2021-03-04T09:42:49+00:00","dateModified":"2025-08-29T09:13:22+00:00","description":"Swift Casino tilbyr sine spillere en sofistikert livespillopplevelse med de beste spillene som finnes, profesjonelle givere og fantastiske bonuser. Sjekk oss ut her!","breadcrumb":{"@id":"https:\/\/www.swiftcasino.com\/nb-no\/live-casino\/#breadcrumb"},"inLanguage":"en-US","potentialAction":[{"@type":"ReadAction","target":["https:\/\/www.swiftcasino.com\/nb-no\/live-casino\/"]}]},{"@type":"BreadcrumbList","@id":"https:\/\/www.swiftcasino.com\/nb-no\/live-casino\/#breadcrumb","itemListElement":[{"@type":"ListItem","position":1,"name":"Home","item":"https:\/\/www.swiftcasino.com\/nb-no\/"},{"@type":"ListItem","position":2,"name":"Live Casino"}]},{"@type":"WebSite","@id":"https:\/\/www.swiftcasino.com\/nb-no\/#website","url":"https:\/\/www.swiftcasino.com\/nb-no\/","name":"Swift Casino","description":"","potentialAction":[{"@type":"SearchAction","target":{"@type":"EntryPoint","urlTemplate":"https:\/\/www.swiftcasino.com\/nb-no\/?s={search_term_string}"},"query-input":"required name=search_term_string"}],"inLanguage":"en-US"}]}},"_links":{"self":[{"href":"https:\/\/www.swiftcasino.com\/nb-no\/wp-json\/wp\/v2\/pages\/2896"}],"collection":[{"href":"https:\/\/www.swiftcasino.com\/nb-no\/wp-json\/wp\/v2\/pages"}],"about":[{"href":"https:\/\/www.swiftcasino.com\/nb-no\/wp-json\/wp\/v2\/types\/page"}],"author":[{"embeddable":true,"href":"https:\/\/www.swiftcasino.com\/nb-no\/wp-json\/wp\/v2\/users\/1"}],"replies":[{"embeddable":true,"href":"https:\/\/www.swiftcasino.com\/nb-no\/wp-json\/wp\/v2\/comments?post=2896"}],"version-history":[{"count":2,"href":"https:\/\/www.swiftcasino.com\/nb-no\/wp-json\/wp\/v2\/pages\/2896\/revisions"}],"predecessor-version":[{"id":2947,"href":"https:\/\/www.swiftcasino.com\/nb-no\/wp-json\/wp\/v2\/pages\/2896\/revisions\/2947"}],"wp:attachment":[{"href":"https:\/\/www.swiftcasino.com\/nb-no\/wp-json\/wp\/v2\/media?parent=2896"}],"curies":[{"name":"wp","href":"https:\/\/api.w.org\/{rel}","templated":true}]}}