{"id":2898,"date":"2021-03-04T10:57:55","date_gmt":"2021-03-04T10:57:55","guid":{"rendered":"https:\/\/www.swiftcasino.com\/nb-no\/?page_id=55"},"modified":"2025-08-29T09:13:56","modified_gmt":"2025-08-29T09:13:56","slug":"mobilcasino","status":"publish","type":"page","link":"https:\/\/www.swiftcasino.com\/nb-no\/mobilcasino\/","title":{"rendered":"Mobil Casino"},"content":{"rendered":"<h2>Mobil Casino<\/h2>\n<p>Mobilkasinoer har p\u00e5 kort tid vunnet hjertene til millioner av spillere over hele kloden p\u00e5 grunn av allsidigheten og lett tilgjengelighet. Mens mobilspill tidligere var synonymt med pengespill p\u00e5 farten, er mobilspilling i dag like mye brukt som nettbasert pengespill i seg selv. Ikke bare mens du er p\u00e5 farten.<\/p>\n<p>V\u00e5rt mobilcasino tilbyr alle de beste casinospillene p\u00e5 mobilenheten din og gir deg den ultimative bekvemmeligheten og spillene mens du er p\u00e5 farten. Enten du vil snurre hjulene til dine favoritt-spilltitler eller teste den grunnleggende strategien ved Blackjack-bordet, kan du gj\u00f8re alt p\u00e5 Swift Casino Norge.<\/p>\n<h2>Et stort utvalg av mobile spilleautomater og andre casinospill<\/h2>\n<p>Mobilcasinoet v\u00e5rt er utviklet for \u00e5 tilby de mest popul\u00e6re og beste spilleautomatene p\u00e5 en smarttelefon eller nettbrett. Kompatibel med nesten alle mobile enheter, kan du glede deg over de beste titlene p\u00e5 mobile spilleautomater som Mega Moolah, Arabian Nights, Hall of Gods og mange flere. Det fascinerende ved v\u00e5re mobile spilleautomater er at du kan glede deg over dem hvor enn du m\u00e5tte \u00f8nske. Du kan snurre hjulene n\u00e5r du slapper av hjemme eller i en kort pause. Tr\u00e5dl\u00f8s og fullstendig b\u00e6rbar, vil du oppleve mobil casino p\u00e5 sitt beste n\u00e5r du spiller p\u00e5 Swift Casino Norge.<\/p>\n<p>I tillegg har kasinoet v\u00e5rt et stort utvalg av andre mobile casinospill som kan nytes hvor som helst og n\u00e5r som helst. N\u00e5r du blar gjennom v\u00e5r mobile casinolobby, finner du forskjellige table games som Blackjack, Roulette, Baccarat og Poker. Hvis du vil ha en unik spillopplevelse, kan du pr\u00f8ve Double Ball Roulette, som bruker to baller i stedet for en. V\u00e5rt s\u00f8lv-blackjack tilbyr sjansen til \u00e5 plassere en rekke sidespill for de som s\u00f8ker litt ekstra. Test ut favorittstrategiene dine, eller bare spill i ditt eget tempo.<\/p>\n<p>Hvis du vil pr\u00f8ve lykken p\u00e5 noe annet, har vi mer! V\u00e5re andre mobile casinospill som Bingo, terningspill og skrapelodd er absolutt verdt \u00e5 pr\u00f8ve. Det beste med disse spillene er at de kan mestres med lite trening, noe som gj\u00f8r dem perfekte for nybegynnere og de som vil ha en morsom spillopplevelse.<\/p>\n<h2>Live mobile kasinospill<\/h2>\n<p>I tillegg til de mobile casinospillene, tilbyr Swift Casino Norge ogs\u00e5 forskjellige live dealer-spill som du kan spille p\u00e5 mobiltelefonen eller nettbrettet. Hvis du vil oppleve handlingen og spenningen fra et tradisjonelt kasino, er v\u00e5rt live casino det perfekte valget for deg. Disse spillene har livedealere som samhandler med spillere ved bordet, deler kortene og snurrer Roulettehjulet i sanntid. Dette betyr at alle v\u00e5re live dealer-spill er 100% autentiske og resultatene blir generert slik de vil v\u00e6re ved et bord i et fysisk kasino. Alle v\u00e5re dealere er vennlige og profesjonelle, og de vil hjelpe deg gjennom hele spillet. Du kan ogs\u00e5 samhandle direkte med forhandleren og nyte en realistisk spillopplevelse n\u00e5r som helst p\u00e5 dagen!<\/p>\n<h2>Hvordan komme i gang med mobile kasinospill<\/h2>\n<p>Hos Swift Casino Norge er det enkelt \u00e5 komme i gang med \u00e5 spille mobile casinospill. Hvis du har en smarttelefon eller et nettbrett tilgjengelig, kan du faktisk spille i l\u00f8pet av f\u00e5 minutter. Hvis du ikke allerede har registrert deg, er det f\u00f8rste trinnet \u00e5 registrere en konto. N\u00e5r registreringsprosessen er fullf\u00f8rt, kan du pr\u00f8ve v\u00e5re mobile casinospill gratis f\u00f8r du spiller dem p\u00e5 ekte.<\/p>\n<p>Hvis du vil spille mobile kasinospill for ekte penger, m\u00e5 du gj\u00f8re et innskudd til din kasinokonto. Hos Swift Casino Norge tilbyr vi et bredt utvalg av betalingsalternativer som passer deg. Du kan sette inn penger p\u00e5 kontoen din ved hjelp av VISA, MasterCard, PayPal, Sofort, Skrill, Neteller og Paysafecard. Vi bruker den nyeste 128-biters SSL-krypteringsprogramvaren for \u00e5 sikre at alle transaksjonene er 100% sikre. Dette betyr at du kan spille alle casinospill med sikkerhet og vite at du aldri trenger \u00e5 bekymre deg for at dine personlige opplysninger og bankopplysninger er i fare.<\/p>\n<h2>Gled deg over en eksepsjonell mobilopplevelse hos Swift!<\/h2>\n<p>Mobilspill har virkelig kommet langt siden dets forsiktige begynnelse. Borte er dagene med treg lastetid og vanvittig grafikk. Akkurat som mobile enheter har bflitt bedre og skjermene og funksjonene deres er ganske avanserte sammenlignet med de f\u00f8rste som kom, s\u00e5 har ogs\u00e5 v\u00e5re mobile casinospill, deres animasjoner, grafikk og deres generelle kvalitet bedret seg.<\/p>\n<p>Du kommer til \u00e5 ha en like perfekt spillopplevelse i v\u00e5rt mobilcasino som du ville hatt i v\u00e5rt online casino. S\u00e5 bli med p\u00e5 moroa!<\/p>\n","protected":false},"excerpt":{"rendered":"<p>Mobil Casino Mobilkasinoer har p\u00e5 kort tid vunnet hjertene til millioner av spillere over hele kloden p\u00e5 grunn av allsidigheten og lett tilgjengelighet. Mens mobilspill tidligere var synonymt med pengespill p\u00e5 farten, er mobilspilling i dag like mye brukt som nettbasert pengespill i seg selv. Ikke bare mens du er p\u00e5 farten. V\u00e5rt mobilcasino tilbyr [&hellip;]<\/p>\n","protected":false},"author":1,"featured_media":0,"parent":0,"menu_order":0,"comment_status":"closed","ping_status":"closed","template":"games-template.php","meta":{"footnotes":""},"class_list":["post-2898","page","type-page","status-publish","hentry"],"yoast_head":"<!-- This site is optimized with the Yoast SEO plugin v23.2 - https:\/\/yoast.com\/wordpress\/plugins\/seo\/ -->\n<title>Mobilcasino | 50 gratissnurr | Swift Casino Norsk<\/title>\n<meta name=\"description\" content=\"Unn deg \u00e5 nyte spill p\u00e5 de beste casinospillene streamet p\u00e5 Swift Casino, hvor som helst, n\u00e5r som helst, med bare et klikk. Registrer deg n\u00e5 ved \u00e5 benytte eksklusive bonuser\" \/>\n<meta name=\"robots\" content=\"index, follow, max-snippet:-1, max-image-preview:large, max-video-preview:-1\" \/>\n<link rel=\"canonical\" href=\"https:\/\/www.swiftcasino.com\/nb-no\/mobilcasino\/\" \/>\n<meta property=\"og:locale\" content=\"en_US\" \/>\n<meta property=\"og:type\" content=\"article\" \/>\n<meta property=\"og:title\" content=\"Mobilcasino | 50 gratissnurr | Swift Casino Norsk\" \/>\n<meta property=\"og:description\" content=\"Unn deg \u00e5 nyte spill p\u00e5 de beste casinospillene streamet p\u00e5 Swift Casino, hvor som helst, n\u00e5r som helst, med bare et klikk. Registrer deg n\u00e5 ved \u00e5 benytte eksklusive bonuser\" \/>\n<meta property=\"og:url\" content=\"https:\/\/www.swiftcasino.com\/nb-no\/mobilcasino\/\" \/>\n<meta property=\"og:site_name\" content=\"Swift Casino\" \/>\n<meta property=\"article:modified_time\" content=\"2025-08-29T09:13:56+00:00\" \/>\n<meta name=\"twitter:card\" content=\"summary_large_image\" \/>\n<meta name=\"twitter:label1\" content=\"Est. reading time\" \/>\n\t<meta name=\"twitter:data1\" content=\"4 minutes\" \/>\n<script type=\"application\/ld+json\" class=\"yoast-schema-graph\">{\"@context\":\"https:\/\/schema.org\",\"@graph\":[{\"@type\":\"WebPage\",\"@id\":\"https:\/\/www.swiftcasino.com\/nb-no\/mobilcasino\/\",\"url\":\"https:\/\/www.swiftcasino.com\/nb-no\/mobilcasino\/\",\"name\":\"Mobilcasino | 50 gratissnurr | Swift Casino Norsk\",\"isPartOf\":{\"@id\":\"https:\/\/www.swiftcasino.com\/nb-no\/#website\"},\"datePublished\":\"2021-03-04T10:57:55+00:00\",\"dateModified\":\"2025-08-29T09:13:56+00:00\",\"description\":\"Unn deg \u00e5 nyte spill p\u00e5 de beste casinospillene streamet p\u00e5 Swift Casino, hvor som helst, n\u00e5r som helst, med bare et klikk. Registrer deg n\u00e5 ved \u00e5 benytte eksklusive bonuser\",\"breadcrumb\":{\"@id\":\"https:\/\/www.swiftcasino.com\/nb-no\/mobilcasino\/#breadcrumb\"},\"inLanguage\":\"en-US\",\"potentialAction\":[{\"@type\":\"ReadAction\",\"target\":[\"https:\/\/www.swiftcasino.com\/nb-no\/mobilcasino\/\"]}]},{\"@type\":\"BreadcrumbList\",\"@id\":\"https:\/\/www.swiftcasino.com\/nb-no\/mobilcasino\/#breadcrumb\",\"itemListElement\":[{\"@type\":\"ListItem\",\"position\":1,\"name\":\"Home\",\"item\":\"https:\/\/www.swiftcasino.com\/nb-no\/\"},{\"@type\":\"ListItem\",\"position\":2,\"name\":\"Mobil Casino\"}]},{\"@type\":\"WebSite\",\"@id\":\"https:\/\/www.swiftcasino.com\/nb-no\/#website\",\"url\":\"https:\/\/www.swiftcasino.com\/nb-no\/\",\"name\":\"Swift Casino\",\"description\":\"\",\"potentialAction\":[{\"@type\":\"SearchAction\",\"target\":{\"@type\":\"EntryPoint\",\"urlTemplate\":\"https:\/\/www.swiftcasino.com\/nb-no\/?s={search_term_string}\"},\"query-input\":\"required name=search_term_string\"}],\"inLanguage\":\"en-US\"}]}<\/script>\n<!-- \/ Yoast SEO plugin. -->","yoast_head_json":{"title":"Mobilcasino | 50 gratissnurr | Swift Casino Norsk","description":"Unn deg \u00e5 nyte spill p\u00e5 de beste casinospillene streamet p\u00e5 Swift Casino, hvor som helst, n\u00e5r som helst, med bare et klikk. Registrer deg n\u00e5 ved \u00e5 benytte eksklusive bonuser","robots":{"index":"index","follow":"follow","max-snippet":"max-snippet:-1","max-image-preview":"max-image-preview:large","max-video-preview":"max-video-preview:-1"},"canonical":"https:\/\/www.swiftcasino.com\/nb-no\/mobilcasino\/","og_locale":"en_US","og_type":"article","og_title":"Mobilcasino | 50 gratissnurr | Swift Casino Norsk","og_description":"Unn deg \u00e5 nyte spill p\u00e5 de beste casinospillene streamet p\u00e5 Swift Casino, hvor som helst, n\u00e5r som helst, med bare et klikk. Registrer deg n\u00e5 ved \u00e5 benytte eksklusive bonuser","og_url":"https:\/\/www.swiftcasino.com\/nb-no\/mobilcasino\/","og_site_name":"Swift Casino","article_modified_time":"2025-08-29T09:13:56+00:00","twitter_card":"summary_large_image","twitter_misc":{"Est. reading time":"4 minutes"},"schema":{"@context":"https:\/\/schema.org","@graph":[{"@type":"WebPage","@id":"https:\/\/www.swiftcasino.com\/nb-no\/mobilcasino\/","url":"https:\/\/www.swiftcasino.com\/nb-no\/mobilcasino\/","name":"Mobilcasino | 50 gratissnurr | Swift Casino Norsk","isPartOf":{"@id":"https:\/\/www.swiftcasino.com\/nb-no\/#website"},"datePublished":"2021-03-04T10:57:55+00:00","dateModified":"2025-08-29T09:13:56+00:00","description":"Unn deg \u00e5 nyte spill p\u00e5 de beste casinospillene streamet p\u00e5 Swift Casino, hvor som helst, n\u00e5r som helst, med bare et klikk. Registrer deg n\u00e5 ved \u00e5 benytte eksklusive bonuser","breadcrumb":{"@id":"https:\/\/www.swiftcasino.com\/nb-no\/mobilcasino\/#breadcrumb"},"inLanguage":"en-US","potentialAction":[{"@type":"ReadAction","target":["https:\/\/www.swiftcasino.com\/nb-no\/mobilcasino\/"]}]},{"@type":"BreadcrumbList","@id":"https:\/\/www.swiftcasino.com\/nb-no\/mobilcasino\/#breadcrumb","itemListElement":[{"@type":"ListItem","position":1,"name":"Home","item":"https:\/\/www.swiftcasino.com\/nb-no\/"},{"@type":"ListItem","position":2,"name":"Mobil Casino"}]},{"@type":"WebSite","@id":"https:\/\/www.swiftcasino.com\/nb-no\/#website","url":"https:\/\/www.swiftcasino.com\/nb-no\/","name":"Swift Casino","description":"","potentialAction":[{"@type":"SearchAction","target":{"@type":"EntryPoint","urlTemplate":"https:\/\/www.swiftcasino.com\/nb-no\/?s={search_term_string}"},"query-input":"required name=search_term_string"}],"inLanguage":"en-US"}]}},"_links":{"self":[{"href":"https:\/\/www.swiftcasino.com\/nb-no\/wp-json\/wp\/v2\/pages\/2898"}],"collection":[{"href":"https:\/\/www.swiftcasino.com\/nb-no\/wp-json\/wp\/v2\/pages"}],"about":[{"href":"https:\/\/www.swiftcasino.com\/nb-no\/wp-json\/wp\/v2\/types\/page"}],"author":[{"embeddable":true,"href":"https:\/\/www.swiftcasino.com\/nb-no\/wp-json\/wp\/v2\/users\/1"}],"replies":[{"embeddable":true,"href":"https:\/\/www.swiftcasino.com\/nb-no\/wp-json\/wp\/v2\/comments?post=2898"}],"version-history":[{"count":2,"href":"https:\/\/www.swiftcasino.com\/nb-no\/wp-json\/wp\/v2\/pages\/2898\/revisions"}],"predecessor-version":[{"id":2948,"href":"https:\/\/www.swiftcasino.com\/nb-no\/wp-json\/wp\/v2\/pages\/2898\/revisions\/2948"}],"wp:attachment":[{"href":"https:\/\/www.swiftcasino.com\/nb-no\/wp-json\/wp\/v2\/media?parent=2898"}],"curies":[{"name":"wp","href":"https:\/\/api.w.org\/{rel}","templated":true}]}}