{"id":1708,"date":"2024-05-02T13:01:51","date_gmt":"2024-05-02T13:01:51","guid":{"rendered":"https:\/\/www.swiftcasino.com\/sv-se\/?page_id=1708"},"modified":"2025-09-17T12:15:38","modified_gmt":"2025-09-17T12:15:38","slug":"starburst","status":"publish","type":"page","link":"https:\/\/www.swiftcasino.com\/sv-se\/spel\/starburst\/","title":{"rendered":"Starburst"},"content":{"rendered":"<div class=\"feature main6\" style=\"margin-top:20px;\">\n<p>Sedan Starbursts kraftfulla lansering 2012 av NetEnt har denna spelautomat blivit en favorit bland m\u00e5nga spelare i Sverige. Det \u00e4r en videoslot d\u00e4r du dyker in i en kosmisk v\u00e4rld, omringad av en rad \u00e4delstenar i olika f\u00e4rger. Denna online-slot \u00e4r en av de m\u00e5nga klassiska spelautomaterna med ett vanligt \u00e5terkommande 5&#215;3-rutn\u00e4t, laddad med sp\u00e4nnande funktioner som Win Both Ways och re-spins. Starburst erbjuder engagerande spelk\u00e4nsla med stora vinstchanser. Starburst har dessutom enkel navigering, vilket g\u00f6r att spelare utan problem kan komma \u00e5t spelsk\u00e4rmen och f\u00f6rdjupa sig i den skarpa grafiken och dynamiska ljudsp\u00e5ret som f\u00e5ngar spelarnas uppm\u00e4rksamhet.<\/p>\n<h2 class=\"main1\">Hur du spelar Starburst<\/h2>\n<p>Starburst \u00e4r designad p\u00e5 en standardupps\u00e4ttning med 3 rader och 5 hjul, och erbjuder 10 vinstlinjer f\u00f6r att bilda upp till 20 vinstkombinationer. Denna spelautomat utg\u00e5r fr\u00e5n ett rymdtema, och h\u00f6jdpunkten i Starburst \u00e4r Win Both Ways-mekaniken. Win Both Ways betyder att de vinnande kombinationerna kan g\u00f6ras b\u00e5de fr\u00e5n h\u00f6ger till v\u00e4nster och fr\u00e5n v\u00e4nster till h\u00f6ger. Du kan spela p\u00e5 spelautomaten med insatser mellan 0,10 kr till 100 kr per snurr. Frekvensen f\u00f6r att tr\u00e4ffa en kombination i Starburst ligger p\u00e5 runt 22,6%, och du kan spela det h\u00e4r spelet med en RTP p\u00e5 96,09%. Volatiliteten f\u00f6r Starburst \u00e4r mellan l\u00e5g till medium, vilket inneb\u00e4r att det du f\u00e5r tillbaka ligger \u00e5t det l\u00e4gre h\u00e5llet, men frekvensen f\u00f6r att landa de vinnande kombinationerna kommer att vara h\u00f6gre.<\/p>\n<\/p>\n<p><center><img decoding=\"async\" src=\"https:\/\/www.swiftcasino.com\/sv-se\/wp-content\/uploads\/2024\/09\/Thumbnail-2-starburst.webp\" alt=\"Starburst Screenshot\" title=\"Starburst Screenshot\"><\/center><\/p>\n<\/div>\n<div class=\"feature main6\" style=\"margin-top:20px;\">\n<h3 class=\"main1\">Starburst bonusfunktioner<\/h3>\n<p>H\u00f6jdpunkten i Starburst \u00e4r Win Both Ways och Wild-funktionen. L\u00e4s mer om hur dessa bonusfunktioner fungerar i Starburst nedan:<\/p>\n<h4 class=\"main1\">Wild<\/h4>\n<p>Wild-symbolen f\u00f6r denna spelautomat \u00e4r den utl\u00f6sande faktorn bakom respins-funktionen. N\u00e4r symbolen landar p\u00e5 hjul tv\u00e5, tre respektive fyra kommer den att fylla hela rutn\u00e4tet och utl\u00f6sa respins-funktionen. Wild-symbolen kan utl\u00f6sa respins-bonusen upp till tre g\u00e5nger. Om Wild-symbolen landar igen under respins kan du f\u00e5 respins-bonusen upp till fem g\u00e5nger, vilket \u00f6kar dina vinster samtidigt.<\/p>\n<h4 class=\"main1\">Win Both Ways<\/h4>\n<p>Denna speciella funktion i Starburst g\u00f6r att de vinnande kombinationerna kan aktiveras oavsett p\u00e5 vilket s\u00e4tt de landar p\u00e5 hjulen. Det inneb\u00e4r att de matchande symbolerna kommer att r\u00e4knas fr\u00e5n b\u00e5de v\u00e4nster till h\u00f6ger och h\u00f6ger till v\u00e4nster, vilket \u00f6kar chanserna att vinna stort. Om du justerar ditt myntv\u00e4rde och s\u00e4tter insatsen till det maximala har du chansen att vinna Starbursts h\u00f6gsta vinst p\u00e5 500 000 kr, tack vare de tre expanderande Wild-symbolerna!<\/p>\n<\/div>\n<div class=\"feature main6\" style=\"margin-top:20px;\">\n<h3 class=\"main1\">Spelautomatens tema och design<\/h3>\n<p>Starbursts tema \u00e4r inspirerat av galaxer och rymden. Allt b\u00f6rjan fr\u00e5n designen av rutn\u00e4tet och g\u00e5r sedan vidare till ljudsp\u00e5r, ljudeffekter och symboler \u2013 du kommer att se en antydan om temat \u00f6verallt. Spelautomaten \u00e4r fylld med f\u00e4rgglada \u00e4delstenar, som ocks\u00e5 fungerar som symboler i spelautomaten. I samma \u00f6gonblick som du startar spelet kommer du att bli h\u00e4nf\u00f6rd av den l\u00e4ckra musiken i bakgrunden. Den fridfulla tonen och de hypnotiska ljudeffekterna skapar den intensitet och sp\u00e4nning i spelet som alla spelare kommer att njuta av. H\u00f6j volymen till max och njut av en uppslukande spelsession p\u00e5 <a href=\"https:\/\/www.swiftcasino.com\/sv-se\/\" hreflang=\"sv\" style=\"color: #00ff75 !important;text-decoration: underline !important;\">Swift Casino<\/a>!<\/p>\n<h2 class=\"main1\">Kom ig\u00e5ng med Starburst p\u00e5 Swift Casino<\/h2>\n<p>Letar du efter en p\u00e5litlig <a href=\"https:\/\/www.swiftcasino.com\/sv-se\/\" hreflang=\"sv\" role=\"link\" aria-label=\"onlinecasinosajt\" style=\"color: #00ff75 !important;text-decoration: underline !important;\">onlinecasinosajt<\/a> f\u00f6r att snurra p\u00e5 hjulen i Starburst? D\u00e5 har du kommit till r\u00e4tt plattform. Swift Casino har inte bara spelautomater utan \u00e4ven andra casinospel som <a href=\"https:\/\/www.swiftcasino.com\/sv-se\/blackjack\/\" hreflang=\"sv\" role=\"link\" aria-label=\"Blackjack\" style=\"color: #00ff75 !important;text-decoration: underline !important;\">blackjack<\/a>, <a href=\"https:\/\/www.swiftcasino.com\/sv-se\/roulette\/\" hreflang=\"sv\" role=\"link\" aria-label=\"Roulette\" style=\"color: #00ff75 !important;text-decoration: underline !important;\">roulette<\/a> och <a href=\"https:\/\/www.swiftcasino.com\/sv-se\/livecasino\/\" hreflang=\"sv\" role=\"link\" aria-label=\"Live Casino\" style=\"color: #00ff75 !important;text-decoration: underline !important;\">live-casino<\/a>. Det b\u00e4sta \u00e4r att du kan f\u00e5 gratis bonussnurr n\u00e4r du registrerar dig! Registrera dig helt enkelt p\u00e5 v\u00e5r <a href=\"https:\/\/www.swiftcasino.com\/sv-se\/mobilcasino\/\" hreflang=\"sv\" role=\"link\" aria-label=\"mobila casinosajt\" style=\"color: #00ff75 !important;text-decoration: underline !important;\">mobila casinosajt<\/a> och utforska andra popul\u00e4ra spelautomater som <a href=\"https:\/\/www.swiftcasino.com\/sv-se\/spel\/sugar-rush\/\" hreflang=\"sv\" role=\"link\" aria-label=\"Sugar Rush\" style=\"color: #00ff75 !important;text-decoration: underline !important;\">Sugar Rush<\/a>, Sugar Rush 1000, <a href=\"https:\/\/www.swiftcasino.com\/sv-se\/spel\/sweet-bonanza\/\" role=\"link\" aria-label=\"Sweet Bonanza\" hreflang=\"sv\" style=\"color: #00ff75 !important;text-decoration: underline !important;\">Sweet Bonanza<\/a>, <a href=\"https:\/\/www.swiftcasino.com\/sv-se\/spel\/divine-fortune\/\" hreflang=\"sv\" role=\"link\" aria-label=\"Divine Fortune\" style=\"color: #00ff75 !important;text-decoration: underline !important;\">Divine Fortune<\/a> och m\u00e5nga fler! Kom ocks\u00e5 ih\u00e5g att b\u00f6rja med sm\u00e5 satsningar och spela ansvarsfullt f\u00f6r att undvika betydande f\u00f6rluster. Registrera dig h\u00e4r!<\/p>\n<\/p>\n<p><center><img decoding=\"async\" src=\"https:\/\/www.swiftcasino.com\/sv-se\/wp-content\/uploads\/2024\/09\/Thumbnail-3-starburst.webp\" alt=\"Starburst Screenshot\" title=\"Starburst Screenshot\"><\/center><\/p>\n<\/div>\n","protected":false},"excerpt":{"rendered":"<p>Sedan Starbursts kraftfulla lansering 2012 av NetEnt har denna spelautomat blivit en favorit bland m\u00e5nga spelare i Sverige. Det \u00e4r en videoslot d\u00e4r du dyker in i en kosmisk v\u00e4rld, omringad av en rad \u00e4delstenar i olika f\u00e4rger. Denna online-slot \u00e4r en av de m\u00e5nga klassiska spelautomaterna med ett vanligt \u00e5terkommande 5&#215;3-rutn\u00e4t, laddad med sp\u00e4nnande [&hellip;]<\/p>\n","protected":false},"author":1,"featured_media":0,"parent":61,"menu_order":0,"comment_status":"closed","ping_status":"closed","template":"single-game-template.php","meta":{"footnotes":""},"class_list":["post-1708","page","type-page","status-publish","hentry"],"yoast_head":"<!-- This site is optimized with the Yoast SEO plugin v23.2 - https:\/\/yoast.com\/wordpress\/plugins\/seo\/ -->\n<title>Spela Starburst Slot online p\u00e5 Swift Casino Sverige<\/title>\n<meta name=\"description\" content=\"Upplev det ultimata kosmiska spelet med spelautomaten Starburst p\u00e5 Swift Casino. Den fantastiska grafiken och sp\u00e4nnande snurr v\u00e4ntar dig p\u00e5 Swift Sverige!\" \/>\n<meta name=\"robots\" content=\"index, follow, max-snippet:-1, max-image-preview:large, max-video-preview:-1\" \/>\n<link rel=\"canonical\" href=\"https:\/\/www.swiftcasino.com\/sv-se\/spel\/starburst\/\" \/>\n<meta property=\"og:locale\" content=\"en_US\" \/>\n<meta property=\"og:type\" content=\"article\" \/>\n<meta property=\"og:title\" content=\"Spela Starburst Slot online p\u00e5 Swift Casino Sverige\" \/>\n<meta property=\"og:description\" content=\"Upplev det ultimata kosmiska spelet med spelautomaten Starburst p\u00e5 Swift Casino. Den fantastiska grafiken och sp\u00e4nnande snurr v\u00e4ntar dig p\u00e5 Swift Sverige!\" \/>\n<meta property=\"og:url\" content=\"https:\/\/www.swiftcasino.com\/sv-se\/spel\/starburst\/\" \/>\n<meta property=\"og:site_name\" content=\"Swift Casino\" \/>\n<meta property=\"article:modified_time\" content=\"2025-09-17T12:15:38+00:00\" \/>\n<meta property=\"og:image\" content=\"https:\/\/www.swiftcasino.com\/sv-se\/wp-content\/uploads\/2024\/09\/Thumbnail-2-starburst.webp\" \/>\n<meta name=\"twitter:card\" content=\"summary_large_image\" \/>\n<meta name=\"twitter:label1\" content=\"Est. reading time\" \/>\n\t<meta name=\"twitter:data1\" content=\"3 minutes\" \/>\n<script type=\"application\/ld+json\" class=\"yoast-schema-graph\">{\"@context\":\"https:\/\/schema.org\",\"@graph\":[{\"@type\":\"WebPage\",\"@id\":\"https:\/\/www.swiftcasino.com\/sv-se\/spel\/starburst\/\",\"url\":\"https:\/\/www.swiftcasino.com\/sv-se\/spel\/starburst\/\",\"name\":\"Spela Starburst Slot online p\u00e5 Swift Casino Sverige\",\"isPartOf\":{\"@id\":\"https:\/\/www.swiftcasino.com\/sv-se\/#website\"},\"primaryImageOfPage\":{\"@id\":\"https:\/\/www.swiftcasino.com\/sv-se\/spel\/starburst\/#primaryimage\"},\"image\":{\"@id\":\"https:\/\/www.swiftcasino.com\/sv-se\/spel\/starburst\/#primaryimage\"},\"thumbnailUrl\":\"https:\/\/www.swiftcasino.com\/sv-se\/wp-content\/uploads\/2024\/09\/Thumbnail-2-starburst.webp\",\"datePublished\":\"2024-05-02T13:01:51+00:00\",\"dateModified\":\"2025-09-17T12:15:38+00:00\",\"description\":\"Upplev det ultimata kosmiska spelet med spelautomaten Starburst p\u00e5 Swift Casino. Den fantastiska grafiken och sp\u00e4nnande snurr v\u00e4ntar dig p\u00e5 Swift Sverige!\",\"breadcrumb\":{\"@id\":\"https:\/\/www.swiftcasino.com\/sv-se\/spel\/starburst\/#breadcrumb\"},\"inLanguage\":\"en-US\",\"potentialAction\":[{\"@type\":\"ReadAction\",\"target\":[\"https:\/\/www.swiftcasino.com\/sv-se\/spel\/starburst\/\"]}]},{\"@type\":\"ImageObject\",\"inLanguage\":\"en-US\",\"@id\":\"https:\/\/www.swiftcasino.com\/sv-se\/spel\/starburst\/#primaryimage\",\"url\":\"https:\/\/www.swiftcasino.com\/sv-se\/wp-content\/uploads\/2024\/09\/Thumbnail-2-starburst.webp\",\"contentUrl\":\"https:\/\/www.swiftcasino.com\/sv-se\/wp-content\/uploads\/2024\/09\/Thumbnail-2-starburst.webp\",\"width\":760,\"height\":420},{\"@type\":\"BreadcrumbList\",\"@id\":\"https:\/\/www.swiftcasino.com\/sv-se\/spel\/starburst\/#breadcrumb\",\"itemListElement\":[{\"@type\":\"ListItem\",\"position\":1,\"name\":\"Home\",\"item\":\"https:\/\/www.swiftcasino.com\/sv-se\/\"},{\"@type\":\"ListItem\",\"position\":2,\"name\":\"Spel\",\"item\":\"https:\/\/www.swiftcasino.com\/sv-se\/spel\/\"},{\"@type\":\"ListItem\",\"position\":3,\"name\":\"Starburst\"}]},{\"@type\":\"WebSite\",\"@id\":\"https:\/\/www.swiftcasino.com\/sv-se\/#website\",\"url\":\"https:\/\/www.swiftcasino.com\/sv-se\/\",\"name\":\"Swift Casino\",\"description\":\"\",\"potentialAction\":[{\"@type\":\"SearchAction\",\"target\":{\"@type\":\"EntryPoint\",\"urlTemplate\":\"https:\/\/www.swiftcasino.com\/sv-se\/?s={search_term_string}\"},\"query-input\":\"required name=search_term_string\"}],\"inLanguage\":\"en-US\"}]}<\/script>\n<!-- \/ Yoast SEO plugin. -->","yoast_head_json":{"title":"Spela Starburst Slot online p\u00e5 Swift Casino Sverige","description":"Upplev det ultimata kosmiska spelet med spelautomaten Starburst p\u00e5 Swift Casino. Den fantastiska grafiken och sp\u00e4nnande snurr v\u00e4ntar dig p\u00e5 Swift Sverige!","robots":{"index":"index","follow":"follow","max-snippet":"max-snippet:-1","max-image-preview":"max-image-preview:large","max-video-preview":"max-video-preview:-1"},"canonical":"https:\/\/www.swiftcasino.com\/sv-se\/spel\/starburst\/","og_locale":"en_US","og_type":"article","og_title":"Spela Starburst Slot online p\u00e5 Swift Casino Sverige","og_description":"Upplev det ultimata kosmiska spelet med spelautomaten Starburst p\u00e5 Swift Casino. Den fantastiska grafiken och sp\u00e4nnande snurr v\u00e4ntar dig p\u00e5 Swift Sverige!","og_url":"https:\/\/www.swiftcasino.com\/sv-se\/spel\/starburst\/","og_site_name":"Swift Casino","article_modified_time":"2025-09-17T12:15:38+00:00","og_image":[{"url":"https:\/\/www.swiftcasino.com\/sv-se\/wp-content\/uploads\/2024\/09\/Thumbnail-2-starburst.webp"}],"twitter_card":"summary_large_image","twitter_misc":{"Est. reading time":"3 minutes"},"schema":{"@context":"https:\/\/schema.org","@graph":[{"@type":"WebPage","@id":"https:\/\/www.swiftcasino.com\/sv-se\/spel\/starburst\/","url":"https:\/\/www.swiftcasino.com\/sv-se\/spel\/starburst\/","name":"Spela Starburst Slot online p\u00e5 Swift Casino Sverige","isPartOf":{"@id":"https:\/\/www.swiftcasino.com\/sv-se\/#website"},"primaryImageOfPage":{"@id":"https:\/\/www.swiftcasino.com\/sv-se\/spel\/starburst\/#primaryimage"},"image":{"@id":"https:\/\/www.swiftcasino.com\/sv-se\/spel\/starburst\/#primaryimage"},"thumbnailUrl":"https:\/\/www.swiftcasino.com\/sv-se\/wp-content\/uploads\/2024\/09\/Thumbnail-2-starburst.webp","datePublished":"2024-05-02T13:01:51+00:00","dateModified":"2025-09-17T12:15:38+00:00","description":"Upplev det ultimata kosmiska spelet med spelautomaten Starburst p\u00e5 Swift Casino. Den fantastiska grafiken och sp\u00e4nnande snurr v\u00e4ntar dig p\u00e5 Swift Sverige!","breadcrumb":{"@id":"https:\/\/www.swiftcasino.com\/sv-se\/spel\/starburst\/#breadcrumb"},"inLanguage":"en-US","potentialAction":[{"@type":"ReadAction","target":["https:\/\/www.swiftcasino.com\/sv-se\/spel\/starburst\/"]}]},{"@type":"ImageObject","inLanguage":"en-US","@id":"https:\/\/www.swiftcasino.com\/sv-se\/spel\/starburst\/#primaryimage","url":"https:\/\/www.swiftcasino.com\/sv-se\/wp-content\/uploads\/2024\/09\/Thumbnail-2-starburst.webp","contentUrl":"https:\/\/www.swiftcasino.com\/sv-se\/wp-content\/uploads\/2024\/09\/Thumbnail-2-starburst.webp","width":760,"height":420},{"@type":"BreadcrumbList","@id":"https:\/\/www.swiftcasino.com\/sv-se\/spel\/starburst\/#breadcrumb","itemListElement":[{"@type":"ListItem","position":1,"name":"Home","item":"https:\/\/www.swiftcasino.com\/sv-se\/"},{"@type":"ListItem","position":2,"name":"Spel","item":"https:\/\/www.swiftcasino.com\/sv-se\/spel\/"},{"@type":"ListItem","position":3,"name":"Starburst"}]},{"@type":"WebSite","@id":"https:\/\/www.swiftcasino.com\/sv-se\/#website","url":"https:\/\/www.swiftcasino.com\/sv-se\/","name":"Swift Casino","description":"","potentialAction":[{"@type":"SearchAction","target":{"@type":"EntryPoint","urlTemplate":"https:\/\/www.swiftcasino.com\/sv-se\/?s={search_term_string}"},"query-input":"required name=search_term_string"}],"inLanguage":"en-US"}]}},"_links":{"self":[{"href":"https:\/\/www.swiftcasino.com\/sv-se\/wp-json\/wp\/v2\/pages\/1708"}],"collection":[{"href":"https:\/\/www.swiftcasino.com\/sv-se\/wp-json\/wp\/v2\/pages"}],"about":[{"href":"https:\/\/www.swiftcasino.com\/sv-se\/wp-json\/wp\/v2\/types\/page"}],"author":[{"embeddable":true,"href":"https:\/\/www.swiftcasino.com\/sv-se\/wp-json\/wp\/v2\/users\/1"}],"replies":[{"embeddable":true,"href":"https:\/\/www.swiftcasino.com\/sv-se\/wp-json\/wp\/v2\/comments?post=1708"}],"version-history":[{"count":11,"href":"https:\/\/www.swiftcasino.com\/sv-se\/wp-json\/wp\/v2\/pages\/1708\/revisions"}],"predecessor-version":[{"id":2382,"href":"https:\/\/www.swiftcasino.com\/sv-se\/wp-json\/wp\/v2\/pages\/1708\/revisions\/2382"}],"up":[{"embeddable":true,"href":"https:\/\/www.swiftcasino.com\/sv-se\/wp-json\/wp\/v2\/pages\/61"}],"wp:attachment":[{"href":"https:\/\/www.swiftcasino.com\/sv-se\/wp-json\/wp\/v2\/media?parent=1708"}],"curies":[{"name":"wp","href":"https:\/\/api.w.org\/{rel}","templated":true}]}}