{"id":1710,"date":"2024-05-02T13:03:01","date_gmt":"2024-05-02T13:03:01","guid":{"rendered":"https:\/\/www.swiftcasino.com\/sv-se\/?page_id=1710"},"modified":"2025-09-17T12:19:33","modified_gmt":"2025-09-17T12:19:33","slug":"sugar-rush","status":"publish","type":"page","link":"https:\/\/www.swiftcasino.com\/sv-se\/spel\/sugar-rush\/","title":{"rendered":"Sugar Rush"},"content":{"rendered":"<div class=\"feature main6\" style=\"margin-top: 20px;\">\n<p id=\"overview\">Unna dig ett godisfyllt \u00e4ventyr med spelautomaten Sugar Rush, som utvecklades och lanserades av Pragmatic Play 2022. Om du \u00e4r redo att hamna i ett tillst\u00e5nd d\u00e4r du st\u00e4ndigt \u00e4r sockersugen \u00e4r Sugar Rush det perfekta spelet att testa p\u00e5 <a style=\"color: #00ff75; text-decoration: underline;\" role=\"link\" href=\"https:\/\/www.swiftcasino.com\/sv-se\/\" aria-label=\"Swift Casino\">Swift Casino<\/a>. Denna 7&#215;7-slot \u00e4r en av de f\u00f6rsta moderna spelautomaterna med s\u00e5 m\u00e5nga hjul och rader. Spellayouten \u00e4r fullproppad med f\u00e4rgglatt godis och gummibj\u00f6rnar, och de stimulerande specialfunktionerna g\u00f6r spelet mer intensivt i en v\u00e4rld av godis. Ta reda p\u00e5 vad som kr\u00e4vs f\u00f6r att ha en chans att vinna spelautomatens maximala utbetalning p\u00e5 5 000x insatsen<\/p>\n<h2 class=\"main1\">Hur du spelar Sugar Rush<\/h2>\n<p>Oavsett om du har erfarenhet av att spela spelautomater eller inte \u00e4r det extremt enkelt att spela Sugar Rush. Du kommer att spela p\u00e5 ett 7&#215;7-rutn\u00e4t med Cluster Pays-mekanik. N\u00e4r du spelar den h\u00e4r spelautomaten beh\u00f6ver du inte en specifik upps\u00e4ttning vinnande symboler som dyker upp p\u00e5 de aktiva vinstlinjerna, utan snarare beh\u00f6ver du minst fem av dem, och de kan landa var som helst p\u00e5 rutn\u00e4tet. Ju fler som landar, desto h\u00f6gre utbetalning f\u00e5r du.<\/p>\n<p>Sugar Rush har en RTP p\u00e5 96,5%, vilket \u00e4r h\u00f6gre \u00e4n standardv\u00e4rdet i branschen. Spelutvecklaren l\u00e5ter dig dock anpassa procentandelen till 95,5% och 94,5% baserat p\u00e5 vad du vill spela p\u00e5. N\u00e4r det g\u00e4ller volatiliteten i spelet \u00e4r spelautomaten mycket volatil. Det inneb\u00e4r att du kommer att spela spelet med en h\u00f6g potential f\u00f6r en st\u00f6rre utbetalning trots att frekvensen av tr\u00e4ffar \u00e4r mindre eller of\u00f6ruts\u00e4gbar.<\/p>\n<p><center><img decoding=\"async\" src=\"https:\/\/www.swiftcasino.com\/sv-se\/wp-content\/uploads\/2024\/09\/Thumbnail-2-sugar-rush.webp\" alt=\"Sugar Rush Screenshot\" title=\"Sugar Rush Screenshot\" \/><\/center><\/div>\n<div class=\"feature main6\" style=\"margin-top: 20px;\">\n<h3 class=\"main1\">Sugar Rush bonusfunktioner<\/h3>\n<p>Sugar Rush har totalt fyra bonusfunktioner, inklusive Tumble, Multiplier, Free Spins och Bonus Buy.<\/p>\n<h4 class=\"main1\">Tumble<\/h4>\n<p>Den h\u00e4r funktionen skapar en bred m\u00f6jlighet att vinna n\u00e4r fem eller fler matchande symboler visas p\u00e5 rutn\u00e4tet. De vinnande symbolerna f\u00f6rsvinner fr\u00e5n sk\u00e4rmen, vilket resulterar i att resten av symbolerna kraschar ner till botten. Nya symboler tar \u00f6ver de tomma platserna, vilket leder till en kontinuerlig cykel av vinster. Funktionen f\u00f6rblir aktiv tills matchande symboler inte l\u00e4ngre bildas.<\/p>\n<h4 class=\"main1\">Multiplier Spots<\/h4>\n<p>N\u00e4r vinnande symboler brister markerar det en position p\u00e5 rutn\u00e4tet. Fr\u00e5n och med andra g\u00e5ngen l\u00e4ggs en multiplikator till och f\u00f6rdubblas varje g\u00e5ng en symbol spricker p\u00e5 samma plats, vilket adderar upp till 128x insatsen. Multiplikatorn b\u00f6rjar fr\u00e5n 2x. Denna funktion f\u00f6rblir aktiv tills den n\u00e5r den maximala multiplikatorn p\u00e5 128x insatsen. Sedan \u00e5terst\u00e4lls symbolerna till 1x.<\/p>\n<h4 class=\"main1\">Free spins<\/h4>\n<p>Att landa tre eller fler Rocket Gumball Machine Scatters var som helst mellan hjul tre och sju bel\u00f6nar dig med upp till 30 free spins. Den stora skillnaden fr\u00e5n basspelet \u00e4r att under denna funktion kommer de markerade symbolerna och multiplikatorerna att f\u00f6rbli p\u00e5 samma plats tills bonusrundorna \u00e4r \u00f6ver. Detta leder till att multiplikatorerna \u00f6kar och att free spins \u00e5teraktiveras.<\/p>\n<h4 class=\"main1\">K\u00f6p free spins<\/h4>\n<p>Denna bonusfunktion l\u00e5ter dig k\u00f6pa free spins med riktiga pengar. Funktionen l\u00e5ter dig k\u00f6pa tre till sju Scatter-symboler med 100x din insats. Scatter-symboler kommer garanterat att landa p\u00e5 hjulen, vilket utl\u00f6ser free spins-funktionen.<\/p>\n<\/div>\n<div class=\"feature main6\" style=\"margin-top: 20px;\">\n<h3 class=\"main1\">Spelautomatens tema och design<\/h3>\n<p><span style=\"font-weight: 400;\">Temat f\u00f6r Sugar Rush \u00e4r s\u00f6tsaker och liknar popul\u00e4ra spelautomater som <\/span><a href=\"https:\/\/www.swiftcasino.com\/sv-se\/game\/sweet-bonanza\/\" hreflang=\"sv\"><span style=\"font-weight: 400;\">Sweet Bonanza<\/span><\/a><span style=\"font-weight: 400;\"> och <\/span><a href=\"https:\/\/www.swiftcasino.com\/sv-se\/game\/divine-fortune\/\" hreflang=\"sv\"><span style=\"font-weight: 400;\">Divine Fortune<\/span><\/a><span style=\"font-weight: 400;\">. Spelautomaten \u00e4r vackert designad med godis, gummibj\u00f6rnar och gel\u00e9hallon i ett godisland, vilket ger Charlie and the Chocolate Factory-atmosf\u00e4r. F\u00e4rgpaletten best\u00e5r av pastellf\u00e4rger som rosa, himmelsbl\u00e5, violett, gul och orange, vilket g\u00f6r spelet visuellt mycket tilltalande f\u00f6r \u00f6gonen.<\/span><\/p>\n<p><span style=\"font-weight: 400;\">Spelautomaten ackompanjeras vidare av ett livligt men \u00e4nd\u00e5 mjukt soundtrack som passar temat och den \u00f6vergripande grafiken. Dessutom \u00e4r speldesignen skr\u00e4ddarsydd f\u00f6r alla sk\u00e4rmar, vilket garanterar grafik av h\u00f6gsta kvalitet. De intuitiva peksk\u00e4rmskontrollerna l\u00e5ter hjulen snurra och du kan justera satsningar utan anstr\u00e4ngning. Spelets anv\u00e4ndarv\u00e4nliga gr\u00e4nssnitt g\u00f6r det perfekt f\u00f6r spelare som s\u00f6ker dynamisk casinoaction p\u00e5 resande fot.<\/span><br \/>\n<!--\n\n<h2 class=\"main1\">Kom ig\u00e5ng med Sugar Rush p\u00e5 Swift Casino<\/h2>\n\n\nLetar du efter en p\u00e5litlig <a style=\"color: #00ff75 !important; text-decoration: underline !important;\" role=\"link\" href=\"https:\/\/www.swiftcasino.com\/sv-se\/\" aria-label=\"onlinecasinosajt\">onlinecasinosajt<\/a> f\u00f6r att snurra p\u00e5 hjulen i Starburst? D\u00e5 har du kommit till r\u00e4tt plattform. Swift Casino har inte bara spelautomater utan \u00e4ven andra casinospel som <a style=\"color: #00ff75 !important; text-decoration: underline !important;\" role=\"link\" href=\"https:\/\/www.swiftcasino.com\/sv-se\/blackjack\/\" aria-label=\"Blackjack\">blackjack<\/a>, <a style=\"color: #00ff75 !important; text-decoration: underline !important;\" role=\"link\" href=\"https:\/\/www.swiftcasino.com\/sv-se\/roulette\/\" aria-label=\"Roulette\">roulette<\/a> och <a style=\"color: #00ff75 !important; text-decoration: underline !important;\" role=\"link\" href=\"https:\/\/www.swiftcasino.com\/sv-se\/livecasino\/\" aria-label=\"Live Casino\">live-casino<\/a>. Det b\u00e4sta \u00e4r att du kan f\u00e5 gratis bonussnurr n\u00e4r du registrerar dig! Registrera dig helt enkelt p\u00e5 v\u00e5r <a style=\"color: #00ff75 !important; text-decoration: underline !important;\" role=\"link\" href=\"https:\/\/www.swiftcasino.com\/sv-se\/mobilcasino\/\" aria-label=\"mobila casinosajt\">mobila casinosajt<\/a> och utforska andra popul\u00e4ra spelautomater som <a style=\"color: #00ff75 !important; text-decoration: underline !important;\" role=\"link\" href=\"https:\/\/www.swiftcasino.com\/sv-se\/spel\/sugar-rush\/\" aria-label=\"Sugar Rush\">Sugar Rush<\/a>, Sugar Rush 1000, <a style=\"color: #00ff75 !important; text-decoration: underline !important;\" role=\"link\" href=\"https:\/\/www.swiftcasino.com\/sv-se\/spel\/sweet-bonanza\/\" aria-label=\"Sweet Bonanza\">Sweet Bonanza<\/a>, <a style=\"color: #00ff75 !important; text-decoration: underline !important;\" role=\"link\" href=\"https:\/\/www.swiftcasino.com\/sv-se\/spel\/divine-fortune\/\" aria-label=\"Divine Fortune\">Divine Fortune<\/a> och m\u00e5nga fler! Kom ocks\u00e5 ih\u00e5g att b\u00f6rja med sm\u00e5 satsningar och spela ansvarsfullt f\u00f6r att undvika betydande f\u00f6rluster. Registrera dig h\u00e4r!\n\n<center><img decoding=\"async\" src=\"https:\/\/www.swiftcasino.com\/sv-se\/wp-content\/uploads\/2024\/09\/Thumbnail-3-sugar-rush.webp\" alt=\"Sugar Rush Screenshot\" title=\"Sugar Rush Screenshot\" \/><\/center><\/div>\n\n--><\/p>\n","protected":false},"excerpt":{"rendered":"<p>Unna dig ett godisfyllt \u00e4ventyr med spelautomaten Sugar Rush, som utvecklades och lanserades av Pragmatic Play 2022. Om du \u00e4r redo att hamna i ett tillst\u00e5nd d\u00e4r du st\u00e4ndigt \u00e4r sockersugen \u00e4r Sugar Rush det perfekta spelet att testa p\u00e5 Swift Casino. Denna 7&#215;7-slot \u00e4r en av de f\u00f6rsta moderna spelautomaterna med s\u00e5 m\u00e5nga hjul [&hellip;]<\/p>\n","protected":false},"author":1,"featured_media":0,"parent":61,"menu_order":0,"comment_status":"closed","ping_status":"closed","template":"single-game-template.php","meta":{"footnotes":""},"class_list":["post-1710","page","type-page","status-publish","hentry"],"yoast_head":"<!-- This site is optimized with the Yoast SEO plugin v23.2 - https:\/\/yoast.com\/wordpress\/plugins\/seo\/ -->\n<title>Spela Sugar Rush Online p\u00e5 Swift Casino Sverige<\/title>\n<meta name=\"description\" content=\"Sugen p\u00e5 s\u00f6tsaker? Sk\u00e4m bort dig i ett godisfyllt \u00e4ventyr med Sugar Rush och fyll dina beg\u00e4r med s\u00f6ta bel\u00f6ningar. Snurra nu p\u00e5 Swift Casino Sverige!\" \/>\n<meta name=\"robots\" content=\"index, follow, max-snippet:-1, max-image-preview:large, max-video-preview:-1\" \/>\n<link rel=\"canonical\" href=\"https:\/\/www.swiftcasino.com\/sv-se\/spel\/sugar-rush\/\" \/>\n<meta property=\"og:locale\" content=\"en_US\" \/>\n<meta property=\"og:type\" content=\"article\" \/>\n<meta property=\"og:title\" content=\"Spela Sugar Rush Online p\u00e5 Swift Casino Sverige\" \/>\n<meta property=\"og:description\" content=\"Sugen p\u00e5 s\u00f6tsaker? Sk\u00e4m bort dig i ett godisfyllt \u00e4ventyr med Sugar Rush och fyll dina beg\u00e4r med s\u00f6ta bel\u00f6ningar. Snurra nu p\u00e5 Swift Casino Sverige!\" \/>\n<meta property=\"og:url\" content=\"https:\/\/www.swiftcasino.com\/sv-se\/spel\/sugar-rush\/\" \/>\n<meta property=\"og:site_name\" content=\"Swift Casino\" \/>\n<meta property=\"article:modified_time\" content=\"2025-09-17T12:19:33+00:00\" \/>\n<meta property=\"og:image\" content=\"https:\/\/www.swiftcasino.com\/sv-se\/wp-content\/uploads\/2024\/09\/Thumbnail-2-sugar-rush.webp\" \/>\n<meta name=\"twitter:card\" content=\"summary_large_image\" \/>\n<meta name=\"twitter:label1\" content=\"Est. reading time\" \/>\n\t<meta name=\"twitter:data1\" content=\"3 minutes\" \/>\n<script type=\"application\/ld+json\" class=\"yoast-schema-graph\">{\"@context\":\"https:\/\/schema.org\",\"@graph\":[{\"@type\":\"WebPage\",\"@id\":\"https:\/\/www.swiftcasino.com\/sv-se\/spel\/sugar-rush\/\",\"url\":\"https:\/\/www.swiftcasino.com\/sv-se\/spel\/sugar-rush\/\",\"name\":\"Spela Sugar Rush Online p\u00e5 Swift Casino Sverige\",\"isPartOf\":{\"@id\":\"https:\/\/www.swiftcasino.com\/sv-se\/#website\"},\"primaryImageOfPage\":{\"@id\":\"https:\/\/www.swiftcasino.com\/sv-se\/spel\/sugar-rush\/#primaryimage\"},\"image\":{\"@id\":\"https:\/\/www.swiftcasino.com\/sv-se\/spel\/sugar-rush\/#primaryimage\"},\"thumbnailUrl\":\"https:\/\/www.swiftcasino.com\/sv-se\/wp-content\/uploads\/2024\/09\/Thumbnail-2-sugar-rush.webp\",\"datePublished\":\"2024-05-02T13:03:01+00:00\",\"dateModified\":\"2025-09-17T12:19:33+00:00\",\"description\":\"Sugen p\u00e5 s\u00f6tsaker? Sk\u00e4m bort dig i ett godisfyllt \u00e4ventyr med Sugar Rush och fyll dina beg\u00e4r med s\u00f6ta bel\u00f6ningar. Snurra nu p\u00e5 Swift Casino Sverige!\",\"breadcrumb\":{\"@id\":\"https:\/\/www.swiftcasino.com\/sv-se\/spel\/sugar-rush\/#breadcrumb\"},\"inLanguage\":\"en-US\",\"potentialAction\":[{\"@type\":\"ReadAction\",\"target\":[\"https:\/\/www.swiftcasino.com\/sv-se\/spel\/sugar-rush\/\"]}]},{\"@type\":\"ImageObject\",\"inLanguage\":\"en-US\",\"@id\":\"https:\/\/www.swiftcasino.com\/sv-se\/spel\/sugar-rush\/#primaryimage\",\"url\":\"https:\/\/www.swiftcasino.com\/sv-se\/wp-content\/uploads\/2024\/09\/Thumbnail-2-sugar-rush.webp\",\"contentUrl\":\"https:\/\/www.swiftcasino.com\/sv-se\/wp-content\/uploads\/2024\/09\/Thumbnail-2-sugar-rush.webp\",\"width\":760,\"height\":420},{\"@type\":\"BreadcrumbList\",\"@id\":\"https:\/\/www.swiftcasino.com\/sv-se\/spel\/sugar-rush\/#breadcrumb\",\"itemListElement\":[{\"@type\":\"ListItem\",\"position\":1,\"name\":\"Home\",\"item\":\"https:\/\/www.swiftcasino.com\/sv-se\/\"},{\"@type\":\"ListItem\",\"position\":2,\"name\":\"Spel\",\"item\":\"https:\/\/www.swiftcasino.com\/sv-se\/spel\/\"},{\"@type\":\"ListItem\",\"position\":3,\"name\":\"Sugar Rush\"}]},{\"@type\":\"WebSite\",\"@id\":\"https:\/\/www.swiftcasino.com\/sv-se\/#website\",\"url\":\"https:\/\/www.swiftcasino.com\/sv-se\/\",\"name\":\"Swift Casino\",\"description\":\"\",\"potentialAction\":[{\"@type\":\"SearchAction\",\"target\":{\"@type\":\"EntryPoint\",\"urlTemplate\":\"https:\/\/www.swiftcasino.com\/sv-se\/?s={search_term_string}\"},\"query-input\":\"required name=search_term_string\"}],\"inLanguage\":\"en-US\"}]}<\/script>\n<!-- \/ Yoast SEO plugin. -->","yoast_head_json":{"title":"Spela Sugar Rush Online p\u00e5 Swift Casino Sverige","description":"Sugen p\u00e5 s\u00f6tsaker? Sk\u00e4m bort dig i ett godisfyllt \u00e4ventyr med Sugar Rush och fyll dina beg\u00e4r med s\u00f6ta bel\u00f6ningar. Snurra nu p\u00e5 Swift Casino Sverige!","robots":{"index":"index","follow":"follow","max-snippet":"max-snippet:-1","max-image-preview":"max-image-preview:large","max-video-preview":"max-video-preview:-1"},"canonical":"https:\/\/www.swiftcasino.com\/sv-se\/spel\/sugar-rush\/","og_locale":"en_US","og_type":"article","og_title":"Spela Sugar Rush Online p\u00e5 Swift Casino Sverige","og_description":"Sugen p\u00e5 s\u00f6tsaker? Sk\u00e4m bort dig i ett godisfyllt \u00e4ventyr med Sugar Rush och fyll dina beg\u00e4r med s\u00f6ta bel\u00f6ningar. Snurra nu p\u00e5 Swift Casino Sverige!","og_url":"https:\/\/www.swiftcasino.com\/sv-se\/spel\/sugar-rush\/","og_site_name":"Swift Casino","article_modified_time":"2025-09-17T12:19:33+00:00","og_image":[{"url":"https:\/\/www.swiftcasino.com\/sv-se\/wp-content\/uploads\/2024\/09\/Thumbnail-2-sugar-rush.webp"}],"twitter_card":"summary_large_image","twitter_misc":{"Est. reading time":"3 minutes"},"schema":{"@context":"https:\/\/schema.org","@graph":[{"@type":"WebPage","@id":"https:\/\/www.swiftcasino.com\/sv-se\/spel\/sugar-rush\/","url":"https:\/\/www.swiftcasino.com\/sv-se\/spel\/sugar-rush\/","name":"Spela Sugar Rush Online p\u00e5 Swift Casino Sverige","isPartOf":{"@id":"https:\/\/www.swiftcasino.com\/sv-se\/#website"},"primaryImageOfPage":{"@id":"https:\/\/www.swiftcasino.com\/sv-se\/spel\/sugar-rush\/#primaryimage"},"image":{"@id":"https:\/\/www.swiftcasino.com\/sv-se\/spel\/sugar-rush\/#primaryimage"},"thumbnailUrl":"https:\/\/www.swiftcasino.com\/sv-se\/wp-content\/uploads\/2024\/09\/Thumbnail-2-sugar-rush.webp","datePublished":"2024-05-02T13:03:01+00:00","dateModified":"2025-09-17T12:19:33+00:00","description":"Sugen p\u00e5 s\u00f6tsaker? Sk\u00e4m bort dig i ett godisfyllt \u00e4ventyr med Sugar Rush och fyll dina beg\u00e4r med s\u00f6ta bel\u00f6ningar. Snurra nu p\u00e5 Swift Casino Sverige!","breadcrumb":{"@id":"https:\/\/www.swiftcasino.com\/sv-se\/spel\/sugar-rush\/#breadcrumb"},"inLanguage":"en-US","potentialAction":[{"@type":"ReadAction","target":["https:\/\/www.swiftcasino.com\/sv-se\/spel\/sugar-rush\/"]}]},{"@type":"ImageObject","inLanguage":"en-US","@id":"https:\/\/www.swiftcasino.com\/sv-se\/spel\/sugar-rush\/#primaryimage","url":"https:\/\/www.swiftcasino.com\/sv-se\/wp-content\/uploads\/2024\/09\/Thumbnail-2-sugar-rush.webp","contentUrl":"https:\/\/www.swiftcasino.com\/sv-se\/wp-content\/uploads\/2024\/09\/Thumbnail-2-sugar-rush.webp","width":760,"height":420},{"@type":"BreadcrumbList","@id":"https:\/\/www.swiftcasino.com\/sv-se\/spel\/sugar-rush\/#breadcrumb","itemListElement":[{"@type":"ListItem","position":1,"name":"Home","item":"https:\/\/www.swiftcasino.com\/sv-se\/"},{"@type":"ListItem","position":2,"name":"Spel","item":"https:\/\/www.swiftcasino.com\/sv-se\/spel\/"},{"@type":"ListItem","position":3,"name":"Sugar Rush"}]},{"@type":"WebSite","@id":"https:\/\/www.swiftcasino.com\/sv-se\/#website","url":"https:\/\/www.swiftcasino.com\/sv-se\/","name":"Swift Casino","description":"","potentialAction":[{"@type":"SearchAction","target":{"@type":"EntryPoint","urlTemplate":"https:\/\/www.swiftcasino.com\/sv-se\/?s={search_term_string}"},"query-input":"required name=search_term_string"}],"inLanguage":"en-US"}]}},"_links":{"self":[{"href":"https:\/\/www.swiftcasino.com\/sv-se\/wp-json\/wp\/v2\/pages\/1710"}],"collection":[{"href":"https:\/\/www.swiftcasino.com\/sv-se\/wp-json\/wp\/v2\/pages"}],"about":[{"href":"https:\/\/www.swiftcasino.com\/sv-se\/wp-json\/wp\/v2\/types\/page"}],"author":[{"embeddable":true,"href":"https:\/\/www.swiftcasino.com\/sv-se\/wp-json\/wp\/v2\/users\/1"}],"replies":[{"embeddable":true,"href":"https:\/\/www.swiftcasino.com\/sv-se\/wp-json\/wp\/v2\/comments?post=1710"}],"version-history":[{"count":10,"href":"https:\/\/www.swiftcasino.com\/sv-se\/wp-json\/wp\/v2\/pages\/1710\/revisions"}],"predecessor-version":[{"id":2384,"href":"https:\/\/www.swiftcasino.com\/sv-se\/wp-json\/wp\/v2\/pages\/1710\/revisions\/2384"}],"up":[{"embeddable":true,"href":"https:\/\/www.swiftcasino.com\/sv-se\/wp-json\/wp\/v2\/pages\/61"}],"wp:attachment":[{"href":"https:\/\/www.swiftcasino.com\/sv-se\/wp-json\/wp\/v2\/media?parent=1710"}],"curies":[{"name":"wp","href":"https:\/\/api.w.org\/{rel}","templated":true}]}}