{"id":1714,"date":"2024-05-02T13:04:37","date_gmt":"2024-05-02T13:04:37","guid":{"rendered":"https:\/\/www.swiftcasino.com\/sv-se\/?page_id=1714"},"modified":"2025-09-17T12:11:02","modified_gmt":"2025-09-17T12:11:02","slug":"gates-of-olympus","status":"publish","type":"page","link":"https:\/\/www.swiftcasino.com\/sv-se\/spel\/gates-of-olympus\/","title":{"rendered":"Gates of Olympus"},"content":{"rendered":"<div class=\"feature main6\" style=\"margin-top:20px;\">\n<p>F\u00f6lj med den grekiska himlens gud, Zeus, som v\u00e4ntar p\u00e5 dig vid Gates of Olympus f\u00f6r att ge dig ut p\u00e5 ett \u00e4ventyr f\u00f6r att hitta de andra gudarnas hemligheter. N\u00e4r du b\u00f6rjar snurra p\u00e5 hjulen kommer du att st\u00f6ta p\u00e5 gudar fr\u00e5n den grekiska mytologin, och de kommer att vara anv\u00e4ndbara i ditt uppdrag. Officiellt introducerad f\u00f6r spelautomater med mytologitema av Pragmatic Play 2021 kommer Gates of Olympus med sex hjul och tjugo vinstlinjer, vilket liknar deras andra spelautomater som <a href=\"https:\/\/www.swiftcasino.com\/sv-se\/spel\/sugar-rush\/\" hreflang=\"sv\" style=\"color:#00ff75;text-decoration: underline;\" role=\"link\" aria-label=\"Sugar Rush\">Sugar Rush<\/a>, <a href=\"https:\/\/www.swiftcasino.com\/sv-se\/spel\/sweet-bonanza\/\" hreflang=\"sv\" style=\"color:#00ff75;text-decoration: underline;\" role=\"link\" aria-label=\"Sweet Bonanza\">Sweet Bonanza<\/a> och <a href=\"https:\/\/www.swiftcasino.com\/sv-se\/spel\/divine-fortune\/\" hreflang=\"sv\" style=\"color:#00ff75;text-decoration: underline;\" role=\"link\" aria-label=\"Divine Fortune\">Divine Fortune<\/a>. Ta reda p\u00e5 vilka typer av funktioner som ing\u00e5r i denna spelautomat som hj\u00e4lper dig att uppn\u00e5 den maximala utbetalningen p\u00e5 500x insatsen.<\/p>\n<h2 class=\"main1\">Hur du spelar Gates of Olympus<\/h2>\n<p>Du kommer att spela Gates of Olympus p\u00e5 sex hjul och fem rader som erbjuder tjugo s\u00e4tt att landa de vinnande kombinationerna p\u00e5 hjulen. Return to player (RTP) \u00e4r 96,5% och spelet har h\u00f6g volatilitet, precis som Zeus \u00e5skslag. S\u00e5 frekvensen av dina vinster \u00e4r mindre men n\u00e4r du v\u00e4l vinner blir utbetalningarna stora. F\u00f6r att l\u00e5sa upp bel\u00f6ningarna m\u00e5ste du skapa vinnande kombinationer. Landa mer \u00e4n \u00e5tta matchande symboler p\u00e5 hjulen, och spelautomatens All Way Pay-mekanik kommer att hj\u00e4lpa till att aktivera funktionerna och multiplikatorerna.<\/p>\n<\/p>\n<p><center><img decoding=\"async\" src=\"https:\/\/www.swiftcasino.com\/sv-se\/wp-content\/uploads\/2024\/09\/Thumbnail-2-gates-of-olympus.webp\" alt=\"Fire Joker Screenshot\" title=\"Fire Joker Screenshot\"><\/center><\/p>\n<\/div>\n<div class=\"feature main6\" style=\"margin-top:20px;\">\n<h3 class=\"main1\">Gates Of Olympus bonusfunktioner<\/h3>\n<p>Gates of Olympus \u00e4r fylld med bonusfunktioner och multiplikatorer, vilket g\u00f6r spelet extremt underh\u00e5llande och uppslukande. H\u00e4r \u00e4r en sammanfattning av bonusfunktionerna i Gates of Olympus.<\/p>\n<h4 class=\"main1\">Tumlande hjul<\/h4>\n<p>De \u00f6verlappande hjulen i Gates of Olympus hj\u00e4lper dig att f\u00e5 fler vinster. N\u00e4r vinstkombinationer bildas f\u00f6rsvinner bonussymbolerna fr\u00e5n hjulen. De tomma utrymmena fylls med nya symboler, vilket skapar fler vinstkombinationer \u00e5t dig. Denna process forts\u00e4tter s\u00e5 l\u00e4nge den kan tills vinnande kombinationer inte l\u00e4ngre bildas.<\/p>\n<h4 class=\"main1\">Orb Multipliers<\/h4>\n<p>Orb Multipliers \u00e4r superanv\u00e4ndbara i spelet eftersom de ger dig chansen att \u00f6ka dina vinnande v\u00e4rden. Det finns fyra Orb Multiplier-symboler, och Zeus kommer att kasta in dem p\u00e5 hjulen slumpm\u00e4ssigt. N\u00e4r multiplikatorsymbolerna visas ger det dig bel\u00f6ningar fr\u00e5n 2x till 500x insatsen.<\/p>\n<h4 class=\"main1\">Free spins<\/h4>\n<p>Free spins-bonusfunktionen l\u00e5ses upp n\u00e4r du landar fler \u00e4n fyra Scatter-symboler p\u00e5 hjulen. Landa fyra, fem eller sex Scatter-symboler och f\u00e5 ett multiplikatorv\u00e4rde p\u00e5 3x, 5x eller 100x insatsen med ytterligare 15 free spins. Orb-multiplikatorer kan dyka upp under den h\u00e4r funktionen, och dina free spins kan \u00e5teraktiveras upp till fem g\u00e5nger.<\/p>\n<\/p>\n<\/div>\n<div class=\"feature main6\" style=\"margin-top:20px;\">\n<h3 class=\"main1\">Spelautomatens tema och design<\/h3>\n<p>Som man kan f\u00f6rv\u00e4nta sig av sj\u00e4lva titeln \u00e4r temat i Gates of Olympus baserat p\u00e5 grekisk mytologi, d\u00e4r grekiska gudar som Zeus, Atena, Afrodite och Poseidon spelar en avg\u00f6rande roll. Bakgrunden \u00e4r utformad som bostad f\u00f6r dessa gudar och Zeus st\u00e5r bredvid hjulen med sin hammare. Symbolerna ser magiska ut, animationerna \u00e4r skarpa och det finns ett orkestralt soundtrack som spelas i bakgrunden, som passar temat. Sammantaget erbjuder Gates of Olympus en mycket engagerande atmosf\u00e4r med sin estetik med grekisk mytologi.<\/p>\n<h2 class=\"main1\">Kom ig\u00e5ng med Gates Of Olympus p\u00e5 Swift Casino<\/h2>\n<p>N\u00e4r du \u00e4r p\u00e5 Swift Casino Sverige beh\u00f6ver du inte l\u00e4ngre leta efter den ultimata spelupplevelsen. Oavsett om du vill uppleva det p\u00e5 v\u00e5rt <a href=\"https:\/\/www.swiftcasino.com\/sv-se\/mobilcasino\/\" hreflang=\"sv\" style=\"color:#00ff75;text-decoration: underline;\" role=\"link\" aria-label=\"mobilcasino\">mobilcasino<\/a> eller <a href=\"https:\/\/www.swiftcasino.com\/sv-se\/\"  hreflang=\"sv\" style=\"color:#00ff75;text-decoration: underline;\" role=\"link\" aria-label=\"Onlinecasino\">onlinecasino<\/a> lovar vi dig att du inte kommer att \u00e5ngra att du snurrade p\u00e5 Divine Fortunes hjul. Uppt\u00e4ck flera andra popul\u00e4ra spelautomater online som <a href=\"https:\/\/www.swiftcasino.com\/sv-se\/spel\/starburst\/\" hreflang=\"sv\" style=\"color:#00ff75;text-decoration: underline;\" role=\"link\" aria-label=\"Starburst\">Starburst<\/a>, Sugar Rush 1000, <a href=\"https:\/\/www.swiftcasino.com\/sv-se\/spel\/sweet-bonanza\/\" hreflang=\"sv\" style=\"color:#00ff75;text-decoration: underline;\" role=\"link\" aria-label=\"Sweet Bonanza\">Sweet Bonanza<\/a>, <a href=\"https:\/\/www.swiftcasino.com\/sv-se\/spel\/gates-of-olympus\/\" hreflang=\"sv\" style=\"color:#00ff75;text-decoration: underline;\" role=\"link\" aria-label=\"Gates of Olympus\">Gates of Olympus<\/a> och m\u00e5nga fler, bara p\u00e5 Swift Casino! F\u00f6rutom <a href=\"https:\/\/www.swiftcasino.com\/sv-se\/spelautomater\/\" hreflang=\"sv\" style=\"color:#00ff75;text-decoration: underline;\" role=\"link\" aria-label=\"Online Slots\">onlineslots<\/a> har vi ocks\u00e5 ett brett utbud av casinospel, inklusive <a href=\"https:\/\/www.swiftcasino.com\/sv-se\/blackjack\/\" hreflang=\"sv\" style=\"color:#00ff75;text-decoration: underline;\" role=\"link\" aria-label=\"Blackjack\">blackjack<\/a>, roulette och <a href=\"https:\/\/www.swiftcasino.com\/sv-se\/livecasino\/\" hreflang=\"sv\" style=\"color:#00ff75;text-decoration: underline;\" role=\"link\" aria-label=\"Live Casino\">live-casino<\/a>. Det mest sp\u00e4nnande med att vara medlem p\u00e5 Swift \u00e4r att du f\u00e5r gratis bonussnurr n\u00e4r du registrerar dig! Det \u00e4r dock viktigt att komma ih\u00e5g att spela med sm\u00e5 satsningar till en b\u00f6rjan och spela ansvarsfullt f\u00f6r att undvika betydande f\u00f6rluster. Registrera dig h\u00e4r!<\/p>\n<\/p>\n<p><center><img decoding=\"async\" src=\"https:\/\/www.swiftcasino.com\/sv-se\/wp-content\/uploads\/2024\/09\/Thumbnail-3-gates-of-olympus.webp\" alt=\"Gates Of Olympus Screenshot\" title=\"Gates Of Olympus Screenshot\"><\/center><\/p>\n<\/div>\n","protected":false},"excerpt":{"rendered":"<p>F\u00f6lj med den grekiska himlens gud, Zeus, som v\u00e4ntar p\u00e5 dig vid Gates of Olympus f\u00f6r att ge dig ut p\u00e5 ett \u00e4ventyr f\u00f6r att hitta de andra gudarnas hemligheter. N\u00e4r du b\u00f6rjar snurra p\u00e5 hjulen kommer du att st\u00f6ta p\u00e5 gudar fr\u00e5n den grekiska mytologin, och de kommer att vara anv\u00e4ndbara i ditt uppdrag. [&hellip;]<\/p>\n","protected":false},"author":1,"featured_media":0,"parent":61,"menu_order":0,"comment_status":"closed","ping_status":"closed","template":"single-game-template.php","meta":{"footnotes":""},"class_list":["post-1714","page","type-page","status-publish","hentry"],"yoast_head":"<!-- This site is optimized with the Yoast SEO plugin v23.2 - https:\/\/yoast.com\/wordpress\/plugins\/seo\/ -->\n<title>Spela Gates of Olympus online p\u00e5 Swift Casino Sverige<\/title>\n<meta name=\"description\" content=\"G\u00e5 in i Olympus portar och snurra p\u00e5 hjulen f\u00f6r att avsl\u00f6ja gudarnas hemligheter samtidigt som du bel\u00f6nas under hela resan om du har tur. Spela nu!\" \/>\n<meta name=\"robots\" content=\"index, follow, max-snippet:-1, max-image-preview:large, max-video-preview:-1\" \/>\n<link rel=\"canonical\" href=\"https:\/\/www.swiftcasino.com\/sv-se\/spel\/gates-of-olympus\/\" \/>\n<meta property=\"og:locale\" content=\"en_US\" \/>\n<meta property=\"og:type\" content=\"article\" \/>\n<meta property=\"og:title\" content=\"Spela Gates of Olympus online p\u00e5 Swift Casino Sverige\" \/>\n<meta property=\"og:description\" content=\"G\u00e5 in i Olympus portar och snurra p\u00e5 hjulen f\u00f6r att avsl\u00f6ja gudarnas hemligheter samtidigt som du bel\u00f6nas under hela resan om du har tur. Spela nu!\" \/>\n<meta property=\"og:url\" content=\"https:\/\/www.swiftcasino.com\/sv-se\/spel\/gates-of-olympus\/\" \/>\n<meta property=\"og:site_name\" content=\"Swift Casino\" \/>\n<meta property=\"article:modified_time\" content=\"2025-09-17T12:11:02+00:00\" \/>\n<meta property=\"og:image\" content=\"https:\/\/www.swiftcasino.com\/sv-se\/wp-content\/uploads\/2024\/09\/Thumbnail-2-gates-of-olympus.webp\" \/>\n<meta name=\"twitter:card\" content=\"summary_large_image\" \/>\n<meta name=\"twitter:label1\" content=\"Est. reading time\" \/>\n\t<meta name=\"twitter:data1\" content=\"4 minutes\" \/>\n<script type=\"application\/ld+json\" class=\"yoast-schema-graph\">{\"@context\":\"https:\/\/schema.org\",\"@graph\":[{\"@type\":\"WebPage\",\"@id\":\"https:\/\/www.swiftcasino.com\/sv-se\/spel\/gates-of-olympus\/\",\"url\":\"https:\/\/www.swiftcasino.com\/sv-se\/spel\/gates-of-olympus\/\",\"name\":\"Spela Gates of Olympus online p\u00e5 Swift Casino Sverige\",\"isPartOf\":{\"@id\":\"https:\/\/www.swiftcasino.com\/sv-se\/#website\"},\"primaryImageOfPage\":{\"@id\":\"https:\/\/www.swiftcasino.com\/sv-se\/spel\/gates-of-olympus\/#primaryimage\"},\"image\":{\"@id\":\"https:\/\/www.swiftcasino.com\/sv-se\/spel\/gates-of-olympus\/#primaryimage\"},\"thumbnailUrl\":\"https:\/\/www.swiftcasino.com\/sv-se\/wp-content\/uploads\/2024\/09\/Thumbnail-2-gates-of-olympus.webp\",\"datePublished\":\"2024-05-02T13:04:37+00:00\",\"dateModified\":\"2025-09-17T12:11:02+00:00\",\"description\":\"G\u00e5 in i Olympus portar och snurra p\u00e5 hjulen f\u00f6r att avsl\u00f6ja gudarnas hemligheter samtidigt som du bel\u00f6nas under hela resan om du har tur. Spela nu!\",\"breadcrumb\":{\"@id\":\"https:\/\/www.swiftcasino.com\/sv-se\/spel\/gates-of-olympus\/#breadcrumb\"},\"inLanguage\":\"en-US\",\"potentialAction\":[{\"@type\":\"ReadAction\",\"target\":[\"https:\/\/www.swiftcasino.com\/sv-se\/spel\/gates-of-olympus\/\"]}]},{\"@type\":\"ImageObject\",\"inLanguage\":\"en-US\",\"@id\":\"https:\/\/www.swiftcasino.com\/sv-se\/spel\/gates-of-olympus\/#primaryimage\",\"url\":\"https:\/\/www.swiftcasino.com\/sv-se\/wp-content\/uploads\/2024\/09\/Thumbnail-2-gates-of-olympus.webp\",\"contentUrl\":\"https:\/\/www.swiftcasino.com\/sv-se\/wp-content\/uploads\/2024\/09\/Thumbnail-2-gates-of-olympus.webp\",\"width\":760,\"height\":420},{\"@type\":\"BreadcrumbList\",\"@id\":\"https:\/\/www.swiftcasino.com\/sv-se\/spel\/gates-of-olympus\/#breadcrumb\",\"itemListElement\":[{\"@type\":\"ListItem\",\"position\":1,\"name\":\"Home\",\"item\":\"https:\/\/www.swiftcasino.com\/sv-se\/\"},{\"@type\":\"ListItem\",\"position\":2,\"name\":\"Spel\",\"item\":\"https:\/\/www.swiftcasino.com\/sv-se\/spel\/\"},{\"@type\":\"ListItem\",\"position\":3,\"name\":\"Gates of Olympus\"}]},{\"@type\":\"WebSite\",\"@id\":\"https:\/\/www.swiftcasino.com\/sv-se\/#website\",\"url\":\"https:\/\/www.swiftcasino.com\/sv-se\/\",\"name\":\"Swift Casino\",\"description\":\"\",\"potentialAction\":[{\"@type\":\"SearchAction\",\"target\":{\"@type\":\"EntryPoint\",\"urlTemplate\":\"https:\/\/www.swiftcasino.com\/sv-se\/?s={search_term_string}\"},\"query-input\":\"required name=search_term_string\"}],\"inLanguage\":\"en-US\"}]}<\/script>\n<!-- \/ Yoast SEO plugin. -->","yoast_head_json":{"title":"Spela Gates of Olympus online p\u00e5 Swift Casino Sverige","description":"G\u00e5 in i Olympus portar och snurra p\u00e5 hjulen f\u00f6r att avsl\u00f6ja gudarnas hemligheter samtidigt som du bel\u00f6nas under hela resan om du har tur. Spela nu!","robots":{"index":"index","follow":"follow","max-snippet":"max-snippet:-1","max-image-preview":"max-image-preview:large","max-video-preview":"max-video-preview:-1"},"canonical":"https:\/\/www.swiftcasino.com\/sv-se\/spel\/gates-of-olympus\/","og_locale":"en_US","og_type":"article","og_title":"Spela Gates of Olympus online p\u00e5 Swift Casino Sverige","og_description":"G\u00e5 in i Olympus portar och snurra p\u00e5 hjulen f\u00f6r att avsl\u00f6ja gudarnas hemligheter samtidigt som du bel\u00f6nas under hela resan om du har tur. Spela nu!","og_url":"https:\/\/www.swiftcasino.com\/sv-se\/spel\/gates-of-olympus\/","og_site_name":"Swift Casino","article_modified_time":"2025-09-17T12:11:02+00:00","og_image":[{"url":"https:\/\/www.swiftcasino.com\/sv-se\/wp-content\/uploads\/2024\/09\/Thumbnail-2-gates-of-olympus.webp"}],"twitter_card":"summary_large_image","twitter_misc":{"Est. reading time":"4 minutes"},"schema":{"@context":"https:\/\/schema.org","@graph":[{"@type":"WebPage","@id":"https:\/\/www.swiftcasino.com\/sv-se\/spel\/gates-of-olympus\/","url":"https:\/\/www.swiftcasino.com\/sv-se\/spel\/gates-of-olympus\/","name":"Spela Gates of Olympus online p\u00e5 Swift Casino Sverige","isPartOf":{"@id":"https:\/\/www.swiftcasino.com\/sv-se\/#website"},"primaryImageOfPage":{"@id":"https:\/\/www.swiftcasino.com\/sv-se\/spel\/gates-of-olympus\/#primaryimage"},"image":{"@id":"https:\/\/www.swiftcasino.com\/sv-se\/spel\/gates-of-olympus\/#primaryimage"},"thumbnailUrl":"https:\/\/www.swiftcasino.com\/sv-se\/wp-content\/uploads\/2024\/09\/Thumbnail-2-gates-of-olympus.webp","datePublished":"2024-05-02T13:04:37+00:00","dateModified":"2025-09-17T12:11:02+00:00","description":"G\u00e5 in i Olympus portar och snurra p\u00e5 hjulen f\u00f6r att avsl\u00f6ja gudarnas hemligheter samtidigt som du bel\u00f6nas under hela resan om du har tur. Spela nu!","breadcrumb":{"@id":"https:\/\/www.swiftcasino.com\/sv-se\/spel\/gates-of-olympus\/#breadcrumb"},"inLanguage":"en-US","potentialAction":[{"@type":"ReadAction","target":["https:\/\/www.swiftcasino.com\/sv-se\/spel\/gates-of-olympus\/"]}]},{"@type":"ImageObject","inLanguage":"en-US","@id":"https:\/\/www.swiftcasino.com\/sv-se\/spel\/gates-of-olympus\/#primaryimage","url":"https:\/\/www.swiftcasino.com\/sv-se\/wp-content\/uploads\/2024\/09\/Thumbnail-2-gates-of-olympus.webp","contentUrl":"https:\/\/www.swiftcasino.com\/sv-se\/wp-content\/uploads\/2024\/09\/Thumbnail-2-gates-of-olympus.webp","width":760,"height":420},{"@type":"BreadcrumbList","@id":"https:\/\/www.swiftcasino.com\/sv-se\/spel\/gates-of-olympus\/#breadcrumb","itemListElement":[{"@type":"ListItem","position":1,"name":"Home","item":"https:\/\/www.swiftcasino.com\/sv-se\/"},{"@type":"ListItem","position":2,"name":"Spel","item":"https:\/\/www.swiftcasino.com\/sv-se\/spel\/"},{"@type":"ListItem","position":3,"name":"Gates of Olympus"}]},{"@type":"WebSite","@id":"https:\/\/www.swiftcasino.com\/sv-se\/#website","url":"https:\/\/www.swiftcasino.com\/sv-se\/","name":"Swift Casino","description":"","potentialAction":[{"@type":"SearchAction","target":{"@type":"EntryPoint","urlTemplate":"https:\/\/www.swiftcasino.com\/sv-se\/?s={search_term_string}"},"query-input":"required name=search_term_string"}],"inLanguage":"en-US"}]}},"_links":{"self":[{"href":"https:\/\/www.swiftcasino.com\/sv-se\/wp-json\/wp\/v2\/pages\/1714"}],"collection":[{"href":"https:\/\/www.swiftcasino.com\/sv-se\/wp-json\/wp\/v2\/pages"}],"about":[{"href":"https:\/\/www.swiftcasino.com\/sv-se\/wp-json\/wp\/v2\/types\/page"}],"author":[{"embeddable":true,"href":"https:\/\/www.swiftcasino.com\/sv-se\/wp-json\/wp\/v2\/users\/1"}],"replies":[{"embeddable":true,"href":"https:\/\/www.swiftcasino.com\/sv-se\/wp-json\/wp\/v2\/comments?post=1714"}],"version-history":[{"count":10,"href":"https:\/\/www.swiftcasino.com\/sv-se\/wp-json\/wp\/v2\/pages\/1714\/revisions"}],"predecessor-version":[{"id":2379,"href":"https:\/\/www.swiftcasino.com\/sv-se\/wp-json\/wp\/v2\/pages\/1714\/revisions\/2379"}],"up":[{"embeddable":true,"href":"https:\/\/www.swiftcasino.com\/sv-se\/wp-json\/wp\/v2\/pages\/61"}],"wp:attachment":[{"href":"https:\/\/www.swiftcasino.com\/sv-se\/wp-json\/wp\/v2\/media?parent=1714"}],"curies":[{"name":"wp","href":"https:\/\/api.w.org\/{rel}","templated":true}]}}