{"id":1716,"date":"2024-05-02T13:05:28","date_gmt":"2024-05-02T13:05:28","guid":{"rendered":"https:\/\/www.swiftcasino.com\/sv-se\/?page_id=1716"},"modified":"2025-09-17T12:06:10","modified_gmt":"2025-09-17T12:06:10","slug":"divine-fortune","status":"publish","type":"page","link":"https:\/\/www.swiftcasino.com\/sv-se\/spel\/divine-fortune\/","title":{"rendered":"Divine Fortune"},"content":{"rendered":"<div class=\"feature main6\" style=\"margin-top:20px;\">\n<p>G p\u00e5 ett mystiskt uppdrag och uppt\u00e4ck rikedomarna och skatterna som \u00e4r begravda i Divine Fortune. Denna moderna spelautomat r ytterligare ett fantastiskt nytillskott i NetEnts spelkatalog, mycket tack vare spelets unika s\u00e4tt att f\u00e5 bel\u00f6ningar, vilket h\u00e5ller dig underh\u00e5llen under spelsessionerna. Wild- och Scatter-symbolerna \u00e4r en viktig del av spelet, och de hj\u00e4lper dig att f\u00e5 gratis spelomg\u00e5ngar och f\u00f6rb\u00e4ttra de m\u00f6jliga utbetalningarna. Dessutom \u00e4r den progressiva jackpottfunktionen spelets fr\u00e4msta h\u00f6jdpunkt, vilket tar dig ett steg n\u00e4rmare din str\u00e4van att uppt\u00e4cka rikedomarna. Med spelets h\u00f6ga RTP, flera vinstlinjer och bonusfunktioner kan du ha en chans att vinna upp till 60 000 kr motsvarande 600 gnger din insats om turen gynnar dig! Ta reda p\u00e5 mer om denna spelautomat nedan.<\/p>\n<h2 class=\"main1\">Hur du spelar Divine Fortune<\/h2>\n<p>Divine Fortune spelas p\u00e5 fem hjul och tre rader. Detta rutformat syns \u00e4ven p\u00e5 andra NetEnt-spelautomater som <a href=\"https:\/\/www.swiftcasino.com\/sv-se\/spel\/starburst\/\" hreflang=\"sv\" style=\"color:#00ff75;text-decoration: underline;\" role=\"link\" aria-label=\"Starburst\">Starburst<\/a> och Fruit Shop Frenzy. Spelautomatens RTP ligger p 96,59%, vilket \u00e4r n\u00e5got h\u00f6gre \u00e4n genomsnittet. Spelet har en medelh\u00f6g volatilitetsniv\u00e5, vilket inneb\u00e4r att frekvensen av dina vinster s\u00e5v\u00e4l som utbetalningarna kommer att vara i balans. Det finns tjugo s\u00e4tt att vinna detta spel, vilket g\u00f6r Divine Fortune till en fantastisk spelautomat att spela p\u00e5 <a href=\"https:\/\/www.swiftcasino.com\/sv-se\/\" hreflang=\"sv\" style=\"color:#00ff75;text-decoration: underline;\" role=\"link\" aria-label=\"Swift Casino\">Swift Casino<\/a>.<\/p>\n<\/p>\n<p><center><img decoding=\"async\" src=\"https:\/\/www.swiftcasino.com\/sv-se\/wp-content\/uploads\/2024\/09\/Thumbnail-2-divine-fortune.webp\" alt=\"Divine Fortune Screenshot\" title=\"Divine Fortune Screenshot\"><\/center><\/p>\n<\/div>\n<div class=\"feature main6\" style=\"margin-top:20px;\">\n<h3 class=\"main1\"> Divine Fortune bonusfunktioner<\/h3>\n<p>Det finns fyra huvudsakliga bonusfunktioner i Divine Fortune:<\/p>\n<h4 class=\"main1\">Wild<\/h4>\n<p>Pegasus \u00e4r Wild-symbolen, som ers\u00e4tter de andra symbolerna och skapar b\u00e4ttre vinnande kombinationer.<\/p>\n<h4 class=\"main1\">Falling Wild<\/h4>\n<p>N\u00e4r Wild-symboler landar p\u00e5 hjulen flyttas de ner en position och utl\u00f6ser Falling Wilds, vilket \u00e4r en respins-funktion. Detta kan h\u00e4nda i b\u00e5de basspelet och under free spins. I den h\u00e4r funktionen kommer inte bonussymboler att landa, men free spins och jackpottfunktioner delas ut.<\/p>\n<h4 class=\"main1\">Jackpottbonus<\/h4>\n<p>Denna bonusfunktion l\u00e5ses upp n\u00e4r du lyckas samla tre eller fler guldmyntsymboler under huvudspelet. Symbolerna landar var som helst p\u00e5 hjulen innan jackpottfunktionen startar, inklusive femton individuella hjul som best\u00e5r av multiplikatorer som str\u00e4cker sig fr\u00e5n 10x till 200x insatsen. Funktionen b\u00f6rjar med tre snurr. Antalet snurr \u00e5terst\u00e4lls om bonussymbolen landar p\u00e5 hjulen.<\/p>\n<h4 class=\"main1\">Free spins<\/h4>\n<p>Divine Fortune kommer ocks\u00e5 med en free spins-funktion, som aktiveras n\u00e4r du landar tre eller fler Scatter-symboler p\u00e5 hjulen. Ifall du trffar tre Scatter-symboler f\u00e5r du fem free spins, fyra Scatter-symboler ger dig \u00e5tta free spins och fem Scatter-symboler ger dig tolv free spins.<\/p>\n<\/p>\n<\/div>\n<div class=\"feature main6\" style=\"margin-top:20px;\">\n<h3 class=\"main1\">Spelautomatens tema och design<\/h3>\n<p>Temat f\u00f6r Divine Fortune \u00e4r antiken i Grekland, precis som <a href=\"https:\/\/www.swiftcasino.com\/sv-se\/spel\/gates-of-olympus\/\" hreflang=\"sv\" style=\"color:#00ff75;text-decoration: underline;\" role=\"link\" aria-label=\"Gates of Olympus\">Gates of Olympus slot<\/a>. Spelet utspelar sig i en klassisk grekisk byggnad omgiven av statyer och keramik. Designen av layouten \u00e4r enkel men passar \u00e4nd\u00e5 in i temat. Motiv som Medusa och Pegasus f\u00f6ljer spelets tema. Detta sker tillsammans med ett mystiskt men dr\u00f6mlikt soundtrack i bakgrunden som hller dig uppslukad av spelet. De extra ljudeffekterna n\u00e4r symbolerna faller och bildar vinnande kombinationer \u00e4r en behaglig touch som passar ihop med spelautomatens tema.<\/p>\n<h2 class=\"main1\">Kom ig\u00e5ng med Divine Fortune p\u00e5 Swift Casino<\/h2>\n<p>N\u00e4r du r p\u00e5 Swift Casino Sverige behver du inte l\u00e4ngre leta efter den ultimata spelupplevelsen. Oavsett om du vill uppleva det p\u00e5 v\u00e5rt <a href=\"https:\/\/www.swiftcasino.com\/sv-se\/mobilcasino\/\" hreflang=\"sv\" style=\"color:#00ff75;text-decoration: underline;\" role=\"link\" aria-label=\"Mobilecasino\">mobilcasino<\/a> eller <a href=\"https:\/\/www.swiftcasino.com\/sv-se\/\" hreflang=\"sv\" style=\"color:#00ff75;text-decoration: underline;\" role=\"link\" aria-label=\"onlinecasino\">onlinecasino<\/a> lovar vi dig att du inte kommer att \u00e5ngra att du snurrade p\u00e5 Divine Fortunes hjul. Uppt\u00e4ck flera andra popul\u00e4ra spelautomater online som <a href=\"https:\/\/www.swiftcasino.com\/sv-se\/spel\/starburst\/\" hreflang=\"sv\" style=\"color:#00ff75;text-decoration: underline;\" role=\"link\" aria-label=\"Starburst\">Starburst<\/a>, Sugar Rush 1000, <a href=\"https:\/\/www.swiftcasino.com\/sv-se\/spel\/sweet-bonanza\/\" hreflang=\"sv\" style=\"color:#00ff75;text-decoration: underline;\" role=\"link\" aria-label=\"Sweet Bonanza\">Sweet Bonanza<\/a>, <a href=\"https:\/\/www.swiftcasino.com\/sv-se\/spel\/gates-of-olympus\/\" hreflang=\"sv\" style=\"color:#00ff75;text-decoration: underline;\" role=\"link\" aria-label=\"Gates of Olympus\">Gates of Olympus<\/a> och m\u00e5nga fler, bara p\u00e5 Swift Casino! F\u00f6rutom <a href=\"https:\/\/www.swiftcasino.com\/sv-se\/spelautomater\/\" hreflang=\"sv\" style=\"color:#00ff75;text-decoration: underline;\" role=\"link\" aria-label=\"Online Slots\">onlineslots<\/a> har vi ocks\u00e5 ett brett utbud av casinospel, inklusive <a href=\"https:\/\/www.swiftcasino.com\/sv-se\/blackjack\/\" hreflang=\"sv\" style=\"color:#00ff75;text-decoration: underline;\" role=\"link\" aria-label=\"Blackjack\">blackjack<\/a>, roulette och <a href=\"https:\/\/www.swiftcasino.com\/sv-se\/livecasino\/\"  hreflang=\"sv\" style=\"color:#00ff75;text-decoration: underline;\" role=\"link\" aria-label=\"Live Casino\">live-casino<\/a>. Det mest sp\u00e4nnande med att vara medlem p\u00e5 Swift \u00e4r att du f\u00e5r gratis bonussnurr n\u00e4r du registrerar dig! Det \u00e4r dock viktigt att komma ih\u00e5g att spela med sm\u00e5 satsningar till en b\u00f6rjan och spela ansvarsfullt f\u00f6r att undvika betydande f\u00f6rluster. Registrera dig h\u00e4r!<\/p>\n<\/p>\n<p><center><img decoding=\"async\" src=\"https:\/\/www.swiftcasino.com\/sv-se\/wp-content\/uploads\/2024\/09\/Thumbnail-3-divine-fortune.webp\" alt=\"Divine Fortune Screenshot\" title=\"Divine Fortune Screenshot\"><\/center><\/p>\n<\/div>\n","protected":false},"excerpt":{"rendered":"<p>G p\u00e5 ett mystiskt uppdrag och uppt\u00e4ck rikedomarna och skatterna som \u00e4r begravda i Divine Fortune. Denna moderna spelautomat r ytterligare ett fantastiskt nytillskott i NetEnts spelkatalog, mycket tack vare spelets unika s\u00e4tt att f\u00e5 bel\u00f6ningar, vilket h\u00e5ller dig underh\u00e5llen under spelsessionerna. Wild- och Scatter-symbolerna \u00e4r en viktig del av spelet, och de hj\u00e4lper dig [&hellip;]<\/p>\n","protected":false},"author":1,"featured_media":0,"parent":61,"menu_order":0,"comment_status":"closed","ping_status":"closed","template":"single-game-template.php","meta":{"footnotes":""},"class_list":["post-1716","page","type-page","status-publish","hentry"],"yoast_head":"<!-- This site is optimized with the Yoast SEO plugin v23.2 - https:\/\/yoast.com\/wordpress\/plugins\/seo\/ -->\n<title>Spela Divine Fortune online p\u00e5 Swift Casino Sverige<\/title>\n<meta name=\"description\" content=\"Uppt\u00e4ck rikedomarna och skatterna som \u00e4r begravda i spelautomaten Divine Fortune! Testa din tur och ta din r\u00e4ttm\u00e4tiga plats bland de od\u00f6dliga. Spela nu!\" \/>\n<meta name=\"robots\" content=\"index, follow, max-snippet:-1, max-image-preview:large, max-video-preview:-1\" \/>\n<link rel=\"canonical\" href=\"https:\/\/www.swiftcasino.com\/sv-se\/spel\/divine-fortune\/\" \/>\n<meta property=\"og:locale\" content=\"en_US\" \/>\n<meta property=\"og:type\" content=\"article\" \/>\n<meta property=\"og:title\" content=\"Spela Divine Fortune online p\u00e5 Swift Casino Sverige\" \/>\n<meta property=\"og:description\" content=\"Uppt\u00e4ck rikedomarna och skatterna som \u00e4r begravda i spelautomaten Divine Fortune! Testa din tur och ta din r\u00e4ttm\u00e4tiga plats bland de od\u00f6dliga. Spela nu!\" \/>\n<meta property=\"og:url\" content=\"https:\/\/www.swiftcasino.com\/sv-se\/spel\/divine-fortune\/\" \/>\n<meta property=\"og:site_name\" content=\"Swift Casino\" \/>\n<meta property=\"article:modified_time\" content=\"2025-09-17T12:06:10+00:00\" \/>\n<meta property=\"og:image\" content=\"https:\/\/www.swiftcasino.com\/sv-se\/wp-content\/uploads\/2024\/09\/Thumbnail-2-divine-fortune.webp\" \/>\n<meta name=\"twitter:card\" content=\"summary_large_image\" \/>\n<meta name=\"twitter:label1\" content=\"Est. reading time\" \/>\n\t<meta name=\"twitter:data1\" content=\"3 minutes\" \/>\n<script type=\"application\/ld+json\" class=\"yoast-schema-graph\">{\"@context\":\"https:\/\/schema.org\",\"@graph\":[{\"@type\":\"WebPage\",\"@id\":\"https:\/\/www.swiftcasino.com\/sv-se\/spel\/divine-fortune\/\",\"url\":\"https:\/\/www.swiftcasino.com\/sv-se\/spel\/divine-fortune\/\",\"name\":\"Spela Divine Fortune online p\u00e5 Swift Casino Sverige\",\"isPartOf\":{\"@id\":\"https:\/\/www.swiftcasino.com\/sv-se\/#website\"},\"primaryImageOfPage\":{\"@id\":\"https:\/\/www.swiftcasino.com\/sv-se\/spel\/divine-fortune\/#primaryimage\"},\"image\":{\"@id\":\"https:\/\/www.swiftcasino.com\/sv-se\/spel\/divine-fortune\/#primaryimage\"},\"thumbnailUrl\":\"https:\/\/www.swiftcasino.com\/sv-se\/wp-content\/uploads\/2024\/09\/Thumbnail-2-divine-fortune.webp\",\"datePublished\":\"2024-05-02T13:05:28+00:00\",\"dateModified\":\"2025-09-17T12:06:10+00:00\",\"description\":\"Uppt\u00e4ck rikedomarna och skatterna som \u00e4r begravda i spelautomaten Divine Fortune! Testa din tur och ta din r\u00e4ttm\u00e4tiga plats bland de od\u00f6dliga. Spela nu!\",\"breadcrumb\":{\"@id\":\"https:\/\/www.swiftcasino.com\/sv-se\/spel\/divine-fortune\/#breadcrumb\"},\"inLanguage\":\"en-US\",\"potentialAction\":[{\"@type\":\"ReadAction\",\"target\":[\"https:\/\/www.swiftcasino.com\/sv-se\/spel\/divine-fortune\/\"]}]},{\"@type\":\"ImageObject\",\"inLanguage\":\"en-US\",\"@id\":\"https:\/\/www.swiftcasino.com\/sv-se\/spel\/divine-fortune\/#primaryimage\",\"url\":\"https:\/\/www.swiftcasino.com\/sv-se\/wp-content\/uploads\/2024\/09\/Thumbnail-2-divine-fortune.webp\",\"contentUrl\":\"https:\/\/www.swiftcasino.com\/sv-se\/wp-content\/uploads\/2024\/09\/Thumbnail-2-divine-fortune.webp\",\"width\":760,\"height\":420},{\"@type\":\"BreadcrumbList\",\"@id\":\"https:\/\/www.swiftcasino.com\/sv-se\/spel\/divine-fortune\/#breadcrumb\",\"itemListElement\":[{\"@type\":\"ListItem\",\"position\":1,\"name\":\"Home\",\"item\":\"https:\/\/www.swiftcasino.com\/sv-se\/\"},{\"@type\":\"ListItem\",\"position\":2,\"name\":\"Spel\",\"item\":\"https:\/\/www.swiftcasino.com\/sv-se\/spel\/\"},{\"@type\":\"ListItem\",\"position\":3,\"name\":\"Divine Fortune\"}]},{\"@type\":\"WebSite\",\"@id\":\"https:\/\/www.swiftcasino.com\/sv-se\/#website\",\"url\":\"https:\/\/www.swiftcasino.com\/sv-se\/\",\"name\":\"Swift Casino\",\"description\":\"\",\"potentialAction\":[{\"@type\":\"SearchAction\",\"target\":{\"@type\":\"EntryPoint\",\"urlTemplate\":\"https:\/\/www.swiftcasino.com\/sv-se\/?s={search_term_string}\"},\"query-input\":\"required name=search_term_string\"}],\"inLanguage\":\"en-US\"}]}<\/script>\n<!-- \/ Yoast SEO plugin. -->","yoast_head_json":{"title":"Spela Divine Fortune online p\u00e5 Swift Casino Sverige","description":"Uppt\u00e4ck rikedomarna och skatterna som \u00e4r begravda i spelautomaten Divine Fortune! Testa din tur och ta din r\u00e4ttm\u00e4tiga plats bland de od\u00f6dliga. Spela nu!","robots":{"index":"index","follow":"follow","max-snippet":"max-snippet:-1","max-image-preview":"max-image-preview:large","max-video-preview":"max-video-preview:-1"},"canonical":"https:\/\/www.swiftcasino.com\/sv-se\/spel\/divine-fortune\/","og_locale":"en_US","og_type":"article","og_title":"Spela Divine Fortune online p\u00e5 Swift Casino Sverige","og_description":"Uppt\u00e4ck rikedomarna och skatterna som \u00e4r begravda i spelautomaten Divine Fortune! Testa din tur och ta din r\u00e4ttm\u00e4tiga plats bland de od\u00f6dliga. Spela nu!","og_url":"https:\/\/www.swiftcasino.com\/sv-se\/spel\/divine-fortune\/","og_site_name":"Swift Casino","article_modified_time":"2025-09-17T12:06:10+00:00","og_image":[{"url":"https:\/\/www.swiftcasino.com\/sv-se\/wp-content\/uploads\/2024\/09\/Thumbnail-2-divine-fortune.webp"}],"twitter_card":"summary_large_image","twitter_misc":{"Est. reading time":"3 minutes"},"schema":{"@context":"https:\/\/schema.org","@graph":[{"@type":"WebPage","@id":"https:\/\/www.swiftcasino.com\/sv-se\/spel\/divine-fortune\/","url":"https:\/\/www.swiftcasino.com\/sv-se\/spel\/divine-fortune\/","name":"Spela Divine Fortune online p\u00e5 Swift Casino Sverige","isPartOf":{"@id":"https:\/\/www.swiftcasino.com\/sv-se\/#website"},"primaryImageOfPage":{"@id":"https:\/\/www.swiftcasino.com\/sv-se\/spel\/divine-fortune\/#primaryimage"},"image":{"@id":"https:\/\/www.swiftcasino.com\/sv-se\/spel\/divine-fortune\/#primaryimage"},"thumbnailUrl":"https:\/\/www.swiftcasino.com\/sv-se\/wp-content\/uploads\/2024\/09\/Thumbnail-2-divine-fortune.webp","datePublished":"2024-05-02T13:05:28+00:00","dateModified":"2025-09-17T12:06:10+00:00","description":"Uppt\u00e4ck rikedomarna och skatterna som \u00e4r begravda i spelautomaten Divine Fortune! Testa din tur och ta din r\u00e4ttm\u00e4tiga plats bland de od\u00f6dliga. Spela nu!","breadcrumb":{"@id":"https:\/\/www.swiftcasino.com\/sv-se\/spel\/divine-fortune\/#breadcrumb"},"inLanguage":"en-US","potentialAction":[{"@type":"ReadAction","target":["https:\/\/www.swiftcasino.com\/sv-se\/spel\/divine-fortune\/"]}]},{"@type":"ImageObject","inLanguage":"en-US","@id":"https:\/\/www.swiftcasino.com\/sv-se\/spel\/divine-fortune\/#primaryimage","url":"https:\/\/www.swiftcasino.com\/sv-se\/wp-content\/uploads\/2024\/09\/Thumbnail-2-divine-fortune.webp","contentUrl":"https:\/\/www.swiftcasino.com\/sv-se\/wp-content\/uploads\/2024\/09\/Thumbnail-2-divine-fortune.webp","width":760,"height":420},{"@type":"BreadcrumbList","@id":"https:\/\/www.swiftcasino.com\/sv-se\/spel\/divine-fortune\/#breadcrumb","itemListElement":[{"@type":"ListItem","position":1,"name":"Home","item":"https:\/\/www.swiftcasino.com\/sv-se\/"},{"@type":"ListItem","position":2,"name":"Spel","item":"https:\/\/www.swiftcasino.com\/sv-se\/spel\/"},{"@type":"ListItem","position":3,"name":"Divine Fortune"}]},{"@type":"WebSite","@id":"https:\/\/www.swiftcasino.com\/sv-se\/#website","url":"https:\/\/www.swiftcasino.com\/sv-se\/","name":"Swift Casino","description":"","potentialAction":[{"@type":"SearchAction","target":{"@type":"EntryPoint","urlTemplate":"https:\/\/www.swiftcasino.com\/sv-se\/?s={search_term_string}"},"query-input":"required name=search_term_string"}],"inLanguage":"en-US"}]}},"_links":{"self":[{"href":"https:\/\/www.swiftcasino.com\/sv-se\/wp-json\/wp\/v2\/pages\/1716"}],"collection":[{"href":"https:\/\/www.swiftcasino.com\/sv-se\/wp-json\/wp\/v2\/pages"}],"about":[{"href":"https:\/\/www.swiftcasino.com\/sv-se\/wp-json\/wp\/v2\/types\/page"}],"author":[{"embeddable":true,"href":"https:\/\/www.swiftcasino.com\/sv-se\/wp-json\/wp\/v2\/users\/1"}],"replies":[{"embeddable":true,"href":"https:\/\/www.swiftcasino.com\/sv-se\/wp-json\/wp\/v2\/comments?post=1716"}],"version-history":[{"count":12,"href":"https:\/\/www.swiftcasino.com\/sv-se\/wp-json\/wp\/v2\/pages\/1716\/revisions"}],"predecessor-version":[{"id":2376,"href":"https:\/\/www.swiftcasino.com\/sv-se\/wp-json\/wp\/v2\/pages\/1716\/revisions\/2376"}],"up":[{"embeddable":true,"href":"https:\/\/www.swiftcasino.com\/sv-se\/wp-json\/wp\/v2\/pages\/61"}],"wp:attachment":[{"href":"https:\/\/www.swiftcasino.com\/sv-se\/wp-json\/wp\/v2\/media?parent=1716"}],"curies":[{"name":"wp","href":"https:\/\/api.w.org\/{rel}","templated":true}]}}