{"id":1829,"date":"2024-07-23T12:23:12","date_gmt":"2024-07-23T12:23:12","guid":{"rendered":"https:\/\/www.swiftcasino.com\/sv-se\/?page_id=1829"},"modified":"2025-08-29T14:52:32","modified_gmt":"2025-08-29T14:52:32","slug":"plinko","status":"publish","type":"page","link":"https:\/\/www.swiftcasino.com\/sv-se\/spel\/plinko\/","title":{"rendered":"Plinko"},"content":{"rendered":"<div class=\"feature main6\" style=\"margin-top:20px;\">\n<p>Plinko \u00e4r inte som alla andra <a href=\"https:\/\/www.swiftcasino.com\/sv-se\/spelautomater\/\">spelautomater online<\/a>! Det \u00e4r ett minispel som \u00e4r enkelt men \u00e4nd\u00e5 underh\u00e5llande, utvecklat av Spribe. Det h\u00e4r spelet \u00e4r starkt influerat av 1980-talets amerikanska TV-program d\u00e4r kulor sl\u00e4pps fr\u00e5n toppen av en panel fylld med n\u00e5lar. Varje kula har ett insatsv\u00e4rde medan stiften har vinstmultiplikatorer, och beroende p\u00e5 var kulorna landar p\u00e5 stiftet avg\u00f6rs vinsten. Den h\u00f6gsta vinsten i Plinko \u00e4r upp till 555x insatsbeloppet.<\/p>\n<p>Spela Plinko p\u00e5 <a href=\"https:\/\/www.swiftcasino.com\/sv-se\/\">Swift Casino<\/a> med en l\u00e4gsta insats p\u00e5 0,10 kr och en h\u00f6gsta insats p\u00e5 100 kr. Spelet har en avkastning p\u00e5 97%, vilket \u00e4r en fantastiskt h\u00f6g RTP i iGaming-branschen och en medelh\u00f6g varians, vilket g\u00f6r det till ett perfekt spel att njuta av f\u00f6r de som letar efter balanserad frekvens i b\u00e5de vinster och l\u00e4ngd p\u00e5 spelsessioner. L\u00e4r dig mer om detta spel nedan och testa det idag!<\/p>\n<h2 class=\"main1\">Hur du spelar Plinko<\/h2>\n<p>Plinko \u00e4r ett av de enklaste onlinespelen du kan spela p\u00e5 v\u00e5r plattform. Du m\u00e5ste ha ett spelarkonto hos oss f\u00f6r att b\u00f6rja spela detta snabba spel. S\u00e5 fort du startar Plinko kommer du att se flera stift p\u00e5 sk\u00e4rmen i form av en pyramid. I den nedre sektionen kan du justera ditt insatsv\u00e4rde och st\u00e4lla in autospel-funktionen, och de gr\u00f6na, r\u00f6da eller gula knapparna \u00e4r de utl\u00f6sande omkopplarna f\u00f6r att b\u00f6rja spela. I det \u00f6vre avsnittet kan du kontrollera detaljerna om hur du spelar spelet, justera numret p\u00e5 pinnarna mellan 12, 14 och 16 baserat p\u00e5 dina preferenser, kontrollera tidigare resultat, se insatshistorik, gratisspel, st\u00e4lla in spelgr\u00e4nser och andra inst\u00e4llningar.<\/p>\n<p>Baserat p\u00e5 de tre f\u00e4rgerna kommer flera multiplikatorbrickor att radas upp vid basen, d\u00e4r utbetalningarna avg\u00f6rs baserat p\u00e5 var kulorna faller. Du kan satsa p\u00e5 alla tre f\u00e4rgerna samtidigt. Registrera dig och prova p\u00e5 Swift Casino.<\/p>\n<\/p>\n<p><center><img decoding=\"async\" src=\"https:\/\/www.swiftcasino.com\/sv-se\/wp-content\/uploads\/2024\/09\/Thumbnail-2-plinko.webp\" alt=\"Plinko Screenshot\" title=\"Plinko Screenshot\"><\/center><\/p>\n<\/div>\n<div class=\"feature main6\" style=\"margin-top:20px;\">\n<h3 class=\"main1\">Plinko bonusfunktioner<\/h3>\n<h4 class=\"main1\">Multiplikatorer<\/h4>\n<p>Vinstmultiplikatorerna som kommer med de f\u00e4rgade brickorna \u00e4r f\u00f6rmodligen den mest sp\u00e4nnande delen av detta spel eftersom de \u00f6kar vinsterna. Multiplikatorerna placeras slumpm\u00e4ssigt p\u00e5 brickorna, och platsen d\u00e4r kulan landar avg\u00f6r vinstmultiplikatorn. Om du exempelvis satsar 10 kr p\u00e5 en r\u00f6d bricka och landar p\u00e5 14x blir din avkastning 140 kr.<\/p>\n<h4 class=\"main1\">Rain Promo<\/h4>\n<p>Det finns en gratis bel\u00f6ningsfunktion i spelet, som ges slumpm\u00e4ssigt i livechatten. Om du har tur kan du anv\u00e4nda denna bel\u00f6ning genom att klicka p\u00e5 knappen &#8220;Claim&#8221;. Den h\u00e4r funktionen \u00f6kar ocks\u00e5 interaktionen och den \u00f6vergripande spelk\u00e4nslan i Plinko.<\/p>\n<\/div>\n<div class=\"feature main6\" style=\"margin-top:20px;\">\n<h3 class=\"main1\">Spelautomatens tema och design<\/h3>\n<p>Till skillnad fr\u00e5n popul\u00e4ra spelautomater online som <a href=\"https:\/\/www.swiftcasino.com\/sv-se\/spel\/starburst\/\">Starburst<\/a>, <a href=\"https:\/\/www.swiftcasino.com\/sv-se\/spel\/sugar-rush\/\">Sugar Rush<\/a> och <a href=\"https:\/\/www.swiftcasino.com\/sv-se\/spel\/sweet-bonanza\/\">Sweet Bonanza<\/a> har Plinko inget specifikt tema. P\u00e5 samma s\u00e4tt som spelet \u00e4r enkelt \u00e4r \u00e4ven designen och temat det. Layouten \u00e4r mycket lik Pachinko, ett popul\u00e4rt japanskt casinospel. Bakgrunden har n\u00e5gra geometriska illustrationer med bl\u00e5 f\u00e4rg och det finns tv\u00e5 triangul\u00e4ra former p\u00e5 varje sida av de pyramidformade stiften, vilket skapar ett unikt utseende. Den grafiska kvaliteten ser snygg ut med h\u00f6g uppl\u00f6sning, ungef\u00e4r som arkadslots, som Candy Jar Clusters, Reel King och <a href=\"https:\/\/www.swiftcasino.com\/sv-se\/spel\/sugar-rush-1000\/\">Sugar Rush 1000<\/a>.<\/p>\n<h2 class=\"main1\">Kom ig\u00e5ng med Plinko p\u00e5 Swift Casino<\/h2>\n<p>G\u00e5 med p\u00e5 Swift Casino f\u00f6r att ge dig ut p\u00e5 din onlinecasinoresa och komma ig\u00e5ng med Plinko! Vi p\u00e5 Swift Casino erbjuder den b\u00e4sta spelplattformen online f\u00f6r h\u00e4ngivna spelare som du f\u00f6r att utforska och \u00e5teruppt\u00e4cka intresset av <a href=\"https:\/\/www.swiftcasino.com\/sv-se\/spel\/\">casinospel<\/a>. S\u00e5, oavsett om du f\u00f6redrar att spela p\u00e5 v\u00e5rt <a href=\"https:\/\/www.swiftcasino.com\/sv-se\/mobilcasino\/\">mobile casino<\/a>, Swifts mobilapp eller v\u00e5r casinoplattform f\u00f6r station\u00e4ra enheter levererar vi det smidigaste gr\u00e4nssnittet p\u00e5 marknaden!<\/p>\n<p>F\u00f6rutom Plinko kan du \u00e4ven utforska v\u00e5ra andra popul\u00e4ra spelalternativ inom spelautomater, blackjack, roulette, jackpott och <a href=\"https:\/\/www.swiftcasino.com\/sv-se\/livecasino\/\">live casino<\/a>. Det finns ingen b\u00e4ttre plattform \u00e4n Swift Casino f\u00f6r att uppleva det ultimata \u00e4ventyret medan du spelar ledande onlineslots som <a href=\"https:\/\/www.swiftcasino.com\/sv-se\/spel\/le-bandit\/\">Le Bandit<\/a>, Sweet Bonanza, Fire Joker, Extra Chilli, Big Bass Bonanza och m\u00e5nga fler. Registrera dig hos oss idag och dra nytta av dina gratis bonussnurr n\u00e4r du registrerar dig och g\u00f6r din f\u00f6rsta ins\u00e4ttning!<\/p>\n<\/p>\n<p><center><img decoding=\"async\" src=\"https:\/\/www.swiftcasino.com\/sv-se\/wp-content\/uploads\/2024\/09\/Thumbnail-3-plinko.webp\" alt=\"Plinko Screenshot\" title=\"Plinko Screenshot\"><\/center><\/p>\n<\/div>\n","protected":false},"excerpt":{"rendered":"<p>Plinko \u00e4r inte som alla andra spelautomater online! Det \u00e4r ett minispel som \u00e4r enkelt men \u00e4nd\u00e5 underh\u00e5llande, utvecklat av Spribe. Det h\u00e4r spelet \u00e4r starkt influerat av 1980-talets amerikanska TV-program d\u00e4r kulor sl\u00e4pps fr\u00e5n toppen av en panel fylld med n\u00e5lar. Varje kula har ett insatsv\u00e4rde medan stiften har vinstmultiplikatorer, och beroende p\u00e5 var [&hellip;]<\/p>\n","protected":false},"author":1,"featured_media":0,"parent":61,"menu_order":0,"comment_status":"closed","ping_status":"closed","template":"single-game-template.php","meta":{"footnotes":""},"class_list":["post-1829","page","type-page","status-publish","hentry"],"yoast_head":"<!-- This site is optimized with the Yoast SEO plugin v23.2 - https:\/\/yoast.com\/wordpress\/plugins\/seo\/ -->\n<title>Spela Plinko Online p\u00e5 Swift Casino SE<\/title>\n<meta name=\"description\" content=\"Sl\u00e4pp kulorna och se om du har turen med dig n\u00e4r den tr\u00e4ffar en slumpm\u00e4ssig multiplikator. Unna dig ett intensivt spel av Plinko d\u00e4r varje kula \u00e4r viktig!\" \/>\n<meta name=\"robots\" content=\"index, follow, max-snippet:-1, max-image-preview:large, max-video-preview:-1\" \/>\n<link rel=\"canonical\" href=\"https:\/\/www.swiftcasino.com\/sv-se\/spel\/plinko\/\" \/>\n<meta property=\"og:locale\" content=\"en_US\" \/>\n<meta property=\"og:type\" content=\"article\" \/>\n<meta property=\"og:title\" content=\"Spela Plinko Online p\u00e5 Swift Casino SE\" \/>\n<meta property=\"og:description\" content=\"Sl\u00e4pp kulorna och se om du har turen med dig n\u00e4r den tr\u00e4ffar en slumpm\u00e4ssig multiplikator. Unna dig ett intensivt spel av Plinko d\u00e4r varje kula \u00e4r viktig!\" \/>\n<meta property=\"og:url\" content=\"https:\/\/www.swiftcasino.com\/sv-se\/spel\/plinko\/\" \/>\n<meta property=\"og:site_name\" content=\"Swift Casino\" \/>\n<meta property=\"article:modified_time\" content=\"2025-08-29T14:52:32+00:00\" \/>\n<meta property=\"og:image\" content=\"https:\/\/www.swiftcasino.com\/sv-se\/wp-content\/uploads\/2024\/09\/Thumbnail-2-plinko.webp\" \/>\n<meta name=\"twitter:card\" content=\"summary_large_image\" \/>\n<meta name=\"twitter:label1\" content=\"Est. reading time\" \/>\n\t<meta name=\"twitter:data1\" content=\"4 minutes\" \/>\n<script type=\"application\/ld+json\" class=\"yoast-schema-graph\">{\"@context\":\"https:\/\/schema.org\",\"@graph\":[{\"@type\":\"WebPage\",\"@id\":\"https:\/\/www.swiftcasino.com\/sv-se\/spel\/plinko\/\",\"url\":\"https:\/\/www.swiftcasino.com\/sv-se\/spel\/plinko\/\",\"name\":\"Spela Plinko Online p\u00e5 Swift Casino SE\",\"isPartOf\":{\"@id\":\"https:\/\/www.swiftcasino.com\/sv-se\/#website\"},\"primaryImageOfPage\":{\"@id\":\"https:\/\/www.swiftcasino.com\/sv-se\/spel\/plinko\/#primaryimage\"},\"image\":{\"@id\":\"https:\/\/www.swiftcasino.com\/sv-se\/spel\/plinko\/#primaryimage\"},\"thumbnailUrl\":\"https:\/\/www.swiftcasino.com\/sv-se\/wp-content\/uploads\/2024\/09\/Thumbnail-2-plinko.webp\",\"datePublished\":\"2024-07-23T12:23:12+00:00\",\"dateModified\":\"2025-08-29T14:52:32+00:00\",\"description\":\"Sl\u00e4pp kulorna och se om du har turen med dig n\u00e4r den tr\u00e4ffar en slumpm\u00e4ssig multiplikator. Unna dig ett intensivt spel av Plinko d\u00e4r varje kula \u00e4r viktig!\",\"breadcrumb\":{\"@id\":\"https:\/\/www.swiftcasino.com\/sv-se\/spel\/plinko\/#breadcrumb\"},\"inLanguage\":\"en-US\",\"potentialAction\":[{\"@type\":\"ReadAction\",\"target\":[\"https:\/\/www.swiftcasino.com\/sv-se\/spel\/plinko\/\"]}]},{\"@type\":\"ImageObject\",\"inLanguage\":\"en-US\",\"@id\":\"https:\/\/www.swiftcasino.com\/sv-se\/spel\/plinko\/#primaryimage\",\"url\":\"https:\/\/www.swiftcasino.com\/sv-se\/wp-content\/uploads\/2024\/09\/Thumbnail-2-plinko.webp\",\"contentUrl\":\"https:\/\/www.swiftcasino.com\/sv-se\/wp-content\/uploads\/2024\/09\/Thumbnail-2-plinko.webp\",\"width\":760,\"height\":420},{\"@type\":\"BreadcrumbList\",\"@id\":\"https:\/\/www.swiftcasino.com\/sv-se\/spel\/plinko\/#breadcrumb\",\"itemListElement\":[{\"@type\":\"ListItem\",\"position\":1,\"name\":\"Home\",\"item\":\"https:\/\/www.swiftcasino.com\/sv-se\/\"},{\"@type\":\"ListItem\",\"position\":2,\"name\":\"Spel\",\"item\":\"https:\/\/www.swiftcasino.com\/sv-se\/spel\/\"},{\"@type\":\"ListItem\",\"position\":3,\"name\":\"Plinko\"}]},{\"@type\":\"WebSite\",\"@id\":\"https:\/\/www.swiftcasino.com\/sv-se\/#website\",\"url\":\"https:\/\/www.swiftcasino.com\/sv-se\/\",\"name\":\"Swift Casino\",\"description\":\"\",\"potentialAction\":[{\"@type\":\"SearchAction\",\"target\":{\"@type\":\"EntryPoint\",\"urlTemplate\":\"https:\/\/www.swiftcasino.com\/sv-se\/?s={search_term_string}\"},\"query-input\":\"required name=search_term_string\"}],\"inLanguage\":\"en-US\"}]}<\/script>\n<!-- \/ Yoast SEO plugin. -->","yoast_head_json":{"title":"Spela Plinko Online p\u00e5 Swift Casino SE","description":"Sl\u00e4pp kulorna och se om du har turen med dig n\u00e4r den tr\u00e4ffar en slumpm\u00e4ssig multiplikator. Unna dig ett intensivt spel av Plinko d\u00e4r varje kula \u00e4r viktig!","robots":{"index":"index","follow":"follow","max-snippet":"max-snippet:-1","max-image-preview":"max-image-preview:large","max-video-preview":"max-video-preview:-1"},"canonical":"https:\/\/www.swiftcasino.com\/sv-se\/spel\/plinko\/","og_locale":"en_US","og_type":"article","og_title":"Spela Plinko Online p\u00e5 Swift Casino SE","og_description":"Sl\u00e4pp kulorna och se om du har turen med dig n\u00e4r den tr\u00e4ffar en slumpm\u00e4ssig multiplikator. Unna dig ett intensivt spel av Plinko d\u00e4r varje kula \u00e4r viktig!","og_url":"https:\/\/www.swiftcasino.com\/sv-se\/spel\/plinko\/","og_site_name":"Swift Casino","article_modified_time":"2025-08-29T14:52:32+00:00","og_image":[{"url":"https:\/\/www.swiftcasino.com\/sv-se\/wp-content\/uploads\/2024\/09\/Thumbnail-2-plinko.webp"}],"twitter_card":"summary_large_image","twitter_misc":{"Est. reading time":"4 minutes"},"schema":{"@context":"https:\/\/schema.org","@graph":[{"@type":"WebPage","@id":"https:\/\/www.swiftcasino.com\/sv-se\/spel\/plinko\/","url":"https:\/\/www.swiftcasino.com\/sv-se\/spel\/plinko\/","name":"Spela Plinko Online p\u00e5 Swift Casino SE","isPartOf":{"@id":"https:\/\/www.swiftcasino.com\/sv-se\/#website"},"primaryImageOfPage":{"@id":"https:\/\/www.swiftcasino.com\/sv-se\/spel\/plinko\/#primaryimage"},"image":{"@id":"https:\/\/www.swiftcasino.com\/sv-se\/spel\/plinko\/#primaryimage"},"thumbnailUrl":"https:\/\/www.swiftcasino.com\/sv-se\/wp-content\/uploads\/2024\/09\/Thumbnail-2-plinko.webp","datePublished":"2024-07-23T12:23:12+00:00","dateModified":"2025-08-29T14:52:32+00:00","description":"Sl\u00e4pp kulorna och se om du har turen med dig n\u00e4r den tr\u00e4ffar en slumpm\u00e4ssig multiplikator. Unna dig ett intensivt spel av Plinko d\u00e4r varje kula \u00e4r viktig!","breadcrumb":{"@id":"https:\/\/www.swiftcasino.com\/sv-se\/spel\/plinko\/#breadcrumb"},"inLanguage":"en-US","potentialAction":[{"@type":"ReadAction","target":["https:\/\/www.swiftcasino.com\/sv-se\/spel\/plinko\/"]}]},{"@type":"ImageObject","inLanguage":"en-US","@id":"https:\/\/www.swiftcasino.com\/sv-se\/spel\/plinko\/#primaryimage","url":"https:\/\/www.swiftcasino.com\/sv-se\/wp-content\/uploads\/2024\/09\/Thumbnail-2-plinko.webp","contentUrl":"https:\/\/www.swiftcasino.com\/sv-se\/wp-content\/uploads\/2024\/09\/Thumbnail-2-plinko.webp","width":760,"height":420},{"@type":"BreadcrumbList","@id":"https:\/\/www.swiftcasino.com\/sv-se\/spel\/plinko\/#breadcrumb","itemListElement":[{"@type":"ListItem","position":1,"name":"Home","item":"https:\/\/www.swiftcasino.com\/sv-se\/"},{"@type":"ListItem","position":2,"name":"Spel","item":"https:\/\/www.swiftcasino.com\/sv-se\/spel\/"},{"@type":"ListItem","position":3,"name":"Plinko"}]},{"@type":"WebSite","@id":"https:\/\/www.swiftcasino.com\/sv-se\/#website","url":"https:\/\/www.swiftcasino.com\/sv-se\/","name":"Swift Casino","description":"","potentialAction":[{"@type":"SearchAction","target":{"@type":"EntryPoint","urlTemplate":"https:\/\/www.swiftcasino.com\/sv-se\/?s={search_term_string}"},"query-input":"required name=search_term_string"}],"inLanguage":"en-US"}]}},"_links":{"self":[{"href":"https:\/\/www.swiftcasino.com\/sv-se\/wp-json\/wp\/v2\/pages\/1829"}],"collection":[{"href":"https:\/\/www.swiftcasino.com\/sv-se\/wp-json\/wp\/v2\/pages"}],"about":[{"href":"https:\/\/www.swiftcasino.com\/sv-se\/wp-json\/wp\/v2\/types\/page"}],"author":[{"embeddable":true,"href":"https:\/\/www.swiftcasino.com\/sv-se\/wp-json\/wp\/v2\/users\/1"}],"replies":[{"embeddable":true,"href":"https:\/\/www.swiftcasino.com\/sv-se\/wp-json\/wp\/v2\/comments?post=1829"}],"version-history":[{"count":7,"href":"https:\/\/www.swiftcasino.com\/sv-se\/wp-json\/wp\/v2\/pages\/1829\/revisions"}],"predecessor-version":[{"id":2365,"href":"https:\/\/www.swiftcasino.com\/sv-se\/wp-json\/wp\/v2\/pages\/1829\/revisions\/2365"}],"up":[{"embeddable":true,"href":"https:\/\/www.swiftcasino.com\/sv-se\/wp-json\/wp\/v2\/pages\/61"}],"wp:attachment":[{"href":"https:\/\/www.swiftcasino.com\/sv-se\/wp-json\/wp\/v2\/media?parent=1829"}],"curies":[{"name":"wp","href":"https:\/\/api.w.org\/{rel}","templated":true}]}}