{"id":1836,"date":"2024-07-23T12:41:33","date_gmt":"2024-07-23T12:41:33","guid":{"rendered":"https:\/\/www.swiftcasino.com\/sv-se\/?page_id=1836"},"modified":"2025-09-17T12:14:18","modified_gmt":"2025-09-17T12:14:18","slug":"le-bandit","status":"publish","type":"page","link":"https:\/\/www.swiftcasino.com\/sv-se\/spel\/le-bandit\/","title":{"rendered":"Le Bandit"},"content":{"rendered":"<div class=\"feature main6\" style=\"margin-top:20px;\">\n<p>M\u00f6t den rasande tv\u00e4ttbj\u00f6rnen som g\u00e5r runt i en m\u00f6rk gr\u00e4nd, redo att f\u00f6lja med dig i raiden. Denna videoslot \u00e4r designad av Hacksaw Gaming och har en klusterbetalningsmekanism som erbjuder den h\u00f6gsta potentiella utbetalningen p\u00e5 10 000 g\u00e5nger insatsen. Det finns minst 10 symboler p\u00e5 hjulen som kommer att spela en stor roll f\u00f6r att ge dig bel\u00f6ningar och \u00f6verraskningar p\u00e5 v\u00e4gen.<\/p>\n<p>Spelautomaten kan spelas med en l\u00e4gsta insats p\u00e5 0,10 kr och ett h\u00f6gsta insatsv\u00e4rde p\u00e5 100 kr per snurr. Det finns fyra inst\u00e4llningar f\u00f6r RTP som du kan spela i det h\u00e4r spelet, d\u00e4r 96,34% \u00e4r standard. Utforska denna slot p\u00e5 <a href=\"https:\/\/www.swiftcasino.com\/sv-se\/\" hreflang=\"sv\">Swift Casino<\/a> och f\u00e5 en smak av dess unika funktioner som Super Cascade, Win to Win, Luck Of The Bandit, All That Glitters Is Gold, Treasure At The End Of The Rainbow och mer.<\/p>\n<h2 class=\"main1\">Hur du spelar Le Bandit<\/h2>\n<p>Le Bandit \u00e4r upplagd p\u00e5 6&#215;5 hjul och rader, d\u00e4r vinnande kombinationer skapas p\u00e5 intilliggande hjul och de vinnande kombinationerna r\u00e4knas fr\u00e5n v\u00e4nster till h\u00f6ger. F\u00f6r att b\u00f6rja landa p\u00e5 de vinnande linjerna m\u00e5ste du f\u00e5 minst fem symboler var som helst p\u00e5 hjulen. Med en tr\u00e4ffrekvens p\u00e5 32,47% kan du f\u00f6rv\u00e4nta dig att se vinster i vart tredje snurr i genomsnitt. Missa inte de m\u00e5nga bonussymbolerna och funktionerna f\u00f6r att f\u00f6rb\u00e4ttra din vinstpotential!<\/p>\n<\/p>\n<p><center><img decoding=\"async\" src=\"https:\/\/www.swiftcasino.com\/sv-se\/wp-content\/uploads\/2024\/09\/Thumbnail-2-le-bandit.webp\" alt=\"Le Bandit Screenshot\" title=\"Le Bandit Screenshot\"><\/center><\/p>\n<\/div>\n<div class=\"feature main6\" style=\"margin-top:20px;\">\n<h3 class=\"main1\">Le Bandit bonusfunktioner<\/h3>\n<p>Le Bandit \u00e4r fullpackad med fantastiska bonusfunktioner och symboler som kan anv\u00e4ndas till fullo f\u00f6r b\u00e4sta chans att vinna. Ta en titt p\u00e5 funktionerna h\u00e4r:<\/p>\n<h4 class=\"main1\">Win to Win<\/h4>\n<p>N\u00e4r en vinnande kombination bildas kan de matchande symbolerna skapa en gyllene fyrkant om en regnb\u00e5gssymbol \u00e4r inblandad. Golden Square visar antingen brons-, silver- eller guldmynt med olika v\u00e4rden, som kan vara s\u00e5 mycket v\u00e4rda som upp till 500x. N\u00e4r multiplikatorerna betalas ut kan en fyrkl\u00f6ver dyka upp om du har tur, och detta hj\u00e4lper till att \u00f6ka ditt utbetalningsv\u00e4rde och ge dig en bel\u00f6ning i form av guldkruka-symboler med multiplikatorv\u00e4rden upp till 10x. Att f\u00e5 guldkrukan bel\u00f6nar dig med en ny upps\u00e4ttning symboler, vilket ger dig fler chanser att vinna. I slutet av den h\u00e4r funktionen l\u00e4ggs alla vinnande v\u00e4rden till och multipliceras med din basinsats innan du f\u00e5r din utbetalning.<\/p>\n<h4 class=\"main1\">Gratissnurr<\/h4>\n<p>Till skillnad fr\u00e5n de vanliga gratissnurren i spelautomater som Fire Joker och Big Bass Bonanza kommer gratissnurrfunktionen i Le Bandit i olika former \u2013 Luck of the Bandit, All That Glitters Is Gold och Treasure at the End of the Rainbow. Dessa bonusrundor aktiveras beroende p\u00e5 vilka Scatter-symboler du tr\u00e4ffar.<\/p>\n<p>Luck of the Bandit bel\u00f6nar dig med 8 gratisspel n\u00e4r du f\u00e5r mer \u00e4n 3 Scatter-symboler. All That Glitters Is Gold bel\u00f6nar dig med 12 gratisspel n\u00e4r du landar mer \u00e4n 4 Scatter-symboler. Treasure at the End of the Rainbow bel\u00f6nar dig med ytterligare 12 gratissnurr n\u00e4r du tr\u00e4ffar 5 Scatter-symboler. I alla dessa omg\u00e5ngar kan gratissnurren utl\u00f6sas s\u00e5 l\u00e4nge Scatter-symboler landar.<\/p>\n<\/div>\n<div class=\"feature main6\" style=\"margin-top:20px;\">\n<h3 class=\"main1\">Spelautomatens tema och design<\/h3>\n<p>Hacksaw Gaming har gjort ett utm\u00e4rkt jobb med temat och designen av denna spelautomat. Temakonceptet liknar Rip City av samma leverant\u00f6r. Grundtemat f\u00f6r Le Bandit \u00e4r djur och brott, med en arg tv\u00e4ttbj\u00f6rn som huvudperson. Du hamnar mitt i en skuggig gr\u00e4nd omgiven av papperskorgar och sopor, och d\u00e4r v\u00e4ntar den lurviga kompisen p\u00e5 att plundra lite godsaker. Spelautomatens design \u00e4r v\u00e4ldigt enkel med spelets titel i stor text h\u00f6gst upp. Spelets \u00f6vergripande dragningskraft fullbordas med positiva ljudeffekter och glad musik i bakgrunden.<\/p>\n<h2 class=\"main1\">Kom ig\u00e5ng med Le Bandit p\u00e5 Swift Casino<\/h2>\n<p>Letar du efter ett p\u00e5litligt <a href=\"https:\/\/www.swiftcasino.com\/sv-se\/\" hreflang=\"sv\">online casino<\/a> f\u00f6r att snurra p\u00e5 hjulen p\u00e5 Le Bandit? D\u00e5 har du kommit till r\u00e4tt plattform. Swift Casino erbjuder inte bara ett o\u00e4ndligt utbud av spelautomater online utan \u00e4ven andra <a href=\"https:\/\/www.swiftcasino.com\/sv-se\/spel\/\" hreflang=\"sv\">casinospel<\/a> som <a href=\"https:\/\/www.swiftcasino.com\/sv-se\/blackjack\/\" hreflang=\"sv\">blackjack<\/a>, <a href=\"https:\/\/www.swiftcasino.com\/sv-se\/roulette\/\" hreflang=\"sv\">roulette<\/a>, jackpott och <a href=\"https:\/\/www.swiftcasino.com\/sv-se\/livecasino\/\" hreflang=\"sv\">live casino<\/a>. Det b\u00e4sta \u00e4r att du kan f\u00e5 gratis bonussnurr vid din f\u00f6rsta registrering! Registrera dig helt enkelt p\u00e5 v\u00e5r <a href=\"https:\/\/www.swiftcasino.com\/sv-se\/mobilcasino\/\" hreflang=\"sv\">mobilcasinosajt<\/a> och utforska v\u00e5ra andra stora spelautomater som Gonzos Quest, <a href=\"https:\/\/www.swiftcasino.com\/sv-se\/spel\/divine-fortune\/\" hreflang=\"sv\">Divine Fortune<\/a>, <a href=\"https:\/\/www.swiftcasino.com\/sv-se\/spel\/sugar-rush-1000\/\" hreflang=\"sv\">Sugar Rush 1000<\/a>, Extra Chilli, Fire Joker, Big Bass Bonanza och mer! Registrera dig hos oss idag och dra nytta av v\u00e5r v\u00e4lkomstbonus.<\/p>\n<\/p>\n<p><center><img decoding=\"async\" src=\"https:\/\/www.swiftcasino.com\/sv-se\/wp-content\/uploads\/2024\/09\/Thumbnail-3-le-bandit.webp\" alt=\"Le Bandit Screenshot\" title=\"Le Bandit Screenshot\"><\/center><\/p>\n<\/div>\n","protected":false},"excerpt":{"rendered":"<p>M\u00f6t den rasande tv\u00e4ttbj\u00f6rnen som g\u00e5r runt i en m\u00f6rk gr\u00e4nd, redo att f\u00f6lja med dig i raiden. Denna videoslot \u00e4r designad av Hacksaw Gaming och har en klusterbetalningsmekanism som erbjuder den h\u00f6gsta potentiella utbetalningen p\u00e5 10 000 g\u00e5nger insatsen. Det finns minst 10 symboler p\u00e5 hjulen som kommer att spela en stor roll f\u00f6r [&hellip;]<\/p>\n","protected":false},"author":1,"featured_media":0,"parent":61,"menu_order":0,"comment_status":"closed","ping_status":"closed","template":"single-game-template.php","meta":{"footnotes":""},"class_list":["post-1836","page","type-page","status-publish","hentry"],"yoast_head":"<!-- This site is optimized with the Yoast SEO plugin v23.2 - https:\/\/yoast.com\/wordpress\/plugins\/seo\/ -->\n<title>Spela Le Bandit Slot online p\u00e5 Swift Casino SE<\/title>\n<meta name=\"description\" content=\"En rasande tv\u00e4ttbj\u00f6rn \u00e4r p\u00e5 fri fot, och han kan hj\u00e4lpa dig med att f\u00e5 gratisbonusar och mystiska bel\u00f6ningar. Snurra p\u00e5 hjulen i Le Bandit p\u00e5 Swift Casino!\" \/>\n<meta name=\"robots\" content=\"index, follow, max-snippet:-1, max-image-preview:large, max-video-preview:-1\" \/>\n<link rel=\"canonical\" href=\"https:\/\/www.swiftcasino.com\/sv-se\/spel\/le-bandit\/\" \/>\n<meta property=\"og:locale\" content=\"en_US\" \/>\n<meta property=\"og:type\" content=\"article\" \/>\n<meta property=\"og:title\" content=\"Spela Le Bandit Slot online p\u00e5 Swift Casino SE\" \/>\n<meta property=\"og:description\" content=\"En rasande tv\u00e4ttbj\u00f6rn \u00e4r p\u00e5 fri fot, och han kan hj\u00e4lpa dig med att f\u00e5 gratisbonusar och mystiska bel\u00f6ningar. Snurra p\u00e5 hjulen i Le Bandit p\u00e5 Swift Casino!\" \/>\n<meta property=\"og:url\" content=\"https:\/\/www.swiftcasino.com\/sv-se\/spel\/le-bandit\/\" \/>\n<meta property=\"og:site_name\" content=\"Swift Casino\" \/>\n<meta property=\"article:modified_time\" content=\"2025-09-17T12:14:18+00:00\" \/>\n<meta property=\"og:image\" content=\"https:\/\/www.swiftcasino.com\/sv-se\/wp-content\/uploads\/2024\/09\/Thumbnail-2-le-bandit.webp\" \/>\n<meta name=\"twitter:card\" content=\"summary_large_image\" \/>\n<meta name=\"twitter:label1\" content=\"Est. reading time\" \/>\n\t<meta name=\"twitter:data1\" content=\"4 minutes\" \/>\n<script type=\"application\/ld+json\" class=\"yoast-schema-graph\">{\"@context\":\"https:\/\/schema.org\",\"@graph\":[{\"@type\":\"WebPage\",\"@id\":\"https:\/\/www.swiftcasino.com\/sv-se\/spel\/le-bandit\/\",\"url\":\"https:\/\/www.swiftcasino.com\/sv-se\/spel\/le-bandit\/\",\"name\":\"Spela Le Bandit Slot online p\u00e5 Swift Casino SE\",\"isPartOf\":{\"@id\":\"https:\/\/www.swiftcasino.com\/sv-se\/#website\"},\"primaryImageOfPage\":{\"@id\":\"https:\/\/www.swiftcasino.com\/sv-se\/spel\/le-bandit\/#primaryimage\"},\"image\":{\"@id\":\"https:\/\/www.swiftcasino.com\/sv-se\/spel\/le-bandit\/#primaryimage\"},\"thumbnailUrl\":\"https:\/\/www.swiftcasino.com\/sv-se\/wp-content\/uploads\/2024\/09\/Thumbnail-2-le-bandit.webp\",\"datePublished\":\"2024-07-23T12:41:33+00:00\",\"dateModified\":\"2025-09-17T12:14:18+00:00\",\"description\":\"En rasande tv\u00e4ttbj\u00f6rn \u00e4r p\u00e5 fri fot, och han kan hj\u00e4lpa dig med att f\u00e5 gratisbonusar och mystiska bel\u00f6ningar. Snurra p\u00e5 hjulen i Le Bandit p\u00e5 Swift Casino!\",\"breadcrumb\":{\"@id\":\"https:\/\/www.swiftcasino.com\/sv-se\/spel\/le-bandit\/#breadcrumb\"},\"inLanguage\":\"en-US\",\"potentialAction\":[{\"@type\":\"ReadAction\",\"target\":[\"https:\/\/www.swiftcasino.com\/sv-se\/spel\/le-bandit\/\"]}]},{\"@type\":\"ImageObject\",\"inLanguage\":\"en-US\",\"@id\":\"https:\/\/www.swiftcasino.com\/sv-se\/spel\/le-bandit\/#primaryimage\",\"url\":\"https:\/\/www.swiftcasino.com\/sv-se\/wp-content\/uploads\/2024\/09\/Thumbnail-2-le-bandit.webp\",\"contentUrl\":\"https:\/\/www.swiftcasino.com\/sv-se\/wp-content\/uploads\/2024\/09\/Thumbnail-2-le-bandit.webp\",\"width\":760,\"height\":420},{\"@type\":\"BreadcrumbList\",\"@id\":\"https:\/\/www.swiftcasino.com\/sv-se\/spel\/le-bandit\/#breadcrumb\",\"itemListElement\":[{\"@type\":\"ListItem\",\"position\":1,\"name\":\"Home\",\"item\":\"https:\/\/www.swiftcasino.com\/sv-se\/\"},{\"@type\":\"ListItem\",\"position\":2,\"name\":\"Spel\",\"item\":\"https:\/\/www.swiftcasino.com\/sv-se\/spel\/\"},{\"@type\":\"ListItem\",\"position\":3,\"name\":\"Le Bandit\"}]},{\"@type\":\"WebSite\",\"@id\":\"https:\/\/www.swiftcasino.com\/sv-se\/#website\",\"url\":\"https:\/\/www.swiftcasino.com\/sv-se\/\",\"name\":\"Swift Casino\",\"description\":\"\",\"potentialAction\":[{\"@type\":\"SearchAction\",\"target\":{\"@type\":\"EntryPoint\",\"urlTemplate\":\"https:\/\/www.swiftcasino.com\/sv-se\/?s={search_term_string}\"},\"query-input\":\"required name=search_term_string\"}],\"inLanguage\":\"en-US\"}]}<\/script>\n<!-- \/ Yoast SEO plugin. -->","yoast_head_json":{"title":"Spela Le Bandit Slot online p\u00e5 Swift Casino SE","description":"En rasande tv\u00e4ttbj\u00f6rn \u00e4r p\u00e5 fri fot, och han kan hj\u00e4lpa dig med att f\u00e5 gratisbonusar och mystiska bel\u00f6ningar. Snurra p\u00e5 hjulen i Le Bandit p\u00e5 Swift Casino!","robots":{"index":"index","follow":"follow","max-snippet":"max-snippet:-1","max-image-preview":"max-image-preview:large","max-video-preview":"max-video-preview:-1"},"canonical":"https:\/\/www.swiftcasino.com\/sv-se\/spel\/le-bandit\/","og_locale":"en_US","og_type":"article","og_title":"Spela Le Bandit Slot online p\u00e5 Swift Casino SE","og_description":"En rasande tv\u00e4ttbj\u00f6rn \u00e4r p\u00e5 fri fot, och han kan hj\u00e4lpa dig med att f\u00e5 gratisbonusar och mystiska bel\u00f6ningar. Snurra p\u00e5 hjulen i Le Bandit p\u00e5 Swift Casino!","og_url":"https:\/\/www.swiftcasino.com\/sv-se\/spel\/le-bandit\/","og_site_name":"Swift Casino","article_modified_time":"2025-09-17T12:14:18+00:00","og_image":[{"url":"https:\/\/www.swiftcasino.com\/sv-se\/wp-content\/uploads\/2024\/09\/Thumbnail-2-le-bandit.webp"}],"twitter_card":"summary_large_image","twitter_misc":{"Est. reading time":"4 minutes"},"schema":{"@context":"https:\/\/schema.org","@graph":[{"@type":"WebPage","@id":"https:\/\/www.swiftcasino.com\/sv-se\/spel\/le-bandit\/","url":"https:\/\/www.swiftcasino.com\/sv-se\/spel\/le-bandit\/","name":"Spela Le Bandit Slot online p\u00e5 Swift Casino SE","isPartOf":{"@id":"https:\/\/www.swiftcasino.com\/sv-se\/#website"},"primaryImageOfPage":{"@id":"https:\/\/www.swiftcasino.com\/sv-se\/spel\/le-bandit\/#primaryimage"},"image":{"@id":"https:\/\/www.swiftcasino.com\/sv-se\/spel\/le-bandit\/#primaryimage"},"thumbnailUrl":"https:\/\/www.swiftcasino.com\/sv-se\/wp-content\/uploads\/2024\/09\/Thumbnail-2-le-bandit.webp","datePublished":"2024-07-23T12:41:33+00:00","dateModified":"2025-09-17T12:14:18+00:00","description":"En rasande tv\u00e4ttbj\u00f6rn \u00e4r p\u00e5 fri fot, och han kan hj\u00e4lpa dig med att f\u00e5 gratisbonusar och mystiska bel\u00f6ningar. Snurra p\u00e5 hjulen i Le Bandit p\u00e5 Swift Casino!","breadcrumb":{"@id":"https:\/\/www.swiftcasino.com\/sv-se\/spel\/le-bandit\/#breadcrumb"},"inLanguage":"en-US","potentialAction":[{"@type":"ReadAction","target":["https:\/\/www.swiftcasino.com\/sv-se\/spel\/le-bandit\/"]}]},{"@type":"ImageObject","inLanguage":"en-US","@id":"https:\/\/www.swiftcasino.com\/sv-se\/spel\/le-bandit\/#primaryimage","url":"https:\/\/www.swiftcasino.com\/sv-se\/wp-content\/uploads\/2024\/09\/Thumbnail-2-le-bandit.webp","contentUrl":"https:\/\/www.swiftcasino.com\/sv-se\/wp-content\/uploads\/2024\/09\/Thumbnail-2-le-bandit.webp","width":760,"height":420},{"@type":"BreadcrumbList","@id":"https:\/\/www.swiftcasino.com\/sv-se\/spel\/le-bandit\/#breadcrumb","itemListElement":[{"@type":"ListItem","position":1,"name":"Home","item":"https:\/\/www.swiftcasino.com\/sv-se\/"},{"@type":"ListItem","position":2,"name":"Spel","item":"https:\/\/www.swiftcasino.com\/sv-se\/spel\/"},{"@type":"ListItem","position":3,"name":"Le Bandit"}]},{"@type":"WebSite","@id":"https:\/\/www.swiftcasino.com\/sv-se\/#website","url":"https:\/\/www.swiftcasino.com\/sv-se\/","name":"Swift Casino","description":"","potentialAction":[{"@type":"SearchAction","target":{"@type":"EntryPoint","urlTemplate":"https:\/\/www.swiftcasino.com\/sv-se\/?s={search_term_string}"},"query-input":"required name=search_term_string"}],"inLanguage":"en-US"}]}},"_links":{"self":[{"href":"https:\/\/www.swiftcasino.com\/sv-se\/wp-json\/wp\/v2\/pages\/1836"}],"collection":[{"href":"https:\/\/www.swiftcasino.com\/sv-se\/wp-json\/wp\/v2\/pages"}],"about":[{"href":"https:\/\/www.swiftcasino.com\/sv-se\/wp-json\/wp\/v2\/types\/page"}],"author":[{"embeddable":true,"href":"https:\/\/www.swiftcasino.com\/sv-se\/wp-json\/wp\/v2\/users\/1"}],"replies":[{"embeddable":true,"href":"https:\/\/www.swiftcasino.com\/sv-se\/wp-json\/wp\/v2\/comments?post=1836"}],"version-history":[{"count":10,"href":"https:\/\/www.swiftcasino.com\/sv-se\/wp-json\/wp\/v2\/pages\/1836\/revisions"}],"predecessor-version":[{"id":2381,"href":"https:\/\/www.swiftcasino.com\/sv-se\/wp-json\/wp\/v2\/pages\/1836\/revisions\/2381"}],"up":[{"embeddable":true,"href":"https:\/\/www.swiftcasino.com\/sv-se\/wp-json\/wp\/v2\/pages\/61"}],"wp:attachment":[{"href":"https:\/\/www.swiftcasino.com\/sv-se\/wp-json\/wp\/v2\/media?parent=1836"}],"curies":[{"name":"wp","href":"https:\/\/api.w.org\/{rel}","templated":true}]}}