{"id":1842,"date":"2024-07-23T13:03:12","date_gmt":"2024-07-23T13:03:12","guid":{"rendered":"https:\/\/www.swiftcasino.com\/sv-se\/?page_id=1842"},"modified":"2025-09-17T12:18:02","modified_gmt":"2025-09-17T12:18:02","slug":"sugar-rush-1000","status":"publish","type":"page","link":"https:\/\/www.swiftcasino.com\/sv-se\/spel\/sugar-rush-1000\/","title":{"rendered":"Sugar Rush 1000"},"content":{"rendered":"<div class=\"feature main6\" style=\"margin-top:20px;\">\n<p id=\"overview\">Sugar Rush 1000 \u00e4r en uppf\u00f6ljare till spelautomaten Sugar Rush fr\u00e5n Pragmatic Play, och \u00e4r en av de mest popul\u00e4ra spelautomaterna 2024. Spelet tar sp\u00e4nningen i originalspelet till en helt ny niv\u00e5 av s\u00f6tma. Med ett rutn\u00e4t p\u00e5 7&#215;7 laddat med olika sorters l\u00e4ckra godisbitar ger denna videoslot dig definitivt den sockerrush du beh\u00f6ver. Spela med multiplikatorer och gratissnurr och f\u00e5 en chans att vinna upp till 25 000 g\u00e5nger insatsen. Prova denna slot p\u00e5 Swift Casino nu.<\/p>\n<h2 class=\"main1\">Hur du spelar Sugar Rush 1000<\/h2>\n<p>Att spela Sugar Rush 1000 p\u00e5 Swift Casino \u00e4r superenkelt och l\u00e4tt att f\u00f6lja. Spelautomaten \u00e4r designad med 7&#215;7 hjul med en klusterbetalningsmekanism. Eftersom det inte finns n\u00e5gra vanliga vinstlinjer i spelet bildas alla vinnande kombinationer n\u00e4r fler \u00e4n fem matchande par landar i ett kluster var som helst p\u00e5 hjulen. Det finns minst \u00e5tta symboler som ger dig multiplikatorbel\u00f6ningar f\u00f6r varje vinst, d\u00e4r det h\u00f6gsta v\u00e4rdet \u00e4r 300x n\u00e4r du landar 15+ av den runda rosa godisbiten. \u00c4ven om det inte finns n\u00e5gon Wild-symbol i det h\u00e4r spelet finns det en tumlingsfunktion som f\u00f6rb\u00e4ttrar dina vinstodds. F\u00f6r att starta spelet justerar du helt enkelt din totala insats och myntv\u00e4rde fr\u00e5n knapparna &#8211; och +, och klickar sen p\u00e5 den stora knappen i mitten.<\/p>\n<\/p>\n<p><center><img decoding=\"async\" src=\"https:\/\/www.swiftcasino.com\/sv-se\/wp-content\/uploads\/2024\/09\/Thumbnail-2-sugar-rush-1000.webp\" alt=\"Sugar Rush 1000 Screenshot\" title=\"Sugar Rush 1000 Screenshot\"><\/center><\/p>\n<\/div>\n<div class=\"feature main6\" style=\"margin-top:20px;\">\n<h3 class=\"main1\">Sugar Rush 1000  bonusfunktioner<\/h3>\n<p>Nedan \u00e4r bonusfunktionerna som erbjuds i denna fantastiska <a href=\"https:\/\/www.swiftcasino.com\/sv-se\/spelautomater\/\" hreflang=\"sv\">onlineslot<\/a> hos Swift Casino:<\/p>\n<h4 class=\"main1\">Tumble<\/h4>\n<p>Ist\u00e4llet f\u00f6r Wild-symbol har Sugar Rush 1000 en Tumble-funktion, som kan l\u00e5sas upp n\u00e4r du landar en vinnande kombination. De matchande symbolerna tas sedan bort och ers\u00e4tts av nya set genom att falla fr\u00e5n toppen, vilket skapar ytterligare vinstchanser. Detta forts\u00e4tter tills inga vinnande par kan skapas. Under denna funktion kan multiplikatorfl\u00e4ckar (Multiplier Spots) l\u00e5sas upp.<\/p>\n<h4 class=\"main1\">Multiplikatorfl\u00e4ckar<\/h4>\n<p>Denna bonusfunktion erbjuder multiplikatorer n\u00e4r ett vinnande par matchas p\u00e5 hjulen. Efter att symbolerna exploderat tar en multiplikator som b\u00f6rjar fr\u00e5n 2x \u00f6ver platsen, vilket dubblar v\u00e4rdet varje g\u00e5ng en annan vinnande kombination matchar p\u00e5 hjulen. Denna funktion kan ge dig en multiplikator p\u00e5 upp till 1024x.<\/p>\n<h4 class=\"main1\">Gratissnurr<\/h4>\n<p>Gratissnurr kan l\u00e5sas upp genom att f\u00e5 minst tre Scatter-symboler p\u00e5 hjulen. Beroende p\u00e5 hur m\u00e5nga Scatter-symboler du landar, 3, 4, 5, 6 eller 7, kan du bel\u00f6nas med 10, 12, 15, 20 eller 30 gratissnurr. Denna bonusfunktion kan \u00e5teraktiveras n\u00e4r du landar fler Scatter-symboler under gratisspelen. Under gratissnurrfunktionen kommer omr\u00e5det som upptas av multiplikatorplatserna att f\u00f6rbli intakt tills funktionen tar slut.<\/p>\n<\/div>\n<div class=\"feature main6\" style=\"margin-top:20px;\">\n<h3 class=\"main1\">Spelautomatens tema och design<\/h3>\n<p>Temat f\u00f6r Sugar Rush 1000 kretsar kring godis och s\u00f6tsaker, precis som det ursprungliga Sugar Rush-spelet. Fr\u00e5n symbolerna till de grafiska illustrationerna av slotdesignen verkar allt levande i detta spel. Spelet utspelar sig med andra ord i ett godisland fullt av gummiaktig gel\u00e9, en chokladfont\u00e4n, berg av marshmallows och andra animerade karakt\u00e4rer. Spelautomaten \u00e4r ocks\u00e5 designad som en godismaskin p\u00e5 sidorna, vilket \u00e5terspeglar de traditionella arkadhallarna. Andra popul\u00e4ra spelautomater online med liknande teman du kan utforska hos Swift \u00e4r <a href=\"https:\/\/www.swiftcasino.com\/sv-se\/spel\/sweet-bonanza\/\" hreflang=\"sv\">Sweet Bonanza<\/a>, Jammin&#8217; Jars, Candy Dreams med flera.<\/p>\n<h2 class=\"main1\">Kom ig\u00e5ng med Sugar Rush 1000 p\u00e5 Swift Casino<\/h2>\n<p>G\u00e5 med i Swift Casino f\u00f6r att ge dig ut p\u00e5 din resa med onlinespel. Vi erbjuder den ultimata spelplattformen online f\u00f6r entusiastiska spelare att utforska och \u00e5teruppt\u00e4cka sina intressen f\u00f6r <a href=\"https:\/\/www.swiftcasino.com\/sv-se\/spel\/\" hreflang=\"sv\">casinospel<\/a>. S\u00e5, oavsett om du vill spela p\u00e5 v\u00e5r mobila casinoplattform eller p\u00e5 din dator via din webbl\u00e4sare erbjuder vi det smidigaste gr\u00e4nssnittet p\u00e5 marknaden! F\u00f6rutom Sugar Rush 1000 kan du \u00e4ven utforska ett omfattande utbud av alternativ inom spelautomater, <a href=\"https:\/\/www.swiftcasino.com\/sv-se\/blackjack\/\" hreflang=\"sv\">blackjack<\/a>, roulette och <a href=\"https:\/\/www.swiftcasino.com\/sv-se\/livecasino\/\" hreflang=\"sv\">live-casino<\/a>. Det finns ingen b\u00e4ttre plats p\u00e5 internet d\u00e4r du kan uppleva det ultimata \u00e4ventyret medan du spelar de b\u00e4sta <a href=\"https:\/\/www.swiftcasino.com\/sv-se\/spelautomater\/\" hreflang=\"sv\">spelautomaterna online<\/a> som <a href=\"https:\/\/www.swiftcasino.com\/sv-se\/spel\/le-bandit\/\" hreflang=\"sv\">Le Bandit<\/a>, Extra Chilli, Sweet Bonanza, Fire Joker, Big Bass Bonanza och m\u00e5nga fler p\u00e5 Swift. Registrera dig hos oss idag och ta del av dina gratis bonussnurr n\u00e4r du har slutf\u00f6rt din registrering och gjort din f\u00f6rsta ins\u00e4ttning!<\/p>\n<\/p>\n<p><center><img decoding=\"async\" src=\"https:\/\/www.swiftcasino.com\/sv-se\/wp-content\/uploads\/2024\/09\/Thumbnail-3-sugar-rush-1000.webp\" alt=\"Sugar Rush 1000 Screenshot\" title=\"Sugar Rush 1000 Screenshot\"><\/center><\/p>\n<\/div>\n","protected":false},"excerpt":{"rendered":"<p>Sugar Rush 1000 \u00e4r en uppf\u00f6ljare till spelautomaten Sugar Rush fr\u00e5n Pragmatic Play, och \u00e4r en av de mest popul\u00e4ra spelautomaterna 2024. Spelet tar sp\u00e4nningen i originalspelet till en helt ny niv\u00e5 av s\u00f6tma. Med ett rutn\u00e4t p\u00e5 7&#215;7 laddat med olika sorters l\u00e4ckra godisbitar ger denna videoslot dig definitivt den sockerrush du beh\u00f6ver. Spela [&hellip;]<\/p>\n","protected":false},"author":1,"featured_media":0,"parent":61,"menu_order":0,"comment_status":"closed","ping_status":"closed","template":"single-game-template.php","meta":{"footnotes":""},"class_list":["post-1842","page","type-page","status-publish","hentry"],"yoast_head":"<!-- This site is optimized with the Yoast SEO plugin v23.2 - https:\/\/yoast.com\/wordpress\/plugins\/seo\/ -->\n<title>Spela Sugar Rush 1000 online p\u00e5 Swift Casino SE<\/title>\n<meta name=\"description\" content=\"Unna dig de kluster av godis som erbjuds i Sugar Rush 1000. Den h\u00e4r uppf\u00f6ljaren \u00e4r tillbaka med fler sockerstinna godisbitar som kommer att ta dig till en s\u00f6t frenesi, spela nu!\" \/>\n<meta name=\"robots\" content=\"index, follow, max-snippet:-1, max-image-preview:large, max-video-preview:-1\" \/>\n<link rel=\"canonical\" href=\"https:\/\/www.swiftcasino.com\/sv-se\/spel\/sugar-rush-1000\/\" \/>\n<meta property=\"og:locale\" content=\"en_US\" \/>\n<meta property=\"og:type\" content=\"article\" \/>\n<meta property=\"og:title\" content=\"Spela Sugar Rush 1000 online p\u00e5 Swift Casino SE\" \/>\n<meta property=\"og:description\" content=\"Unna dig de kluster av godis som erbjuds i Sugar Rush 1000. Den h\u00e4r uppf\u00f6ljaren \u00e4r tillbaka med fler sockerstinna godisbitar som kommer att ta dig till en s\u00f6t frenesi, spela nu!\" \/>\n<meta property=\"og:url\" content=\"https:\/\/www.swiftcasino.com\/sv-se\/spel\/sugar-rush-1000\/\" \/>\n<meta property=\"og:site_name\" content=\"Swift Casino\" \/>\n<meta property=\"article:modified_time\" content=\"2025-09-17T12:18:02+00:00\" \/>\n<meta property=\"og:image\" content=\"https:\/\/www.swiftcasino.com\/sv-se\/wp-content\/uploads\/2024\/09\/Thumbnail-2-sugar-rush-1000.webp\" \/>\n<meta name=\"twitter:card\" content=\"summary_large_image\" \/>\n<meta name=\"twitter:label1\" content=\"Est. reading time\" \/>\n\t<meta name=\"twitter:data1\" content=\"4 minutes\" \/>\n<script type=\"application\/ld+json\" class=\"yoast-schema-graph\">{\"@context\":\"https:\/\/schema.org\",\"@graph\":[{\"@type\":\"WebPage\",\"@id\":\"https:\/\/www.swiftcasino.com\/sv-se\/spel\/sugar-rush-1000\/\",\"url\":\"https:\/\/www.swiftcasino.com\/sv-se\/spel\/sugar-rush-1000\/\",\"name\":\"Spela Sugar Rush 1000 online p\u00e5 Swift Casino SE\",\"isPartOf\":{\"@id\":\"https:\/\/www.swiftcasino.com\/sv-se\/#website\"},\"primaryImageOfPage\":{\"@id\":\"https:\/\/www.swiftcasino.com\/sv-se\/spel\/sugar-rush-1000\/#primaryimage\"},\"image\":{\"@id\":\"https:\/\/www.swiftcasino.com\/sv-se\/spel\/sugar-rush-1000\/#primaryimage\"},\"thumbnailUrl\":\"https:\/\/www.swiftcasino.com\/sv-se\/wp-content\/uploads\/2024\/09\/Thumbnail-2-sugar-rush-1000.webp\",\"datePublished\":\"2024-07-23T13:03:12+00:00\",\"dateModified\":\"2025-09-17T12:18:02+00:00\",\"description\":\"Unna dig de kluster av godis som erbjuds i Sugar Rush 1000. Den h\u00e4r uppf\u00f6ljaren \u00e4r tillbaka med fler sockerstinna godisbitar som kommer att ta dig till en s\u00f6t frenesi, spela nu!\",\"breadcrumb\":{\"@id\":\"https:\/\/www.swiftcasino.com\/sv-se\/spel\/sugar-rush-1000\/#breadcrumb\"},\"inLanguage\":\"en-US\",\"potentialAction\":[{\"@type\":\"ReadAction\",\"target\":[\"https:\/\/www.swiftcasino.com\/sv-se\/spel\/sugar-rush-1000\/\"]}]},{\"@type\":\"ImageObject\",\"inLanguage\":\"en-US\",\"@id\":\"https:\/\/www.swiftcasino.com\/sv-se\/spel\/sugar-rush-1000\/#primaryimage\",\"url\":\"https:\/\/www.swiftcasino.com\/sv-se\/wp-content\/uploads\/2024\/09\/Thumbnail-2-sugar-rush-1000.webp\",\"contentUrl\":\"https:\/\/www.swiftcasino.com\/sv-se\/wp-content\/uploads\/2024\/09\/Thumbnail-2-sugar-rush-1000.webp\",\"width\":760,\"height\":420},{\"@type\":\"BreadcrumbList\",\"@id\":\"https:\/\/www.swiftcasino.com\/sv-se\/spel\/sugar-rush-1000\/#breadcrumb\",\"itemListElement\":[{\"@type\":\"ListItem\",\"position\":1,\"name\":\"Home\",\"item\":\"https:\/\/www.swiftcasino.com\/sv-se\/\"},{\"@type\":\"ListItem\",\"position\":2,\"name\":\"Spel\",\"item\":\"https:\/\/www.swiftcasino.com\/sv-se\/spel\/\"},{\"@type\":\"ListItem\",\"position\":3,\"name\":\"Sugar Rush 1000\"}]},{\"@type\":\"WebSite\",\"@id\":\"https:\/\/www.swiftcasino.com\/sv-se\/#website\",\"url\":\"https:\/\/www.swiftcasino.com\/sv-se\/\",\"name\":\"Swift Casino\",\"description\":\"\",\"potentialAction\":[{\"@type\":\"SearchAction\",\"target\":{\"@type\":\"EntryPoint\",\"urlTemplate\":\"https:\/\/www.swiftcasino.com\/sv-se\/?s={search_term_string}\"},\"query-input\":\"required name=search_term_string\"}],\"inLanguage\":\"en-US\"}]}<\/script>\n<!-- \/ Yoast SEO plugin. -->","yoast_head_json":{"title":"Spela Sugar Rush 1000 online p\u00e5 Swift Casino SE","description":"Unna dig de kluster av godis som erbjuds i Sugar Rush 1000. Den h\u00e4r uppf\u00f6ljaren \u00e4r tillbaka med fler sockerstinna godisbitar som kommer att ta dig till en s\u00f6t frenesi, spela nu!","robots":{"index":"index","follow":"follow","max-snippet":"max-snippet:-1","max-image-preview":"max-image-preview:large","max-video-preview":"max-video-preview:-1"},"canonical":"https:\/\/www.swiftcasino.com\/sv-se\/spel\/sugar-rush-1000\/","og_locale":"en_US","og_type":"article","og_title":"Spela Sugar Rush 1000 online p\u00e5 Swift Casino SE","og_description":"Unna dig de kluster av godis som erbjuds i Sugar Rush 1000. Den h\u00e4r uppf\u00f6ljaren \u00e4r tillbaka med fler sockerstinna godisbitar som kommer att ta dig till en s\u00f6t frenesi, spela nu!","og_url":"https:\/\/www.swiftcasino.com\/sv-se\/spel\/sugar-rush-1000\/","og_site_name":"Swift Casino","article_modified_time":"2025-09-17T12:18:02+00:00","og_image":[{"url":"https:\/\/www.swiftcasino.com\/sv-se\/wp-content\/uploads\/2024\/09\/Thumbnail-2-sugar-rush-1000.webp"}],"twitter_card":"summary_large_image","twitter_misc":{"Est. reading time":"4 minutes"},"schema":{"@context":"https:\/\/schema.org","@graph":[{"@type":"WebPage","@id":"https:\/\/www.swiftcasino.com\/sv-se\/spel\/sugar-rush-1000\/","url":"https:\/\/www.swiftcasino.com\/sv-se\/spel\/sugar-rush-1000\/","name":"Spela Sugar Rush 1000 online p\u00e5 Swift Casino SE","isPartOf":{"@id":"https:\/\/www.swiftcasino.com\/sv-se\/#website"},"primaryImageOfPage":{"@id":"https:\/\/www.swiftcasino.com\/sv-se\/spel\/sugar-rush-1000\/#primaryimage"},"image":{"@id":"https:\/\/www.swiftcasino.com\/sv-se\/spel\/sugar-rush-1000\/#primaryimage"},"thumbnailUrl":"https:\/\/www.swiftcasino.com\/sv-se\/wp-content\/uploads\/2024\/09\/Thumbnail-2-sugar-rush-1000.webp","datePublished":"2024-07-23T13:03:12+00:00","dateModified":"2025-09-17T12:18:02+00:00","description":"Unna dig de kluster av godis som erbjuds i Sugar Rush 1000. Den h\u00e4r uppf\u00f6ljaren \u00e4r tillbaka med fler sockerstinna godisbitar som kommer att ta dig till en s\u00f6t frenesi, spela nu!","breadcrumb":{"@id":"https:\/\/www.swiftcasino.com\/sv-se\/spel\/sugar-rush-1000\/#breadcrumb"},"inLanguage":"en-US","potentialAction":[{"@type":"ReadAction","target":["https:\/\/www.swiftcasino.com\/sv-se\/spel\/sugar-rush-1000\/"]}]},{"@type":"ImageObject","inLanguage":"en-US","@id":"https:\/\/www.swiftcasino.com\/sv-se\/spel\/sugar-rush-1000\/#primaryimage","url":"https:\/\/www.swiftcasino.com\/sv-se\/wp-content\/uploads\/2024\/09\/Thumbnail-2-sugar-rush-1000.webp","contentUrl":"https:\/\/www.swiftcasino.com\/sv-se\/wp-content\/uploads\/2024\/09\/Thumbnail-2-sugar-rush-1000.webp","width":760,"height":420},{"@type":"BreadcrumbList","@id":"https:\/\/www.swiftcasino.com\/sv-se\/spel\/sugar-rush-1000\/#breadcrumb","itemListElement":[{"@type":"ListItem","position":1,"name":"Home","item":"https:\/\/www.swiftcasino.com\/sv-se\/"},{"@type":"ListItem","position":2,"name":"Spel","item":"https:\/\/www.swiftcasino.com\/sv-se\/spel\/"},{"@type":"ListItem","position":3,"name":"Sugar Rush 1000"}]},{"@type":"WebSite","@id":"https:\/\/www.swiftcasino.com\/sv-se\/#website","url":"https:\/\/www.swiftcasino.com\/sv-se\/","name":"Swift Casino","description":"","potentialAction":[{"@type":"SearchAction","target":{"@type":"EntryPoint","urlTemplate":"https:\/\/www.swiftcasino.com\/sv-se\/?s={search_term_string}"},"query-input":"required name=search_term_string"}],"inLanguage":"en-US"}]}},"_links":{"self":[{"href":"https:\/\/www.swiftcasino.com\/sv-se\/wp-json\/wp\/v2\/pages\/1842"}],"collection":[{"href":"https:\/\/www.swiftcasino.com\/sv-se\/wp-json\/wp\/v2\/pages"}],"about":[{"href":"https:\/\/www.swiftcasino.com\/sv-se\/wp-json\/wp\/v2\/types\/page"}],"author":[{"embeddable":true,"href":"https:\/\/www.swiftcasino.com\/sv-se\/wp-json\/wp\/v2\/users\/1"}],"replies":[{"embeddable":true,"href":"https:\/\/www.swiftcasino.com\/sv-se\/wp-json\/wp\/v2\/comments?post=1842"}],"version-history":[{"count":9,"href":"https:\/\/www.swiftcasino.com\/sv-se\/wp-json\/wp\/v2\/pages\/1842\/revisions"}],"predecessor-version":[{"id":2383,"href":"https:\/\/www.swiftcasino.com\/sv-se\/wp-json\/wp\/v2\/pages\/1842\/revisions\/2383"}],"up":[{"embeddable":true,"href":"https:\/\/www.swiftcasino.com\/sv-se\/wp-json\/wp\/v2\/pages\/61"}],"wp:attachment":[{"href":"https:\/\/www.swiftcasino.com\/sv-se\/wp-json\/wp\/v2\/media?parent=1842"}],"curies":[{"name":"wp","href":"https:\/\/api.w.org\/{rel}","templated":true}]}}