{"id":1857,"date":"2024-07-26T13:47:39","date_gmt":"2024-07-26T13:47:39","guid":{"rendered":"https:\/\/www.swiftcasino.com\/sv-se\/?page_id=1857"},"modified":"2025-09-17T12:03:05","modified_gmt":"2025-09-17T12:03:05","slug":"big-bass-bonanza","status":"publish","type":"page","link":"https:\/\/www.swiftcasino.com\/sv-se\/spel\/big-bass-bonanza\/","title":{"rendered":"Big Bass Bonanza"},"content":{"rendered":"<div class=\"feature main6\" style=\"margin-top: 20px;\">\n<p>Unna dig det mest sp\u00e4nnande fiske\u00e4ventyret med Big Bass Bonanza. Spelet \u00e4r framtaget av Pragmatic Play, vilket \u00e4r en av de ledande spelautomatutvecklarna. Denna videoslot har 5 hjul och 10 s\u00e4tt att vinna i spelet. Du kan rulla in fiskarna med ett l\u00e4gsta insbig-bass-bonanzaatsv\u00e4rde p\u00e5 10 \u00f6re upp mot hela 250 SEK per snurr, vilket erbjuder flexibilitet f\u00f6r alla spelare. Dessutom erbjuder Big Bass Bonanza ett h\u00f6gt RTP-f\u00f6rh\u00e5llande p\u00e5 96,71% och mellan medelh\u00f6g till h\u00f6g varians, vilket ger superintensiva spelsessioner.<\/p>\n<p>N\u00e5gra andra popul\u00e4ra spelautomater online med liknande teman som du kan njuta av p\u00e5 Swift Casino \u00e4r Fishin Frenzy, <a href=\"https:\/\/www.swiftcasino.com\/sv-se\/spel\/sugar-rush-1000\/\" hreflang=\"sv\">Sugar Rush 1000<\/a>, <a href=\"https:\/\/www.swiftcasino.com\/sv-se\/spel\/divine-fortune\/\" hreflang=\"sv\">Divine Fortune<\/a>, Gonzos Quest och Rainbow Riches. Spela nu!<\/p>\n<h2 class=\"main1\">Hur du spelar Big Bass Bonanza<\/h2>\n<p>Att spela Big Bass Bonanza p\u00e5 Swift Casino kr\u00e4ver inga speciella f\u00e4rdigheter. Allt du beh\u00f6ver \u00e4r att registrera ett spelkonto hos oss, g\u00f6ra en ins\u00e4ttning, st\u00e4lla in insatsgr\u00e4nsen per snurr och starta spelet! Gr\u00e4nssnittet f\u00f6r Big Bass Bonanza \u00e4r samma som Sweet Bonanza, som ocks\u00e5 kommer fr\u00e5n samma leverant\u00f6r. Det \u00e4r viktigt att l\u00e4ra sig om symbolerna och bonuskarakt\u00e4rerna som f\u00f6ljer med spelet eftersom de \u00e4r fullpackade med vinstmultiplikatorer, vilket kommer att f\u00f6rb\u00e4ttra dina vinster.<\/p>\n<p>Symboler som trollsl\u00e4ndan, fisken, fiskesp\u00f6et, redskapsl\u00e5dan och flotten kan ge dig stora vinster n\u00e4r du bildar de matchande symbolerna p\u00e5 de aktiva vinstlinjerna. Dessutom kommer Wilds och Scatters att ge dig extra f\u00f6rdelar genom att l\u00e5sa upp vissa funktioner i spelet, som till och med kan leda dig till den maximala utbetalningen p\u00e5 2 100 g\u00e5nger basinsatsens v\u00e4rde.<\/p>\n<p><center><img decoding=\"async\" src=\"https:\/\/www.swiftcasino.com\/sv-se\/wp-content\/uploads\/2024\/09\/Thumbnail-2-big-bass-bonanza.webp\" alt=\"Big Bass Bonanza Screenshot\" title=\"Big Bass Bonanza Screenshot\" \/><\/center><\/div>\n<div class=\"feature main6\" style=\"margin-top: 20px;\">\n<h3 class=\"main1\">Big Bass Bonanza bonusfunktioner<\/h3>\n<p>Det finns minst tolv olika sorters symboler i Big Bass Bonanza, och de \u00e4r nyckeln till att l\u00e5sa upp bonusfunktionerna i spelet.<\/p>\n<h4 class=\"main1\">Cash Collect<\/h4>\n<p>Denna bonusfunktion kan l\u00e5sas upp av Wild-symbolen som landar p\u00e5 hjulen under gratissnurrundorna. Wild-karakt\u00e4rerna samlar in vinstmultiplikatorer i form av pengasymbolerna p\u00e5 hjulen, och det ackumulerade v\u00e4rdet visas i m\u00e4taren p\u00e5 det \u00f6versta hjulet tills gratisspelsfunktionen tar slut. N\u00e4r gratisspelen \u00e4r \u00f6ver betalas insamlat kontantv\u00e4rde som visas p\u00e5 m\u00e4taren ut.<\/p>\n<h4 class=\"main1\">Wild Collection Trail<\/h4>\n<p>Under gratissnurrundan erbjuder Wild Collection Trail-funktionen m\u00f6jligheten att utl\u00f6sa ytterligare bonusrundor p\u00e5 var fj\u00e4rde Wild-karakt\u00e4r som visas p\u00e5 hjulen. Med den h\u00e4r specialfunktionen kan gratisspelen ut\u00f6kas till 10 omg\u00e5ngar och till och med \u00e5terutl\u00f6sas upp till tre g\u00e5nger. Dessutom \u00f6kar vinstmultiplikatorn upp till 10x i denna funktion.<\/p>\n<\/div>\n<div class=\"feature main6\" style=\"margin-top: 20px;\">\n<h4 class=\"main1\">Spelautomatens tema och design<\/h4>\n<p>Temat f\u00f6r spelautomaten Big Bass Bonanza \u00e4r byggt p\u00e5 ett fisketema. N\u00e4r du startar videosloten kommer en undervattensscen fylld med havsdjur v\u00e4lkomna dig att g\u00e5 med i spelet. Spelautomatens hjul \u00e4r designade vackert baserat p\u00e5 temat, inklusive karakt\u00e4rerna, som fisk, bete, redskapsl\u00e5da, flotte, trollsl\u00e4nda och Scatter. Designen \u00e4r ganska enkel och det finns inga extravaganta detaljer, vilket \u00e4r bra, eftersom det l\u00e5ter dig fokusera p\u00e5 spelet. Dessutom spelas fridfull musik i bakgrunden med realistiska ljudeffekter som bubblande vatten och naturens ljud, vilket g\u00f6r att denna slot sticker ut fr\u00e5n resten.<\/p>\n<h2 class=\"main1\">Kom ig\u00e5ng med Big Bass Bonanza p\u00e5 Swift Casino<\/h2>\n<p>Registrera dig p\u00e5 Swift Casino f\u00f6r att ge dig ut p\u00e5 din onlinecasinoresa och komma ig\u00e5ng med Big Bass Bonanza! Vi p\u00e5 Swift Casino erbjuder den b\u00e4sta spelplattformen online f\u00f6r h\u00e4ngivna spelare som du f\u00f6r att utforska och \u00e5teruppt\u00e4cka ditt intresse av casinospel. S\u00e5, oavsett om du f\u00f6redrar att spela p\u00e5 v\u00e5rt <a href=\"https:\/\/www.swiftcasino.com\/sv-se\/mobilcasino\/\" hreflang=\"sv\">mobilcasino<\/a> eller station\u00e4ra casinoplattform levererar vi det smidigaste gr\u00e4nssnittet till hands!<\/p>\n<p>F\u00f6rutom Big Bass Bonanza kan du \u00e4ven utforska v\u00e5ra andra popul\u00e4ra spelalternativ inom slots, blackjack, roulette, jackpott och live casino. Det finns ingen b\u00e4ttre plattform \u00e4n att uppleva det ultimata \u00e4ventyret medan du spelar ledande <a href=\"https:\/\/www.swiftcasino.com\/sv-se\/spelautomater\/\" hreflang=\"sv\">onlineslots<\/a> som <a href=\"https:\/\/www.swiftcasino.com\/sv-se\/spel\/le-bandit\/\" hreflang=\"sv\">Le Bandit<\/a>, Sweet Bonanza, <a href=\"https:\/\/www.swiftcasino.com\/sv-se\/spel\/sugar-rush-1000\/\" hreflang=\"sv\">Sugar Rush 1000<\/a>, <a href=\"https:\/\/www.swiftcasino.com\/sv-se\/spel\/fire-joker\/\" hreflang=\"sv\">Fire Joker<\/a>, Extra Chilli och m\u00e5nga fler p\u00e5 <a href=\"https:\/\/www.swiftcasino.com\/sv-se\/\" hreflang=\"sv\">Swift Casino<\/a>. Registrera dig hos oss idag och dra nytta av dina gratis bonussnurr n\u00e4r du registrerar dig och g\u00f6r din f\u00f6rsta ins\u00e4ttning!<\/p>\n<p><center><img decoding=\"async\" src=\"https:\/\/www.swiftcasino.com\/sv-se\/wp-content\/uploads\/2024\/09\/Thumbnail-3-bigg-bas-bonanza.webp\" alt=\"Big Bass Bonanza Screenshot\" title=\"Big Bass Bonanza Screenshot\" \/><\/center><\/div>\n","protected":false},"excerpt":{"rendered":"<p>Unna dig det mest sp\u00e4nnande fiske\u00e4ventyret med Big Bass Bonanza. Spelet \u00e4r framtaget av Pragmatic Play, vilket \u00e4r en av de ledande spelautomatutvecklarna. Denna videoslot har 5 hjul och 10 s\u00e4tt att vinna i spelet. Du kan rulla in fiskarna med ett l\u00e4gsta insbig-bass-bonanzaatsv\u00e4rde p\u00e5 10 \u00f6re upp mot hela 250 SEK per snurr, vilket [&hellip;]<\/p>\n","protected":false},"author":1,"featured_media":0,"parent":61,"menu_order":0,"comment_status":"closed","ping_status":"closed","template":"single-game-template.php","meta":{"footnotes":""},"class_list":["post-1857","page","type-page","status-publish","hentry"],"yoast_head":"<!-- This site is optimized with the Yoast SEO plugin v23.2 - https:\/\/yoast.com\/wordpress\/plugins\/seo\/ -->\n<title>Spela Big Bass Bonanza Online p\u00e5 Swift Casino Sverige<\/title>\n<meta name=\"description\" content=\"Denna spelautomat med fisketema \u00e4r platsen d\u00e4r ditt \u00e4ventyr b\u00f6rjar! G\u00e5 och fiska med fiskaren i Big Bass Bonanza och rulla in bel\u00f6nande multiplikatorer.\" \/>\n<meta name=\"robots\" content=\"index, follow, max-snippet:-1, max-image-preview:large, max-video-preview:-1\" \/>\n<link rel=\"canonical\" href=\"https:\/\/www.swiftcasino.com\/sv-se\/spel\/big-bass-bonanza\/\" \/>\n<meta property=\"og:locale\" content=\"en_US\" \/>\n<meta property=\"og:type\" content=\"article\" \/>\n<meta property=\"og:title\" content=\"Spela Big Bass Bonanza Online p\u00e5 Swift Casino Sverige\" \/>\n<meta property=\"og:description\" content=\"Denna spelautomat med fisketema \u00e4r platsen d\u00e4r ditt \u00e4ventyr b\u00f6rjar! G\u00e5 och fiska med fiskaren i Big Bass Bonanza och rulla in bel\u00f6nande multiplikatorer.\" \/>\n<meta property=\"og:url\" content=\"https:\/\/www.swiftcasino.com\/sv-se\/spel\/big-bass-bonanza\/\" \/>\n<meta property=\"og:site_name\" content=\"Swift Casino\" \/>\n<meta property=\"article:modified_time\" content=\"2025-09-17T12:03:05+00:00\" \/>\n<meta property=\"og:image\" content=\"https:\/\/www.swiftcasino.com\/sv-se\/wp-content\/uploads\/2024\/09\/Thumbnail-2-big-bass-bonanza.webp\" \/>\n<meta name=\"twitter:card\" content=\"summary_large_image\" \/>\n<meta name=\"twitter:label1\" content=\"Est. reading time\" \/>\n\t<meta name=\"twitter:data1\" content=\"4 minutes\" \/>\n<script type=\"application\/ld+json\" class=\"yoast-schema-graph\">{\"@context\":\"https:\/\/schema.org\",\"@graph\":[{\"@type\":\"WebPage\",\"@id\":\"https:\/\/www.swiftcasino.com\/sv-se\/spel\/big-bass-bonanza\/\",\"url\":\"https:\/\/www.swiftcasino.com\/sv-se\/spel\/big-bass-bonanza\/\",\"name\":\"Spela Big Bass Bonanza Online p\u00e5 Swift Casino Sverige\",\"isPartOf\":{\"@id\":\"https:\/\/www.swiftcasino.com\/sv-se\/#website\"},\"primaryImageOfPage\":{\"@id\":\"https:\/\/www.swiftcasino.com\/sv-se\/spel\/big-bass-bonanza\/#primaryimage\"},\"image\":{\"@id\":\"https:\/\/www.swiftcasino.com\/sv-se\/spel\/big-bass-bonanza\/#primaryimage\"},\"thumbnailUrl\":\"https:\/\/www.swiftcasino.com\/sv-se\/wp-content\/uploads\/2024\/09\/Thumbnail-2-big-bass-bonanza.webp\",\"datePublished\":\"2024-07-26T13:47:39+00:00\",\"dateModified\":\"2025-09-17T12:03:05+00:00\",\"description\":\"Denna spelautomat med fisketema \u00e4r platsen d\u00e4r ditt \u00e4ventyr b\u00f6rjar! G\u00e5 och fiska med fiskaren i Big Bass Bonanza och rulla in bel\u00f6nande multiplikatorer.\",\"breadcrumb\":{\"@id\":\"https:\/\/www.swiftcasino.com\/sv-se\/spel\/big-bass-bonanza\/#breadcrumb\"},\"inLanguage\":\"en-US\",\"potentialAction\":[{\"@type\":\"ReadAction\",\"target\":[\"https:\/\/www.swiftcasino.com\/sv-se\/spel\/big-bass-bonanza\/\"]}]},{\"@type\":\"ImageObject\",\"inLanguage\":\"en-US\",\"@id\":\"https:\/\/www.swiftcasino.com\/sv-se\/spel\/big-bass-bonanza\/#primaryimage\",\"url\":\"https:\/\/www.swiftcasino.com\/sv-se\/wp-content\/uploads\/2024\/09\/Thumbnail-2-big-bass-bonanza.webp\",\"contentUrl\":\"https:\/\/www.swiftcasino.com\/sv-se\/wp-content\/uploads\/2024\/09\/Thumbnail-2-big-bass-bonanza.webp\",\"width\":760,\"height\":420},{\"@type\":\"BreadcrumbList\",\"@id\":\"https:\/\/www.swiftcasino.com\/sv-se\/spel\/big-bass-bonanza\/#breadcrumb\",\"itemListElement\":[{\"@type\":\"ListItem\",\"position\":1,\"name\":\"Home\",\"item\":\"https:\/\/www.swiftcasino.com\/sv-se\/\"},{\"@type\":\"ListItem\",\"position\":2,\"name\":\"Spel\",\"item\":\"https:\/\/www.swiftcasino.com\/sv-se\/spel\/\"},{\"@type\":\"ListItem\",\"position\":3,\"name\":\"Big Bass Bonanza\"}]},{\"@type\":\"WebSite\",\"@id\":\"https:\/\/www.swiftcasino.com\/sv-se\/#website\",\"url\":\"https:\/\/www.swiftcasino.com\/sv-se\/\",\"name\":\"Swift Casino\",\"description\":\"\",\"potentialAction\":[{\"@type\":\"SearchAction\",\"target\":{\"@type\":\"EntryPoint\",\"urlTemplate\":\"https:\/\/www.swiftcasino.com\/sv-se\/?s={search_term_string}\"},\"query-input\":\"required name=search_term_string\"}],\"inLanguage\":\"en-US\"}]}<\/script>\n<!-- \/ Yoast SEO plugin. -->","yoast_head_json":{"title":"Spela Big Bass Bonanza Online p\u00e5 Swift Casino Sverige","description":"Denna spelautomat med fisketema \u00e4r platsen d\u00e4r ditt \u00e4ventyr b\u00f6rjar! G\u00e5 och fiska med fiskaren i Big Bass Bonanza och rulla in bel\u00f6nande multiplikatorer.","robots":{"index":"index","follow":"follow","max-snippet":"max-snippet:-1","max-image-preview":"max-image-preview:large","max-video-preview":"max-video-preview:-1"},"canonical":"https:\/\/www.swiftcasino.com\/sv-se\/spel\/big-bass-bonanza\/","og_locale":"en_US","og_type":"article","og_title":"Spela Big Bass Bonanza Online p\u00e5 Swift Casino Sverige","og_description":"Denna spelautomat med fisketema \u00e4r platsen d\u00e4r ditt \u00e4ventyr b\u00f6rjar! G\u00e5 och fiska med fiskaren i Big Bass Bonanza och rulla in bel\u00f6nande multiplikatorer.","og_url":"https:\/\/www.swiftcasino.com\/sv-se\/spel\/big-bass-bonanza\/","og_site_name":"Swift Casino","article_modified_time":"2025-09-17T12:03:05+00:00","og_image":[{"url":"https:\/\/www.swiftcasino.com\/sv-se\/wp-content\/uploads\/2024\/09\/Thumbnail-2-big-bass-bonanza.webp"}],"twitter_card":"summary_large_image","twitter_misc":{"Est. reading time":"4 minutes"},"schema":{"@context":"https:\/\/schema.org","@graph":[{"@type":"WebPage","@id":"https:\/\/www.swiftcasino.com\/sv-se\/spel\/big-bass-bonanza\/","url":"https:\/\/www.swiftcasino.com\/sv-se\/spel\/big-bass-bonanza\/","name":"Spela Big Bass Bonanza Online p\u00e5 Swift Casino Sverige","isPartOf":{"@id":"https:\/\/www.swiftcasino.com\/sv-se\/#website"},"primaryImageOfPage":{"@id":"https:\/\/www.swiftcasino.com\/sv-se\/spel\/big-bass-bonanza\/#primaryimage"},"image":{"@id":"https:\/\/www.swiftcasino.com\/sv-se\/spel\/big-bass-bonanza\/#primaryimage"},"thumbnailUrl":"https:\/\/www.swiftcasino.com\/sv-se\/wp-content\/uploads\/2024\/09\/Thumbnail-2-big-bass-bonanza.webp","datePublished":"2024-07-26T13:47:39+00:00","dateModified":"2025-09-17T12:03:05+00:00","description":"Denna spelautomat med fisketema \u00e4r platsen d\u00e4r ditt \u00e4ventyr b\u00f6rjar! G\u00e5 och fiska med fiskaren i Big Bass Bonanza och rulla in bel\u00f6nande multiplikatorer.","breadcrumb":{"@id":"https:\/\/www.swiftcasino.com\/sv-se\/spel\/big-bass-bonanza\/#breadcrumb"},"inLanguage":"en-US","potentialAction":[{"@type":"ReadAction","target":["https:\/\/www.swiftcasino.com\/sv-se\/spel\/big-bass-bonanza\/"]}]},{"@type":"ImageObject","inLanguage":"en-US","@id":"https:\/\/www.swiftcasino.com\/sv-se\/spel\/big-bass-bonanza\/#primaryimage","url":"https:\/\/www.swiftcasino.com\/sv-se\/wp-content\/uploads\/2024\/09\/Thumbnail-2-big-bass-bonanza.webp","contentUrl":"https:\/\/www.swiftcasino.com\/sv-se\/wp-content\/uploads\/2024\/09\/Thumbnail-2-big-bass-bonanza.webp","width":760,"height":420},{"@type":"BreadcrumbList","@id":"https:\/\/www.swiftcasino.com\/sv-se\/spel\/big-bass-bonanza\/#breadcrumb","itemListElement":[{"@type":"ListItem","position":1,"name":"Home","item":"https:\/\/www.swiftcasino.com\/sv-se\/"},{"@type":"ListItem","position":2,"name":"Spel","item":"https:\/\/www.swiftcasino.com\/sv-se\/spel\/"},{"@type":"ListItem","position":3,"name":"Big Bass Bonanza"}]},{"@type":"WebSite","@id":"https:\/\/www.swiftcasino.com\/sv-se\/#website","url":"https:\/\/www.swiftcasino.com\/sv-se\/","name":"Swift Casino","description":"","potentialAction":[{"@type":"SearchAction","target":{"@type":"EntryPoint","urlTemplate":"https:\/\/www.swiftcasino.com\/sv-se\/?s={search_term_string}"},"query-input":"required name=search_term_string"}],"inLanguage":"en-US"}]}},"_links":{"self":[{"href":"https:\/\/www.swiftcasino.com\/sv-se\/wp-json\/wp\/v2\/pages\/1857"}],"collection":[{"href":"https:\/\/www.swiftcasino.com\/sv-se\/wp-json\/wp\/v2\/pages"}],"about":[{"href":"https:\/\/www.swiftcasino.com\/sv-se\/wp-json\/wp\/v2\/types\/page"}],"author":[{"embeddable":true,"href":"https:\/\/www.swiftcasino.com\/sv-se\/wp-json\/wp\/v2\/users\/1"}],"replies":[{"embeddable":true,"href":"https:\/\/www.swiftcasino.com\/sv-se\/wp-json\/wp\/v2\/comments?post=1857"}],"version-history":[{"count":13,"href":"https:\/\/www.swiftcasino.com\/sv-se\/wp-json\/wp\/v2\/pages\/1857\/revisions"}],"predecessor-version":[{"id":2374,"href":"https:\/\/www.swiftcasino.com\/sv-se\/wp-json\/wp\/v2\/pages\/1857\/revisions\/2374"}],"up":[{"embeddable":true,"href":"https:\/\/www.swiftcasino.com\/sv-se\/wp-json\/wp\/v2\/pages\/61"}],"wp:attachment":[{"href":"https:\/\/www.swiftcasino.com\/sv-se\/wp-json\/wp\/v2\/media?parent=1857"}],"curies":[{"name":"wp","href":"https:\/\/api.w.org\/{rel}","templated":true}]}}