{"id":1866,"date":"2024-07-26T14:26:20","date_gmt":"2024-07-26T14:26:20","guid":{"rendered":"https:\/\/www.swiftcasino.com\/sv-se\/?page_id=1866"},"modified":"2025-09-17T12:08:59","modified_gmt":"2025-09-17T12:08:59","slug":"fire-joker","status":"publish","type":"page","link":"https:\/\/www.swiftcasino.com\/sv-se\/spel\/fire-joker\/","title":{"rendered":"Fire Joker"},"content":{"rendered":"<div class=\"feature main6\" style=\"margin-top:20px;\">\n<p>Vill du ge lite krydda till din spelsession? Testa d\u00e5 Fire Joker fr\u00e5n Play&#8217;n GO p\u00e5 <a href=\"https:\/\/www.swiftcasino.com\/sv-se\/\" hreflang=\"sv\">Swift Casino<\/a>. En busig joker som brinner v\u00e4lkomnar dig att g\u00e5 med i det eldiga spelet p\u00e5 ett rutn\u00e4t p\u00e5 3&#215;3. Trots den standardm\u00e4ssiga hjuldimensionen \u00e4r det ett fantastiskt spel f\u00f6r b\u00e5de nyb\u00f6rjare och experter, speciellt med den flexibla insatsgr\u00e4nsen fr\u00e5n 0,05 SEK till 100 SEK. Forts\u00e4tt snurra p\u00e5 hjulen och hela spelautomaten kan brinna upp slumpm\u00e4ssigt, vilket ger dig en extra chans f\u00f6r att bilda de vinnande paren p\u00e5 hjulen. Spelautomaten har ocks\u00e5 stimulerande bonusar som f\u00f6rb\u00e4ttrar din spelupplevelse, backas upp av en medelstor varians och en h\u00f6g RTP p\u00e5 96,15%. Utforska denna klassiska videoslot hos Swift idag!<\/p>\n<h2 class=\"main1\">Hur du spelar Fire Joker<\/h2>\n<p>\u00c4ven om denna onlineslot sl\u00e4pptes 2016, kan du fortfarande se de moderna aspekterna av spelet. Spelautomaten erbjuder fem fasta vinstlinjer, och du spelar p\u00e5 en klassisk rutdimension p\u00e5 3&#215;3. Varje g\u00e5ng tre matchande symboler landar p\u00e5 aktiva vinstlinjer brinner sk\u00e4rmen upp i l\u00e5gor. Bortsett fr\u00e5n m\u00e4ngden v\u00e4rdesymboler b\u00f6r du h\u00e5lla ett \u00f6ga p\u00e5 Joker Wild, som har det h\u00f6gsta v\u00e4rdet p\u00e5 80x. Innan du snurrar p\u00e5 hjulen p\u00e5 Fire Joker m\u00e5ste du st\u00e4lla in den insatsgr\u00e4ns du \u00e4r bekv\u00e4m med och andra spelinst\u00e4llningar, vilket kan g\u00f6ras fr\u00e5n den nedre delen av sk\u00e4rmen. Om du beh\u00f6ver snabba upp spelet finns det en autospel-funktion ocks\u00e5. Registrera dig hos oss och g\u00e5 med i slotmanin!<\/p>\n<\/p>\n<p><center><img decoding=\"async\" src=\"https:\/\/www.swiftcasino.com\/sv-se\/wp-content\/uploads\/2024\/09\/Thumbnail-fire-joker.webp\" alt=\"Fire Joker Screenshot\" title=\"Fire Joker Screenshot\"><\/center><\/p>\n<\/div>\n<div class=\"feature main6\" style=\"margin-top:20px;\">\n<h3 class=\"main1\">Fire Joker bonusfunktioner<\/h3>\n<p>Fire Joker m\u00e5 vara designad med det vanligaste 3&#215;3-rutn\u00e4tet, men spelet har ett flertal bonusfunktioner som \u00f6kar sp\u00e4nningen n\u00e4r du spelar.<\/p>\n<h4 class=\"main1\">Wild Fire Jokerr<\/h4>\n<p>Wild-symbolen f\u00f6r denna videoslot \u00e4r ansiktet p\u00e5 Fire Joker. Denna karakt\u00e4r kan dyka upp slumpm\u00e4ssigt medan du snurrar p\u00e5 hjulen. N\u00e4r den g\u00f6r det kommer alla symboler att ers\u00e4ttas av matchande symboler, vilket \u00f6kar de vinnande kombinationerna och utbetalningarna.<\/p>\n<h4 class=\"main1\">Re-spin of Fire<\/h4>\n<p>N\u00e4r Wild Fire Joker kommer ig\u00e5ng men inte lyckas stapla hjulen med matchande par,utl\u00f6ses respin-funktionen som ett alternativt s\u00e4tt att \u00f6ka dina vinster. Jokern startar dina respins p\u00e5 hjul 3 medan de staplade symbolerna finns kvar p\u00e5 de andra tv\u00e5 hjulen. Om de tv\u00e5 hjulen har potential att snurra om kommer den med h\u00f6gst vinstodds att stanna kvar.<\/p>\n<h4 class=\"main1\">Multiplikatorhjul<\/h4>\n<p>Denna speciella funktion hos Fire Joker hj\u00e4lper till att f\u00f6rb\u00e4ttra dina totala avkastningsv\u00e4rden. N\u00e4r hela rullen laddas med identiska symboler l\u00e5ses multiplikatorhjulet upp, vilket ger dig en chans att multiplicera dina vinster avsev\u00e4rt. Du bel\u00f6nas beroende p\u00e5 var multiplikatorhjulet landar, och det h\u00f6gsta v\u00e4rdet \u00e4r en 10x multiplikator. Genom multiplikatorerna har du m\u00f6jlighet att n\u00e5 spelautomatens maximala utbetalning p\u00e5 800x.<\/p>\n<\/p>\n<\/div>\n<div class=\"feature main6\" style=\"margin-top:20px;\">\n<h3 class=\"main1\">Spelautomatens tema och design<\/h3>\n<p>Fire Jokers tema \u00e4r baserat p\u00e5 Joker, frukter och Vegas, och hela slotlayouten kretsar kring f\u00e4rgerna r\u00f6tt och gult, vilket kompletterar spelets k\u00e4rndesign \u2013 eld. De visuella effekterna och illustrationsdesignerna f\u00f6rst\u00e4rker varandra, vilket g\u00f6r att du kan bli helt uppslukad av spelet. S\u00e5 n\u00e4r en vinnande kombination bildas p\u00e5 hjulen lyser hela spelautomaten, inklusive vinstlinjerna, symbolerna och de fyra h\u00f6rnen. Dessutom inneh\u00e5ller spelet ocks\u00e5 optimistisk musik och ljud av mynt som klingar i bakgrunden, vilket p\u00e5minner dig om den klassiska casinoatmosf\u00e4ren. Du kan utforska Fire Joker p\u00e5 station\u00e4ra datorer och din mobil.<\/p>\n<h2 class=\"main1\">Kom ig\u00e5ng med Fire Joker p\u00e5 Swift Casino<\/h2>\n<p>Registrera dig p\u00e5 Swift Casino f\u00f6r att ge dig ut p\u00e5 din onlinecasinoresa och komma ig\u00e5ng med Fire Joker! Vi p\u00e5 Swift Casino erbjuder den b\u00e4sta spelplattformen online f\u00f6r h\u00e4ngivna spelare f\u00f6r att utforska och \u00e5teruppt\u00e4cka intresset av casinospel. S\u00e5, oavsett om du f\u00f6redrar att spela p\u00e5 v\u00e5rt <a href=\"https:\/\/www.swiftcasino.com\/sv-se\/mobilcasino\/\" hreflang=\"sv\">mobilcasino<\/a> eller station\u00e4ra casinoplattform levererar vi det smidigaste gr\u00e4nssnittet p\u00e5 marknaden!<\/p>\n<p>F\u00f6rutom Fire Joker kan du \u00e4ven utforska v\u00e5ra andra popul\u00e4ra spelalternativ inom slots, blackjack, <a href=\"https:\/\/www.swiftcasino.com\/sv-se\/roulette\/\" hreflang=\"sv\">roulette<\/a>, jackpott och live casino. Det finns ingen b\u00e4ttre plattform \u00e4n Swift Casino f\u00f6r att uppleva det ultimata \u00e4ventyret medan du spelar ledande <a href=\"https:\/\/www.swiftcasino.com\/sv-se\/spelautomater\/\" hreflang=\"sv\">online slots<\/a> som Le Bandit, <a href=\"https:\/\/www.swiftcasino.com\/sv-se\/spel\/sweet-bonanza\/\" hreflang=\"sv\">Sweet Bonanza<\/a>, <a href=\"https:\/\/www.swiftcasino.com\/sv-se\/spel\/sugar-rush-1000\/\" hreflang=\"sv\">Sugar Rush 1000<\/a>, <a href=\"https:\/\/www.swiftcasino.com\/sv-se\/spel\/extra-chilli\/\" hreflang=\"sv\">Extra Chilli<\/a>, <a href=\"https:\/\/www.swiftcasino.com\/sv-se\/spel\/big-bass-bonanza\/\" hreflang=\"sv\">Big Bass Bonanza<\/a> och m\u00e5nga fler p\u00e5 Swift Casino. Registrera dig hos oss idag och dra nytta av dina gratis bonussnurr n\u00e4r du registrerar dig och g\u00f6r din f\u00f6rsta ins\u00e4ttning!<\/p>\n<\/p>\n<p><center><img decoding=\"async\" src=\"https:\/\/www.swiftcasino.com\/sv-se\/wp-content\/uploads\/2024\/09\/Thumbnail-2-fire-joker.webp\" alt=\">Fire Joker Screenshot&#8221; title=&#8221;>Fire Joker Screenshot&#8221;><\/center><\/p>\n<\/div>\n","protected":false},"excerpt":{"rendered":"<p>Vill du ge lite krydda till din spelsession? Testa d\u00e5 Fire Joker fr\u00e5n Play&#8217;n GO p\u00e5 Swift Casino. En busig joker som brinner v\u00e4lkomnar dig att g\u00e5 med i det eldiga spelet p\u00e5 ett rutn\u00e4t p\u00e5 3&#215;3. Trots den standardm\u00e4ssiga hjuldimensionen \u00e4r det ett fantastiskt spel f\u00f6r b\u00e5de nyb\u00f6rjare och experter, speciellt med den flexibla [&hellip;]<\/p>\n","protected":false},"author":1,"featured_media":0,"parent":61,"menu_order":0,"comment_status":"closed","ping_status":"closed","template":"single-game-template.php","meta":{"footnotes":""},"class_list":["post-1866","page","type-page","status-publish","hentry"],"yoast_head":"<!-- This site is optimized with the Yoast SEO plugin v23.2 - https:\/\/yoast.com\/wordpress\/plugins\/seo\/ -->\n<title>Spela Fire Joker Slot online p\u00e5 Swift Casino Sverige<\/title>\n<meta name=\"description\" content=\"En busig joker v\u00e4ntar dig f\u00f6r att \u00f6ka sp\u00e4nningen genom att snurra p\u00e5 de flammande hjulen. Upplev allt mer intensiva snurr i denna dynamiska slot f\u00f6r eldiga bel\u00f6ningar!\" \/>\n<meta name=\"robots\" content=\"index, follow, max-snippet:-1, max-image-preview:large, max-video-preview:-1\" \/>\n<link rel=\"canonical\" href=\"https:\/\/www.swiftcasino.com\/sv-se\/spel\/fire-joker\/\" \/>\n<meta property=\"og:locale\" content=\"en_US\" \/>\n<meta property=\"og:type\" content=\"article\" \/>\n<meta property=\"og:title\" content=\"Spela Fire Joker Slot online p\u00e5 Swift Casino Sverige\" \/>\n<meta property=\"og:description\" content=\"En busig joker v\u00e4ntar dig f\u00f6r att \u00f6ka sp\u00e4nningen genom att snurra p\u00e5 de flammande hjulen. Upplev allt mer intensiva snurr i denna dynamiska slot f\u00f6r eldiga bel\u00f6ningar!\" \/>\n<meta property=\"og:url\" content=\"https:\/\/www.swiftcasino.com\/sv-se\/spel\/fire-joker\/\" \/>\n<meta property=\"og:site_name\" content=\"Swift Casino\" \/>\n<meta property=\"article:modified_time\" content=\"2025-09-17T12:08:59+00:00\" \/>\n<meta property=\"og:image\" content=\"https:\/\/www.swiftcasino.com\/sv-se\/wp-content\/uploads\/2024\/09\/Thumbnail-fire-joker.webp\" \/>\n<meta name=\"twitter:card\" content=\"summary_large_image\" \/>\n<meta name=\"twitter:label1\" content=\"Est. reading time\" \/>\n\t<meta name=\"twitter:data1\" content=\"4 minutes\" \/>\n<script type=\"application\/ld+json\" class=\"yoast-schema-graph\">{\"@context\":\"https:\/\/schema.org\",\"@graph\":[{\"@type\":\"WebPage\",\"@id\":\"https:\/\/www.swiftcasino.com\/sv-se\/spel\/fire-joker\/\",\"url\":\"https:\/\/www.swiftcasino.com\/sv-se\/spel\/fire-joker\/\",\"name\":\"Spela Fire Joker Slot online p\u00e5 Swift Casino Sverige\",\"isPartOf\":{\"@id\":\"https:\/\/www.swiftcasino.com\/sv-se\/#website\"},\"primaryImageOfPage\":{\"@id\":\"https:\/\/www.swiftcasino.com\/sv-se\/spel\/fire-joker\/#primaryimage\"},\"image\":{\"@id\":\"https:\/\/www.swiftcasino.com\/sv-se\/spel\/fire-joker\/#primaryimage\"},\"thumbnailUrl\":\"https:\/\/www.swiftcasino.com\/sv-se\/wp-content\/uploads\/2024\/09\/Thumbnail-fire-joker.webp\",\"datePublished\":\"2024-07-26T14:26:20+00:00\",\"dateModified\":\"2025-09-17T12:08:59+00:00\",\"description\":\"En busig joker v\u00e4ntar dig f\u00f6r att \u00f6ka sp\u00e4nningen genom att snurra p\u00e5 de flammande hjulen. Upplev allt mer intensiva snurr i denna dynamiska slot f\u00f6r eldiga bel\u00f6ningar!\",\"breadcrumb\":{\"@id\":\"https:\/\/www.swiftcasino.com\/sv-se\/spel\/fire-joker\/#breadcrumb\"},\"inLanguage\":\"en-US\",\"potentialAction\":[{\"@type\":\"ReadAction\",\"target\":[\"https:\/\/www.swiftcasino.com\/sv-se\/spel\/fire-joker\/\"]}]},{\"@type\":\"ImageObject\",\"inLanguage\":\"en-US\",\"@id\":\"https:\/\/www.swiftcasino.com\/sv-se\/spel\/fire-joker\/#primaryimage\",\"url\":\"https:\/\/www.swiftcasino.com\/sv-se\/wp-content\/uploads\/2024\/09\/Thumbnail-fire-joker.webp\",\"contentUrl\":\"https:\/\/www.swiftcasino.com\/sv-se\/wp-content\/uploads\/2024\/09\/Thumbnail-fire-joker.webp\",\"width\":760,\"height\":420},{\"@type\":\"BreadcrumbList\",\"@id\":\"https:\/\/www.swiftcasino.com\/sv-se\/spel\/fire-joker\/#breadcrumb\",\"itemListElement\":[{\"@type\":\"ListItem\",\"position\":1,\"name\":\"Home\",\"item\":\"https:\/\/www.swiftcasino.com\/sv-se\/\"},{\"@type\":\"ListItem\",\"position\":2,\"name\":\"Spel\",\"item\":\"https:\/\/www.swiftcasino.com\/sv-se\/spel\/\"},{\"@type\":\"ListItem\",\"position\":3,\"name\":\"Fire Joker\"}]},{\"@type\":\"WebSite\",\"@id\":\"https:\/\/www.swiftcasino.com\/sv-se\/#website\",\"url\":\"https:\/\/www.swiftcasino.com\/sv-se\/\",\"name\":\"Swift Casino\",\"description\":\"\",\"potentialAction\":[{\"@type\":\"SearchAction\",\"target\":{\"@type\":\"EntryPoint\",\"urlTemplate\":\"https:\/\/www.swiftcasino.com\/sv-se\/?s={search_term_string}\"},\"query-input\":\"required name=search_term_string\"}],\"inLanguage\":\"en-US\"}]}<\/script>\n<!-- \/ Yoast SEO plugin. -->","yoast_head_json":{"title":"Spela Fire Joker Slot online p\u00e5 Swift Casino Sverige","description":"En busig joker v\u00e4ntar dig f\u00f6r att \u00f6ka sp\u00e4nningen genom att snurra p\u00e5 de flammande hjulen. Upplev allt mer intensiva snurr i denna dynamiska slot f\u00f6r eldiga bel\u00f6ningar!","robots":{"index":"index","follow":"follow","max-snippet":"max-snippet:-1","max-image-preview":"max-image-preview:large","max-video-preview":"max-video-preview:-1"},"canonical":"https:\/\/www.swiftcasino.com\/sv-se\/spel\/fire-joker\/","og_locale":"en_US","og_type":"article","og_title":"Spela Fire Joker Slot online p\u00e5 Swift Casino Sverige","og_description":"En busig joker v\u00e4ntar dig f\u00f6r att \u00f6ka sp\u00e4nningen genom att snurra p\u00e5 de flammande hjulen. Upplev allt mer intensiva snurr i denna dynamiska slot f\u00f6r eldiga bel\u00f6ningar!","og_url":"https:\/\/www.swiftcasino.com\/sv-se\/spel\/fire-joker\/","og_site_name":"Swift Casino","article_modified_time":"2025-09-17T12:08:59+00:00","og_image":[{"url":"https:\/\/www.swiftcasino.com\/sv-se\/wp-content\/uploads\/2024\/09\/Thumbnail-fire-joker.webp"}],"twitter_card":"summary_large_image","twitter_misc":{"Est. reading time":"4 minutes"},"schema":{"@context":"https:\/\/schema.org","@graph":[{"@type":"WebPage","@id":"https:\/\/www.swiftcasino.com\/sv-se\/spel\/fire-joker\/","url":"https:\/\/www.swiftcasino.com\/sv-se\/spel\/fire-joker\/","name":"Spela Fire Joker Slot online p\u00e5 Swift Casino Sverige","isPartOf":{"@id":"https:\/\/www.swiftcasino.com\/sv-se\/#website"},"primaryImageOfPage":{"@id":"https:\/\/www.swiftcasino.com\/sv-se\/spel\/fire-joker\/#primaryimage"},"image":{"@id":"https:\/\/www.swiftcasino.com\/sv-se\/spel\/fire-joker\/#primaryimage"},"thumbnailUrl":"https:\/\/www.swiftcasino.com\/sv-se\/wp-content\/uploads\/2024\/09\/Thumbnail-fire-joker.webp","datePublished":"2024-07-26T14:26:20+00:00","dateModified":"2025-09-17T12:08:59+00:00","description":"En busig joker v\u00e4ntar dig f\u00f6r att \u00f6ka sp\u00e4nningen genom att snurra p\u00e5 de flammande hjulen. Upplev allt mer intensiva snurr i denna dynamiska slot f\u00f6r eldiga bel\u00f6ningar!","breadcrumb":{"@id":"https:\/\/www.swiftcasino.com\/sv-se\/spel\/fire-joker\/#breadcrumb"},"inLanguage":"en-US","potentialAction":[{"@type":"ReadAction","target":["https:\/\/www.swiftcasino.com\/sv-se\/spel\/fire-joker\/"]}]},{"@type":"ImageObject","inLanguage":"en-US","@id":"https:\/\/www.swiftcasino.com\/sv-se\/spel\/fire-joker\/#primaryimage","url":"https:\/\/www.swiftcasino.com\/sv-se\/wp-content\/uploads\/2024\/09\/Thumbnail-fire-joker.webp","contentUrl":"https:\/\/www.swiftcasino.com\/sv-se\/wp-content\/uploads\/2024\/09\/Thumbnail-fire-joker.webp","width":760,"height":420},{"@type":"BreadcrumbList","@id":"https:\/\/www.swiftcasino.com\/sv-se\/spel\/fire-joker\/#breadcrumb","itemListElement":[{"@type":"ListItem","position":1,"name":"Home","item":"https:\/\/www.swiftcasino.com\/sv-se\/"},{"@type":"ListItem","position":2,"name":"Spel","item":"https:\/\/www.swiftcasino.com\/sv-se\/spel\/"},{"@type":"ListItem","position":3,"name":"Fire Joker"}]},{"@type":"WebSite","@id":"https:\/\/www.swiftcasino.com\/sv-se\/#website","url":"https:\/\/www.swiftcasino.com\/sv-se\/","name":"Swift Casino","description":"","potentialAction":[{"@type":"SearchAction","target":{"@type":"EntryPoint","urlTemplate":"https:\/\/www.swiftcasino.com\/sv-se\/?s={search_term_string}"},"query-input":"required name=search_term_string"}],"inLanguage":"en-US"}]}},"_links":{"self":[{"href":"https:\/\/www.swiftcasino.com\/sv-se\/wp-json\/wp\/v2\/pages\/1866"}],"collection":[{"href":"https:\/\/www.swiftcasino.com\/sv-se\/wp-json\/wp\/v2\/pages"}],"about":[{"href":"https:\/\/www.swiftcasino.com\/sv-se\/wp-json\/wp\/v2\/types\/page"}],"author":[{"embeddable":true,"href":"https:\/\/www.swiftcasino.com\/sv-se\/wp-json\/wp\/v2\/users\/1"}],"replies":[{"embeddable":true,"href":"https:\/\/www.swiftcasino.com\/sv-se\/wp-json\/wp\/v2\/comments?post=1866"}],"version-history":[{"count":8,"href":"https:\/\/www.swiftcasino.com\/sv-se\/wp-json\/wp\/v2\/pages\/1866\/revisions"}],"predecessor-version":[{"id":2378,"href":"https:\/\/www.swiftcasino.com\/sv-se\/wp-json\/wp\/v2\/pages\/1866\/revisions\/2378"}],"up":[{"embeddable":true,"href":"https:\/\/www.swiftcasino.com\/sv-se\/wp-json\/wp\/v2\/pages\/61"}],"wp:attachment":[{"href":"https:\/\/www.swiftcasino.com\/sv-se\/wp-json\/wp\/v2\/media?parent=1866"}],"curies":[{"name":"wp","href":"https:\/\/api.w.org\/{rel}","templated":true}]}}