{"id":1874,"date":"2024-07-26T14:43:18","date_gmt":"2024-07-26T14:43:18","guid":{"rendered":"https:\/\/www.swiftcasino.com\/sv-se\/?page_id=1874"},"modified":"2025-09-17T12:12:56","modified_gmt":"2025-09-17T12:12:56","slug":"gonzos-quest","status":"publish","type":"page","link":"https:\/\/www.swiftcasino.com\/sv-se\/spel\/gonzos-quest\/","title":{"rendered":"Gonzos Quest"},"content":{"rendered":"<div class=\"feature main6\" style=\"margin-top:20px;\">\n<p>Gonzo&#8217;s Quest \u00e4r en av de mest popul\u00e4ra spelen i spelautomatbranschen, och spelet \u00e4r skapat av den ledande spelj\u00e4tten NetEnt. Med 5 hjul och 20 s\u00e4tt att vinna v\u00e4ntar en entusiastisk spansk uppt\u00e4cktsresande vid namn Gonzo p\u00e5 att v\u00e4lkomna dig n\u00e4r spelautomaten laddas. F\u00f6lj med honom p\u00e5 den mest fantastiska skattjakten n\u00e5gonsin, och du kan bli \u00e4ventyraren med mest tur!<\/p>\n<p>F\u00f6r att f\u00f6rdjupa dig i detta skattjakts\u00e4ventyr spelar du i ett rutn\u00e4t p\u00e5 5&#215;3 och satsar minst 0,20 per snurr, allt i en djup Amazon-djungel. Gonzo guidar dig genom resan och \u00f6verraskar dig med godsaker och n\u00e5gra danssteg p\u00e5 v\u00e4gen. L\u00e4s mer om detta spel nedan innan du b\u00f6rjar p\u00e5 <a href=\"https:\/\/www.swiftcasino.com\/sv-se\/\">Swift Casino Sweden<\/a>!<\/p>\n<h2 class=\"main1\">Hur du spelar Gonzos Quest<\/h2>\n<p>Spelstilen i Gonzo&#8217;s Quest liknar andra slots fr\u00e5n samma leverant\u00f6r, som <a href=\"https:\/\/www.swiftcasino.com\/sv-se\/spel\/starburst\/\" hreflang=\"sv\">Starburst<\/a> och <a href=\"https:\/\/www.swiftcasino.com\/sv-se\/spel\/divine-fortune\/\" hreflang=\"sv\">Divine Fortune<\/a>. Det finns tjugo olika metoder f\u00f6r att skapa de vinnande kombinationerna p\u00e5 en rutn\u00e4tslayout med 5 hjul och 3 rader. Du kan justera insatsv\u00e4rdet mellan 20 \u00f6re till 50 kr per snurr. F\u00f6r mer information om spelreglerna och vinsttabellerna kan du klicka p\u00e5 &#8216;i&#8217;-knappen.<\/p>\n<p>F\u00f6r att skapa en vinnande kombination i Gonzo&#8217;s Quest m\u00e5ste du placera minst tre matchande symboler p\u00e5 de aktiva vinstlinjerna. Eftersom Gonzo&#8217;s Quest erbjuder en medelh\u00f6g volatilitetsniv\u00e5 finns det en balans mellan frekvensen av utbetalningar och de vinnande v\u00e4rdena. Med alla specialfunktioner i spelet och RTP p\u00e5 95,79% kan du dessutom potentiellt vinna upp till 2500x insatsen.<\/p>\n<\/p>\n<p><center><img decoding=\"async\" src=\"https:\/\/www.swiftcasino.com\/sv-se\/wp-content\/uploads\/2024\/09\/Thumbnail-2-gonzo.webp\" alt=\"Gonzo\u2019s Quest Screenshot\" title=\"Gonzo\u2019s Quest Screenshot\"><\/center><\/p>\n<\/div>\n<div class=\"feature main6\" style=\"margin-top:20px;\">\n<h3 class=\"main1\">Gonzo\u2019s Quest bonusfunktioner<\/h3>\n<p>Att veta att NetEnt ligger bakom innovationen av Gonzo&#8217;s Quest kan du f\u00f6rv\u00e4nta dig att se m\u00e5nga intressanta bonusfunktioner enbart i detta spel. Ta en titt p\u00e5 dem nedan:<\/p>\n<h4 class=\"main1\">Lavinhjul<\/h4>\n<p>Denna slot-funktion spelar en fantastisk roll f\u00f6r att \u00f6ka din vinstpotential. N\u00e4r Lavinhjul aktiveras faller en bunt v\u00e4rdefulla symboler ned f\u00f6r hjulen som stenar och s\u00e4tter sig p\u00e5 plats. Dessa symboler kommer sedan att explodera varje g\u00e5ng ett vinnande par matchas och ers\u00e4tta dem med nya.<\/p>\n<h4 class=\"main1\">Lavinmultiplikator<\/h4>\n<p>P\u00e5 varje sida av hjulen visas en multiplikatorm\u00e4tare som erbjuder mellan 1x och 5x n\u00e4r ett matchande par bildas p\u00e5 hjulen. Den h\u00e4r funktionen kan utl\u00f6sas under basspelet, och beroende p\u00e5 antalet vinnande symboler du parar, kommer du att f\u00e5 multiplikatorerna.<\/p>\n<h4 class=\"main1\">Fritt fall<\/h4>\n<p>Denna bonusfunktion utl\u00f6ses genom Scatter-symbolen n\u00e4r du landar minst tre p\u00e5 en vinstlinje. Under denna funktion kan upp till 10 gratissnurr delas ut. Om ytterligare vinstkombinationer landas n\u00e4r gratisspelen \u00e4r ig\u00e5ng kan du f\u00e5 vinstmultiplikatorer upp till 15x. Du kan uppn\u00e5 gratissnurr upp till 20 rundor under denna funktion!<\/p>\n<\/div>\n<div class=\"feature main6\" style=\"margin-top:20px;\">\n<h3 class=\"main1\">Spelautomatens tema och design<\/h3>\n<p>Gonzo&#8217;s Quests slot-tema \u00e4r baserat p\u00e5 en ur\u00e5ldrig skattjakt och \u00e4ventyr, som leverant\u00f6ren utm\u00e4rkt har lyckats skildra i illustrationerna s\u00e5v\u00e4l som ljudeffekterna. Best\u00e5ndsdelarna av temat kan ses i det \u00f6gonblick du startar spelautomaten, med b\u00f6rjan fr\u00e5n huvudpersonen Gonzo, med en trasig hatt och kl\u00e4der. Spelautomatens designlayout \u00e4r fantastiskt inramad framf\u00f6r ett gammalt inkatempel, med temabaserade symboler p\u00e5 hjulen. Detta f\u00f6ljs av sp\u00e4nnande ljudeffekter varje g\u00e5ng symbolerna faller samman och vinnande kombinationer bildas.<\/p>\n<h2 class=\"main1\">Kom ig\u00e5ng med Gonzo&#8217;s Quest p\u00e5 Swift Casino<\/h2>\n<p>G\u00e5 med i Swift Casino f\u00f6r att ge dig ut p\u00e5 din resa med onlinespel. Vi erbjuder den ultimata spelplattformen online f\u00f6r entusiastiska spelare att utforska och \u00e5teruppt\u00e4cka sina intressen f\u00f6r <a href=\"https:\/\/www.swiftcasino.com\/sv-se\/spel\/\" hreflang=\"sv\">casinospel<\/a>. S\u00e5, oavsett om du vill spela p\u00e5 v\u00e5r <a href=\"https:\/\/www.swiftcasino.com\/sv-se\/mobilcasino\/\" hreflang=\"sv\">mobila casinoplattform<\/a> eller v\u00e5r webbplats erbjuder vi det smidigaste gr\u00e4nssnittet p\u00e5 marknaden! F\u00f6rutom Gonzo&#8217;s Quest kan du ocks\u00e5 utforska ett omfattande utbud av spelalternativ inom <a href=\"https:\/\/www.swiftcasino.com\/sv-se\/spelautomater\/\" hreflang=\"sv\">slots<\/a>, <a href=\"https:\/\/www.swiftcasino.com\/sv-se\/blackjack\/\" hreflang=\"sv\">blackjack<\/a>, <a href=\"https:\/\/www.swiftcasino.com\/sv-se\/roulette\/\" hreflang=\"sv\">roulette<\/a> och <a href=\"https:\/\/www.swiftcasino.com\/sv-se\/livecasino\/\" hreflang=\"sv\">live casino<\/a>. Det finns ingen b\u00e4ttre plattform \u00e4n att uppleva det ultimata \u00e4ventyret medan du spelar popul\u00e4ra spelautomater online som <a href=\"https:\/\/www.swiftcasino.com\/sv-se\/spel\/le-bandit\/\" hreflang=\"sv\">Le Bandit<\/a>, <a href=\"https:\/\/www.swiftcasino.com\/sv-se\/spel\/extra-chilli\/\" hreflang=\"sv\">Extra Chilli<\/a>, Sweet Bonanza, <a href=\"https:\/\/www.swiftcasino.com\/sv-se\/spel\/fire-joker\/\" hreflang=\"sv\">Fire Joker<\/a>, <a href=\"https:\/\/www.swiftcasino.com\/sv-se\/spel\/big-bass-bonanza\/\" hreflang=\"sv\">Big Bass Bonanza<\/a> och m\u00e5nga fler p\u00e5 Swift. Registrera dig hos oss idag och ta del av dina gratis bonussnurr n\u00e4r du har slutf\u00f6rt din registrering och gjort din f\u00f6rsta ins\u00e4ttning!<\/p>\n<\/p>\n<p><center><img decoding=\"async\" src=\"https:\/\/www.swiftcasino.com\/sv-se\/wp-content\/uploads\/2024\/09\/Thumbnail-3-gunzo.webp\" alt=\"Gonzo\u2019s Quest Screenshot\" title=\"Gonzo\u2019s Quest Screenshot\"><\/center><\/p>\n<\/div>\n","protected":false},"excerpt":{"rendered":"<p>Gonzo&#8217;s Quest \u00e4r en av de mest popul\u00e4ra spelen i spelautomatbranschen, och spelet \u00e4r skapat av den ledande spelj\u00e4tten NetEnt. Med 5 hjul och 20 s\u00e4tt att vinna v\u00e4ntar en entusiastisk spansk uppt\u00e4cktsresande vid namn Gonzo p\u00e5 att v\u00e4lkomna dig n\u00e4r spelautomaten laddas. F\u00f6lj med honom p\u00e5 den mest fantastiska skattjakten n\u00e5gonsin, och du kan [&hellip;]<\/p>\n","protected":false},"author":1,"featured_media":0,"parent":61,"menu_order":0,"comment_status":"closed","ping_status":"closed","template":"single-game-template.php","meta":{"footnotes":""},"class_list":["post-1874","page","type-page","status-publish","hentry"],"yoast_head":"<!-- This site is optimized with the Yoast SEO plugin v23.2 - https:\/\/yoast.com\/wordpress\/plugins\/seo\/ -->\n<title>Spela Gonzos Quest Slot online p\u00e5 Swift Casino Sverige<\/title>\n<meta name=\"description\" content=\"Tr\u00e4ffa Gonzo, den spanska \u00e4ventyraren, och dyk in i den sp\u00e4nnande jakten p\u00e5 antika skatter i denna videoslot fr\u00e5n NetEnt. Spela nu p\u00e5 Swift Casino!\" \/>\n<meta name=\"robots\" content=\"index, follow, max-snippet:-1, max-image-preview:large, max-video-preview:-1\" \/>\n<link rel=\"canonical\" href=\"https:\/\/www.swiftcasino.com\/sv-se\/spel\/gonzos-quest\/\" \/>\n<meta property=\"og:locale\" content=\"en_US\" \/>\n<meta property=\"og:type\" content=\"article\" \/>\n<meta property=\"og:title\" content=\"Spela Gonzos Quest Slot online p\u00e5 Swift Casino Sverige\" \/>\n<meta property=\"og:description\" content=\"Tr\u00e4ffa Gonzo, den spanska \u00e4ventyraren, och dyk in i den sp\u00e4nnande jakten p\u00e5 antika skatter i denna videoslot fr\u00e5n NetEnt. Spela nu p\u00e5 Swift Casino!\" \/>\n<meta property=\"og:url\" content=\"https:\/\/www.swiftcasino.com\/sv-se\/spel\/gonzos-quest\/\" \/>\n<meta property=\"og:site_name\" content=\"Swift Casino\" \/>\n<meta property=\"article:modified_time\" content=\"2025-09-17T12:12:56+00:00\" \/>\n<meta property=\"og:image\" content=\"https:\/\/www.swiftcasino.com\/sv-se\/wp-content\/uploads\/2024\/09\/Thumbnail-2-gonzo.webp\" \/>\n<meta name=\"twitter:card\" content=\"summary_large_image\" \/>\n<meta name=\"twitter:label1\" content=\"Est. reading time\" \/>\n\t<meta name=\"twitter:data1\" content=\"4 minutes\" \/>\n<script type=\"application\/ld+json\" class=\"yoast-schema-graph\">{\"@context\":\"https:\/\/schema.org\",\"@graph\":[{\"@type\":\"WebPage\",\"@id\":\"https:\/\/www.swiftcasino.com\/sv-se\/spel\/gonzos-quest\/\",\"url\":\"https:\/\/www.swiftcasino.com\/sv-se\/spel\/gonzos-quest\/\",\"name\":\"Spela Gonzos Quest Slot online p\u00e5 Swift Casino Sverige\",\"isPartOf\":{\"@id\":\"https:\/\/www.swiftcasino.com\/sv-se\/#website\"},\"primaryImageOfPage\":{\"@id\":\"https:\/\/www.swiftcasino.com\/sv-se\/spel\/gonzos-quest\/#primaryimage\"},\"image\":{\"@id\":\"https:\/\/www.swiftcasino.com\/sv-se\/spel\/gonzos-quest\/#primaryimage\"},\"thumbnailUrl\":\"https:\/\/www.swiftcasino.com\/sv-se\/wp-content\/uploads\/2024\/09\/Thumbnail-2-gonzo.webp\",\"datePublished\":\"2024-07-26T14:43:18+00:00\",\"dateModified\":\"2025-09-17T12:12:56+00:00\",\"description\":\"Tr\u00e4ffa Gonzo, den spanska \u00e4ventyraren, och dyk in i den sp\u00e4nnande jakten p\u00e5 antika skatter i denna videoslot fr\u00e5n NetEnt. Spela nu p\u00e5 Swift Casino!\",\"breadcrumb\":{\"@id\":\"https:\/\/www.swiftcasino.com\/sv-se\/spel\/gonzos-quest\/#breadcrumb\"},\"inLanguage\":\"en-US\",\"potentialAction\":[{\"@type\":\"ReadAction\",\"target\":[\"https:\/\/www.swiftcasino.com\/sv-se\/spel\/gonzos-quest\/\"]}]},{\"@type\":\"ImageObject\",\"inLanguage\":\"en-US\",\"@id\":\"https:\/\/www.swiftcasino.com\/sv-se\/spel\/gonzos-quest\/#primaryimage\",\"url\":\"https:\/\/www.swiftcasino.com\/sv-se\/wp-content\/uploads\/2024\/09\/Thumbnail-2-gonzo.webp\",\"contentUrl\":\"https:\/\/www.swiftcasino.com\/sv-se\/wp-content\/uploads\/2024\/09\/Thumbnail-2-gonzo.webp\",\"width\":760,\"height\":420},{\"@type\":\"BreadcrumbList\",\"@id\":\"https:\/\/www.swiftcasino.com\/sv-se\/spel\/gonzos-quest\/#breadcrumb\",\"itemListElement\":[{\"@type\":\"ListItem\",\"position\":1,\"name\":\"Home\",\"item\":\"https:\/\/www.swiftcasino.com\/sv-se\/\"},{\"@type\":\"ListItem\",\"position\":2,\"name\":\"Spel\",\"item\":\"https:\/\/www.swiftcasino.com\/sv-se\/spel\/\"},{\"@type\":\"ListItem\",\"position\":3,\"name\":\"Gonzos Quest\"}]},{\"@type\":\"WebSite\",\"@id\":\"https:\/\/www.swiftcasino.com\/sv-se\/#website\",\"url\":\"https:\/\/www.swiftcasino.com\/sv-se\/\",\"name\":\"Swift Casino\",\"description\":\"\",\"potentialAction\":[{\"@type\":\"SearchAction\",\"target\":{\"@type\":\"EntryPoint\",\"urlTemplate\":\"https:\/\/www.swiftcasino.com\/sv-se\/?s={search_term_string}\"},\"query-input\":\"required name=search_term_string\"}],\"inLanguage\":\"en-US\"}]}<\/script>\n<!-- \/ Yoast SEO plugin. -->","yoast_head_json":{"title":"Spela Gonzos Quest Slot online p\u00e5 Swift Casino Sverige","description":"Tr\u00e4ffa Gonzo, den spanska \u00e4ventyraren, och dyk in i den sp\u00e4nnande jakten p\u00e5 antika skatter i denna videoslot fr\u00e5n NetEnt. Spela nu p\u00e5 Swift Casino!","robots":{"index":"index","follow":"follow","max-snippet":"max-snippet:-1","max-image-preview":"max-image-preview:large","max-video-preview":"max-video-preview:-1"},"canonical":"https:\/\/www.swiftcasino.com\/sv-se\/spel\/gonzos-quest\/","og_locale":"en_US","og_type":"article","og_title":"Spela Gonzos Quest Slot online p\u00e5 Swift Casino Sverige","og_description":"Tr\u00e4ffa Gonzo, den spanska \u00e4ventyraren, och dyk in i den sp\u00e4nnande jakten p\u00e5 antika skatter i denna videoslot fr\u00e5n NetEnt. Spela nu p\u00e5 Swift Casino!","og_url":"https:\/\/www.swiftcasino.com\/sv-se\/spel\/gonzos-quest\/","og_site_name":"Swift Casino","article_modified_time":"2025-09-17T12:12:56+00:00","og_image":[{"url":"https:\/\/www.swiftcasino.com\/sv-se\/wp-content\/uploads\/2024\/09\/Thumbnail-2-gonzo.webp"}],"twitter_card":"summary_large_image","twitter_misc":{"Est. reading time":"4 minutes"},"schema":{"@context":"https:\/\/schema.org","@graph":[{"@type":"WebPage","@id":"https:\/\/www.swiftcasino.com\/sv-se\/spel\/gonzos-quest\/","url":"https:\/\/www.swiftcasino.com\/sv-se\/spel\/gonzos-quest\/","name":"Spela Gonzos Quest Slot online p\u00e5 Swift Casino Sverige","isPartOf":{"@id":"https:\/\/www.swiftcasino.com\/sv-se\/#website"},"primaryImageOfPage":{"@id":"https:\/\/www.swiftcasino.com\/sv-se\/spel\/gonzos-quest\/#primaryimage"},"image":{"@id":"https:\/\/www.swiftcasino.com\/sv-se\/spel\/gonzos-quest\/#primaryimage"},"thumbnailUrl":"https:\/\/www.swiftcasino.com\/sv-se\/wp-content\/uploads\/2024\/09\/Thumbnail-2-gonzo.webp","datePublished":"2024-07-26T14:43:18+00:00","dateModified":"2025-09-17T12:12:56+00:00","description":"Tr\u00e4ffa Gonzo, den spanska \u00e4ventyraren, och dyk in i den sp\u00e4nnande jakten p\u00e5 antika skatter i denna videoslot fr\u00e5n NetEnt. Spela nu p\u00e5 Swift Casino!","breadcrumb":{"@id":"https:\/\/www.swiftcasino.com\/sv-se\/spel\/gonzos-quest\/#breadcrumb"},"inLanguage":"en-US","potentialAction":[{"@type":"ReadAction","target":["https:\/\/www.swiftcasino.com\/sv-se\/spel\/gonzos-quest\/"]}]},{"@type":"ImageObject","inLanguage":"en-US","@id":"https:\/\/www.swiftcasino.com\/sv-se\/spel\/gonzos-quest\/#primaryimage","url":"https:\/\/www.swiftcasino.com\/sv-se\/wp-content\/uploads\/2024\/09\/Thumbnail-2-gonzo.webp","contentUrl":"https:\/\/www.swiftcasino.com\/sv-se\/wp-content\/uploads\/2024\/09\/Thumbnail-2-gonzo.webp","width":760,"height":420},{"@type":"BreadcrumbList","@id":"https:\/\/www.swiftcasino.com\/sv-se\/spel\/gonzos-quest\/#breadcrumb","itemListElement":[{"@type":"ListItem","position":1,"name":"Home","item":"https:\/\/www.swiftcasino.com\/sv-se\/"},{"@type":"ListItem","position":2,"name":"Spel","item":"https:\/\/www.swiftcasino.com\/sv-se\/spel\/"},{"@type":"ListItem","position":3,"name":"Gonzos Quest"}]},{"@type":"WebSite","@id":"https:\/\/www.swiftcasino.com\/sv-se\/#website","url":"https:\/\/www.swiftcasino.com\/sv-se\/","name":"Swift Casino","description":"","potentialAction":[{"@type":"SearchAction","target":{"@type":"EntryPoint","urlTemplate":"https:\/\/www.swiftcasino.com\/sv-se\/?s={search_term_string}"},"query-input":"required name=search_term_string"}],"inLanguage":"en-US"}]}},"_links":{"self":[{"href":"https:\/\/www.swiftcasino.com\/sv-se\/wp-json\/wp\/v2\/pages\/1874"}],"collection":[{"href":"https:\/\/www.swiftcasino.com\/sv-se\/wp-json\/wp\/v2\/pages"}],"about":[{"href":"https:\/\/www.swiftcasino.com\/sv-se\/wp-json\/wp\/v2\/types\/page"}],"author":[{"embeddable":true,"href":"https:\/\/www.swiftcasino.com\/sv-se\/wp-json\/wp\/v2\/users\/1"}],"replies":[{"embeddable":true,"href":"https:\/\/www.swiftcasino.com\/sv-se\/wp-json\/wp\/v2\/comments?post=1874"}],"version-history":[{"count":10,"href":"https:\/\/www.swiftcasino.com\/sv-se\/wp-json\/wp\/v2\/pages\/1874\/revisions"}],"predecessor-version":[{"id":2380,"href":"https:\/\/www.swiftcasino.com\/sv-se\/wp-json\/wp\/v2\/pages\/1874\/revisions\/2380"}],"up":[{"embeddable":true,"href":"https:\/\/www.swiftcasino.com\/sv-se\/wp-json\/wp\/v2\/pages\/61"}],"wp:attachment":[{"href":"https:\/\/www.swiftcasino.com\/sv-se\/wp-json\/wp\/v2\/media?parent=1874"}],"curies":[{"name":"wp","href":"https:\/\/api.w.org\/{rel}","templated":true}]}}