{"id":2197,"date":"2024-09-23T10:08:08","date_gmt":"2024-09-23T10:08:08","guid":{"rendered":"https:\/\/www.swiftcasino.com\/sv-se\/?page_id=2197"},"modified":"2024-09-23T11:20:57","modified_gmt":"2024-09-23T11:20:57","slug":"blackjack","status":"publish","type":"page","link":"https:\/\/www.swiftcasino.com\/sv-se\/livecasino\/blackjack\/","title":{"rendered":"Live Blackjack"},"content":{"rendered":"\n<p><\/p>\n\n\n\n<p>\u00c4r du redo att uppt\u00e4cka den mest realistiska Live Blackjack-spelupplevelsen? Swift Casino \u00e4r en av Sveriges b\u00e4sta online casino-plattformar f\u00f6r att starta din live casino-resa, och v\u00e5rt breda utbud av Live Blackjack \u00e4r en av anledningarna varf\u00f6r. P\u00e5 Swift \u00e4r vi glada \u00f6ver att presentera en omfattande samling live dealer-varianter av casinots mest tidl\u00f6sa spel \u2013 <a href=\"https:\/\/www.swiftcasino.com\/sv-se\/blackjack\/\">Blackjack<\/a>.<\/p>\n\n\n\n<p>Kolla runt bland v\u00e5rt utbud av Live Blackjack-bord som erbjuds av globalt k\u00e4nda spelutvecklare som Evolution, NetEnt, Playtech och Ezugi och ta plats framf\u00f6r v\u00e5ra professionella dealers f\u00f6r ett spel om 21 n\u00e4r som helst p\u00e5 dygnet. V\u00e5ra Blackjack-spel med live dealers \u00e4r utvecklade med en blandning av det klassiska bordsspelet och en onlineversion f\u00f6r att leverera den mest realistiska casinoupplevelsen online p\u00e5 <a href=\"https:\/\/www.swiftcasino.com\/sv-se\/\">Swift Casino<\/a>. Oavsett dina preferenser och val har vi alla m\u00f6jliga alternativ f\u00f6r dig h\u00e4r.<\/p>\n\n\n\n<h2 class=\"wp-block-heading\">Vad \u00e4r Live Blackjack?<\/h2>\n\n\n\n<p>Live Blackjack \u00e4r identiskt med Online Blackjack, men skillnaden \u00e4r att du kommer att spela mot en riktig m\u00e4nsklig croupier och andra spelare live. Blackjack-spel med livedealers kan spelas av alla spelare, oavsett erfarenhetsniv\u00e5. Spelstilen \u00e4r samma som de automatiserade Blackjack-versionerna, f\u00f6rutom att du kommer att spela p\u00e5 ett livebord med en sk\u00e4rm i full HD-kvalitet, livestreamad direkt fr\u00e5n v\u00e5r casinostudio till din enhet. Dessutom kan du interagera med andra spelare och m\u00e4nskliga croupierer genom en livechattfunktion under spelsessionerna.<\/p>\n\n\n\n<h3 class=\"wp-block-heading\">Hur du spelar Live Blackjack<\/h3>\n\n\n\n<p>F\u00f6rst och fr\u00e4mst kan du kolla runt bland v\u00e5ra livebord och s\u00f6ka efter en \u00f6ppen plats. V\u00e4lj spel och g\u00e5 med i bordet. Du kan \u00e4ven v\u00e4nta och se de andra spelarna spela f\u00f6rst f\u00f6r att bli bekant med spelet innan du b\u00f6rjar satsa. N\u00e4r du s\u00e4tter dig v\u00e4ljer du ditt insatsv\u00e4rde och ins\u00e4ttning i bettingsektionen. <a href=\"https:\/\/www.swiftcasino.com\/sv-se\/livecasino\/\">Livedealern<\/a> kommer sedan att dela ut tv\u00e5 kort (upp\u00e5tv\u00e4nda) till alla deltagare n\u00e4r timern sl\u00e5r 0:00. Dealern kommer att ha ett upp\u00e5tv\u00e4nt och ett dolt kort.<\/p>\n\n\n\n<p>Varje kl\u00e4tt kort, som Q, J och K har v\u00e4rdet 10, medan A antingen kan anv\u00e4ndas som 1 eller 11, beroende p\u00e5 ditt handv\u00e4rde. Till skillnad fr\u00e5n Blackjack online f\u00e5r du en begr\u00e4nsad tid att placera dina insatser p\u00e5 Live Blackjack-bord. N\u00e4r din tur kommer m\u00e5ste du noggrant fatta ett beslut och v\u00e4lja alternativet att HIT, STAND, DOUBLE DOWN eller SPLIT.<\/p>\n\n\n\n<p><strong>Hit \u2013 <\/strong>Du kan be om ett annat kort eftersom du k\u00e4nner att det totala kortv\u00e4rdet inte \u00e4r tillr\u00e4ckligt bra f\u00f6r att besegra dealerns kort, och du kan ta ett nytt kort s\u00e5 m\u00e5nga g\u00e5nger du vill tills du \u00e5ker ut ur handen. Du \u00e5ker ut n\u00e4r du passerar den maximala giltiga po\u00e4ngen, 21. Efter det f\u00f6rlorar du omedelbart din insats och kan inte g\u00f6ra n\u00e5gra fler drag.<\/p>\n\n\n\n<p><strong>Stand: <\/strong>Anv\u00e4nd detta om du \u00e4r n\u00f6jd med dina kort j\u00e4mf\u00f6rt med dealerns.<\/p>\n\n\n\n<p><strong>Double Down: <\/strong>N\u00e4r du \u00e4r s\u00e4ker p\u00e5 att ditt kortv\u00e4rde kommer att vara h\u00f6gre \u00e4n dealerns.<\/p>\n\n\n\n<p><strong>Split: <\/strong>Split g\u00f6r s\u00e5 att delar din hand i tv\u00e5, och f\u00e5r nya kort p\u00e5 b\u00e5da. Att v\u00e4lja detta drag inneb\u00e4r att du m\u00e5ste l\u00e4gga en satsning p\u00e5 din andra hand ocks\u00e5.<\/p>\n\n\n\n<p>Efter att alla spelare har fattat beslutet kommer croupiern att spela sina h\u00e4nder, antingen sl\u00e5 p\u00e5 16 eller st\u00e5 p\u00e5 17 eller h\u00f6gre. Om din totala hand \u00e4r h\u00f6gre \u00e4n dealerns utan att \u00f6verskrida v\u00e4rdet p\u00e5 21 vinner du och f\u00e5r dina marker.<\/p>\n\n\n\n<h2 class=\"wp-block-heading\"><strong>Exklusiva Live Blackjack-bord p\u00e5 Swift Casino<\/strong><\/h2>\n\n\n\n<p>P\u00e5 Swift Casino kan du f\u00f6rdjupa dig i ett brett sortiment av Live Blackjack-bord som kommer med olika atmosf\u00e4r, insatsgr\u00e4nser och s\u00e5 vidare. V\u00e5ra livebord har riktiga dealers och streaming i HD-kvalitet, vilket ger en verklighetstrogen casinoatmosf\u00e4r fr\u00e5n ditt eget hem. Du kan v\u00e4lja vilket som helst fr\u00e5n m\u00e4ngden av alternativ som finns p\u00e5 v\u00e5r onlinecasinoplattform, inklusive popul\u00e4ra alternativ som Clubs Blackjack, Infinite Blackjack, Diamonds Blackjack och Lightning Blackjack.<\/p>\n\n\n\n<div class=\"table-wrapper\"><figure class=\"wp-block-table\"><table class=\"has-fixed-layout\"><tbody><tr><td><strong>Live Blackjack-spel<\/strong><\/td><td><strong>RTP<\/strong><\/td><td><strong>Leverant\u00f6r<\/strong><\/td><td><strong>Insatsgr\u00e4nser<\/strong><\/td><\/tr><tr><td>All Bets Blackjack<\/td><td>99,58%<\/td><td>PlayTech<\/td><td>\u00a30,10 &#8211; \u00a3100<\/td><\/tr><tr><td>Blackjack Party<\/td><td>99,50%<\/td><td>Evolution<\/td><td>\u00a30,50 &#8211; \u00a3100<\/td><\/tr><tr><td>Free Bet Blackjack<\/td><td>98,45%<\/td><td>Evolution<\/td><td>\u00a30,25 &#8211; \u00a3100<\/td><\/tr><tr><td>ONE Blackjack<\/td><td>99,51%<\/td><td>Pragmatic Play<\/td><td>\u00a31 &#8211; \u00a35 000<\/td><\/tr><tr><td>Live Blackjack Max<\/td><td>99,46%<\/td><td>Skywind<\/td><td>\u00a31 &#8211; \u00a3600<\/td><\/tr><tr><td>Mega Fire Blaze Blackjack<\/td><td>97,47%<\/td><td>PlayTech<\/td><td>\u00a310 &#8211; \u00a32 000<\/td><\/tr><tr><td>Royale Blackjack 4<\/td><td>98%<\/td><td>PlayTech<\/td><td>\u00a30,50 &#8211; \u00a310 000<\/td><\/tr><\/tbody><\/table><\/figure><\/div>\n\n\n\n<h3 class=\"wp-block-heading\">Odds och utbetalningar i Live Blackjack<\/h3>\n\n\n\n<p>Husets f\u00f6rdel i Blackjack-spel \u00e4r i allm\u00e4nhet l\u00e5g, vilket inneb\u00e4r att de flesta vinster betalas ut i f\u00f6rh\u00e5llandet 1:1. S\u00e5 f\u00f6r varje \u00a3100 du satsar p\u00e5 spelen kan du f\u00f6rv\u00e4nta dig att f\u00e5 ytterligare \u00a3100. F\u00f6rh\u00e5llandet mellan utbetalningarna \u00e4r bara en ungef\u00e4rlig indikation p\u00e5 hur mycket du potentiellt kan vinna, beroende p\u00e5 dina insatsv\u00e4rden. Nedan \u00e4r en uppdelning av typerna av insatser och utbetalningar i Live Blackjack:<\/p>\n\n\n\n\n<div class=\"table-wrapper\"><figure class=\"wp-block-table\"><table class=\"has-fixed-layout\"><tbody><tr><td><strong>Standardinsatstyp<\/strong><\/td><td><strong>Utbetalningskvot<\/strong><\/td><\/tr><tr><td>Vinst<\/td><td>1:1<\/td><\/tr><tr><td>Blackjack<\/td><td>3:2<\/td><\/tr><tr><td>F\u00f6rs\u00e4kring<\/td><td>3:1<\/td><\/tr><tr><td><strong>21+3 sidosatsning<\/strong><\/td><td><strong>Utbetalningskvot<\/strong><\/td><\/tr><tr><td>F\u00e4rgtriss<\/td><td>100:1<\/td><\/tr><tr><td>F\u00e4rgstege<\/td><td>40:1<\/td><\/tr><tr><td>Triss<\/td><td>30:1<\/td><\/tr><tr><td>Stege<\/td><td>10:1<\/td><\/tr><tr><td>F\u00e4rg<\/td><td>5:1<\/td><\/tr><tr><td><strong>Perfekta par<\/strong><\/td><td><strong>Utbetalningskvot<\/strong><\/td><\/tr><tr><td>Perfekt par<\/td><td>25:1<\/td><\/tr><tr><td>F\u00e4rgat par<\/td><td>12:1<\/td><\/tr><tr><td>Blandat par<\/td><td>6:1<\/td><\/tr><\/tbody><\/table><\/figure><\/div>\n\n\n<h2 class=\"wp-block-heading\"><strong>Andra Live Casino-spel p\u00e5 Swift Casino<\/strong><\/h2>\n\n\n<p>Om du tror att sp\u00e4nningen stannar h\u00e4r med Live Blackjack s\u00e5 har du fel. F\u00f6rutom Live Blackjack \u00e4r Swift Casino ocks\u00e5 stolta \u00f6ver att erbjuda en rik samling andra <a href=\"https:\/\/www.swiftcasino.com\/sv-se\/livecasino\/\">live casinospel<\/a>, vilket inneb\u00e4r att alla spelare kan hitta n\u00e5got kul h\u00e4r.<\/p>\n\n\n\n<p>Fr\u00e5n sp\u00e4nnande livespel till att snurra p\u00e5 <a href=\"https:\/\/www.swiftcasino.com\/sv-se\/livecasino\/roulette\/\">Live-Roulette<\/a> \u2013 vi har alltid n\u00e5got f\u00f6r dig. Vi str\u00e4var efter att erbjuda den mest uppslukande och interaktiva spelupplevelsen till v\u00e5ra spelare med det breda spektrumet av v\u00e5ra live casinospel p\u00e5 Swift.<\/p>\n","protected":false},"excerpt":{"rendered":"<p>\u00c4r du redo att uppt\u00e4cka den mest realistiska Live Blackjack-spelupplevelsen? Swift Casino \u00e4r en av Sveriges b\u00e4sta online casino-plattformar f\u00f6r att starta din live casino-resa, och v\u00e5rt breda utbud av Live Blackjack \u00e4r en av anledningarna varf\u00f6r. P\u00e5 Swift \u00e4r vi glada \u00f6ver att presentera en omfattande samling live dealer-varianter av casinots mest tidl\u00f6sa spel [&hellip;]<\/p>\n","protected":false},"author":1,"featured_media":0,"parent":63,"menu_order":0,"comment_status":"closed","ping_status":"closed","template":"games-template.php","meta":{"footnotes":""},"class_list":["post-2197","page","type-page","status-publish","hentry"],"yoast_head":"<!-- This site is optimized with the Yoast SEO plugin v23.2 - https:\/\/yoast.com\/wordpress\/plugins\/seo\/ -->\n<title>Live Blackjack - Live Dealer Blackjack-spel p\u00e5 Swift Casino<\/title>\n<meta name=\"description\" content=\"M\u00e5nga Live Blackjack-spel v\u00e4ntar dig p\u00e5 Swift Live Casino. Spela de b\u00e4sta Live Blackjack-spelen p\u00e5 det b\u00e4sta onlinecasinot i Sverige. 18+ &amp; spela ansvarsfullt.\" \/>\n<meta name=\"robots\" content=\"index, follow, max-snippet:-1, max-image-preview:large, max-video-preview:-1\" \/>\n<link rel=\"canonical\" href=\"https:\/\/www.swiftcasino.com\/sv-se\/livecasino\/blackjack\/\" \/>\n<meta property=\"og:locale\" content=\"en_US\" \/>\n<meta property=\"og:type\" content=\"article\" \/>\n<meta property=\"og:title\" content=\"Live Blackjack - Live Dealer Blackjack-spel p\u00e5 Swift Casino\" \/>\n<meta property=\"og:description\" content=\"M\u00e5nga Live Blackjack-spel v\u00e4ntar dig p\u00e5 Swift Live Casino. Spela de b\u00e4sta Live Blackjack-spelen p\u00e5 det b\u00e4sta onlinecasinot i Sverige. 18+ &amp; spela ansvarsfullt.\" \/>\n<meta property=\"og:url\" content=\"https:\/\/www.swiftcasino.com\/sv-se\/livecasino\/blackjack\/\" \/>\n<meta property=\"og:site_name\" content=\"Swift Casino\" \/>\n<meta property=\"article:modified_time\" content=\"2024-09-23T11:20:57+00:00\" \/>\n<meta name=\"twitter:card\" content=\"summary_large_image\" \/>\n<meta name=\"twitter:label1\" content=\"Est. reading time\" \/>\n\t<meta name=\"twitter:data1\" content=\"4 minutes\" \/>\n<script type=\"application\/ld+json\" class=\"yoast-schema-graph\">{\"@context\":\"https:\/\/schema.org\",\"@graph\":[{\"@type\":\"WebPage\",\"@id\":\"https:\/\/www.swiftcasino.com\/sv-se\/livecasino\/blackjack\/\",\"url\":\"https:\/\/www.swiftcasino.com\/sv-se\/livecasino\/blackjack\/\",\"name\":\"Live Blackjack - Live Dealer Blackjack-spel p\u00e5 Swift Casino\",\"isPartOf\":{\"@id\":\"https:\/\/www.swiftcasino.com\/sv-se\/#website\"},\"datePublished\":\"2024-09-23T10:08:08+00:00\",\"dateModified\":\"2024-09-23T11:20:57+00:00\",\"description\":\"M\u00e5nga Live Blackjack-spel v\u00e4ntar dig p\u00e5 Swift Live Casino. Spela de b\u00e4sta Live Blackjack-spelen p\u00e5 det b\u00e4sta onlinecasinot i Sverige. 18+ & spela ansvarsfullt.\",\"breadcrumb\":{\"@id\":\"https:\/\/www.swiftcasino.com\/sv-se\/livecasino\/blackjack\/#breadcrumb\"},\"inLanguage\":\"en-US\",\"potentialAction\":[{\"@type\":\"ReadAction\",\"target\":[\"https:\/\/www.swiftcasino.com\/sv-se\/livecasino\/blackjack\/\"]}]},{\"@type\":\"BreadcrumbList\",\"@id\":\"https:\/\/www.swiftcasino.com\/sv-se\/livecasino\/blackjack\/#breadcrumb\",\"itemListElement\":[{\"@type\":\"ListItem\",\"position\":1,\"name\":\"Home\",\"item\":\"https:\/\/www.swiftcasino.com\/sv-se\/\"},{\"@type\":\"ListItem\",\"position\":2,\"name\":\"Live Casino\",\"item\":\"https:\/\/www.swiftcasino.com\/sv-se\/livecasino\/\"},{\"@type\":\"ListItem\",\"position\":3,\"name\":\"Live Blackjack\"}]},{\"@type\":\"WebSite\",\"@id\":\"https:\/\/www.swiftcasino.com\/sv-se\/#website\",\"url\":\"https:\/\/www.swiftcasino.com\/sv-se\/\",\"name\":\"Swift Casino\",\"description\":\"\",\"potentialAction\":[{\"@type\":\"SearchAction\",\"target\":{\"@type\":\"EntryPoint\",\"urlTemplate\":\"https:\/\/www.swiftcasino.com\/sv-se\/?s={search_term_string}\"},\"query-input\":\"required name=search_term_string\"}],\"inLanguage\":\"en-US\"}]}<\/script>\n<!-- \/ Yoast SEO plugin. -->","yoast_head_json":{"title":"Live Blackjack - Live Dealer Blackjack-spel p\u00e5 Swift Casino","description":"M\u00e5nga Live Blackjack-spel v\u00e4ntar dig p\u00e5 Swift Live Casino. Spela de b\u00e4sta Live Blackjack-spelen p\u00e5 det b\u00e4sta onlinecasinot i Sverige. 18+ & spela ansvarsfullt.","robots":{"index":"index","follow":"follow","max-snippet":"max-snippet:-1","max-image-preview":"max-image-preview:large","max-video-preview":"max-video-preview:-1"},"canonical":"https:\/\/www.swiftcasino.com\/sv-se\/livecasino\/blackjack\/","og_locale":"en_US","og_type":"article","og_title":"Live Blackjack - Live Dealer Blackjack-spel p\u00e5 Swift Casino","og_description":"M\u00e5nga Live Blackjack-spel v\u00e4ntar dig p\u00e5 Swift Live Casino. Spela de b\u00e4sta Live Blackjack-spelen p\u00e5 det b\u00e4sta onlinecasinot i Sverige. 18+ & spela ansvarsfullt.","og_url":"https:\/\/www.swiftcasino.com\/sv-se\/livecasino\/blackjack\/","og_site_name":"Swift Casino","article_modified_time":"2024-09-23T11:20:57+00:00","twitter_card":"summary_large_image","twitter_misc":{"Est. reading time":"4 minutes"},"schema":{"@context":"https:\/\/schema.org","@graph":[{"@type":"WebPage","@id":"https:\/\/www.swiftcasino.com\/sv-se\/livecasino\/blackjack\/","url":"https:\/\/www.swiftcasino.com\/sv-se\/livecasino\/blackjack\/","name":"Live Blackjack - Live Dealer Blackjack-spel p\u00e5 Swift Casino","isPartOf":{"@id":"https:\/\/www.swiftcasino.com\/sv-se\/#website"},"datePublished":"2024-09-23T10:08:08+00:00","dateModified":"2024-09-23T11:20:57+00:00","description":"M\u00e5nga Live Blackjack-spel v\u00e4ntar dig p\u00e5 Swift Live Casino. Spela de b\u00e4sta Live Blackjack-spelen p\u00e5 det b\u00e4sta onlinecasinot i Sverige. 18+ & spela ansvarsfullt.","breadcrumb":{"@id":"https:\/\/www.swiftcasino.com\/sv-se\/livecasino\/blackjack\/#breadcrumb"},"inLanguage":"en-US","potentialAction":[{"@type":"ReadAction","target":["https:\/\/www.swiftcasino.com\/sv-se\/livecasino\/blackjack\/"]}]},{"@type":"BreadcrumbList","@id":"https:\/\/www.swiftcasino.com\/sv-se\/livecasino\/blackjack\/#breadcrumb","itemListElement":[{"@type":"ListItem","position":1,"name":"Home","item":"https:\/\/www.swiftcasino.com\/sv-se\/"},{"@type":"ListItem","position":2,"name":"Live Casino","item":"https:\/\/www.swiftcasino.com\/sv-se\/livecasino\/"},{"@type":"ListItem","position":3,"name":"Live Blackjack"}]},{"@type":"WebSite","@id":"https:\/\/www.swiftcasino.com\/sv-se\/#website","url":"https:\/\/www.swiftcasino.com\/sv-se\/","name":"Swift Casino","description":"","potentialAction":[{"@type":"SearchAction","target":{"@type":"EntryPoint","urlTemplate":"https:\/\/www.swiftcasino.com\/sv-se\/?s={search_term_string}"},"query-input":"required name=search_term_string"}],"inLanguage":"en-US"}]}},"_links":{"self":[{"href":"https:\/\/www.swiftcasino.com\/sv-se\/wp-json\/wp\/v2\/pages\/2197"}],"collection":[{"href":"https:\/\/www.swiftcasino.com\/sv-se\/wp-json\/wp\/v2\/pages"}],"about":[{"href":"https:\/\/www.swiftcasino.com\/sv-se\/wp-json\/wp\/v2\/types\/page"}],"author":[{"embeddable":true,"href":"https:\/\/www.swiftcasino.com\/sv-se\/wp-json\/wp\/v2\/users\/1"}],"replies":[{"embeddable":true,"href":"https:\/\/www.swiftcasino.com\/sv-se\/wp-json\/wp\/v2\/comments?post=2197"}],"version-history":[{"count":5,"href":"https:\/\/www.swiftcasino.com\/sv-se\/wp-json\/wp\/v2\/pages\/2197\/revisions"}],"predecessor-version":[{"id":2207,"href":"https:\/\/www.swiftcasino.com\/sv-se\/wp-json\/wp\/v2\/pages\/2197\/revisions\/2207"}],"up":[{"embeddable":true,"href":"https:\/\/www.swiftcasino.com\/sv-se\/wp-json\/wp\/v2\/pages\/63"}],"wp:attachment":[{"href":"https:\/\/www.swiftcasino.com\/sv-se\/wp-json\/wp\/v2\/media?parent=2197"}],"curies":[{"name":"wp","href":"https:\/\/api.w.org\/{rel}","templated":true}]}}