{"id":625,"date":"2021-06-03T09:26:15","date_gmt":"2021-06-03T09:26:15","guid":{"rendered":"https:\/\/swiftcasino.mediacle.net\/?page_id=625"},"modified":"2024-09-10T09:54:38","modified_gmt":"2024-09-10T09:54:38","slug":"bordsspel","status":"publish","type":"page","link":"https:\/\/www.swiftcasino.com\/sv-se\/bordsspel\/","title":{"rendered":"Bordsspel"},"content":{"rendered":"\n<h1 class=\"wp-block-heading\">Table Games<\/h1>\n\n\n\n<p>Long before the establishment of online casinos, the very first land-based casinos were only about the lavishness, the food and drinks, the music that played, the glamour and few games to accompany all of it. Cut to the present day, games are the prominent and entertaining part of the casino. The games that were present then, and are still the major games that attract players to the casino are the \u201ctable games\u201d.<\/p>\n\n\n\n<p>Table games are the games that are played on a table without the use of any technical equipment like in the case of&nbsp;<a href=\"https:\/\/www.swiftcasino.com\/sv-se\/slots\/\">slot games<\/a>. The first few table games that come into my mind when we hear the word table games are \u2014 Blackjack and Roulette \u2014 but you will be surprised by how many others are there to greet you with authentic entertainment. Here is a brief on all the table games offered by us that fall in the most popular and most entertaining list of table games<\/p>\n\n\n\n<h2 class=\"wp-block-heading\">Blackjack<\/h2>\n\n\n\n<p><a href=\"https:\/\/www.swiftcasino.com\/sv-se\/blackjack\/\">Blackjack<\/a>&nbsp;is a game that requires very few things to be played &#8211; a dealer, a player, and some decks of cards. Once you have got all three, the wait is to learn the rules real quick.<\/p>\n\n\n\n<p>The dealer asks you to place your bet before he deals the cards. After you place your bet the cards are dealt and you get to select from a set of moves like Hit, Stand, Split and Double Down to reach the objective of the game with your cards. The objective of the game is to reach as close to a total of 21 points as possible(not above) or have cards higher than that of the dealer.<\/p>\n\n\n\n<h2 class=\"wp-block-heading\">Roulette<\/h2>\n\n\n\n<p>Known as the most-exciting table game of casinos,&nbsp;<a href=\"https:\/\/www.swiftcasino.com\/sv-se\/roulette\/\">Roulette<\/a>&nbsp;is a rather simple game. The game consists of a croupier, a roulette wheel, roulette steel ball, a roulette table and a pinch of luck. The game, just like any other game, begins after you have placed your bet. However, it is one of the rare games where your role ends before the game begins. You have to place your bet on a number, a set of numbers or a theme of numbers. This is the only choice you make. What follows is the rotations of the roulette wheel and the steel ball running opposite to the direction of the Roulette wheel spin. The number on which the ball lands, decides your fate.<\/p>\n\n\n\n<h2 class=\"wp-block-heading\">Poker<\/h2>\n\n\n\n<p>Poker is the newest member of table games, thanks to the updates and variants game developers come up with. There are more than countable versions of poker, among which the most popular ones offered are Tri Card Poker, Caribbean Stud Poker and Casino Hold\u2019em. Although the objective of the game remains the same, to hold the highest rank cards in the end, the folds of the game vary in each one.<\/p>\n\n\n\n<h2 class=\"wp-block-heading\">Dice games<\/h2>\n\n\n\n<p>We all have played games like Ludo and Snakes &amp; Ladders in our childhood. We take the game a level-up. Dice games are mind-boggling and full of suspense. The mood of the game swings in sync with the rolling dice. There are several famous games that fall under this category. The most famous ones are Craps and Roll The Dice.<\/p>\n","protected":false},"excerpt":{"rendered":"<p>Table Games Long before the establishment of online casinos, the very first land-based casinos were only about the lavishness, the food and drinks, the music that played, the glamour and few games to accompany all of it. Cut to the present day, games are the prominent and entertaining part of the casino. The games that [&hellip;]<\/p>\n","protected":false},"author":1,"featured_media":0,"parent":0,"menu_order":0,"comment_status":"closed","ping_status":"closed","template":"games-template.php","meta":{"footnotes":""},"class_list":["post-625","page","type-page","status-publish","hentry"],"yoast_head":"<!-- This site is optimized with the Yoast SEO plugin v23.2 - https:\/\/yoast.com\/wordpress\/plugins\/seo\/ -->\n<title>Kortspel - \u00d6ver 200 kortspel du skulle vilja prova<\/title>\n<meta name=\"description\" content=\"Uppt\u00e4ck en omfattande samling med \u00f6ver 200 f\u00e4ngslande kortspel som v\u00e4ntar p\u00e5 att du ska utforska p\u00e5 Swift Casino Sverige. Prova nu! 18+, Ts&amp;Cs Apply.\" \/>\n<meta name=\"robots\" content=\"index, follow, max-snippet:-1, max-image-preview:large, max-video-preview:-1\" \/>\n<link rel=\"canonical\" href=\"https:\/\/www.swiftcasino.com\/sv-se\/bordsspel\/\" \/>\n<meta property=\"og:locale\" content=\"en_US\" \/>\n<meta property=\"og:type\" content=\"article\" \/>\n<meta property=\"og:title\" content=\"Kortspel - \u00d6ver 200 kortspel du skulle vilja prova\" \/>\n<meta property=\"og:description\" content=\"Uppt\u00e4ck en omfattande samling med \u00f6ver 200 f\u00e4ngslande kortspel som v\u00e4ntar p\u00e5 att du ska utforska p\u00e5 Swift Casino Sverige. Prova nu! 18+, Ts&amp;Cs Apply.\" \/>\n<meta property=\"og:url\" content=\"https:\/\/www.swiftcasino.com\/sv-se\/bordsspel\/\" \/>\n<meta property=\"og:site_name\" content=\"Swift Casino\" \/>\n<meta property=\"article:modified_time\" content=\"2024-09-10T09:54:38+00:00\" \/>\n<meta name=\"twitter:card\" content=\"summary_large_image\" \/>\n<meta name=\"twitter:label1\" content=\"Est. reading time\" \/>\n\t<meta name=\"twitter:data1\" content=\"3 minutes\" \/>\n<script type=\"application\/ld+json\" class=\"yoast-schema-graph\">{\"@context\":\"https:\/\/schema.org\",\"@graph\":[{\"@type\":\"WebPage\",\"@id\":\"https:\/\/www.swiftcasino.com\/sv-se\/bordsspel\/\",\"url\":\"https:\/\/www.swiftcasino.com\/sv-se\/bordsspel\/\",\"name\":\"Kortspel - \u00d6ver 200 kortspel du skulle vilja prova\",\"isPartOf\":{\"@id\":\"https:\/\/www.swiftcasino.com\/sv-se\/#website\"},\"datePublished\":\"2021-06-03T09:26:15+00:00\",\"dateModified\":\"2024-09-10T09:54:38+00:00\",\"description\":\"Uppt\u00e4ck en omfattande samling med \u00f6ver 200 f\u00e4ngslande kortspel som v\u00e4ntar p\u00e5 att du ska utforska p\u00e5 Swift Casino Sverige. Prova nu! 18+, Ts&Cs Apply.\",\"breadcrumb\":{\"@id\":\"https:\/\/www.swiftcasino.com\/sv-se\/bordsspel\/#breadcrumb\"},\"inLanguage\":\"en-US\",\"potentialAction\":[{\"@type\":\"ReadAction\",\"target\":[\"https:\/\/www.swiftcasino.com\/sv-se\/bordsspel\/\"]}]},{\"@type\":\"BreadcrumbList\",\"@id\":\"https:\/\/www.swiftcasino.com\/sv-se\/bordsspel\/#breadcrumb\",\"itemListElement\":[{\"@type\":\"ListItem\",\"position\":1,\"name\":\"Home\",\"item\":\"https:\/\/www.swiftcasino.com\/sv-se\/\"},{\"@type\":\"ListItem\",\"position\":2,\"name\":\"Bordsspel\"}]},{\"@type\":\"WebSite\",\"@id\":\"https:\/\/www.swiftcasino.com\/sv-se\/#website\",\"url\":\"https:\/\/www.swiftcasino.com\/sv-se\/\",\"name\":\"Swift Casino\",\"description\":\"\",\"potentialAction\":[{\"@type\":\"SearchAction\",\"target\":{\"@type\":\"EntryPoint\",\"urlTemplate\":\"https:\/\/www.swiftcasino.com\/sv-se\/?s={search_term_string}\"},\"query-input\":\"required name=search_term_string\"}],\"inLanguage\":\"en-US\"}]}<\/script>\n<!-- \/ Yoast SEO plugin. -->","yoast_head_json":{"title":"Kortspel - \u00d6ver 200 kortspel du skulle vilja prova","description":"Uppt\u00e4ck en omfattande samling med \u00f6ver 200 f\u00e4ngslande kortspel som v\u00e4ntar p\u00e5 att du ska utforska p\u00e5 Swift Casino Sverige. Prova nu! 18+, Ts&Cs Apply.","robots":{"index":"index","follow":"follow","max-snippet":"max-snippet:-1","max-image-preview":"max-image-preview:large","max-video-preview":"max-video-preview:-1"},"canonical":"https:\/\/www.swiftcasino.com\/sv-se\/bordsspel\/","og_locale":"en_US","og_type":"article","og_title":"Kortspel - \u00d6ver 200 kortspel du skulle vilja prova","og_description":"Uppt\u00e4ck en omfattande samling med \u00f6ver 200 f\u00e4ngslande kortspel som v\u00e4ntar p\u00e5 att du ska utforska p\u00e5 Swift Casino Sverige. Prova nu! 18+, Ts&Cs Apply.","og_url":"https:\/\/www.swiftcasino.com\/sv-se\/bordsspel\/","og_site_name":"Swift Casino","article_modified_time":"2024-09-10T09:54:38+00:00","twitter_card":"summary_large_image","twitter_misc":{"Est. reading time":"3 minutes"},"schema":{"@context":"https:\/\/schema.org","@graph":[{"@type":"WebPage","@id":"https:\/\/www.swiftcasino.com\/sv-se\/bordsspel\/","url":"https:\/\/www.swiftcasino.com\/sv-se\/bordsspel\/","name":"Kortspel - \u00d6ver 200 kortspel du skulle vilja prova","isPartOf":{"@id":"https:\/\/www.swiftcasino.com\/sv-se\/#website"},"datePublished":"2021-06-03T09:26:15+00:00","dateModified":"2024-09-10T09:54:38+00:00","description":"Uppt\u00e4ck en omfattande samling med \u00f6ver 200 f\u00e4ngslande kortspel som v\u00e4ntar p\u00e5 att du ska utforska p\u00e5 Swift Casino Sverige. Prova nu! 18+, Ts&Cs Apply.","breadcrumb":{"@id":"https:\/\/www.swiftcasino.com\/sv-se\/bordsspel\/#breadcrumb"},"inLanguage":"en-US","potentialAction":[{"@type":"ReadAction","target":["https:\/\/www.swiftcasino.com\/sv-se\/bordsspel\/"]}]},{"@type":"BreadcrumbList","@id":"https:\/\/www.swiftcasino.com\/sv-se\/bordsspel\/#breadcrumb","itemListElement":[{"@type":"ListItem","position":1,"name":"Home","item":"https:\/\/www.swiftcasino.com\/sv-se\/"},{"@type":"ListItem","position":2,"name":"Bordsspel"}]},{"@type":"WebSite","@id":"https:\/\/www.swiftcasino.com\/sv-se\/#website","url":"https:\/\/www.swiftcasino.com\/sv-se\/","name":"Swift Casino","description":"","potentialAction":[{"@type":"SearchAction","target":{"@type":"EntryPoint","urlTemplate":"https:\/\/www.swiftcasino.com\/sv-se\/?s={search_term_string}"},"query-input":"required name=search_term_string"}],"inLanguage":"en-US"}]}},"_links":{"self":[{"href":"https:\/\/www.swiftcasino.com\/sv-se\/wp-json\/wp\/v2\/pages\/625"}],"collection":[{"href":"https:\/\/www.swiftcasino.com\/sv-se\/wp-json\/wp\/v2\/pages"}],"about":[{"href":"https:\/\/www.swiftcasino.com\/sv-se\/wp-json\/wp\/v2\/types\/page"}],"author":[{"embeddable":true,"href":"https:\/\/www.swiftcasino.com\/sv-se\/wp-json\/wp\/v2\/users\/1"}],"replies":[{"embeddable":true,"href":"https:\/\/www.swiftcasino.com\/sv-se\/wp-json\/wp\/v2\/comments?post=625"}],"version-history":[{"count":1,"href":"https:\/\/www.swiftcasino.com\/sv-se\/wp-json\/wp\/v2\/pages\/625\/revisions"}],"predecessor-version":[{"id":1938,"href":"https:\/\/www.swiftcasino.com\/sv-se\/wp-json\/wp\/v2\/pages\/625\/revisions\/1938"}],"wp:attachment":[{"href":"https:\/\/www.swiftcasino.com\/sv-se\/wp-json\/wp\/v2\/media?parent=625"}],"curies":[{"name":"wp","href":"https:\/\/api.w.org\/{rel}","templated":true}]}}