{"id":63,"date":"2021-03-04T09:42:49","date_gmt":"2021-03-04T09:42:49","guid":{"rendered":"https:\/\/swiftcasino.mediacle.net\/?page_id=40"},"modified":"2025-08-29T09:30:35","modified_gmt":"2025-08-29T09:30:35","slug":"livecasino","status":"publish","type":"page","link":"https:\/\/www.swiftcasino.com\/sv-se\/livecasino\/","title":{"rendered":"Live Casino"},"content":{"rendered":"\n<h2 class=\"wp-block-heading\"><strong>Live Casino<\/strong><\/h2>\n\n\n\n<p>Vill du uppleva sp\u00e4nningen med att spela live p\u00e5 ett casino? D\u00e5 har du kommit till r\u00e4tt plats eftersom vi p\u00e5 Swift Casino ger dig den b\u00e4sta livecasinoupplevelsen, utan att du beh\u00f6ver l\u00e4mna hemmet. Livecasinot p\u00e5 Swift Casino ger dig en chans att komma i kontakt med andra spelare och dealern, och vara med om sp\u00e4nningen med att spela live p\u00e5 ett landbaserat casino. Livecasinospelen som erbjuds p\u00e5 v\u00e5rt <a href=\"https:\/\/www.swiftcasino.com\/sv-se\/\">onlinecasino<\/a> utnyttjar tekniken f\u00f6r livestreaming i HD och har en virtuell grafikmilj\u00f6 f\u00f6r att erbjuda ett livefl\u00f6de av ett traditionellt casino, med en dealer och medspelare vid spelbordet.<\/p>\n\n\n\n<p>N\u00e4r du har kommit till v\u00e5rt livedealer-casino finns det en uppsj\u00f6 av spelupplevelser till ditt f\u00f6rfogande. Brittiska livecasinospel online som <a href=\"https:\/\/www.swiftcasino.com\/sv-se\/blackjack\/\">Blackjack<\/a>, Baccarat och Roulette tillsammans med varianter av dessa tre spel. vilket ger dig ett otroligt antal alternativ f\u00f6r ditt livecasino-universum. Dessa plattformar kan n\u00e5s eller spelas var som helst i v\u00e4rlden med alla typer av mobila och station\u00e4ra enheter, d\u00e4r du bara beh\u00f6ver logga in med dina anv\u00e4ndaruppgifter och b\u00f6rja spela p\u00e5 interaktiva casinospel precis som du skulle g\u00f6ra p\u00e5 ett Las Vegas-casino med allt vad det inneb\u00e4r.<\/p>\n\n\n\n<h2 class=\"wp-block-heading\"><strong>O\u00f6vertr\u00e4ffade spel med assistans<\/strong><\/h2>\n\n\n\n<p>V\u00e5ra croupierer p\u00e5 Swift Casino \u00e4r stolta \u00f6ver att g\u00f6ra livecasinospelupplevelsen trevlig och informativ \u00e4ven f\u00f6r de mest oerfarna spelarna som anv\u00e4nder sig av v\u00e5r plattform. V\u00e5rt professionella team av croupierer hj\u00e4lper dig med allt fr\u00e5n att placera insatser vid ditt bord och att informera om erbjudanden till att l\u00e5ta dealern informera om spelets regler.<\/p>\n\n\n\n<p>Ut\u00f6ver detta erbjuder vi \u00e4ven spelarna snabb hj\u00e4lp om de olika spelen som erbjuds och de h\u00f6ga insatserna som finns tillg\u00e4ngliga f\u00f6r spel som Baccarat, Blackjack, <a href=\"https:\/\/www.swiftcasino.com\/sv-se\/roulette\/\">Roulette<\/a>, Poker och m\u00e5nga fler. Denna niv\u00e5 av bekv\u00e4mlighet, i kombination med kontroll \u00f6ver livecasino-upplevelsen fr\u00e5n din egen soffa \u00e4r ett alternativt s\u00e4tt att ha kul trots att du befinner dig tusentals mil bort fr\u00e5n det landbaserade casinot. Dessutom sparar du pengar p\u00e5 transport och andra omkostnader f\u00f6r en faktisk resa till ett landbaserat casino, vilket \u00e4r pengar du ist\u00e4llet kan satsa i livespelen f\u00f6r en chans att vinna h\u00f6ga vinster.<\/p>\n\n\n\n<h3 class=\"wp-block-heading\"><strong>Kraften i 3D<\/strong><\/h3>\n\n\n\n<p>T\u00e4nk om du kunde kombinera den verkliga v\u00e4rlden med teknik som trotsar din fantasi och alla antaganden om v\u00e4rlden du lever i? Ja, det \u00e4r nu m\u00f6jligt genom att utnyttja kraften i 3D i livecasino-spel. Att anv\u00e4nda sofistikerad grafik i popul\u00e4ra livecasino-spel samtidigt som livefl\u00f6det rullas ut \u00e4r det nya modet f\u00f6r branschen som helhet.<\/p>\n\n\n\n<p>Vi p\u00e5 Swift Casino v\u00e4rnar om v\u00e5rt samarbete med en arm\u00e9 av mjukvaruleverant\u00f6rer f\u00f6r att designa anv\u00e4ndarinneh\u00e5ll och upplevelser enligt v\u00e5r vision av vad roliga spel \u00e4r. Toppnamn i branschen som Games Global, NetEnt, Yggdrasil, Playtech, Evolution Gaming och Novomatic bidrar till att f\u00f6rb\u00e4ttra v\u00e5ra spel, anv\u00e4ndarv\u00e4nlighet och forts\u00e4tta erbjuda ett h\u00f6gt RTP-f\u00f6rh\u00e5llande f\u00f6r v\u00e5ra m\u00e5nga spel.<\/p>\n\n\n\n<h3 class=\"wp-block-heading\"><strong>Robust s\u00e4kerhet och regulatorisk st\u00e4llning<\/strong><\/h3>\n\n\n\n<p>Allt inneh\u00e5ll, inloggningar och alla spel p\u00e5 Swift Casino \u00e4r 100% s\u00e4kert under ledning av v\u00e5rt extremt beg\u00e5vade IT-team. System som 128 bitars SSL-kryptering, oberoende teknik- och systemrevisioner samt verktyg f\u00f6r r\u00e4ttvist spelande som slumptalsgeneratorer (RNG) ser till att du kan lita p\u00e5 v\u00e5rt casino f\u00f6r alla spel p\u00e5 v\u00e5rt mobila och livebaserade casino.<\/p>\n\n\n\n<p>V\u00e5r sajt \u00e4r ocks\u00e5 kompatibel med alla lagar, regler och licenser f\u00f6r onlinespel och s\u00e4kerst\u00e4ller strikt efterlevnad av alla r\u00e5dande policyer f\u00f6r v\u00e5ra spel och kunder. Varje \u00f6vertr\u00e4delse n\u00e4r det g\u00e4ller spel p\u00e5 Swift Casino tas p\u00e5 st\u00f6rsta allvar och \u00e5tg\u00e4rdas direkt.<\/p>\n\n\n\n<h3 class=\"wp-block-heading\"><strong>Kampanjer och betalningsalternativ<\/strong><\/h3>\n\n\n\n<p>V\u00e5rt livecasino har en m\u00e4ngd betalningsalternativ som du som spelare kan v\u00e4lja f\u00f6r att ta ut och s\u00e4tta in dina pengar p\u00e5 ditt konto. Onlinepl\u00e5nb\u00f6cker som Neteller, Skrill, ecoPayz, Instadebit och Click2Pay tillsammans med f\u00f6rbetalda kort som Paysafecard kan anv\u00e4ndas f\u00f6r b\u00e5de ins\u00e4ttning och uttag. Vi har ocks\u00e5 st\u00f6d f\u00f6r popul\u00e4ra metoder som Maestro och Paypal f\u00f6r att underl\u00e4tta f\u00f6r v\u00e5ra spelare och f\u00f6r att s\u00e4kerst\u00e4lla snabba transaktionstider p\u00e5 v\u00e5rt casino.<\/p>\n\n\n\n<p>Vi p\u00e5 Swift Casino driver \u00e4ven m\u00e5nga kampanjer och bonusar f\u00f6r nya och \u00e5terkommande spelare. Oavsett vilket spel det \u00e4r, live eller p\u00e5 annat s\u00e4tt, f\u00e5r nya spelare fina bonusar n\u00e4r du s\u00e4tter in pengar p\u00e5 v\u00e5rt casino, upp till 100% av ins\u00e4ttningen med vissa gr\u00e4nser. D\u00e5 har vi inte ens n\u00e4mnt andra incitament som gratissnurr, veckovisa bel\u00f6ningar, spelspecifika priser och Livecasino-till\u00e4gg. Ett komplett ekosystem kring dessa marknadsf\u00f6ringsaktiviteter s\u00e4kerst\u00e4ller en stor publik f\u00f6r den spelupplevelse vi har att erbjuda. Du som \u00e5terkommande kund kan ocks\u00e5 f\u00f6rv\u00e4nta dig bel\u00f6ningar anpassade till dina specifika behov, bland annat i form av regelbundna gratisspel, bonus utan ins\u00e4ttning, minskning av oms\u00e4ttningskrav och liknande bel\u00f6ningar.<\/p>\n\n\n\n<p>Det mest unika erbjudandet p\u00e5 v\u00e5rt casino \u00e4r det f\u00f6r v\u00e5ra lojala spelare, som \u00e4r en del av VIP-programmet. Detta erbjudande kommer med dedikerad support och exklusiva kampanjer och bel\u00f6ningar med tillg\u00e5ng till nya spel endast f\u00f6r medlemmar.<\/p>\n\n\n\n<h3 class=\"wp-block-heading\"><strong>Support<\/strong><\/h3>\n\n\n\n<p>Livecasinot och andra delar av spel p\u00e5 v\u00e5rt casino har ett dedikerat supportteam som \u00e4r redo att svara p\u00e5 fr\u00e5gor och l\u00f6sa problem dygnet runt, sju dagar i veckan. Oavsett vad klockan \u00e4r ser v\u00e5rt team till att du l\u00e4mnar supporten med en l\u00f6sning p\u00e5 dina problem. Denna professionalism har s\u00e4kerst\u00e4llt Swift Casinos goda rykte.<\/p>\n","protected":false},"excerpt":{"rendered":"<p>Live Casino Vill du uppleva sp\u00e4nningen med att spela live p\u00e5 ett casino? D\u00e5 har du kommit till r\u00e4tt plats eftersom vi p\u00e5 Swift Casino ger dig den b\u00e4sta livecasinoupplevelsen, utan att du beh\u00f6ver l\u00e4mna hemmet. Livecasinot p\u00e5 Swift Casino ger dig en chans att komma i kontakt med andra spelare och dealern, och vara [&hellip;]<\/p>\n","protected":false},"author":1,"featured_media":0,"parent":0,"menu_order":0,"comment_status":"closed","ping_status":"closed","template":"games-template.php","meta":{"footnotes":""},"class_list":["post-63","page","type-page","status-publish","hentry"],"yoast_head":"<!-- This site is optimized with the Yoast SEO plugin v23.2 - https:\/\/yoast.com\/wordpress\/plugins\/seo\/ -->\n<title>Live Casino Sverige - Spel med live dealers p\u00e5 Swift Casino<\/title>\n<meta name=\"description\" content=\"Swift Casino erbjuder dig de b\u00e4sta livecasinospelen f\u00f6r att f\u00e5 k\u00e4nslan av Vegas fr\u00e5n bekv\u00e4mligheten i ditt hem. 18+, Ts&amp;Cs Apply.\" \/>\n<meta name=\"robots\" content=\"index, follow, max-snippet:-1, max-image-preview:large, max-video-preview:-1\" \/>\n<link rel=\"canonical\" href=\"https:\/\/www.swiftcasino.com\/sv-se\/livecasino\/\" \/>\n<meta property=\"og:locale\" content=\"en_US\" \/>\n<meta property=\"og:type\" content=\"article\" \/>\n<meta property=\"og:title\" content=\"Live Casino Sverige - Spel med live dealers p\u00e5 Swift Casino\" \/>\n<meta property=\"og:description\" content=\"Swift Casino erbjuder dig de b\u00e4sta livecasinospelen f\u00f6r att f\u00e5 k\u00e4nslan av Vegas fr\u00e5n bekv\u00e4mligheten i ditt hem. 18+, Ts&amp;Cs Apply.\" \/>\n<meta property=\"og:url\" content=\"https:\/\/www.swiftcasino.com\/sv-se\/livecasino\/\" \/>\n<meta property=\"og:site_name\" content=\"Swift Casino\" \/>\n<meta property=\"article:modified_time\" content=\"2025-08-29T09:30:35+00:00\" \/>\n<meta name=\"twitter:card\" content=\"summary_large_image\" \/>\n<meta name=\"twitter:label1\" content=\"Est. reading time\" \/>\n\t<meta name=\"twitter:data1\" content=\"4 minutes\" \/>\n<script type=\"application\/ld+json\" class=\"yoast-schema-graph\">{\"@context\":\"https:\/\/schema.org\",\"@graph\":[{\"@type\":\"WebPage\",\"@id\":\"https:\/\/www.swiftcasino.com\/sv-se\/livecasino\/\",\"url\":\"https:\/\/www.swiftcasino.com\/sv-se\/livecasino\/\",\"name\":\"Live Casino Sverige - Spel med live dealers p\u00e5 Swift Casino\",\"isPartOf\":{\"@id\":\"https:\/\/www.swiftcasino.com\/sv-se\/#website\"},\"datePublished\":\"2021-03-04T09:42:49+00:00\",\"dateModified\":\"2025-08-29T09:30:35+00:00\",\"description\":\"Swift Casino erbjuder dig de b\u00e4sta livecasinospelen f\u00f6r att f\u00e5 k\u00e4nslan av Vegas fr\u00e5n bekv\u00e4mligheten i ditt hem. 18+, Ts&Cs Apply.\",\"breadcrumb\":{\"@id\":\"https:\/\/www.swiftcasino.com\/sv-se\/livecasino\/#breadcrumb\"},\"inLanguage\":\"en-US\",\"potentialAction\":[{\"@type\":\"ReadAction\",\"target\":[\"https:\/\/www.swiftcasino.com\/sv-se\/livecasino\/\"]}]},{\"@type\":\"BreadcrumbList\",\"@id\":\"https:\/\/www.swiftcasino.com\/sv-se\/livecasino\/#breadcrumb\",\"itemListElement\":[{\"@type\":\"ListItem\",\"position\":1,\"name\":\"Home\",\"item\":\"https:\/\/www.swiftcasino.com\/sv-se\/\"},{\"@type\":\"ListItem\",\"position\":2,\"name\":\"Live Casino\"}]},{\"@type\":\"WebSite\",\"@id\":\"https:\/\/www.swiftcasino.com\/sv-se\/#website\",\"url\":\"https:\/\/www.swiftcasino.com\/sv-se\/\",\"name\":\"Swift Casino\",\"description\":\"\",\"potentialAction\":[{\"@type\":\"SearchAction\",\"target\":{\"@type\":\"EntryPoint\",\"urlTemplate\":\"https:\/\/www.swiftcasino.com\/sv-se\/?s={search_term_string}\"},\"query-input\":\"required name=search_term_string\"}],\"inLanguage\":\"en-US\"}]}<\/script>\n<!-- \/ Yoast SEO plugin. -->","yoast_head_json":{"title":"Live Casino Sverige - Spel med live dealers p\u00e5 Swift Casino","description":"Swift Casino erbjuder dig de b\u00e4sta livecasinospelen f\u00f6r att f\u00e5 k\u00e4nslan av Vegas fr\u00e5n bekv\u00e4mligheten i ditt hem. 18+, Ts&Cs Apply.","robots":{"index":"index","follow":"follow","max-snippet":"max-snippet:-1","max-image-preview":"max-image-preview:large","max-video-preview":"max-video-preview:-1"},"canonical":"https:\/\/www.swiftcasino.com\/sv-se\/livecasino\/","og_locale":"en_US","og_type":"article","og_title":"Live Casino Sverige - Spel med live dealers p\u00e5 Swift Casino","og_description":"Swift Casino erbjuder dig de b\u00e4sta livecasinospelen f\u00f6r att f\u00e5 k\u00e4nslan av Vegas fr\u00e5n bekv\u00e4mligheten i ditt hem. 18+, Ts&Cs Apply.","og_url":"https:\/\/www.swiftcasino.com\/sv-se\/livecasino\/","og_site_name":"Swift Casino","article_modified_time":"2025-08-29T09:30:35+00:00","twitter_card":"summary_large_image","twitter_misc":{"Est. reading time":"4 minutes"},"schema":{"@context":"https:\/\/schema.org","@graph":[{"@type":"WebPage","@id":"https:\/\/www.swiftcasino.com\/sv-se\/livecasino\/","url":"https:\/\/www.swiftcasino.com\/sv-se\/livecasino\/","name":"Live Casino Sverige - Spel med live dealers p\u00e5 Swift Casino","isPartOf":{"@id":"https:\/\/www.swiftcasino.com\/sv-se\/#website"},"datePublished":"2021-03-04T09:42:49+00:00","dateModified":"2025-08-29T09:30:35+00:00","description":"Swift Casino erbjuder dig de b\u00e4sta livecasinospelen f\u00f6r att f\u00e5 k\u00e4nslan av Vegas fr\u00e5n bekv\u00e4mligheten i ditt hem. 18+, Ts&Cs Apply.","breadcrumb":{"@id":"https:\/\/www.swiftcasino.com\/sv-se\/livecasino\/#breadcrumb"},"inLanguage":"en-US","potentialAction":[{"@type":"ReadAction","target":["https:\/\/www.swiftcasino.com\/sv-se\/livecasino\/"]}]},{"@type":"BreadcrumbList","@id":"https:\/\/www.swiftcasino.com\/sv-se\/livecasino\/#breadcrumb","itemListElement":[{"@type":"ListItem","position":1,"name":"Home","item":"https:\/\/www.swiftcasino.com\/sv-se\/"},{"@type":"ListItem","position":2,"name":"Live Casino"}]},{"@type":"WebSite","@id":"https:\/\/www.swiftcasino.com\/sv-se\/#website","url":"https:\/\/www.swiftcasino.com\/sv-se\/","name":"Swift Casino","description":"","potentialAction":[{"@type":"SearchAction","target":{"@type":"EntryPoint","urlTemplate":"https:\/\/www.swiftcasino.com\/sv-se\/?s={search_term_string}"},"query-input":"required name=search_term_string"}],"inLanguage":"en-US"}]}},"_links":{"self":[{"href":"https:\/\/www.swiftcasino.com\/sv-se\/wp-json\/wp\/v2\/pages\/63"}],"collection":[{"href":"https:\/\/www.swiftcasino.com\/sv-se\/wp-json\/wp\/v2\/pages"}],"about":[{"href":"https:\/\/www.swiftcasino.com\/sv-se\/wp-json\/wp\/v2\/types\/page"}],"author":[{"embeddable":true,"href":"https:\/\/www.swiftcasino.com\/sv-se\/wp-json\/wp\/v2\/users\/1"}],"replies":[{"embeddable":true,"href":"https:\/\/www.swiftcasino.com\/sv-se\/wp-json\/wp\/v2\/comments?post=63"}],"version-history":[{"count":3,"href":"https:\/\/www.swiftcasino.com\/sv-se\/wp-json\/wp\/v2\/pages\/63\/revisions"}],"predecessor-version":[{"id":2346,"href":"https:\/\/www.swiftcasino.com\/sv-se\/wp-json\/wp\/v2\/pages\/63\/revisions\/2346"}],"wp:attachment":[{"href":"https:\/\/www.swiftcasino.com\/sv-se\/wp-json\/wp\/v2\/media?parent=63"}],"curies":[{"name":"wp","href":"https:\/\/api.w.org\/{rel}","templated":true}]}}