{"id":64,"date":"2021-03-04T10:32:16","date_gmt":"2021-03-04T10:32:16","guid":{"rendered":"https:\/\/swiftcasino.mediacle.net\/?page_id=52"},"modified":"2025-09-17T11:57:59","modified_gmt":"2025-09-17T11:57:59","slug":"blackjack","status":"publish","type":"page","link":"https:\/\/www.swiftcasino.com\/sv-se\/blackjack\/","title":{"rendered":"Blackjack"},"content":{"rendered":"\n<h2 class=\"wp-block-heading\"><strong>Varf\u00f6r spela Blackjack online hos oss?<\/strong><\/h2>\n\n\n\n<p>Som ett fullt licensierat och reglerat <a href=\"https:\/\/www.swiftcasino.com\/sv-se\/\" hreflang=\"sv\">online casino<\/a> erbjuder vi en helt s\u00e4ker och p\u00e5litlig spelmilj\u00f6. Vi har valt ut de b\u00e4sta Blackjack-spelen som tagits fram av de fr\u00e4msta mjukvaruleverant\u00f6rerna i branschen f\u00f6r att m\u00f6jligg\u00f6ra en sensationell spelupplevelse vid de virtuella borden. Du hittar popul\u00e4ra och klassiska varianter av Blackjack h\u00e4r. Varje spel p\u00e5 v\u00e5r sida granskas regelbundet f\u00f6r att s\u00e4kerst\u00e4lla att de \u00e4r r\u00e4ttvisa. Blackjack-spel h\u00e4r \u00e4r designade med slumptalsgeneratorer och genererar d\u00e4rf\u00f6r slumpm\u00e4ssiga resultat.<\/p>\n\n\n\n<p>P\u00e5 Swift Casino erbjuder vi en snabb mobilspelplattform f\u00f6r v\u00e5ra Blackjack-entusiaster som vill spela var som helst och n\u00e4r som helst. Du kan spela dina favoritspel f\u00f6r Blackjack online fr\u00e5n hemmets bekv\u00e4ma milj\u00f6 genom att helt enkelt logga in p\u00e5 ditt casinokonto fr\u00e5n din enhets webbl\u00e4sare. Det finns inget krav p\u00e5 att ladda ner spel eftersom spelen kan n\u00e5s direkt fr\u00e5n din mobiltelefon eller surfplatta via webbl\u00e4saren. V\u00e5ra partnerutvecklare har tagit fram spel i v\u00e5r nisch med mjukvarust\u00f6d som g\u00f6r att du kan njuta av oavbrutet problemfritt spelande i HD. \u00c4ven n\u00e4r du \u00e4r p\u00e5 resande fot kan du spela Blackjack online p\u00e5 den enhet som du gillar. V\u00e5ra mobila Blackjack-spel \u00e4r optimerade s\u00e5 att du kan njuta av den spektakul\u00e4ra grafiken, ljudeffekterna och banbrytande funktionerna \u00e4ven p\u00e5 dina mindre sk\u00e4rmar utan att beh\u00f6va kompromissa med spelets kvalitet.<\/p>\n\n\n\n<p>Med tillg\u00e4nglighet och bekv\u00e4mlighet i toppklass ser vi ocks\u00e5 till att s\u00e4kerheten f\u00f6r spel online tas om hand. Vi anv\u00e4nder den senaste SSL-krypteringstekniken s\u00e5 att varje bit av information du delar med oss skyddas fr\u00e5n tredjeparter eller hackers. N\u00e4r du registrerar dig hos oss f\u00f6r att spela Blackjack online kan du vara s\u00e4ker p\u00e5 att dina ekonomiska och personliga uppgifter \u00e4r s\u00e4kra.<\/p>\n\n\n\n<h2 class=\"wp-block-heading\"><strong>V\u00e4lj bland en m\u00e4ngd online blackjackspel<\/strong><\/h2>\n\n\n\n<p>Vi \u00e4r stolta \u00f6ver v\u00e5rt exklusiva utbud av Blackjack-spel online som finns i v\u00e5r casinospelkatalog. Tillsammans med f\u00f6rstklassiga leverant\u00f6rer ger vi dig en fantastisk samling av Blackjack-spel som inkluderar 3D- och HD-spel. Varje spel har unika funktioner och k\u00e4nnetecknas av briljant bildkvalitet, lockande ljudsp\u00e5r, b\u00e5de h\u00f6ga och l\u00e5ga insatsgr\u00e4nser och en massa specialfunktioner. Fr\u00e5n single-deck Blackjack till multiplayer har vi allt du kan t\u00e4nkas gilla att spela h\u00e4r.<\/p>\n\n\n\n<p>Om du \u00e4r en Blackjack-nyb\u00f6rjare och \u00e4lskar att spela Blackjack online beh\u00f6ver du inte oroa dig \u00f6ver din skicklighetsniv\u00e5 eftersom vi har de enklaste Blackjack-formaten online som \u00e4r l\u00e4tta att spela. Du kan ocks\u00e5 l\u00e4sa spelreglerna tillsammans med satsningsvillkoren f\u00f6r att f\u00f6rb\u00e4ttra ditt spelande. Du kan b\u00f6rja med spelen med l\u00e4gre gr\u00e4nser och gradvis prova p\u00e5 de varianter som l\u00e5ter dig satsa mer pengar. Det finns en speciell del av VIP Blackjack-bord f\u00f6r v\u00e5ra \u00e5terkommande storspelare som vill satsa h\u00f6gre. V\u00e5ra VIP-bord \u00e4r riktigt bra eftersom de inte bara l\u00e5ter dig spela mycket givande spel utan ocks\u00e5 ger dig den extra f\u00f6rdelen att f\u00e5 tillg\u00e5ng till lojalitetsf\u00f6rm\u00e5ner som \u00e4r anpassade speciellt f\u00f6r dig. Kolla v\u00e5r lista \u00f6ver Blackjack-spel med sidosatsningsfunktioner, bonusfunktioner och mer. Registrera dig nu f\u00f6r att spela!<\/p>\n\n\n\n<h3 class=\"wp-block-heading\"><strong>Hur g\u00f6r man en ins\u00e4ttning f\u00f6r Blackjack online?<\/strong><\/h3>\n\n\n\n<p>Genom att satsa riktiga pengar f\u00e5r du en chans att f\u00e5 riktiga bel\u00f6ningar och stora \u00f6verraskningar. P\u00e5 Swift Casino har vi \u00e5tagit oss att erbjuda v\u00e5ra spelare b\u00e5de komfort och olike valutaval f\u00f6r att g\u00f6ra ins\u00e4ttningar och uttag tillsammans med s\u00e4kra betalmetoder. Med betalningsalternativ som betalkort, popul\u00e4ra metoder f\u00f6r e-pl\u00e5nb\u00f6cker, metoder f\u00f6r betalning via telefon och bank\u00f6verf\u00f6ring kan du g\u00f6ra omedelbara ins\u00e4ttningar f\u00f6r att komma \u00e5t alla spel i v\u00e5r Blackjack-lobby. Alla metoder p\u00e5 v\u00e5r webbplats \u00e4r snabba och p\u00e5litliga. N\u00e4r allt kommer omkring vill du troligtvis ta ut dina vinster s\u00e5 fort som m\u00f6jligt, och h\u00e4r tar det som mest 3-5 dagar att ta ut dina vinster p\u00e5 Blackjack beroende p\u00e5 vald uttagsmetod. Du kan kontrollera detaljerna f\u00f6r ins\u00e4ttningsgr\u00e4nserna och uttagsgr\u00e4nserna p\u00e5 v\u00e5r sida med bankalternativ f\u00f6r att komma ig\u00e5ng direkt!<\/p>\n\n\n\n<h3 class=\"wp-block-heading\"><strong>Live-blackjack online<\/strong><\/h3>\n\n\n\n<p>F\u00f6r spelare som gillar det roliga och spela p\u00e5 landbaserade casinon har vi skapat en <a href=\"https:\/\/www.swiftcasino.com\/sv-se\/livecasino\/\" hreflang=\"sv\">live-dealerlounge<\/a>. Med live-Blackjack \u00e4r denna lobby ett av de mest interaktiva utrymmena f\u00f6r spelare, oavsett genre. V\u00e5ra liveblackjack-varianter har tagits fram av ledande utvecklare som Evolution Gaming, Games Global, NetEnt, Playtech och andra framst\u00e5ende leverant\u00f6rer fr\u00e5n branschen. Verkliga croupierer och toppmoderna casinostudior utrustade med avancerad teknik som streamar HD-video g\u00f6r hela Blackjack-upplevelsen till en uppslukande s\u00e5dan. Liveblackjack-bord hanteras fr\u00e5n exotiska casinoplatser \u00f6ver hela v\u00e4rlden som Las Vegas. Du kan ocks\u00e5 hitta en dealer som talar svenska och hj\u00e4lper dig genom din spelsession genom att l\u00e4gga dina insatser, distribuera korten och meddela vinster.<\/p>\n\n\n\n<h3 class=\"wp-block-heading\"><strong>F\u00e5 de b\u00e4sta erbjudandena p\u00e5 blackjackspel online<\/strong><\/h3>\n\n\n\n<p>P\u00e5 Swift Casino vill vi att alla spelare ska njuta av den b\u00e4sta Blackjack-upplevelsen som g\u00e5r att f\u00e5 online med lukrativa bonusar och kampanjer. S\u00e5 fort du registrerar dig p\u00e5 v\u00e5r sida h\u00e4lsar vi dig v\u00e4lkommen med en gener\u00f6s v\u00e4lkomstbonus. Vi lanserar ocks\u00e5 nya kampanjerbjudanden, race och turneringar p\u00e5 speciella Blackjack-spel f\u00f6r v\u00e5ra \u00e5terkommande spelare. Fr\u00e5n erbjudanden utan ins\u00e4ttning och matchande ins\u00e4ttningsbonusar till lojalitetsbonusar \u00e4r alla erbjudanden anpassade f\u00f6r att f\u00f6rb\u00e4ttra dina spelm\u00f6jligheter och definitivt \u00f6ka ditt saldo om du vinner.<\/p>\n","protected":false},"excerpt":{"rendered":"<p>Varf\u00f6r spela Blackjack online hos oss? Som ett fullt licensierat och reglerat online casino erbjuder vi en helt s\u00e4ker och p\u00e5litlig spelmilj\u00f6. Vi har valt ut de b\u00e4sta Blackjack-spelen som tagits fram av de fr\u00e4msta mjukvaruleverant\u00f6rerna i branschen f\u00f6r att m\u00f6jligg\u00f6ra en sensationell spelupplevelse vid de virtuella borden. Du hittar popul\u00e4ra och klassiska varianter av [&hellip;]<\/p>\n","protected":false},"author":1,"featured_media":0,"parent":0,"menu_order":0,"comment_status":"closed","ping_status":"closed","template":"games-template.php","meta":{"footnotes":""},"class_list":["post-64","page","type-page","status-publish","hentry"],"yoast_head":"<!-- This site is optimized with the Yoast SEO plugin v23.2 - https:\/\/yoast.com\/wordpress\/plugins\/seo\/ -->\n<title>Spela Blackjack online p\u00e5 Swift Casino Sverige<\/title>\n<meta name=\"description\" content=\"Om du \u00e4r ett inbitet Blackjack-fan gratulerar vi och v\u00e4lkomnar dig till v\u00e5r premiumsajt f\u00f6r online-Blackjack. G\u00f6r dig redo f\u00f6r en elektrifierande spelupplevelse p\u00e5 ditt alldeles egna Swift Casino. Vi f\u00f6rs\u00f6ker g\u00f6ra det tidl\u00f6sa spelet Blackjack online lika roligt som det skulle vara p\u00e5 ett fysiskt casino.\" \/>\n<meta name=\"robots\" content=\"index, follow, max-snippet:-1, max-image-preview:large, max-video-preview:-1\" \/>\n<link rel=\"canonical\" href=\"https:\/\/www.swiftcasino.com\/sv-se\/blackjack\/\" \/>\n<meta property=\"og:locale\" content=\"en_US\" \/>\n<meta property=\"og:type\" content=\"article\" \/>\n<meta property=\"og:title\" content=\"Spela Blackjack online p\u00e5 Swift Casino Sverige\" \/>\n<meta property=\"og:description\" content=\"Om du \u00e4r ett inbitet Blackjack-fan gratulerar vi och v\u00e4lkomnar dig till v\u00e5r premiumsajt f\u00f6r online-Blackjack. G\u00f6r dig redo f\u00f6r en elektrifierande spelupplevelse p\u00e5 ditt alldeles egna Swift Casino. Vi f\u00f6rs\u00f6ker g\u00f6ra det tidl\u00f6sa spelet Blackjack online lika roligt som det skulle vara p\u00e5 ett fysiskt casino.\" \/>\n<meta property=\"og:url\" content=\"https:\/\/www.swiftcasino.com\/sv-se\/blackjack\/\" \/>\n<meta property=\"og:site_name\" content=\"Swift Casino\" \/>\n<meta property=\"article:modified_time\" content=\"2025-09-17T11:57:59+00:00\" \/>\n<meta name=\"twitter:card\" content=\"summary_large_image\" \/>\n<meta name=\"twitter:label1\" content=\"Est. reading time\" \/>\n\t<meta name=\"twitter:data1\" content=\"4 minutes\" \/>\n<script type=\"application\/ld+json\" class=\"yoast-schema-graph\">{\"@context\":\"https:\/\/schema.org\",\"@graph\":[{\"@type\":\"WebPage\",\"@id\":\"https:\/\/www.swiftcasino.com\/sv-se\/blackjack\/\",\"url\":\"https:\/\/www.swiftcasino.com\/sv-se\/blackjack\/\",\"name\":\"Spela Blackjack online p\u00e5 Swift Casino Sverige\",\"isPartOf\":{\"@id\":\"https:\/\/www.swiftcasino.com\/sv-se\/#website\"},\"datePublished\":\"2021-03-04T10:32:16+00:00\",\"dateModified\":\"2025-09-17T11:57:59+00:00\",\"description\":\"Om du \u00e4r ett inbitet Blackjack-fan gratulerar vi och v\u00e4lkomnar dig till v\u00e5r premiumsajt f\u00f6r online-Blackjack. G\u00f6r dig redo f\u00f6r en elektrifierande spelupplevelse p\u00e5 ditt alldeles egna Swift Casino. Vi f\u00f6rs\u00f6ker g\u00f6ra det tidl\u00f6sa spelet Blackjack online lika roligt som det skulle vara p\u00e5 ett fysiskt casino.\",\"breadcrumb\":{\"@id\":\"https:\/\/www.swiftcasino.com\/sv-se\/blackjack\/#breadcrumb\"},\"inLanguage\":\"en-US\",\"potentialAction\":[{\"@type\":\"ReadAction\",\"target\":[\"https:\/\/www.swiftcasino.com\/sv-se\/blackjack\/\"]}]},{\"@type\":\"BreadcrumbList\",\"@id\":\"https:\/\/www.swiftcasino.com\/sv-se\/blackjack\/#breadcrumb\",\"itemListElement\":[{\"@type\":\"ListItem\",\"position\":1,\"name\":\"Home\",\"item\":\"https:\/\/www.swiftcasino.com\/sv-se\/\"},{\"@type\":\"ListItem\",\"position\":2,\"name\":\"Blackjack\"}]},{\"@type\":\"WebSite\",\"@id\":\"https:\/\/www.swiftcasino.com\/sv-se\/#website\",\"url\":\"https:\/\/www.swiftcasino.com\/sv-se\/\",\"name\":\"Swift Casino\",\"description\":\"\",\"potentialAction\":[{\"@type\":\"SearchAction\",\"target\":{\"@type\":\"EntryPoint\",\"urlTemplate\":\"https:\/\/www.swiftcasino.com\/sv-se\/?s={search_term_string}\"},\"query-input\":\"required name=search_term_string\"}],\"inLanguage\":\"en-US\"}]}<\/script>\n<!-- \/ Yoast SEO plugin. -->","yoast_head_json":{"title":"Spela Blackjack online p\u00e5 Swift Casino Sverige","description":"Om du \u00e4r ett inbitet Blackjack-fan gratulerar vi och v\u00e4lkomnar dig till v\u00e5r premiumsajt f\u00f6r online-Blackjack. G\u00f6r dig redo f\u00f6r en elektrifierande spelupplevelse p\u00e5 ditt alldeles egna Swift Casino. Vi f\u00f6rs\u00f6ker g\u00f6ra det tidl\u00f6sa spelet Blackjack online lika roligt som det skulle vara p\u00e5 ett fysiskt casino.","robots":{"index":"index","follow":"follow","max-snippet":"max-snippet:-1","max-image-preview":"max-image-preview:large","max-video-preview":"max-video-preview:-1"},"canonical":"https:\/\/www.swiftcasino.com\/sv-se\/blackjack\/","og_locale":"en_US","og_type":"article","og_title":"Spela Blackjack online p\u00e5 Swift Casino Sverige","og_description":"Om du \u00e4r ett inbitet Blackjack-fan gratulerar vi och v\u00e4lkomnar dig till v\u00e5r premiumsajt f\u00f6r online-Blackjack. G\u00f6r dig redo f\u00f6r en elektrifierande spelupplevelse p\u00e5 ditt alldeles egna Swift Casino. Vi f\u00f6rs\u00f6ker g\u00f6ra det tidl\u00f6sa spelet Blackjack online lika roligt som det skulle vara p\u00e5 ett fysiskt casino.","og_url":"https:\/\/www.swiftcasino.com\/sv-se\/blackjack\/","og_site_name":"Swift Casino","article_modified_time":"2025-09-17T11:57:59+00:00","twitter_card":"summary_large_image","twitter_misc":{"Est. reading time":"4 minutes"},"schema":{"@context":"https:\/\/schema.org","@graph":[{"@type":"WebPage","@id":"https:\/\/www.swiftcasino.com\/sv-se\/blackjack\/","url":"https:\/\/www.swiftcasino.com\/sv-se\/blackjack\/","name":"Spela Blackjack online p\u00e5 Swift Casino Sverige","isPartOf":{"@id":"https:\/\/www.swiftcasino.com\/sv-se\/#website"},"datePublished":"2021-03-04T10:32:16+00:00","dateModified":"2025-09-17T11:57:59+00:00","description":"Om du \u00e4r ett inbitet Blackjack-fan gratulerar vi och v\u00e4lkomnar dig till v\u00e5r premiumsajt f\u00f6r online-Blackjack. G\u00f6r dig redo f\u00f6r en elektrifierande spelupplevelse p\u00e5 ditt alldeles egna Swift Casino. Vi f\u00f6rs\u00f6ker g\u00f6ra det tidl\u00f6sa spelet Blackjack online lika roligt som det skulle vara p\u00e5 ett fysiskt casino.","breadcrumb":{"@id":"https:\/\/www.swiftcasino.com\/sv-se\/blackjack\/#breadcrumb"},"inLanguage":"en-US","potentialAction":[{"@type":"ReadAction","target":["https:\/\/www.swiftcasino.com\/sv-se\/blackjack\/"]}]},{"@type":"BreadcrumbList","@id":"https:\/\/www.swiftcasino.com\/sv-se\/blackjack\/#breadcrumb","itemListElement":[{"@type":"ListItem","position":1,"name":"Home","item":"https:\/\/www.swiftcasino.com\/sv-se\/"},{"@type":"ListItem","position":2,"name":"Blackjack"}]},{"@type":"WebSite","@id":"https:\/\/www.swiftcasino.com\/sv-se\/#website","url":"https:\/\/www.swiftcasino.com\/sv-se\/","name":"Swift Casino","description":"","potentialAction":[{"@type":"SearchAction","target":{"@type":"EntryPoint","urlTemplate":"https:\/\/www.swiftcasino.com\/sv-se\/?s={search_term_string}"},"query-input":"required name=search_term_string"}],"inLanguage":"en-US"}]}},"_links":{"self":[{"href":"https:\/\/www.swiftcasino.com\/sv-se\/wp-json\/wp\/v2\/pages\/64"}],"collection":[{"href":"https:\/\/www.swiftcasino.com\/sv-se\/wp-json\/wp\/v2\/pages"}],"about":[{"href":"https:\/\/www.swiftcasino.com\/sv-se\/wp-json\/wp\/v2\/types\/page"}],"author":[{"embeddable":true,"href":"https:\/\/www.swiftcasino.com\/sv-se\/wp-json\/wp\/v2\/users\/1"}],"replies":[{"embeddable":true,"href":"https:\/\/www.swiftcasino.com\/sv-se\/wp-json\/wp\/v2\/comments?post=64"}],"version-history":[{"count":4,"href":"https:\/\/www.swiftcasino.com\/sv-se\/wp-json\/wp\/v2\/pages\/64\/revisions"}],"predecessor-version":[{"id":2371,"href":"https:\/\/www.swiftcasino.com\/sv-se\/wp-json\/wp\/v2\/pages\/64\/revisions\/2371"}],"wp:attachment":[{"href":"https:\/\/www.swiftcasino.com\/sv-se\/wp-json\/wp\/v2\/media?parent=64"}],"curies":[{"name":"wp","href":"https:\/\/api.w.org\/{rel}","templated":true}]}}