{"id":66,"date":"2021-03-04T11:01:09","date_gmt":"2021-03-04T11:01:09","guid":{"rendered":"https:\/\/swiftcasino.mediacle.net\/?page_id=57"},"modified":"2025-08-29T09:29:39","modified_gmt":"2025-08-29T09:29:39","slug":"hjalp","status":"publish","type":"page","link":"https:\/\/www.swiftcasino.com\/sv-se\/hjalp\/","title":{"rendered":"Hj\u00e4lp"},"content":{"rendered":"\n<h2 class=\"wp-block-heading\">Support<\/h2>\n\n\n\n\n\n<p>Du kan skicka e-post med alla fr\u00e5gor eller problem du kan t\u00e4nkas ha till:&nbsp;<a href=\"mailto:support@swiftcasino.com\">support@swiftcasino.com<\/a><\/p>\n\n\n\n<p>V\u00e5rt supportteam st\u00e5r redo att hj\u00e4lpa dig s\u00e5 att din upplevelse hos Swift blir s\u00e5 trevlig och problemfri som m\u00f6jligt.<\/p>\n\n\n\n<p>Observera att support p\u00e5 olika spr\u00e5k inte alltid \u00e4r tillg\u00e4nglig dygnet runt.<\/p>\n\n\n\n<p>Vi rekommenderar att du om m\u00f6jligt skriver din fr\u00e5ga p\u00e5 engelska f\u00f6r att f\u00e5 ett omedelbart svar.<\/p>\n\n\n\n<h2 class=\"wp-block-heading\">FAQ<\/h2>\n\n\n\n<son-faq><\/son-faq>\n","protected":false},"excerpt":{"rendered":"<p>Support Du kan skicka e-post med alla fr\u00e5gor eller problem du kan t\u00e4nkas ha till:&nbsp;support@swiftcasino.com V\u00e5rt supportteam st\u00e5r redo att hj\u00e4lpa dig s\u00e5 att din upplevelse hos Swift blir s\u00e5 trevlig och problemfri som m\u00f6jligt. Observera att support p\u00e5 olika spr\u00e5k inte alltid \u00e4r tillg\u00e4nglig dygnet runt. Vi rekommenderar att du om m\u00f6jligt skriver din [&hellip;]<\/p>\n","protected":false},"author":1,"featured_media":0,"parent":0,"menu_order":0,"comment_status":"closed","ping_status":"closed","template":"content-template.php","meta":{"footnotes":""},"class_list":["post-66","page","type-page","status-publish","hentry"],"yoast_head":"<!-- This site is optimized with the Yoast SEO plugin v23.2 - https:\/\/yoast.com\/wordpress\/plugins\/seo\/ -->\n<title>Hj\u00e4lp | Swiftcasino<\/title>\n<meta name=\"robots\" content=\"index, follow, max-snippet:-1, max-image-preview:large, max-video-preview:-1\" \/>\n<link rel=\"canonical\" href=\"https:\/\/www.swiftcasino.com\/sv-se\/hjalp\/\" \/>\n<meta property=\"og:locale\" content=\"en_US\" \/>\n<meta property=\"og:type\" content=\"article\" \/>\n<meta property=\"og:title\" content=\"Hj\u00e4lp | Swiftcasino\" \/>\n<meta property=\"og:description\" content=\"Support Du kan skicka e-post med alla fr\u00e5gor eller problem du kan t\u00e4nkas ha till:&nbsp;support@swiftcasino.com V\u00e5rt supportteam st\u00e5r redo att hj\u00e4lpa dig s\u00e5 att din upplevelse hos Swift blir s\u00e5 trevlig och problemfri som m\u00f6jligt. Observera att support p\u00e5 olika spr\u00e5k inte alltid \u00e4r tillg\u00e4nglig dygnet runt. Vi rekommenderar att du om m\u00f6jligt skriver din [&hellip;]\" \/>\n<meta property=\"og:url\" content=\"https:\/\/www.swiftcasino.com\/sv-se\/hjalp\/\" \/>\n<meta property=\"og:site_name\" content=\"Swift Casino\" \/>\n<meta property=\"article:modified_time\" content=\"2025-08-29T09:29:39+00:00\" \/>\n<meta name=\"twitter:card\" content=\"summary_large_image\" \/>\n<meta name=\"twitter:label1\" content=\"Est. reading time\" \/>\n\t<meta name=\"twitter:data1\" content=\"1 minute\" \/>\n<script type=\"application\/ld+json\" class=\"yoast-schema-graph\">{\"@context\":\"https:\/\/schema.org\",\"@graph\":[{\"@type\":\"WebPage\",\"@id\":\"https:\/\/www.swiftcasino.com\/sv-se\/hjalp\/\",\"url\":\"https:\/\/www.swiftcasino.com\/sv-se\/hjalp\/\",\"name\":\"Hj\u00e4lp | Swiftcasino\",\"isPartOf\":{\"@id\":\"https:\/\/www.swiftcasino.com\/sv-se\/#website\"},\"datePublished\":\"2021-03-04T11:01:09+00:00\",\"dateModified\":\"2025-08-29T09:29:39+00:00\",\"breadcrumb\":{\"@id\":\"https:\/\/www.swiftcasino.com\/sv-se\/hjalp\/#breadcrumb\"},\"inLanguage\":\"en-US\",\"potentialAction\":[{\"@type\":\"ReadAction\",\"target\":[\"https:\/\/www.swiftcasino.com\/sv-se\/hjalp\/\"]}]},{\"@type\":\"BreadcrumbList\",\"@id\":\"https:\/\/www.swiftcasino.com\/sv-se\/hjalp\/#breadcrumb\",\"itemListElement\":[{\"@type\":\"ListItem\",\"position\":1,\"name\":\"Home\",\"item\":\"https:\/\/www.swiftcasino.com\/sv-se\/\"},{\"@type\":\"ListItem\",\"position\":2,\"name\":\"Hj\u00e4lp\"}]},{\"@type\":\"WebSite\",\"@id\":\"https:\/\/www.swiftcasino.com\/sv-se\/#website\",\"url\":\"https:\/\/www.swiftcasino.com\/sv-se\/\",\"name\":\"Swift Casino\",\"description\":\"\",\"potentialAction\":[{\"@type\":\"SearchAction\",\"target\":{\"@type\":\"EntryPoint\",\"urlTemplate\":\"https:\/\/www.swiftcasino.com\/sv-se\/?s={search_term_string}\"},\"query-input\":\"required name=search_term_string\"}],\"inLanguage\":\"en-US\"}]}<\/script>\n<!-- \/ Yoast SEO plugin. -->","yoast_head_json":{"title":"Hj\u00e4lp | Swiftcasino","robots":{"index":"index","follow":"follow","max-snippet":"max-snippet:-1","max-image-preview":"max-image-preview:large","max-video-preview":"max-video-preview:-1"},"canonical":"https:\/\/www.swiftcasino.com\/sv-se\/hjalp\/","og_locale":"en_US","og_type":"article","og_title":"Hj\u00e4lp | Swiftcasino","og_description":"Support Du kan skicka e-post med alla fr\u00e5gor eller problem du kan t\u00e4nkas ha till:&nbsp;support@swiftcasino.com V\u00e5rt supportteam st\u00e5r redo att hj\u00e4lpa dig s\u00e5 att din upplevelse hos Swift blir s\u00e5 trevlig och problemfri som m\u00f6jligt. Observera att support p\u00e5 olika spr\u00e5k inte alltid \u00e4r tillg\u00e4nglig dygnet runt. Vi rekommenderar att du om m\u00f6jligt skriver din [&hellip;]","og_url":"https:\/\/www.swiftcasino.com\/sv-se\/hjalp\/","og_site_name":"Swift Casino","article_modified_time":"2025-08-29T09:29:39+00:00","twitter_card":"summary_large_image","twitter_misc":{"Est. reading time":"1 minute"},"schema":{"@context":"https:\/\/schema.org","@graph":[{"@type":"WebPage","@id":"https:\/\/www.swiftcasino.com\/sv-se\/hjalp\/","url":"https:\/\/www.swiftcasino.com\/sv-se\/hjalp\/","name":"Hj\u00e4lp | Swiftcasino","isPartOf":{"@id":"https:\/\/www.swiftcasino.com\/sv-se\/#website"},"datePublished":"2021-03-04T11:01:09+00:00","dateModified":"2025-08-29T09:29:39+00:00","breadcrumb":{"@id":"https:\/\/www.swiftcasino.com\/sv-se\/hjalp\/#breadcrumb"},"inLanguage":"en-US","potentialAction":[{"@type":"ReadAction","target":["https:\/\/www.swiftcasino.com\/sv-se\/hjalp\/"]}]},{"@type":"BreadcrumbList","@id":"https:\/\/www.swiftcasino.com\/sv-se\/hjalp\/#breadcrumb","itemListElement":[{"@type":"ListItem","position":1,"name":"Home","item":"https:\/\/www.swiftcasino.com\/sv-se\/"},{"@type":"ListItem","position":2,"name":"Hj\u00e4lp"}]},{"@type":"WebSite","@id":"https:\/\/www.swiftcasino.com\/sv-se\/#website","url":"https:\/\/www.swiftcasino.com\/sv-se\/","name":"Swift Casino","description":"","potentialAction":[{"@type":"SearchAction","target":{"@type":"EntryPoint","urlTemplate":"https:\/\/www.swiftcasino.com\/sv-se\/?s={search_term_string}"},"query-input":"required name=search_term_string"}],"inLanguage":"en-US"}]}},"_links":{"self":[{"href":"https:\/\/www.swiftcasino.com\/sv-se\/wp-json\/wp\/v2\/pages\/66"}],"collection":[{"href":"https:\/\/www.swiftcasino.com\/sv-se\/wp-json\/wp\/v2\/pages"}],"about":[{"href":"https:\/\/www.swiftcasino.com\/sv-se\/wp-json\/wp\/v2\/types\/page"}],"author":[{"embeddable":true,"href":"https:\/\/www.swiftcasino.com\/sv-se\/wp-json\/wp\/v2\/users\/1"}],"replies":[{"embeddable":true,"href":"https:\/\/www.swiftcasino.com\/sv-se\/wp-json\/wp\/v2\/comments?post=66"}],"version-history":[{"count":6,"href":"https:\/\/www.swiftcasino.com\/sv-se\/wp-json\/wp\/v2\/pages\/66\/revisions"}],"predecessor-version":[{"id":2345,"href":"https:\/\/www.swiftcasino.com\/sv-se\/wp-json\/wp\/v2\/pages\/66\/revisions\/2345"}],"wp:attachment":[{"href":"https:\/\/www.swiftcasino.com\/sv-se\/wp-json\/wp\/v2\/media?parent=66"}],"curies":[{"name":"wp","href":"https:\/\/api.w.org\/{rel}","templated":true}]}}